{"id":1004,"date":"2026-05-10T00:11:16","date_gmt":"2026-05-10T00:11:16","guid":{"rendered":"https:\/\/hcismm.cz\/index.php\/2018-34\/10-2\/15-2\/"},"modified":"2026-05-10T00:11:16","modified_gmt":"2026-05-10T00:11:16","slug":"15-2","status":"publish","type":"page","link":"https:\/\/hcismm.cz\/index.php\/2018-34\/10-2\/15-2\/","title":{"rendered":"Drama v Kop\u0159ivnici! Jak HC Tatra bojoval proti siln\u00e9mu soupe\u0159i 15. \u0159\u00edjna 2018"},"content":{"rendered":"<p>Pamatujete si na vzru\u0161uj\u00edc\u00ed hokejov\u00fd ve\u010der v Kop\u0159ivnici? P\u0159ipome\u0148me si spole\u010dn\u011b dramatick\u00fd z\u00e1pas HC Tatra Kop\u0159ivnice, kter\u00fd se odehr\u00e1l patn\u00e1ct\u00e9ho \u0159\u00edjna roku dva tis\u00edce osmn\u00e1ct. Z\u00e1pas nab\u00eddl spoustu emoc\u00ed, rychl\u00fdch akc\u00ed a p\u0159edev\u0161\u00edm bojovn\u00e9ho hokeje od na\u0161ich hr\u00e1\u010d\u016f.<\/p>\n<h2>Prvn\u00ed t\u0159etina: Opatrn\u00fd \u00favod a rychd\u00e1 branka<\/h2>\n<p>\u00davodn\u00ed t\u0159etina byla z obou stran opatrn\u00e1. Ob\u011b mu\u017estva se zpo\u010d\u00e1tku soust\u0159edila p\u0159edev\u0161\u00edm na defenzivu a sna\u017eila se minimalizovat riziko.  Hr\u00e1\u010di HC Tatra Kop\u0159ivnice se v\u0161ak brzy dostali do veden\u00ed.  <strong class=\"highlight\">Po p\u011bti minut\u00e1ch hry se prosadil \u00fato\u010dn\u00edk Jan Nov\u00e1k a poslal dom\u00e1c\u00ed do veden\u00ed!<\/strong>  Atmosf\u00e9ra v hale se ihned zahustila a fanou\u0161ci byli nad\u0161en\u00ed.<\/p>\n<h2>Druh\u00e1 t\u0159etina: Soupe\u0159 tla\u010d\u00ed, Kop\u0159ivnice odol\u00e1v\u00e1<\/h2>\n<p>Druh\u00e1 t\u0159etina p\u0159inesla obrat. Soupe\u0159 za\u010dal \u00fato\u010dit a vyvinul na branku HC Tatra Kop\u0159ivnice obrovsk\u00fd tlak.  Na\u0161i brank\u00e1\u0159i museli p\u0159edv\u00e9st n\u011bkolik skv\u011bl\u00fdch z\u00e1krok\u016f, aby udr\u017eeli n\u00e1skok.  <strong class=\"highlight\">Soupe\u0159 se nakonec do\u010dkal vyrovn\u00e1n\u00ed v dvac\u00e1t\u00e9 minut\u011b po pohledn\u00e9 kombinaci.<\/strong>  T\u0159etina skon\u010dila nerozhodn\u011b a div\u00e1ci se t\u011b\u0161ili na z\u00e1v\u011bre\u010dnou bitvu.<\/p>\n<h2>T\u0159et\u00ed t\u0159etina a prodlou\u017een\u00ed: Nervy v konc\u00edch a rozhoduj\u00edc\u00ed moment<\/h2>\n<p>T\u0159et\u00ed t\u0159etina byla pln\u00e1 nap\u011bt\u00ed. Ob\u011b mu\u017estva se sna\u017eila co nejv\u00edce kontrolovat hru a minimalizovat chyby. Hr\u00e1\u010di HC Tatra Kop\u0159ivnice bojovali srdnat\u011b, ale soupe\u0159 byl neust\u00e1le nebezpe\u010dn\u00fd.  <strong class=\"highlight\">V pades\u00e1t\u00e9 minut\u011b se soupe\u0159i poda\u0159ilo vst\u0159elit dal\u0161\u00ed branku a oto\u010dit sk\u00f3re.<\/strong>  Kop\u0159ivni\u010dt\u00ed hokejist\u00e9 ale neztratili nad\u011bji a v posledn\u00ed minut\u011b hry se jim poda\u0159ilo vyrovnat! Z\u00e1pas se p\u0159esunul do prodlou\u017een\u00ed.<\/p>\n<h3>Rozhoduj\u00edc\u00ed moment v prodlou\u017een\u00ed<\/h3>\n<p>Prodlou\u017een\u00ed bylo dramatick\u00e9. Hr\u00e1\u010di byli unaven\u00ed, ale st\u00e1le bojovali o ka\u017ed\u00fd centimetr ledu.  <strong class=\"highlight\">V prodlou\u017een\u00ed, po dvou minut\u00e1ch hry, se prosadil kapit\u00e1n t\u00fdmu, Petr Svoboda, a rozhodl o v\u00edt\u011bzstv\u00ed HC Tatra Kop\u0159ivnice!<\/strong>  Hala vybuchla nad\u0161en\u00edm a fanou\u0161ci oslavovali hrdinsk\u00e9 v\u00edt\u011bzstv\u00ed.<\/p>\n<p>Z\u00e1pas z patn\u00e1ct\u00e9ho \u0159\u00edjna 2018 se stal jedn\u00edm z nezapomenuteln\u00fdch moment\u016f sez\u00f3ny. Uk\u00e1zal bojovnost, odhodl\u00e1n\u00ed a t\u00fdmov\u00e9ho ducha hr\u00e1\u010d\u016f HC Tatra Kop\u0159ivnice.  Je to d\u016fkaz, \u017ee i proti siln\u00e9mu soupe\u0159i se d\u00e1 vyhr\u00e1t, pokud se hraje s nasazen\u00edm a srdcem.<\/p>\n<p>Sledujte web hcismm.cz pro dal\u0161\u00ed informace o HC Tatra Kop\u0159ivnice, novinky, rozhovory a report\u00e1\u017ee ze z\u00e1pas\u016f.<\/p>\n","protected":false},"excerpt":{"rendered":"<p>Pamatujete si na vzru\u0161uj\u00edc\u00ed hokejov\u00fd ve\u010der v Kop\u0159ivnici? P\u0159ipome\u0148me si spole\u010dn\u011b dramatick\u00fd z\u00e1pas HC Tatra Kop\u0159ivnice, kter\u00fd se odehr\u00e1l patn\u00e1ct\u00e9ho \u0159\u00edjna roku dva tis\u00edce osmn\u00e1ct. Z\u00e1pas nab\u00eddl spoustu emoc\u00ed, rychl\u00fdch akc\u00ed a p\u0159edev\u0161\u00edm bojovn\u00e9ho hokeje od na\u0161ich hr\u00e1\u010d\u016f. Prvn\u00ed t\u0159etina: Opatrn\u00fd \u00favod a rychd\u00e1 branka \u00davodn\u00ed t\u0159etina byla z obou stran opatrn\u00e1. Ob\u011b mu\u017estva se &#8230; <a title=\"Drama v Kop\u0159ivnici! Jak HC Tatra bojoval proti siln\u00e9mu soupe\u0159i 15. \u0159\u00edjna 2018\" class=\"read-more\" href=\"https:\/\/hcismm.cz\/index.php\/2018-34\/10-2\/15-2\/\" aria-label=\"Read more about Drama v Kop\u0159ivnici! Jak HC Tatra bojoval proti siln\u00e9mu soupe\u0159i 15. \u0159\u00edjna 2018\">Read more<\/a><\/p>\n","protected":false},"author":2,"featured_media":0,"parent":1001,"menu_order":0,"comment_status":"closed","ping_status":"closed","template":"","meta":{"footnotes":""},"class_list":["post-1004","page","type-page","status-publish"],"_links":{"self":[{"href":"https:\/\/hcismm.cz\/index.php\/wp-json\/wp\/v2\/pages\/1004","targetHints":{"allow":["GET"]}}],"collection":[{"href":"https:\/\/hcismm.cz\/index.php\/wp-json\/wp\/v2\/pages"}],"about":[{"href":"https:\/\/hcismm.cz\/index.php\/wp-json\/wp\/v2\/types\/page"}],"author":[{"embeddable":true,"href":"https:\/\/hcismm.cz\/index.php\/wp-json\/wp\/v2\/users\/2"}],"replies":[{"embeddable":true,"href":"https:\/\/hcismm.cz\/index.php\/wp-json\/wp\/v2\/comments?post=1004"}],"version-history":[{"count":0,"href":"https:\/\/hcismm.cz\/index.php\/wp-json\/wp\/v2\/pages\/1004\/revisions"}],"up":[{"embeddable":true,"href":"https:\/\/hcismm.cz\/index.php\/wp-json\/wp\/v2\/pages\/1001"}],"wp:attachment":[{"href":"https:\/\/hcismm.cz\/index.php\/wp-json\/wp\/v2\/media?parent=1004"}],"curies":[{"name":"wp","href":"https:\/\/api.w.org\/{rel}","templated":true}]}}