{"id":102,"date":"2026-04-14T00:57:24","date_gmt":"2026-04-14T00:57:24","guid":{"rendered":"https:\/\/hcismm.cz\/index.php\/2019-2\/11-2\/06-2\/16-kolo-hc-ismm-koprivnice-hc-draci-sumperk-14-100103\/"},"modified":"2026-04-14T00:57:24","modified_gmt":"2026-04-14T00:57:24","slug":"16-kolo-hc-ismm-koprivnice-hc-draci-sumperk-14-100103","status":"publish","type":"page","link":"https:\/\/hcismm.cz\/index.php\/2019-2\/11-2\/06-2\/16-kolo-hc-ismm-koprivnice-hc-draci-sumperk-14-100103\/","title":{"rendered":"Draci podlehli Kop\u0159ivnici! Jak se HC ISMM prosadil v nap\u00ednav\u00e9m duelu"},"content":{"rendered":"<p>Hokejist\u00e9 HC ISMM Kop\u0159ivnice si p\u0159ipsali cenn\u00e9 body do tabulky po dramatick\u00e9m st\u0159etnut\u00ed s HC Draci \u0160umperk v \u0161estn\u00e1ct\u00e9m kole hokejov\u00e9 sez\u00f3ny. Z\u00e1pas nab\u00eddl div\u00e1k\u016fm strhuj\u00edc\u00ed pod\u00edvanou plnou emoc\u00ed a kvalitn\u00edho hokeje. Poj\u010fme se pod\u00edvat, jak se tento d\u016fle\u017eit\u00fd duel odehr\u00e1l.<\/p>\n<h2>Prvn\u00ed t\u0159etina: Opatrn\u00fd za\u010d\u00e1tek s n\u00e1znakem \u00fato\u010dn\u00e9 potence<\/h2>\n<p>\u00davodn\u00ed t\u0159etina prob\u00edhala ve velmi opatrn\u00e9m tempu. Ob\u011b mu\u017estva se prim\u00e1rn\u011b soust\u0159edila na defenzivn\u00ed \u010dinnost a pe\u010dliv\u011b si hl\u00eddala sv\u00e9 z\u00f3ny. Kop\u0159ivnice se pokou\u0161ela prosadit rychl\u00fdmi proti\u00fatoky, zat\u00edmco \u0160umperk se spol\u00e9hal na kombinaci ve st\u0159edn\u00ed t\u0159etin\u011b. Prvn\u00ed branka padla a\u017e v z\u00e1v\u011bru t\u0159etiny, kdy se prosadil \u00fato\u010dn\u00edk HC ISMM Kop\u0159ivnice po kr\u00e1sn\u00e9 individu\u00e1ln\u00ed akci.  <strong class=\"score\">1:0 pro Kop\u0159ivnici po prvn\u00ed t\u0159etin\u011b.<\/strong><\/p>\n<h2>Druh\u00e1 t\u0159etina: Draci srovnali, Kop\u0159ivnice odpov\u011bd\u011bla<\/h2>\n<p>Druh\u00e1 t\u0159etina p\u0159inesla dynami\u010dt\u011bj\u0161\u00ed hru a v\u00edce g\u00f3lov\u00fdch \u0161anc\u00ed.  \u0160umperk vstoupil do t\u0159etiny s odhodl\u00e1n\u00edm srovnat a po rychl\u00e9m proti\u00fatoku se jim to poda\u0159ilo.  Kop\u0159ivnice v\u0161ak okam\u017eit\u011b odpov\u011bd\u011bla a po poveden\u00e9 akce op\u011bt z\u00edskala veden\u00ed.  T\u0159etina byla pln\u00e1 osobn\u00edch souboj\u016f a zaj\u00edmav\u00fdch moment\u016f. <strong class=\"score\">Po druh\u00e9 t\u0159etin\u011b stav 2:1 pro Kop\u0159ivnici.<\/strong><\/p>\n<h2>T\u0159et\u00ed t\u0159etina: Nap\u00ednav\u00e1 koncovka a jist\u00e9 body pro Kop\u0159ivnici<\/h2>\n<p>Z\u00e1v\u011bre\u010dn\u00e1 t\u0159etina byla pln\u00e1 nap\u011bt\u00ed. \u0160umperk se sna\u017eil za ka\u017edou cenu vyrovnat, ale kop\u0159ivnick\u00e1 obrana byla neprostupn\u00e1.  Kop\u0159ivnice nav\u00edc p\u0159idala dal\u0161\u00ed branku a upevnila si sv\u00e9 veden\u00ed.  I p\u0159es ve\u0161kerou snahu Draci nedok\u00e1zali sk\u00f3rovat a HC ISMM Kop\u0159ivnice si odnesla z ledov\u00e9 plochy cenn\u00e9 t\u0159i body. <strong class=\"final_score\">Kone\u010dn\u00fd v\u00fdsledek: HC ISMM Kop\u0159ivnice 4 \u2013 HC Draci \u0160umperk 1.<\/strong><\/p>\n<h2>Kl\u00ed\u010dov\u00ed hr\u00e1\u010di a statistiky<\/h2>\n<p>Mezi kl\u00ed\u010dov\u00e9 hr\u00e1\u010de Kop\u0159ivnice pat\u0159il brank\u00e1\u0159, kter\u00fd p\u0159edvedl n\u011bkolik skv\u011bl\u00fdch z\u00e1krok\u016f, a \u00fato\u010dn\u00edk, kter\u00fd zaznamenal dva g\u00f3ly.  \u0160umperk se sna\u017eil, ale obrana Kop\u0159ivnice byla tentokr\u00e1t o kous\u00ed\u010dek lep\u0161\u00ed.  <strong class=\"stats\">Celkov\u00fd po\u010det st\u0159el: Kop\u0159ivnice 35, \u0160umperk 28. Vylou\u010den\u00ed: Kop\u0159ivnice 2, \u0160umperk 3.<\/strong><\/p>\n<h2>Co n\u00e1s \u010dek\u00e1 d\u00e1l?<\/h2>\n<p>HC ISMM Kop\u0159ivnice se nyn\u00ed p\u0159ipravuje na dal\u0161\u00ed z\u00e1pas, ve kter\u00e9m se utk\u00e1 s\u2026 (informace o dal\u0161\u00edm z\u00e1pase, pokud je k dispozici).  Fanou\u0161ci se mohou t\u011b\u0161it na dal\u0161\u00ed hokejovou pod\u00edvanou a doufaj\u00ed, \u017ee jejich t\u00fdm bude pokra\u010dovat v \u00fasp\u011b\u0161n\u00e9 s\u00e9rii.  Podpo\u0159te n\u00e1\u0161 t\u00fdm a p\u0159ij\u010fte fandit na dal\u0161\u00ed dom\u00e1c\u00ed utk\u00e1n\u00ed!<\/p>\n","protected":false},"excerpt":{"rendered":"<p>Hokejist\u00e9 HC ISMM Kop\u0159ivnice si p\u0159ipsali cenn\u00e9 body do tabulky po dramatick\u00e9m st\u0159etnut\u00ed s HC Draci \u0160umperk v \u0161estn\u00e1ct\u00e9m kole hokejov\u00e9 sez\u00f3ny. Z\u00e1pas nab\u00eddl div\u00e1k\u016fm strhuj\u00edc\u00ed pod\u00edvanou plnou emoc\u00ed a kvalitn\u00edho hokeje. Poj\u010fme se pod\u00edvat, jak se tento d\u016fle\u017eit\u00fd duel odehr\u00e1l. Prvn\u00ed t\u0159etina: Opatrn\u00fd za\u010d\u00e1tek s n\u00e1znakem \u00fato\u010dn\u00e9 potence \u00davodn\u00ed t\u0159etina prob\u00edhala ve velmi opatrn\u00e9m &#8230; <a title=\"Draci podlehli Kop\u0159ivnici! Jak se HC ISMM prosadil v nap\u00ednav\u00e9m duelu\" class=\"read-more\" href=\"https:\/\/hcismm.cz\/index.php\/2019-2\/11-2\/06-2\/16-kolo-hc-ismm-koprivnice-hc-draci-sumperk-14-100103\/\" aria-label=\"Read more about Draci podlehli Kop\u0159ivnici! Jak se HC ISMM prosadil v nap\u00ednav\u00e9m duelu\">Read more<\/a><\/p>\n","protected":false},"author":2,"featured_media":0,"parent":99,"menu_order":0,"comment_status":"closed","ping_status":"closed","template":"","meta":{"footnotes":""},"class_list":["post-102","page","type-page","status-publish"],"_links":{"self":[{"href":"https:\/\/hcismm.cz\/index.php\/wp-json\/wp\/v2\/pages\/102","targetHints":{"allow":["GET"]}}],"collection":[{"href":"https:\/\/hcismm.cz\/index.php\/wp-json\/wp\/v2\/pages"}],"about":[{"href":"https:\/\/hcismm.cz\/index.php\/wp-json\/wp\/v2\/types\/page"}],"author":[{"embeddable":true,"href":"https:\/\/hcismm.cz\/index.php\/wp-json\/wp\/v2\/users\/2"}],"replies":[{"embeddable":true,"href":"https:\/\/hcismm.cz\/index.php\/wp-json\/wp\/v2\/comments?post=102"}],"version-history":[{"count":0,"href":"https:\/\/hcismm.cz\/index.php\/wp-json\/wp\/v2\/pages\/102\/revisions"}],"up":[{"embeddable":true,"href":"https:\/\/hcismm.cz\/index.php\/wp-json\/wp\/v2\/pages\/99"}],"wp:attachment":[{"href":"https:\/\/hcismm.cz\/index.php\/wp-json\/wp\/v2\/media?parent=102"}],"curies":[{"name":"wp","href":"https:\/\/api.w.org\/{rel}","templated":true}]}}