{"id":1028,"date":"2026-05-10T22:06:23","date_gmt":"2026-05-10T22:06:23","guid":{"rendered":"https:\/\/hcismm.cz\/index.php\/2024-8\/02-2\/07-2\/35-kolo-hc-ismm-koprivnice-hc-bobri-valasske-mezirici-76p-32-11-23-10\/"},"modified":"2026-05-10T22:06:23","modified_gmt":"2026-05-10T22:06:23","slug":"35-kolo-hc-ismm-koprivnice-hc-bobri-valasske-mezirici-76p-32-11-23-10","status":"publish","type":"page","link":"https:\/\/hcismm.cz\/index.php\/2024-8\/02-2\/07-2\/35-kolo-hc-ismm-koprivnice-hc-bobri-valasske-mezirici-76p-32-11-23-10\/","title":{"rendered":"Bob\u0159i nedali Kop\u0159ivnici \u0161anci! Jak dopadl duel 35. kola?"},"content":{"rendered":"<p>Hokejov\u00fd klub HC ISMM Kop\u0159ivnice se v r\u00e1mci 35. kola utkal s HC Bob\u0159i Vala\u0161sk\u00e9 Mezi\u0159\u00ed\u010d\u00ed. Z\u00e1pas bohu\u017eel nep\u0159inesl k\u00fd\u017een\u00e9 body pro dom\u00e1c\u00ed t\u00fdm a skon\u010dil jednozna\u010dn\u00fdm v\u00edt\u011bzstv\u00edm host\u016f. P\u0159e\u010dt\u011bte si podrobn\u00fd rozbor utk\u00e1n\u00ed a zjist\u011bte, co rozhodlo o v\u00fdsledku.<\/p>\n<h2>Prvn\u00ed t\u0159etina: Rychl\u00fd \u00fader Bobr\u016f<\/h2>\n<p>Z\u00e1pas za\u010dal pro Kop\u0159ivnici nep\u0159\u00edzniv\u011b. Ji\u017e v prvn\u00edch minut\u00e1ch se prosadili hr\u00e1\u010di Vala\u0161sk\u00e9ho Mezi\u0159\u00ed\u010d\u00ed a ujali veden\u00ed.  <strong style=\"font-weight: bold;\">Hr\u00e1\u010di Bobr\u016f uk\u00e1zali od za\u010d\u00e1tku vysokou \u00farove\u0148 a dob\u0159e organizovanou obranu.<\/strong> Kop\u0159ivnice se sna\u017eila odpov\u011bd\u011bt, ale obrana soupe\u0159e byla neprostupn\u00e1. Prvn\u00ed t\u0159etina skon\u010dila v\u00fdsledkem 0:2 pro hosty.<\/p>\n<h2>Druh\u00e1 t\u0159etina: Kop\u0159ivnice bez v\u00fdrazn\u011bj\u0161\u00edho zlep\u0161en\u00ed<\/h2>\n<p>Druh\u00e1 t\u0159etina nep\u0159inesla v\u00fdrazn\u011bj\u0161\u00ed zm\u011bnu v pr\u016fb\u011bhu hry. Kop\u0159ivnice se sice sna\u017eila o aktivn\u011bj\u0161\u00ed hru, ale neda\u0159ilo se j\u00ed proklestit se k brance.  Vala\u0161sk\u00e9 Mezi\u0159\u00ed\u010d\u00ed naopak pokra\u010dovalo v tlaku a p\u0159idalo dal\u0161\u00ed g\u00f3l. <strong style=\"font-weight: bold;\">Hr\u00e1\u010di HC ISMM Kop\u0159ivnice p\u016fsobili unaven\u011b a bez n\u00e1padu.<\/strong>  Do kabin se \u0161lo za stavu 0:4.<\/p>\n<h2>T\u0159et\u00ed t\u0159etina: Z\u00e1v\u011bre\u010dn\u00e1 snaha a kone\u010dn\u00fd v\u00fdsledek<\/h2>\n<p>I v t\u0159et\u00ed t\u0159etin\u011b dr\u017eeli Bob\u0159i iniciativu. Kop\u0159ivnice se sice sna\u017eila z\u00e1v\u011bre\u010dn\u00fd tlak, a dokonce se jim poda\u0159ilo sn\u00ed\u017eit veden\u00ed soupe\u0159e.  <strong style=\"font-weight: bold;\">G\u00f3l nab\u00eddl fanou\u0161k\u016fm z\u00e1blesk nad\u011bje, ale host\u00e9 rychle odpov\u011bd\u011bli a znovu nav\u00fd\u0161ili sv\u016fj n\u00e1skok.<\/strong>  Z\u00e1pas tak skon\u010dil v\u00fdsledkem 1:6 ve prosp\u011bch HC Bob\u0159i Vala\u0161sk\u00e9 Mezi\u0159\u00ed\u010d\u00ed.<\/p>\n<h3>Kl\u00ed\u010dov\u00e9 momenty z\u00e1pasu<\/h3>\n<ul>\n<li>Rychl\u00fd start Bobr\u016f v prvn\u00ed t\u0159etin\u011b<\/li>\n<li>Efektivn\u00ed obrana host\u016f<\/li>\n<li>Slab\u00e1 ofenziva a \u00fanava hr\u00e1\u010d\u016f Kop\u0159ivnice<\/li>\n<li>Zv\u00fd\u0161en\u00e1 snaha v z\u00e1v\u011bre\u010dn\u00e9 t\u0159etin\u011b, kter\u00e1 v\u0161ak nesta\u010dila<\/li>\n<\/ul>\n<p>P\u0159esto\u017ee z\u00e1pas nedopadl pro HC ISMM Kop\u0159ivnice ide\u00e1ln\u011b, je d\u016fle\u017eit\u00e9 neztr\u00e1cet optimismus a soust\u0159edit se na dal\u0161\u00ed utk\u00e1n\u00ed.  V\u011b\u0159me, \u017ee se t\u00fdm pou\u010d\u00ed z t\u00e9to prohry a v p\u0159\u00ed\u0161t\u00edm z\u00e1pase p\u0159edvede lep\u0161\u00ed v\u00fdkon.  <strong style=\"font-weight: bold;\">Podpora fanou\u0161k\u016f je v ka\u017ed\u00e9m p\u0159\u00edpad\u011b kl\u00ed\u010dov\u00e1!<\/strong><\/p>\n","protected":false},"excerpt":{"rendered":"<p>Hokejov\u00fd klub HC ISMM Kop\u0159ivnice se v r\u00e1mci 35. kola utkal s HC Bob\u0159i Vala\u0161sk\u00e9 Mezi\u0159\u00ed\u010d\u00ed. Z\u00e1pas bohu\u017eel nep\u0159inesl k\u00fd\u017een\u00e9 body pro dom\u00e1c\u00ed t\u00fdm a skon\u010dil jednozna\u010dn\u00fdm v\u00edt\u011bzstv\u00edm host\u016f. P\u0159e\u010dt\u011bte si podrobn\u00fd rozbor utk\u00e1n\u00ed a zjist\u011bte, co rozhodlo o v\u00fdsledku. Prvn\u00ed t\u0159etina: Rychl\u00fd \u00fader Bobr\u016f Z\u00e1pas za\u010dal pro Kop\u0159ivnici nep\u0159\u00edzniv\u011b. Ji\u017e v prvn\u00edch minut\u00e1ch se &#8230; <a title=\"Bob\u0159i nedali Kop\u0159ivnici \u0161anci! Jak dopadl duel 35. kola?\" class=\"read-more\" href=\"https:\/\/hcismm.cz\/index.php\/2024-8\/02-2\/07-2\/35-kolo-hc-ismm-koprivnice-hc-bobri-valasske-mezirici-76p-32-11-23-10\/\" aria-label=\"Read more about Bob\u0159i nedali Kop\u0159ivnici \u0161anci! Jak dopadl duel 35. kola?\">Read more<\/a><\/p>\n","protected":false},"author":2,"featured_media":0,"parent":1025,"menu_order":0,"comment_status":"closed","ping_status":"closed","template":"","meta":{"footnotes":""},"class_list":["post-1028","page","type-page","status-publish"],"_links":{"self":[{"href":"https:\/\/hcismm.cz\/index.php\/wp-json\/wp\/v2\/pages\/1028","targetHints":{"allow":["GET"]}}],"collection":[{"href":"https:\/\/hcismm.cz\/index.php\/wp-json\/wp\/v2\/pages"}],"about":[{"href":"https:\/\/hcismm.cz\/index.php\/wp-json\/wp\/v2\/types\/page"}],"author":[{"embeddable":true,"href":"https:\/\/hcismm.cz\/index.php\/wp-json\/wp\/v2\/users\/2"}],"replies":[{"embeddable":true,"href":"https:\/\/hcismm.cz\/index.php\/wp-json\/wp\/v2\/comments?post=1028"}],"version-history":[{"count":0,"href":"https:\/\/hcismm.cz\/index.php\/wp-json\/wp\/v2\/pages\/1028\/revisions"}],"up":[{"embeddable":true,"href":"https:\/\/hcismm.cz\/index.php\/wp-json\/wp\/v2\/pages\/1025"}],"wp:attachment":[{"href":"https:\/\/hcismm.cz\/index.php\/wp-json\/wp\/v2\/media?parent=1028"}],"curies":[{"name":"wp","href":"https:\/\/api.w.org\/{rel}","templated":true}]}}