{"id":1034,"date":"2026-05-10T22:11:19","date_gmt":"2026-05-10T22:11:19","guid":{"rendered":"https:\/\/hcismm.cz\/index.php\/league\/ii-liga-skupina-jih\/"},"modified":"2026-05-10T22:11:19","modified_gmt":"2026-05-10T22:11:19","slug":"ii-liga-skupina-jih","status":"publish","type":"page","link":"https:\/\/hcismm.cz\/index.php\/league\/ii-liga-skupina-jih\/","title":{"rendered":"II. Liga Jih: Kop\u0159ivnice v boji o postup \u2013 kompletn\u00ed p\u0159ehled v\u00fdsledk\u016f a novinek"},"content":{"rendered":"<p>Ledn\u00ed hokej v Kop\u0159ivnici \u017eije a s novou sez\u00f3nou II. ligy, konkr\u00e9tn\u011b skupiny Jih, se sout\u011b\u017e rozj\u00ed\u017ed\u00ed naplno! P\u0159in\u00e1\u0161\u00edme v\u00e1m kompletn\u00ed p\u0159ehled v\u00fdsledk\u016f, rozpis z\u00e1pas\u016f a v\u0161e d\u016fle\u017eit\u00e9, co by fanou\u0161ek HC Tatra Kop\u0159ivnice a hokejov\u00ed nad\u0161enci m\u011bli v\u011bd\u011bt. Sledujte s n\u00e1mi, jak se na\u0161emu t\u00fdmu da\u0159\u00ed v konkuren\u010dn\u00edm prost\u0159ed\u00ed!<\/p>\n<h2>II. Liga Ledn\u00edho Hokeje \u2013 Skupina Jih: Co v\u00e1s letos \u010dek\u00e1?<\/h2>\n<p>II. liga ledn\u00edho hokeje je kl\u00ed\u010dovou sout\u011b\u017e\u00ed pro t\u00fdmy usiluj\u00edc\u00ed o postup do vy\u0161\u0161\u00edch diviz\u00ed. Skupina Jih je zn\u00e1m\u00e1 svou bojovnost\u00ed a vyrovnanost\u00ed. V t\u00e9to sez\u00f3n\u011b se utkaj\u00ed t\u00fdmy z Moravy a Slezska, p\u0159i\u010dem\u017e HC Tatra Kop\u0159ivnice se sna\u017e\u00ed nav\u00e1zat na p\u0159edchoz\u00ed \u00fasp\u011bchy a bojovat o p\u0159edn\u00ed pozice. <strong>Sout\u011b\u017e je n\u00e1ro\u010dn\u00e1, ale s podporou fanou\u0161k\u016f a kvalitn\u00edm t\u00fdmem je postup re\u00e1ln\u00fd c\u00edl.<\/strong><\/p>\n<h2>Aktu\u00e1ln\u00ed tabulka a v\u00fdsledky<\/h2>\n<p>Zde najdete aktu\u00e1ln\u00ed stav tabulky a v\u00fdsledky z\u00e1pas\u016f HC Tatra Kop\u0159ivnice ve II. lize \u2013 skupina Jih. (<em>Aktu\u00e1ln\u00ed tabulku a v\u00fdsledky je t\u0159eba doplnit z ofici\u00e1ln\u00edch zdroj\u016f \u2013 nap\u0159. hokejport\u00e1ly, ofici\u00e1ln\u00ed str\u00e1nky sout\u011b\u017ee.<\/em>)<\/p>\n<ul>\n<li><strong>Posledn\u00ed z\u00e1pas:<\/strong> [Datum] \u2013 HC Tatra Kop\u0159ivnice vs. [Soupe\u0159] \u2013 [V\u00fdsledek]<\/li>\n<li><strong>Nadch\u00e1zej\u00edc\u00ed z\u00e1pas:<\/strong> [Datum] \u2013 [Soupe\u0159] vs. HC Tatra Kop\u0159ivnice \u2013 [M\u00edsto kon\u00e1n\u00ed]<\/li>\n<\/ul>\n<h2>Kl\u00ed\u010dov\u00ed hr\u00e1\u010di HC Tatra Kop\u0159ivnice<\/h2>\n<p>HC Tatra Kop\u0159ivnice se m\u016f\u017ee pochlubit \u0159adou talentovan\u00fdch hr\u00e1\u010d\u016f, kte\u0159\u00ed t\u00e1hnou t\u00fdm k v\u00edt\u011bzstv\u00edm. Mezi kl\u00ed\u010dov\u00e9 opory pat\u0159\u00ed:<\/p>\n<ul>\n<li>[Jm\u00e9no hr\u00e1\u010de 1] \u2013 [Pozice] \u2013 Siln\u00fd \u00fato\u010dn\u00edk s citem pro g\u00f3ly.<\/li>\n<li>[Jm\u00e9no hr\u00e1\u010de 2] \u2013 [Pozice] \u2013 Spolehliv\u00fd brank\u00e1\u0159, kter\u00fd dr\u017e\u00ed t\u00fdm v boji.<\/li>\n<li>[Jm\u00e9no hr\u00e1\u010de 3] \u2013 [Pozice] \u2013 Ofenzivn\u00ed obr\u00e1nce s v\u00fdborn\u00fdm p\u0159ihr\u00e1v\u00e1n\u00edm.<\/li>\n<\/ul>\n<h2>Rozpis z\u00e1pas\u016f HC Tatra Kop\u0159ivnice v II. lize \u2013 Jih<\/h2>\n<p>P\u0159ipravili jsme pro v\u00e1s p\u0159ehledn\u00fd rozpis v\u0161ech z\u00e1pas\u016f HC Tatra Kop\u0159ivnice ve II. lize \u2013 skupina Jih. Nezapome\u0148te sledovat na\u0161e webov\u00e9 str\u00e1nky a soci\u00e1ln\u00ed s\u00edt\u011b pro aktu\u00e1ln\u00ed informace a report\u00e1\u017ee ze z\u00e1pas\u016f.<\/p>\n<ol>\n<li>[Datum] \u2013 HC Tatra Kop\u0159ivnice vs. [Soupe\u0159]<\/li>\n<li>[Datum] \u2013 [Soupe\u0159] vs. HC Tatra Kop\u0159ivnice<\/li>\n<li>[Datum] \u2013 HC Tatra Kop\u0159ivnice vs. [Soupe\u0159]<\/li>\n<\/ol>\n<h2>Sledujte n\u00e1s!<\/h2>\n<p>Chcete b\u00fdt v obraze a nikdy nezme\u0161kat \u017e\u00e1dnou novinku o HC Tatra Kop\u0159ivnice? Sledujte n\u00e1\u0161 web hcismm.cz a na\u0161e profily na soci\u00e1ln\u00edch s\u00edt\u00edch! Budeme v\u00e1s informovat o v\u0161ech d\u016fle\u017eit\u00fdch ud\u00e1lostech, v\u00fdsledc\u00edch z\u00e1pas\u016f a novink\u00e1ch z t\u00fdmu.<\/p>\n<p><strong>Podpo\u0159te HC Tatra Kop\u0159ivnice a poj\u010fme spole\u010dn\u011b bojovat o \u00fasp\u011bch!<\/strong><\/p>\n","protected":false},"excerpt":{"rendered":"<p>Ledn\u00ed hokej v Kop\u0159ivnici \u017eije a s novou sez\u00f3nou II. ligy, konkr\u00e9tn\u011b skupiny Jih, se sout\u011b\u017e rozj\u00ed\u017ed\u00ed naplno! P\u0159in\u00e1\u0161\u00edme v\u00e1m kompletn\u00ed p\u0159ehled v\u00fdsledk\u016f, rozpis z\u00e1pas\u016f a v\u0161e d\u016fle\u017eit\u00e9, co by fanou\u0161ek HC Tatra Kop\u0159ivnice a hokejov\u00ed nad\u0161enci m\u011bli v\u011bd\u011bt. Sledujte s n\u00e1mi, jak se na\u0161emu t\u00fdmu da\u0159\u00ed v konkuren\u010dn\u00edm prost\u0159ed\u00ed! II. Liga Ledn\u00edho Hokeje \u2013 &#8230; <a title=\"II. Liga Jih: Kop\u0159ivnice v boji o postup \u2013 kompletn\u00ed p\u0159ehled v\u00fdsledk\u016f a novinek\" class=\"read-more\" href=\"https:\/\/hcismm.cz\/index.php\/league\/ii-liga-skupina-jih\/\" aria-label=\"Read more about II. Liga Jih: Kop\u0159ivnice v boji o postup \u2013 kompletn\u00ed p\u0159ehled v\u00fdsledk\u016f a novinek\">Read more<\/a><\/p>\n","protected":false},"author":2,"featured_media":0,"parent":1031,"menu_order":0,"comment_status":"closed","ping_status":"closed","template":"","meta":{"footnotes":""},"class_list":["post-1034","page","type-page","status-publish"],"_links":{"self":[{"href":"https:\/\/hcismm.cz\/index.php\/wp-json\/wp\/v2\/pages\/1034","targetHints":{"allow":["GET"]}}],"collection":[{"href":"https:\/\/hcismm.cz\/index.php\/wp-json\/wp\/v2\/pages"}],"about":[{"href":"https:\/\/hcismm.cz\/index.php\/wp-json\/wp\/v2\/types\/page"}],"author":[{"embeddable":true,"href":"https:\/\/hcismm.cz\/index.php\/wp-json\/wp\/v2\/users\/2"}],"replies":[{"embeddable":true,"href":"https:\/\/hcismm.cz\/index.php\/wp-json\/wp\/v2\/comments?post=1034"}],"version-history":[{"count":0,"href":"https:\/\/hcismm.cz\/index.php\/wp-json\/wp\/v2\/pages\/1034\/revisions"}],"up":[{"embeddable":true,"href":"https:\/\/hcismm.cz\/index.php\/wp-json\/wp\/v2\/pages\/1031"}],"wp:attachment":[{"href":"https:\/\/hcismm.cz\/index.php\/wp-json\/wp\/v2\/media?parent=1034"}],"curies":[{"name":"wp","href":"https:\/\/api.w.org\/{rel}","templated":true}]}}