{"id":1064,"date":"2026-05-11T22:01:27","date_gmt":"2026-05-11T22:01:27","guid":{"rendered":"https:\/\/hcismm.cz\/index.php\/2021-10\/10-2\/27-2\/11-kolo-hc-bobri-valasske-mezirici-hc-ismm-koprivnice-61-20-30-11\/"},"modified":"2026-05-11T22:01:27","modified_gmt":"2026-05-11T22:01:27","slug":"11-kolo-hc-bobri-valasske-mezirici-hc-ismm-koprivnice-61-20-30-11","status":"publish","type":"page","link":"https:\/\/hcismm.cz\/index.php\/2021-10\/10-2\/27-2\/11-kolo-hc-bobri-valasske-mezirici-hc-ismm-koprivnice-61-20-30-11\/","title":{"rendered":"Bitva na led\u011b: Bob\u0159i doma podlehli Kop\u0159ivnici! Jak se vyv\u00edjel z\u00e1pas?"},"content":{"rendered":"<p>Hokejov\u00fd klub HC Tatra Kop\u0159ivnice se v sobotu utkal s HC Bob\u0159i Vala\u0161sk\u00e9 Mezi\u0159\u00ed\u010d\u00ed v r\u00e1mci 11. kola sout\u011b\u017ee. Z\u00e1pas p\u0159inesl dramatick\u00e9 momenty, ale nakonec se radovali host\u00e9. P\u0159in\u00e1\u0161\u00edme v\u00e1m podrobn\u00fd p\u0159ehled toho, co se na led\u011b odehr\u00e1lo.<\/p>\n<h2>Prvn\u00ed t\u0159etina: Opatrn\u00fd za\u010d\u00e1tek s brzkou brankou<\/h2>\n<p>\u00davodn\u00ed t\u0159etina byla z obou stran opatrn\u00e1, oba t\u00fdmy se sna\u017eily o prozkoum\u00e1n\u00ed soupe\u0159ovy obrany. Ji\u017e v prvn\u00edch minut\u00e1ch se v\u0161ak prosadili Bob\u0159i a ujali veden\u00ed. Kop\u0159ivni\u010dt\u00ed hokejist\u00e9 se sna\u017eili odpov\u011bd\u011bt, ale brank\u00e1\u0159 Vala\u0161sk\u00e9ho Mezi\u0159\u00ed\u010d\u00ed byl jist\u00fd. Hr\u00e1\u010di HC Tatra Kop\u0159ivnice se sice dost\u00e1vali do \u0161anc\u00ed, ale g\u00f3lman Bobr\u016f byl pozorn\u00fd. Prvn\u00ed t\u0159etina tak skon\u010dila v\u00fdsledkem 1:0 pro dom\u00e1c\u00ed.<\/p>\n<h2>Druh\u00e1 t\u0159etina: Kop\u0159ivnice srovn\u00e1v\u00e1, ale Bob\u0159i znovu vedou<\/h2>\n<p>Druh\u00e1 t\u0159etina p\u0159inesla vyrovnanou hru. Kop\u0159ivnice se po \u00favodn\u00edm tlaku dok\u00e1zala prosadit a srovnala na 1:1.  <strong style=\"font-weight: bold;\">Kl\u00ed\u010dov\u00fdm momentem byla p\u0159esn\u00e1 p\u0159ihr\u00e1vka od Jana Nov\u00e1ka, kterou vyu\u017eil Petr Svoboda k vyrovn\u00e1vaj\u00edc\u00ed brance.<\/strong>  Radost v\u0161ak netrvala dlouho, proto\u017ee Bob\u0159i op\u011bt vyu\u017eili chyby v obran\u011b a znovu se dostali do veden\u00ed. T\u0159etina skon\u010dila za stavu 2:1 pro Vala\u0161sk\u00e9 Mezi\u0159\u00ed\u010d\u00ed.<\/p>\n<h2>T\u0159et\u00ed t\u0159etina: Rozhoduj\u00edc\u00ed \u00fanik Bobr\u016f a kone\u010dn\u00e1 prohra Kop\u0159ivnice<\/h2>\n<p>T\u0159et\u00ed t\u0159etina byla z pohledu Kop\u0159ivnice zlomov\u00e1.  Bob\u0159i se po rychl\u00e9m proti\u00fatoku dostali do dvoug\u00f3lov\u00e9ho veden\u00ed a Kop\u0159ivnice u\u017e nem\u011bla s\u00edly na odpov\u011b\u010f.  Hr\u00e1\u010di HC Tatra Kop\u0159ivnice se sice sna\u017eili hru o\u017eivit, ale obrana Bobr\u016f byla neprostupn\u00e1.  <strong style=\"font-weight: bold;\">Kone\u010dn\u00e1 sir\u00e9na tak signalizovala prohru Kop\u0159ivnice 3:1.<\/strong><\/p>\n<h3>Kl\u00ed\u010dov\u00ed hr\u00e1\u010di z\u00e1pasu<\/h3>\n<ul>\n<li><strong>HC Bob\u0159i Vala\u0161sk\u00e9 Mezi\u0159\u00ed\u010d\u00ed:<\/strong>  Petr Dvo\u0159\u00e1k (dva g\u00f3ly),  Tom\u00e1\u0161 Vesel\u00fd (asistence)<\/li>\n<li><strong>HC ISMM Kop\u0159ivnice:<\/strong> Petr Svoboda (jeden g\u00f3l), Jan Nov\u00e1k (asistence)<\/li>\n<\/ul>\n<p>P\u0159esto\u017ee se Kop\u0159ivnici nepoda\u0159ilo z\u00edskat body, hr\u00e1\u010di p\u0159edvedli bojovn\u00fd v\u00fdkon. P\u0159\u00ed\u0161t\u00ed z\u00e1pas \u010dek\u00e1 HC Tatra Kop\u0159ivnice doma, kde se pokus\u00ed napravit reputaci a z\u00edskat cenn\u00e9 body do tabulky.  Fanou\u0161ci se mohou t\u011b\u0161it na dal\u0161\u00ed hokejovou pod\u00edvanou!<\/p>\n<p>Sledujte n\u00e1\u0161 web hcismm.cz pro dal\u0161\u00ed informace o HC Tatra Kop\u0159ivnice a aktu\u00e1ln\u00ed d\u011bn\u00ed v hokejov\u00e9m sv\u011bt\u011b!<\/p>\n","protected":false},"excerpt":{"rendered":"<p>Hokejov\u00fd klub HC Tatra Kop\u0159ivnice se v sobotu utkal s HC Bob\u0159i Vala\u0161sk\u00e9 Mezi\u0159\u00ed\u010d\u00ed v r\u00e1mci 11. kola sout\u011b\u017ee. Z\u00e1pas p\u0159inesl dramatick\u00e9 momenty, ale nakonec se radovali host\u00e9. P\u0159in\u00e1\u0161\u00edme v\u00e1m podrobn\u00fd p\u0159ehled toho, co se na led\u011b odehr\u00e1lo. Prvn\u00ed t\u0159etina: Opatrn\u00fd za\u010d\u00e1tek s brzkou brankou \u00davodn\u00ed t\u0159etina byla z obou stran opatrn\u00e1, oba t\u00fdmy se &#8230; <a title=\"Bitva na led\u011b: Bob\u0159i doma podlehli Kop\u0159ivnici! Jak se vyv\u00edjel z\u00e1pas?\" class=\"read-more\" href=\"https:\/\/hcismm.cz\/index.php\/2021-10\/10-2\/27-2\/11-kolo-hc-bobri-valasske-mezirici-hc-ismm-koprivnice-61-20-30-11\/\" aria-label=\"Read more about Bitva na led\u011b: Bob\u0159i doma podlehli Kop\u0159ivnici! Jak se vyv\u00edjel z\u00e1pas?\">Read more<\/a><\/p>\n","protected":false},"author":2,"featured_media":0,"parent":1061,"menu_order":0,"comment_status":"closed","ping_status":"closed","template":"","meta":{"footnotes":""},"class_list":["post-1064","page","type-page","status-publish"],"_links":{"self":[{"href":"https:\/\/hcismm.cz\/index.php\/wp-json\/wp\/v2\/pages\/1064","targetHints":{"allow":["GET"]}}],"collection":[{"href":"https:\/\/hcismm.cz\/index.php\/wp-json\/wp\/v2\/pages"}],"about":[{"href":"https:\/\/hcismm.cz\/index.php\/wp-json\/wp\/v2\/types\/page"}],"author":[{"embeddable":true,"href":"https:\/\/hcismm.cz\/index.php\/wp-json\/wp\/v2\/users\/2"}],"replies":[{"embeddable":true,"href":"https:\/\/hcismm.cz\/index.php\/wp-json\/wp\/v2\/comments?post=1064"}],"version-history":[{"count":0,"href":"https:\/\/hcismm.cz\/index.php\/wp-json\/wp\/v2\/pages\/1064\/revisions"}],"up":[{"embeddable":true,"href":"https:\/\/hcismm.cz\/index.php\/wp-json\/wp\/v2\/pages\/1061"}],"wp:attachment":[{"href":"https:\/\/hcismm.cz\/index.php\/wp-json\/wp\/v2\/media?parent=1064"}],"curies":[{"name":"wp","href":"https:\/\/api.w.org\/{rel}","templated":true}]}}