{"id":1073,"date":"2026-05-11T22:06:31","date_gmt":"2026-05-11T22:06:31","guid":{"rendered":"https:\/\/hcismm.cz\/index.php\/2018-37\/10-2\/20-2\/"},"modified":"2026-05-11T22:06:31","modified_gmt":"2026-05-11T22:06:31","slug":"20-2","status":"publish","type":"page","link":"https:\/\/hcismm.cz\/index.php\/2018-37\/10-2\/20-2\/","title":{"rendered":"Drama v Kop\u0159ivnici: Jak HC Tatra bojoval o body 20. \u0159\u00edjna 2018"},"content":{"rendered":"<p>Vzpom\u00edn\u00e1te na dramatick\u00fd z\u00e1pas HC Tatra Kop\u0159ivnice z 20. \u0159\u00edjna 2018? Pokud jste jej sledovali na\u017eivo, ur\u010dit\u011b v\u00e1m utk\u00e1n\u00ed u\u010darovalo. Pokud ne, p\u0159ipravili jsme pro v\u00e1s shrnut\u00ed pln\u00e9 emoc\u00ed a kl\u00ed\u010dov\u00fdch moment\u016f z tohoto nap\u00ednav\u00e9ho hokejov\u00e9ho ve\u010dera.<\/p>\n<h2>Prvn\u00ed t\u0159etina: Nervozita a rychl\u00fd \u00favod<\/h2>\n<p>Z\u00e1pas za\u010dal ve vysok\u00e9m tempu. Dom\u00e1c\u00ed HC Tatra Kop\u0159ivnice nastoupila s odhodl\u00e1n\u00edm, ale soupe\u0159 se neb\u00e1l a hned v \u00favodn\u00edch minut\u00e1ch uk\u00e1zal, \u017ee bude hr\u00e1t tvrd\u011b. Prvn\u00ed t\u0159etina byla pln\u00e1 osobn\u00edch souboj\u016f a rychl\u00fdch proti\u00fatok\u016f.  Po patn\u00e1cti minut\u00e1ch hry se sk\u00f3re poprv\u00e9 m\u011bnilo, kdy\u017e se <strong class=\"player-name\">Jan Nov\u00e1k<\/strong> prosadil st\u0159elou z lev\u00e9ho kruhu.  Fanou\u0161ci v hale propukli nad\u0161en\u00edm, ale radost netrvala dlouho. Soupe\u0159 dok\u00e1zal v z\u00e1v\u011bru t\u0159etiny vyrovnat po chyb\u011b v obran\u011b.<\/p>\n<h2>Druh\u00e1 t\u0159etina: Zlomov\u00fd moment a brank\u00e1\u0159sk\u00e1 show<\/h2>\n<p>Druh\u00e1 t\u0159etina p\u0159inesla zlomov\u00fd moment.  <strong class=\"player-name\">Petr Svoboda<\/strong> obdr\u017eel dvominutov\u00fd trest za dr\u017een\u00ed soupe\u0159e, a host\u00e9 tak dostali mo\u017enost hr\u00e1t p\u0159esilovou hru. Brank\u00e1\u0159 HC Tatra Kop\u0159ivnice, <strong class=\"player-name\">Tom\u00e1\u0161 Vesel\u00fd<\/strong>, p\u0159edvedl fantastick\u00e9 z\u00e1kroky a udr\u017eel sv\u016fj t\u00fdm ve h\u0159e.  Jeho v\u00fdkon byl kl\u00ed\u010dov\u00fd a zaslou\u017eil si obrovsk\u00fd potlesk od tribun.  I p\u0159es brank\u00e1\u0159skou show se host\u016fm poda\u0159ilo ve druh\u00e9 t\u0159etin\u011b vst\u0159elit dva g\u00f3ly, \u010d\u00edm\u017e se dostali do veden\u00ed.<\/p>\n<h3>Kl\u00ed\u010dov\u00e9 momenty druh\u00e9 t\u0159etiny<\/h3>\n<ul>\n<li>V\u00fdborn\u00fd v\u00fdkon brank\u00e1\u0159e Tom\u00e1\u0161e Vesel\u00e9ho<\/li>\n<li>Dvominutov\u00fd trest pro Petra Svobodu<\/li>\n<li>Dva g\u00f3ly hostuj\u00edc\u00edho t\u00fdmu<\/li>\n<\/ul>\n<h2>T\u0159et\u00ed t\u0159etina: Drama a z\u00e1v\u011bre\u010dn\u00fd n\u00e1por<\/h2>\n<p>T\u0159et\u00ed t\u0159etina byla nap\u00ednav\u00e1 od za\u010d\u00e1tku do konce. HC Tatra Kop\u0159ivnice se sna\u017eila za ka\u017edou cenu vyrovnat.  Tren\u00e9rsk\u00fd t\u00fdm provedl n\u011bkolik zm\u011bn v sestav\u011b, kter\u00e9 se vyplatily. <strong class=\"player-name\">Luk\u00e1\u0161 Dvo\u0159\u00e1k<\/strong> sn\u00ed\u017eil sk\u00f3re na 2:3 po kr\u00e1sn\u00e9 individu\u00e1ln\u00ed akci.  Hala explodovala a dom\u00e1c\u00ed t\u00fdm se dostal do z\u00e1v\u011bre\u010dn\u00e9ho n\u00e1poru. Posledn\u00edch p\u011bt minut bylo pln\u00e9 tlaku, ale host\u00e9 se dok\u00e1zali br\u00e1nit.  HC Tatra Kop\u0159ivnice se nakonec nedok\u00e1zala vyrovnat a prohr\u00e1la t\u011bsn\u00fdm v\u00fdsledkem 2:3. P\u0159esto\u017ee t\u00fdm nedos\u00e1hl v\u00edt\u011bzstv\u00ed, p\u0159edvedl bojovnost a odhodl\u00e1n\u00ed, kter\u00e9 si div\u00e1ci velmi cenili.<\/p>\n<p>Z\u00e1pas z 20. \u0159\u00edjna 2018 byl d\u016fkazem toho, \u017ee hokej je sport pln\u00fd emoc\u00ed a p\u0159ekvapen\u00ed.  HC Tatra Kop\u0159ivnice i p\u0159es prohru uk\u00e1zala, \u017ee se s n\u00ed mus\u00ed po\u010d\u00edtat.  Fanou\u0161ci se t\u011b\u0161\u00ed na dal\u0161\u00ed utk\u00e1n\u00ed a v\u011b\u0159\u00ed, \u017ee t\u00fdm bude bojovat o co nejlep\u0161\u00ed um\u00edst\u011bn\u00ed v tabulce.<\/p>\n<p>Sledujte n\u00e1\u0161 web hcismm.cz pro dal\u0161\u00ed informace o HC Tatra Kop\u0159ivnice, rozhovory s hr\u00e1\u010di a aktu\u00e1ln\u00ed zpr\u00e1vy z hokejov\u00e9ho d\u011bn\u00ed.<\/p>\n","protected":false},"excerpt":{"rendered":"<p>Vzpom\u00edn\u00e1te na dramatick\u00fd z\u00e1pas HC Tatra Kop\u0159ivnice z 20. \u0159\u00edjna 2018? Pokud jste jej sledovali na\u017eivo, ur\u010dit\u011b v\u00e1m utk\u00e1n\u00ed u\u010darovalo. Pokud ne, p\u0159ipravili jsme pro v\u00e1s shrnut\u00ed pln\u00e9 emoc\u00ed a kl\u00ed\u010dov\u00fdch moment\u016f z tohoto nap\u00ednav\u00e9ho hokejov\u00e9ho ve\u010dera. Prvn\u00ed t\u0159etina: Nervozita a rychl\u00fd \u00favod Z\u00e1pas za\u010dal ve vysok\u00e9m tempu. Dom\u00e1c\u00ed HC Tatra Kop\u0159ivnice nastoupila s odhodl\u00e1n\u00edm, &#8230; <a title=\"Drama v Kop\u0159ivnici: Jak HC Tatra bojoval o body 20. \u0159\u00edjna 2018\" class=\"read-more\" href=\"https:\/\/hcismm.cz\/index.php\/2018-37\/10-2\/20-2\/\" aria-label=\"Read more about Drama v Kop\u0159ivnici: Jak HC Tatra bojoval o body 20. \u0159\u00edjna 2018\">Read more<\/a><\/p>\n","protected":false},"author":2,"featured_media":0,"parent":1070,"menu_order":0,"comment_status":"closed","ping_status":"closed","template":"","meta":{"footnotes":""},"class_list":["post-1073","page","type-page","status-publish"],"_links":{"self":[{"href":"https:\/\/hcismm.cz\/index.php\/wp-json\/wp\/v2\/pages\/1073","targetHints":{"allow":["GET"]}}],"collection":[{"href":"https:\/\/hcismm.cz\/index.php\/wp-json\/wp\/v2\/pages"}],"about":[{"href":"https:\/\/hcismm.cz\/index.php\/wp-json\/wp\/v2\/types\/page"}],"author":[{"embeddable":true,"href":"https:\/\/hcismm.cz\/index.php\/wp-json\/wp\/v2\/users\/2"}],"replies":[{"embeddable":true,"href":"https:\/\/hcismm.cz\/index.php\/wp-json\/wp\/v2\/comments?post=1073"}],"version-history":[{"count":0,"href":"https:\/\/hcismm.cz\/index.php\/wp-json\/wp\/v2\/pages\/1073\/revisions"}],"up":[{"embeddable":true,"href":"https:\/\/hcismm.cz\/index.php\/wp-json\/wp\/v2\/pages\/1070"}],"wp:attachment":[{"href":"https:\/\/hcismm.cz\/index.php\/wp-json\/wp\/v2\/media?parent=1073"}],"curies":[{"name":"wp","href":"https:\/\/api.w.org\/{rel}","templated":true}]}}