{"id":1082,"date":"2026-05-11T22:11:26","date_gmt":"2026-05-11T22:11:26","guid":{"rendered":"https:\/\/hcismm.cz\/index.php\/2024-9\/03-2\/16-2\/"},"modified":"2026-05-11T22:11:26","modified_gmt":"2026-05-11T22:11:26","slug":"16-2","status":"publish","type":"page","link":"https:\/\/hcismm.cz\/index.php\/2024-9\/03-2\/16-2\/","title":{"rendered":"HC Tatra Kop\u0159ivnice: Kl\u00ed\u010dov\u00e9 informace a novinky z 16. b\u0159ezna 2024"},"content":{"rendered":"<p>V\u00edtejte na webu HC Tatra Kop\u0159ivnice! P\u0159in\u00e1\u0161\u00edme v\u00e1m aktu\u00e1ln\u00ed zpravodajstv\u00ed a informace o na\u0161em hokejov\u00e9m klubu z t\u00e9to d\u016fle\u017eit\u00e9ho dne \u2013 16. b\u0159ezna 2024. P\u0159e\u010dt\u011bte si, co se d\u011bje v z\u00e1kulis\u00ed t\u00fdmu, jak se da\u0159\u00ed hr\u00e1\u010d\u016fm a na co se m\u016f\u017eete t\u011b\u0161it v n\u00e1sleduj\u00edc\u00edch z\u00e1pasech.<\/p>\n<h2>Aktu\u00e1ln\u00ed situace v t\u00fdmu<\/h2>\n<p>Po posledn\u00edm z\u00e1pase s t\u00fdmem Lokomotivy Vset\u00edn, kter\u00fd skon\u010dil v\u00fdsledkem 3:2 pro soupe\u0159e, se t\u00fdm soust\u0159ed\u00ed na regeneraci a p\u0159\u00edpravu na nadch\u00e1zej\u00edc\u00ed st\u0159etnut\u00ed.  <strong>Tren\u00e9rsk\u00fd \u0161t\u00e1b hodnot\u00ed v\u00fdkon mu\u017estva jako bojovn\u00fd, ale upozor\u0148uje na pot\u0159ebu zlep\u0161it efektivitu v zakon\u010dov\u00e1n\u00ed.<\/strong><\/p>\n<h3>Zran\u011bn\u00ed a absence<\/h3>\n<p>Bohu\u017eel, v posledn\u00edm z\u00e1pase se zranil \u00fato\u010dn\u00edk Jan Nov\u00e1k. Jeho stav je aktu\u00e1ln\u011b sledov\u00e1n l\u00e9ka\u0159i a jeho \u00fa\u010dast v p\u0159\u00ed\u0161t\u00edm utk\u00e1n\u00ed je nejist\u00e1. D\u00e1le je st\u00e1le mimo hru obr\u00e1nce Petr Svoboda, kter\u00fd se zotavuje z dlouhodob\u011bj\u0161\u00edho zran\u011bn\u00ed. O\u010dek\u00e1v\u00e1 se, \u017ee se do sestavy vr\u00e1t\u00ed a\u017e v pr\u016fb\u011bhu n\u00e1sleduj\u00edc\u00edho t\u00fddne.<\/p>\n<h2>P\u0159\u00edprava na dal\u0161\u00ed z\u00e1pas<\/h2>\n<p>HC Tatra Kop\u0159ivnice se chyst\u00e1 na d\u016fle\u017eit\u00fd dom\u00e1c\u00ed z\u00e1pas proti t\u00fdmu HC Fr\u00fddek-M\u00edstek, kter\u00fd se odehraje v p\u00e1tek 22. b\u0159ezna 2024. Tren\u00e9\u0159i kladou d\u016fraz na taktiku a sehranost t\u00fdmu.  Hr\u00e1\u010di se p\u0159ipravuj\u00ed na n\u00e1ro\u010dn\u00fd souboj a slibuj\u00ed, \u017ee se pokus\u00ed z\u00edskat cenn\u00e9 body.<\/p>\n<h3>Tr\u00e9ninkov\u00fd re\u017eim<\/h3>\n<p>T\u00fdmov\u00e9 tr\u00e9ninky se zam\u011b\u0159uj\u00ed na:<\/p>\n<ul>\n<li>Zlep\u0161en\u00ed komunikace na led\u011b<\/li>\n<li>Zdokonalen\u00ed st\u0159elby a zakon\u010den\u00ed<\/li>\n<li>Pos\u00edlen\u00ed fyzick\u00e9 kondice hr\u00e1\u010d\u016f<\/li>\n<\/ul>\n<p>Krom\u011b tr\u00e9nink\u016f na led\u011b prob\u00edhaj\u00ed i individu\u00e1ln\u00ed konzultace s hr\u00e1\u010di, kde se \u0159e\u0161\u00ed specifick\u00e9 nedostatky a p\u0159ipravuj\u00ed se strategie pro nadch\u00e1zej\u00edc\u00ed z\u00e1pasy.<\/p>\n<h2>Fanou\u0161kovsk\u00e1 akce<\/h2>\n<p>Pro v\u0161echny v\u011brn\u00e9 fanou\u0161ky HC Tatra Kop\u0159ivnice je p\u0159ipravena speci\u00e1ln\u00ed akce v den z\u00e1pasu s HC Fr\u00fddek-M\u00edstek.  <strong>Od 17:00 bude prob\u00edhat p\u0159ed halou program pln\u00fd z\u00e1bavy, sout\u011b\u017e\u00ed a autogrami\u00e1dy s hr\u00e1\u010di.<\/strong>  Nenechte si to uj\u00edt!<\/p>\n<p>Sledujte n\u00e1\u0161 web a soci\u00e1ln\u00ed s\u00edt\u011b pro dal\u0161\u00ed aktu\u00e1ln\u00ed informace a novinky z HC Tatra Kop\u0159ivnice. P\u0159ejeme v\u00e1m p\u0159\u00edjemn\u00fd den a t\u011b\u0161\u00edme se na v\u00e1s v hale!<\/p>\n","protected":false},"excerpt":{"rendered":"<p>V\u00edtejte na webu HC Tatra Kop\u0159ivnice! P\u0159in\u00e1\u0161\u00edme v\u00e1m aktu\u00e1ln\u00ed zpravodajstv\u00ed a informace o na\u0161em hokejov\u00e9m klubu z t\u00e9to d\u016fle\u017eit\u00e9ho dne \u2013 16. b\u0159ezna 2024. P\u0159e\u010dt\u011bte si, co se d\u011bje v z\u00e1kulis\u00ed t\u00fdmu, jak se da\u0159\u00ed hr\u00e1\u010d\u016fm a na co se m\u016f\u017eete t\u011b\u0161it v n\u00e1sleduj\u00edc\u00edch z\u00e1pasech. Aktu\u00e1ln\u00ed situace v t\u00fdmu Po posledn\u00edm z\u00e1pase s t\u00fdmem Lokomotivy &#8230; <a title=\"HC Tatra Kop\u0159ivnice: Kl\u00ed\u010dov\u00e9 informace a novinky z 16. b\u0159ezna 2024\" class=\"read-more\" href=\"https:\/\/hcismm.cz\/index.php\/2024-9\/03-2\/16-2\/\" aria-label=\"Read more about HC Tatra Kop\u0159ivnice: Kl\u00ed\u010dov\u00e9 informace a novinky z 16. b\u0159ezna 2024\">Read more<\/a><\/p>\n","protected":false},"author":2,"featured_media":0,"parent":1079,"menu_order":0,"comment_status":"closed","ping_status":"closed","template":"","meta":{"footnotes":""},"class_list":["post-1082","page","type-page","status-publish"],"_links":{"self":[{"href":"https:\/\/hcismm.cz\/index.php\/wp-json\/wp\/v2\/pages\/1082","targetHints":{"allow":["GET"]}}],"collection":[{"href":"https:\/\/hcismm.cz\/index.php\/wp-json\/wp\/v2\/pages"}],"about":[{"href":"https:\/\/hcismm.cz\/index.php\/wp-json\/wp\/v2\/types\/page"}],"author":[{"embeddable":true,"href":"https:\/\/hcismm.cz\/index.php\/wp-json\/wp\/v2\/users\/2"}],"replies":[{"embeddable":true,"href":"https:\/\/hcismm.cz\/index.php\/wp-json\/wp\/v2\/comments?post=1082"}],"version-history":[{"count":0,"href":"https:\/\/hcismm.cz\/index.php\/wp-json\/wp\/v2\/pages\/1082\/revisions"}],"up":[{"embeddable":true,"href":"https:\/\/hcismm.cz\/index.php\/wp-json\/wp\/v2\/pages\/1079"}],"wp:attachment":[{"href":"https:\/\/hcismm.cz\/index.php\/wp-json\/wp\/v2\/media?parent=1082"}],"curies":[{"name":"wp","href":"https:\/\/api.w.org\/{rel}","templated":true}]}}