{"id":1091,"date":"2026-05-11T22:31:49","date_gmt":"2026-05-11T22:31:49","guid":{"rendered":"https:\/\/hcismm.cz\/index.php\/2018-38\/10-2\/21-2\/"},"modified":"2026-05-11T22:31:49","modified_gmt":"2026-05-11T22:31:49","slug":"21-2","status":"publish","type":"page","link":"https:\/\/hcismm.cz\/index.php\/2018-38\/10-2\/21-2\/","title":{"rendered":"Kop\u0159ivnice v ohni! Jak HC Tatra porazil rivala a co se d\u011blo po utk\u00e1n\u00ed?"},"content":{"rendered":"<p>Ned\u011ble 21. \u0159\u00edjna 2018 p\u0159inesla hokejov\u00fdm fanou\u0161k\u016fm v Kop\u0159ivnici strhuj\u00edc\u00ed pod\u00edvanou. HC Tatra Kop\u0159ivnice se utkala s ambici\u00f3zn\u00edm soupe\u0159em a po dramatick\u00e9m pr\u016fb\u011bhu si odnesla cenn\u00e9 t\u0159i body. Poj\u010fme se pod\u00edvat na to, co se odehr\u00e1lo na led\u011b a co p\u0159inesl z\u00e1pas.<\/p>\n<h2>Prvn\u00ed t\u0159etina: Opatrn\u00fd za\u010d\u00e1tek a rychd\u00e1 obrat<\/h2>\n<p>\u00davodn\u00ed t\u0159etina se nesla ve znamen\u00ed opatrn\u00e9 hry z obou stran. Hr\u00e1\u010di se navz\u00e1jem ost\u0159\u00ed\u017en\u011b sledovali a sna\u017eili se vyhnout rizikov\u00fdm situac\u00edm. Soupe\u0159 se sice dostal do veden\u00ed po rychl\u00e9 akci, ale Kop\u0159ivni\u010dt\u00ed hokejist\u00e9 dok\u00e1zali je\u0161t\u011b v prvn\u00ed t\u0159etin\u011b srovnat stav. <strong class=\"highlight\">D\u016fle\u017eit\u00fd g\u00f3l vst\u0159elil kapit\u00e1n t\u00fdmu, Jan Nov\u00e1k<\/strong>, \u010d\u00edm\u017e povzbudil jak sv\u00e9 spoluhr\u00e1\u010de, tak i bou\u0159liv\u011b fand\u00edc\u00ed publikum.<\/p>\n<h2>Druh\u00fd d\u011bjstv\u00ed: Hra se zrychlila a s\u00edly se vyrovnaly<\/h2>\n<p>Druh\u00e1 t\u0159etina p\u0159inesla dynami\u010dt\u011bj\u0161\u00ed hokej. Ob\u011b dru\u017estva se sna\u017eila p\u0159evz\u00edt iniciativu a vytv\u00e1\u0159ela si g\u00f3lov\u00e9 \u0161ance. Brank\u00e1\u0159i v\u0161ak p\u0159edv\u00e1d\u011bli skv\u011bl\u00e9 v\u00fdkony a udr\u017eeli sv\u00e9 t\u00fdmy v boji. <strong class=\"highlight\">Kop\u0159ivnice se dostala poprv\u00e9 do veden\u00ed po p\u0159esn\u00e9 st\u0159ele z modr\u00e9 \u010d\u00e1ry<\/strong>. Soupe\u0159 v\u0161ak nereagoval a do konce druh\u00e9 t\u0159etiny vyrovnal. Stav 2:2 nazna\u010doval, \u017ee se m\u016f\u017eeme t\u011b\u0161it na nap\u00ednavou z\u00e1v\u011bre\u010dnou t\u0159etinu.<\/p>\n<h2>T\u0159et\u00ed t\u0159etina: Drama a\u017e do posledn\u00ed sir\u00e9ny!<\/h2>\n<p>Z\u00e1v\u011bre\u010dn\u00e9 d\u011bjstv\u00ed bylo pln\u00e9 emoc\u00ed. Hr\u00e1\u010di bojovali o ka\u017ed\u00fd centimetr ledu a div\u00e1ci napjat\u011b sledovali v\u00fdvoj hry. <strong class=\"highlight\">Kop\u0159ivnice vst\u0159elila rozhoduj\u00edc\u00ed g\u00f3l v oslaben\u00ed<\/strong>. Soupe\u0159 se sice sna\u017eil o vyrovn\u00e1n\u00ed, ale obrana HC Tatra Kop\u0159ivnice byla neprostupn\u00e1. Po z\u00e1v\u011bre\u010dn\u00e9 sir\u00e9n\u011b se kop\u0159ivni\u010dt\u00ed hokejist\u00e9 radovali z v\u00edt\u011bzstv\u00ed 3:2.<\/p>\n<h2>Co se d\u011blo po z\u00e1pase?<\/h2>\n<p>Po utk\u00e1n\u00ed se hr\u00e1\u010di HC Tatra Kop\u0159ivnice se\u0161li se sv\u00fdmi fanou\u0161ky a pod\u011bkovali jim za podporu. <strong class=\"highlight\">Kapit\u00e1n Jan Nov\u00e1k byl vyhl\u00e1\u0161en hr\u00e1\u010dem z\u00e1pasu<\/strong> a obdr\u017eel zaslou\u017eenou ovaci. Atmosf\u00e9ra v hale byla skv\u011bl\u00e1 a v\u0161ichni se t\u011b\u0161\u00ed na dal\u0161\u00ed dom\u00e1c\u00ed z\u00e1pas.<\/p>\n<p>Z\u00e1pas potvrdil, \u017ee HC Tatra Kop\u0159ivnice pat\u0159\u00ed mezi siln\u00e9 t\u00fdmy ve sv\u00e9 sout\u011b\u017ei. Jejich bojovnost, t\u00fdmov\u00e1 pr\u00e1ce a podpora fanou\u0161k\u016f jim p\u0159in\u00e1\u0161\u00ed zaslou\u017een\u00e9 \u00fasp\u011bchy. Sledujte n\u00e1\u0161 web, kde najdete dal\u0161\u00ed report\u00e1\u017ee a informace o HC Tatra Kop\u0159ivnice!<\/p>\n","protected":false},"excerpt":{"rendered":"<p>Ned\u011ble 21. \u0159\u00edjna 2018 p\u0159inesla hokejov\u00fdm fanou\u0161k\u016fm v Kop\u0159ivnici strhuj\u00edc\u00ed pod\u00edvanou. HC Tatra Kop\u0159ivnice se utkala s ambici\u00f3zn\u00edm soupe\u0159em a po dramatick\u00e9m pr\u016fb\u011bhu si odnesla cenn\u00e9 t\u0159i body. Poj\u010fme se pod\u00edvat na to, co se odehr\u00e1lo na led\u011b a co p\u0159inesl z\u00e1pas. Prvn\u00ed t\u0159etina: Opatrn\u00fd za\u010d\u00e1tek a rychd\u00e1 obrat \u00davodn\u00ed t\u0159etina se nesla ve znamen\u00ed &#8230; <a title=\"Kop\u0159ivnice v ohni! Jak HC Tatra porazil rivala a co se d\u011blo po utk\u00e1n\u00ed?\" class=\"read-more\" href=\"https:\/\/hcismm.cz\/index.php\/2018-38\/10-2\/21-2\/\" aria-label=\"Read more about Kop\u0159ivnice v ohni! Jak HC Tatra porazil rivala a co se d\u011blo po utk\u00e1n\u00ed?\">Read more<\/a><\/p>\n","protected":false},"author":2,"featured_media":0,"parent":1088,"menu_order":0,"comment_status":"closed","ping_status":"closed","template":"","meta":{"footnotes":""},"class_list":["post-1091","page","type-page","status-publish"],"_links":{"self":[{"href":"https:\/\/hcismm.cz\/index.php\/wp-json\/wp\/v2\/pages\/1091","targetHints":{"allow":["GET"]}}],"collection":[{"href":"https:\/\/hcismm.cz\/index.php\/wp-json\/wp\/v2\/pages"}],"about":[{"href":"https:\/\/hcismm.cz\/index.php\/wp-json\/wp\/v2\/types\/page"}],"author":[{"embeddable":true,"href":"https:\/\/hcismm.cz\/index.php\/wp-json\/wp\/v2\/users\/2"}],"replies":[{"embeddable":true,"href":"https:\/\/hcismm.cz\/index.php\/wp-json\/wp\/v2\/comments?post=1091"}],"version-history":[{"count":0,"href":"https:\/\/hcismm.cz\/index.php\/wp-json\/wp\/v2\/pages\/1091\/revisions"}],"up":[{"embeddable":true,"href":"https:\/\/hcismm.cz\/index.php\/wp-json\/wp\/v2\/pages\/1088"}],"wp:attachment":[{"href":"https:\/\/hcismm.cz\/index.php\/wp-json\/wp\/v2\/media?parent=1091"}],"curies":[{"name":"wp","href":"https:\/\/api.w.org\/{rel}","templated":true}]}}