{"id":1127,"date":"2026-05-12T22:16:27","date_gmt":"2026-05-12T22:16:27","guid":{"rendered":"https:\/\/hcismm.cz\/index.php\/2018-39\/10-2\/26-2\/"},"modified":"2026-05-12T22:16:27","modified_gmt":"2026-05-12T22:16:27","slug":"26-2","status":"publish","type":"page","link":"https:\/\/hcismm.cz\/index.php\/2018-39\/10-2\/26-2\/","title":{"rendered":"Bitva o led: Kop\u0159ivnice podlehla Pust\u011bjovu, ale p\u0159edvedla bojovn\u00fd v\u00fdkon!"},"content":{"rendered":"<p>Ned\u011ble 26. \u0159\u00edjna 2018 p\u0159inesla hokejov\u00fdm fanou\u0161k\u016fm v Kop\u0159ivnici nap\u00ednav\u00fd duel mezi dom\u00e1c\u00edm HC Tatra Kop\u0159ivnice a ambici\u00f3zn\u00edm HC ISMM Pust\u011bjov. Z\u00e1pas sice skon\u010dil por\u00e1\u017ekou Kop\u0159ivnice, ale hr\u00e1\u010di p\u0159edvedli srdnat\u00fd v\u00fdkon a nab\u00eddli div\u00e1k\u016fm strhuj\u00edc\u00ed pod\u00edvanou.<\/p>\n<h2>Prvn\u00ed t\u0159etina: Opatrn\u00fd za\u010d\u00e1tek<\/h2>\n<p>\u00davodn\u00ed t\u0159etina byla z obou stran opatrn\u00e1, oba t\u00fdmy se sna\u017eily vyvarovat chyb a zkoumaly soupe\u0159ovu obranu. Hra se odehr\u00e1vala p\u0159ev\u00e1\u017en\u011b ve st\u0159edn\u00ed p\u00e1smu a g\u00f3lov\u00fdch \u0161anc\u00ed bylo m\u00e1lo. Brank\u00e1\u0159i obou t\u00fdm\u016f byli pozorn\u00ed a udr\u017eeli sv\u00e9 s\u00edt\u011b \u010dist\u00e9. V z\u00e1v\u011bru t\u0159etiny se host\u00e9 z Pust\u011bjova dostali do m\u00edrn\u00e9ho tlaku, ale Kop\u0159ivnice se dok\u00e1zala ubr\u00e1nit.<\/p>\n<h2>Druh\u00e1 t\u0159etina: Pust\u011bjov ude\u0159il<\/h2>\n<p>Druh\u00e1 t\u0159etina p\u0159inesla v\u00edce vzru\u0161en\u00ed. Pust\u011bjov se ujmul veden\u00ed po rychl\u00e9m proti\u00fatoku, kter\u00fd zakon\u010dil p\u0159esnou st\u0159elou \u00fato\u010dn\u00edk \u010d\u00edslo sedmn\u00e1ct. Kop\u0159ivnice se sna\u017eila odpov\u011bd\u011bt, ale host\u00e9 dob\u0159e br\u00e1nili a nedovolili jim vyvinout v\u011bt\u0161\u00ed tlak. Kr\u00e1tce p\u0159ed koncem druh\u00e9 t\u0159etiny Pust\u011bjov zv\u00fd\u0161il na 2:0. Kop\u0159ivni\u010dt\u00ed hokejist\u00e9 byli zjevn\u011b zasa\u017eeni obdr\u017een\u00fdmi g\u00f3ly.<\/p>\n<h2>T\u0159et\u00ed t\u0159etina: Bojovn\u00fd z\u00e1v\u011br Kop\u0159ivnice<\/h2>\n<p>I p\u0159es nep\u0159\u00edzniv\u00fd stav se hr\u00e1\u010di Kop\u0159ivnice nevzdali. Ve t\u0159et\u00ed t\u0159etin\u011b se jim poda\u0159ilo sn\u00ed\u017eit sk\u00f3re d\u00edky brance kapit\u00e1na t\u00fdmu, kter\u00fd se prosadil po individu\u00e1ln\u00ed akci. Stadion o\u017eil a fanou\u0161ci povzbuzovali sv\u016fj t\u00fdm k vyrovn\u00e1n\u00ed. Pust\u011bjov v\u0161ak brzy odpov\u011bd\u011bl dal\u0161\u00edm g\u00f3lem a znovu zv\u00fd\u0161il sv\u016fj n\u00e1skok. <strong style=\"font-weight: bold;\">Kone\u010dn\u00fd stav 1:3 tak neodr\u00e1\u017e\u00ed bojovnost Kop\u0159ivnice<\/strong>, kter\u00e1 se sna\u017eila a\u017e do konce utk\u00e1n\u00ed.<\/p>\n<h3>Kl\u00ed\u010dov\u00e9 momenty z\u00e1pasu:<\/h3>\n<ul>\n<li>Rychl\u00fd proti\u00fatok Pust\u011bjova vedouc\u00ed k prvn\u00edmu g\u00f3lu<\/li>\n<li>Sn\u00ed\u017een\u00ed sk\u00f3re kapit\u00e1nem Kop\u0159ivnice ve t\u0159et\u00ed t\u0159etin\u011b<\/li>\n<li>D\u016frazn\u00e1 hra Pust\u011bjova v obrann\u00e9 f\u00e1zi<\/li>\n<\/ul>\n<p>P\u0159esto\u017ee HC Tatra Kop\u0159ivnice prohr\u00e1la, uk\u00e1zala, \u017ee m\u00e1 na led\u011b srdce a bojovnost. Z\u00e1pas s HC ISMM Pust\u011bjov byl pro div\u00e1ky atraktivn\u00ed a slibuje zaj\u00edmav\u00e9 pokra\u010dov\u00e1n\u00ed hokejov\u00e9 sez\u00f3ny. Fanou\u0161ci se jist\u011b t\u011b\u0161\u00ed na dal\u0161\u00ed dom\u00e1c\u00ed utk\u00e1n\u00ed a v\u011b\u0159\u00ed, \u017ee jejich obl\u00edben\u00fd t\u00fdm bude bojovat o body.<\/p>\n","protected":false},"excerpt":{"rendered":"<p>Ned\u011ble 26. \u0159\u00edjna 2018 p\u0159inesla hokejov\u00fdm fanou\u0161k\u016fm v Kop\u0159ivnici nap\u00ednav\u00fd duel mezi dom\u00e1c\u00edm HC Tatra Kop\u0159ivnice a ambici\u00f3zn\u00edm HC ISMM Pust\u011bjov. Z\u00e1pas sice skon\u010dil por\u00e1\u017ekou Kop\u0159ivnice, ale hr\u00e1\u010di p\u0159edvedli srdnat\u00fd v\u00fdkon a nab\u00eddli div\u00e1k\u016fm strhuj\u00edc\u00ed pod\u00edvanou. Prvn\u00ed t\u0159etina: Opatrn\u00fd za\u010d\u00e1tek \u00davodn\u00ed t\u0159etina byla z obou stran opatrn\u00e1, oba t\u00fdmy se sna\u017eily vyvarovat chyb a zkoumaly &#8230; <a title=\"Bitva o led: Kop\u0159ivnice podlehla Pust\u011bjovu, ale p\u0159edvedla bojovn\u00fd v\u00fdkon!\" class=\"read-more\" href=\"https:\/\/hcismm.cz\/index.php\/2018-39\/10-2\/26-2\/\" aria-label=\"Read more about Bitva o led: Kop\u0159ivnice podlehla Pust\u011bjovu, ale p\u0159edvedla bojovn\u00fd v\u00fdkon!\">Read more<\/a><\/p>\n","protected":false},"author":2,"featured_media":0,"parent":1124,"menu_order":0,"comment_status":"closed","ping_status":"closed","template":"","meta":{"footnotes":""},"class_list":["post-1127","page","type-page","status-publish"],"_links":{"self":[{"href":"https:\/\/hcismm.cz\/index.php\/wp-json\/wp\/v2\/pages\/1127","targetHints":{"allow":["GET"]}}],"collection":[{"href":"https:\/\/hcismm.cz\/index.php\/wp-json\/wp\/v2\/pages"}],"about":[{"href":"https:\/\/hcismm.cz\/index.php\/wp-json\/wp\/v2\/types\/page"}],"author":[{"embeddable":true,"href":"https:\/\/hcismm.cz\/index.php\/wp-json\/wp\/v2\/users\/2"}],"replies":[{"embeddable":true,"href":"https:\/\/hcismm.cz\/index.php\/wp-json\/wp\/v2\/comments?post=1127"}],"version-history":[{"count":0,"href":"https:\/\/hcismm.cz\/index.php\/wp-json\/wp\/v2\/pages\/1127\/revisions"}],"up":[{"embeddable":true,"href":"https:\/\/hcismm.cz\/index.php\/wp-json\/wp\/v2\/pages\/1124"}],"wp:attachment":[{"href":"https:\/\/hcismm.cz\/index.php\/wp-json\/wp\/v2\/media?parent=1127"}],"curies":[{"name":"wp","href":"https:\/\/api.w.org\/{rel}","templated":true}]}}