{"id":113,"date":"2026-04-14T22:01:06","date_gmt":"2026-04-14T22:01:06","guid":{"rendered":"https:\/\/hcismm.cz\/index.php\/2022-2\/09-2\/12-2\/dominik-ficek-je-tady-super-parta-a-doufam-ze-nam-to-vydrzi-celou-sezonu\/"},"modified":"2026-04-14T22:01:06","modified_gmt":"2026-04-14T22:01:06","slug":"dominik-ficek-je-tady-super-parta-a-doufam-ze-nam-to-vydrzi-celou-sezonu","status":"publish","type":"page","link":"https:\/\/hcismm.cz\/index.php\/2022-2\/09-2\/12-2\/dominik-ficek-je-tady-super-parta-a-doufam-ze-nam-to-vydrzi-celou-sezonu\/","title":{"rendered":"Dominik F\u00ed\u010dek: Nov\u00e1 posila HC Tatra Kop\u0159ivnice o hokejov\u00fdch snech a kop\u0159ivnick\u00e9m anga\u017em\u00e1"},"content":{"rendered":"<p>HC Tatra Kop\u0159ivnice se v leto\u0161n\u00ed sez\u00f3n\u011b pos\u00edlila o talentovan\u00e9ho hokejistu Dominika F\u00ed\u010dka. Mlad\u00fd \u00fato\u010dn\u00edk p\u0159ich\u00e1z\u00ed do t\u00fdmu s velk\u00fdm nasazen\u00edm a odhodl\u00e1n\u00edm. V tomto rozhovoru se dozv\u00edte, co ho motivuje, jak vn\u00edm\u00e1 kop\u0159ivnick\u00e9 prost\u0159ed\u00ed a jak\u00e9 m\u00e1 c\u00edle s HC Tatra Kop\u0159ivnice.<\/p>\n<h2>P\u0159\u00edchod do Kop\u0159ivnice: Pro\u010d pr\u00e1v\u011b HC Tatra?<\/h2>\n<p>Dominiku, v\u00edtej v Kop\u0159ivnici! Co t\u011b p\u0159ivedlo k rozhodnut\u00ed hr\u00e1t pr\u00e1v\u011b za HC Tatra?<\/p>\n<p>\u201eD\u011bkuji za pozv\u00e1n\u00ed! Kop\u0159ivnice m\u00e1 dlouhou hokejovou tradici a sly\u0161el jsem o skv\u011bl\u00fdch fanou\u0161c\u00edch. To pro m\u011b bylo hodn\u011b l\u00e1kav\u00e9. Tak\u00e9 se mi l\u00edbilo, jak t\u00fdm buduje t\u00fdm a jak\u00e9 m\u00e1 ambice. V\u011b\u0159\u00edm, \u017ee se tady mohu posunout d\u00e1l a nau\u010dit se spoustu nov\u00fdch v\u011bc\u00ed. Nav\u00edc, atmosf\u00e9ra v kabin\u011b je skv\u011bl\u00e1, co\u017e je pro m\u011b jako hr\u00e1\u010de velmi d\u016fle\u017eit\u00e9.\u201c<\/p>\n<h2>Hokejov\u00e9 za\u010d\u00e1tky a kari\u00e9rn\u00ed cesta<\/h2>\n<p>Mohl bys n\u00e1m \u0159\u00edct n\u011bco o sv\u00fdch hokejov\u00fdch za\u010d\u00e1tc\u00edch? Kde jsi s hokejem za\u010d\u00ednal a jak se vyv\u00edjela tv\u00e1 kari\u00e9ra?<\/p>\n<p>\u201eS hokejem jsem za\u010d\u00ednal v rodn\u00e9m m\u011bst\u011b, v ml\u00e1de\u017enick\u00fdch kategori\u00edch. Hokej m\u011b bavil od mali\u010dka a rychle jsem se do n\u011bj zamiloval. Postupn\u011b jsem se propracov\u00e1val do vy\u0161\u0161\u00edch sout\u011b\u017e\u00ed a hr\u00e1l za n\u011bkolik t\u00fdm\u016f. Z\u00edskal jsem cenn\u00e9 zku\u0161enosti a sna\u017eil se neust\u00e1le zlep\u0161ovat. Ka\u017ed\u00fd t\u00fdm mi dal n\u011bco do \u017eivota a za to jsem vd\u011b\u010dn\u00fd.\u201c<\/p>\n<h2>Role v t\u00fdmu a osobn\u00ed c\u00edle<\/h2>\n<p>Jakou roli o\u010dek\u00e1v\u00e1\u0161 v t\u00fdmu HC Tatra Kop\u0159ivnice a jak\u00e9 jsou tv\u00e9 osobn\u00ed c\u00edle?<\/p>\n<p>\u201eChci b\u00fdt t\u00fdmov\u00fdm hr\u00e1\u010dem a pom\u00e1hat t\u00fdmu dosahovat \u00fasp\u011bch\u016f. Chci p\u0159in\u00e1\u0161et energii na led\u011b, b\u00fdt platn\u00fd v \u00fatoku i v obran\u011b a sna\u017eit se co nejv\u00edce p\u0159isp\u011bt k v\u00edt\u011bzstv\u00edm. Osobn\u00ed c\u00edle? Chci se neust\u00e1le zlep\u0161ovat, pracovat na sv\u00fdch slabin\u00e1ch a st\u00e1t se platn\u00fdm hr\u00e1\u010dem pro t\u00fdm. A samoz\u0159ejm\u011b, s t\u00fdmem bychom cht\u011bli postoupit co nejv\u00fd\u0161e v sout\u011b\u017ei.\u201c<\/p>\n<h3>Co znamen\u00e1 pro tebe t\u00fdmov\u00fd duch?<\/h3>\n<p>\u201ePro m\u011b je t\u00fdmov\u00fd duch naprosto kl\u00ed\u010dov\u00fd. Bez dobr\u00e9 atmosf\u00e9ry a vz\u00e1jemn\u00e9 podpory se ned\u00e1 dos\u00e1hnout \u00fasp\u011bchu. Je d\u016fle\u017eit\u00e9, abychom se navz\u00e1jem dopl\u0148ovali, motivovali a t\u00e1hli za jeden provaz. Jen tak m\u016f\u017eeme p\u0159ekonat p\u0159ek\u00e1\u017eky a dos\u00e1hnout spole\u010dn\u00fdch c\u00edl\u016f.\u201c<\/p>\n<h2>Kop\u0159ivnice a fanou\u0161ci: Prvn\u00ed dojmy<\/h2>\n<p>Jak\u00e9 jsou tv\u00e9 prvn\u00ed dojmy z Kop\u0159ivnice a jej\u00edch fanou\u0161k\u016f?<\/p>\n<p>\u201eKop\u0159ivnice je p\u0159\u00edjemn\u00e9 m\u011bsto s p\u0159\u00e1telsk\u00fdmi lidmi. Fanou\u0161ci jsou skv\u011bl\u00ed, sly\u0161el jsem o jejich nad\u0161en\u00ed a t\u011b\u0161\u00edm se na atmosf\u00e9ru v hale. Vn\u00edm\u00e1m velkou podporu a to mi d\u00e1v\u00e1 obrovskou motivaci. Chci se jim odvd\u011b\u010dit dobr\u00fdmi v\u00fdkony na led\u011b.\u201c<\/p>\n<h2>Z\u00e1v\u011brem<\/h2>\n<p>Dominiku, d\u011bkujeme za rozhovor a p\u0159ejeme ti hodn\u011b \u0161t\u011bst\u00ed v HC Tatra Kop\u0159ivnice! M\u00e1\u0161 na z\u00e1v\u011br n\u011bjakou zpr\u00e1vu pro fanou\u0161ky?<\/p>\n<p>\u201eD\u011bkuji za rozhovor. Fanou\u0161k\u016fm bych cht\u011bl \u0159\u00edct, \u017ee se moc t\u011b\u0161\u00edm na spole\u010dn\u00e9 chv\u00edle v hale a \u017ee se pokus\u00edm ze sebe d\u00e1t do ka\u017ed\u00e9ho z\u00e1pasu maximum. T\u011b\u0161\u00edm se na va\u0161i podporu!\u201c<\/p>\n<p>Dr\u017e\u00edme palce a v\u011b\u0159\u00edme, \u017ee se Dominik F\u00ed\u010dek brzy stane obl\u00edbencem kop\u0159ivnick\u00fdch fanou\u0161k\u016f!<\/p>\n","protected":false},"excerpt":{"rendered":"<p>HC Tatra Kop\u0159ivnice se v leto\u0161n\u00ed sez\u00f3n\u011b pos\u00edlila o talentovan\u00e9ho hokejistu Dominika F\u00ed\u010dka. Mlad\u00fd \u00fato\u010dn\u00edk p\u0159ich\u00e1z\u00ed do t\u00fdmu s velk\u00fdm nasazen\u00edm a odhodl\u00e1n\u00edm. V tomto rozhovoru se dozv\u00edte, co ho motivuje, jak vn\u00edm\u00e1 kop\u0159ivnick\u00e9 prost\u0159ed\u00ed a jak\u00e9 m\u00e1 c\u00edle s HC Tatra Kop\u0159ivnice. P\u0159\u00edchod do Kop\u0159ivnice: Pro\u010d pr\u00e1v\u011b HC Tatra? Dominiku, v\u00edtej v Kop\u0159ivnici! Co &#8230; <a title=\"Dominik F\u00ed\u010dek: Nov\u00e1 posila HC Tatra Kop\u0159ivnice o hokejov\u00fdch snech a kop\u0159ivnick\u00e9m anga\u017em\u00e1\" class=\"read-more\" href=\"https:\/\/hcismm.cz\/index.php\/2022-2\/09-2\/12-2\/dominik-ficek-je-tady-super-parta-a-doufam-ze-nam-to-vydrzi-celou-sezonu\/\" aria-label=\"Read more about Dominik F\u00ed\u010dek: Nov\u00e1 posila HC Tatra Kop\u0159ivnice o hokejov\u00fdch snech a kop\u0159ivnick\u00e9m anga\u017em\u00e1\">Read more<\/a><\/p>\n","protected":false},"author":2,"featured_media":0,"parent":110,"menu_order":0,"comment_status":"closed","ping_status":"closed","template":"","meta":{"footnotes":""},"class_list":["post-113","page","type-page","status-publish"],"_links":{"self":[{"href":"https:\/\/hcismm.cz\/index.php\/wp-json\/wp\/v2\/pages\/113","targetHints":{"allow":["GET"]}}],"collection":[{"href":"https:\/\/hcismm.cz\/index.php\/wp-json\/wp\/v2\/pages"}],"about":[{"href":"https:\/\/hcismm.cz\/index.php\/wp-json\/wp\/v2\/types\/page"}],"author":[{"embeddable":true,"href":"https:\/\/hcismm.cz\/index.php\/wp-json\/wp\/v2\/users\/2"}],"replies":[{"embeddable":true,"href":"https:\/\/hcismm.cz\/index.php\/wp-json\/wp\/v2\/comments?post=113"}],"version-history":[{"count":0,"href":"https:\/\/hcismm.cz\/index.php\/wp-json\/wp\/v2\/pages\/113\/revisions"}],"up":[{"embeddable":true,"href":"https:\/\/hcismm.cz\/index.php\/wp-json\/wp\/v2\/pages\/110"}],"wp:attachment":[{"href":"https:\/\/hcismm.cz\/index.php\/wp-json\/wp\/v2\/media?parent=113"}],"curies":[{"name":"wp","href":"https:\/\/api.w.org\/{rel}","templated":true}]}}