{"id":1148,"date":"2026-05-13T22:01:27","date_gmt":"2026-05-13T22:01:27","guid":{"rendered":"https:\/\/hcismm.cz\/index.php\/2023-19\/10-2\/18-2\/8-kolo-az-havirov-hc-ismm-koprivnice-94-30-33-31\/"},"modified":"2026-05-13T22:01:27","modified_gmt":"2026-05-13T22:01:27","slug":"8-kolo-az-havirov-hc-ismm-koprivnice-94-30-33-31","status":"publish","type":"page","link":"https:\/\/hcismm.cz\/index.php\/2023-19\/10-2\/18-2\/8-kolo-az-havirov-hc-ismm-koprivnice-94-30-33-31\/","title":{"rendered":"Hav\u00ed\u0159ov &#8211; Kop\u0159ivnice: Dramatick\u00fd duel, kter\u00fd nab\u00eddl ledn\u00ed bitvu!"},"content":{"rendered":"<p>Sobotn\u00ed z\u00e1pas 8. kola sout\u011b\u017ee mezi HC Hav\u00ed\u0159ov a HC ISMM Kop\u0159ivnice nab\u00eddl fanou\u0161k\u016fm strhuj\u00edc\u00ed pod\u00edvanou plnou emoc\u00ed, rychl\u00fdch proti\u00fatok\u016f a tvrd\u00fdch souboj\u016f. Kop\u0159ivni\u010dt\u00ed hokejist\u00e9 sice nakonec podlehli, ale p\u0159edvedli v\u00fdkon, na kter\u00fd budou s hrdost\u00ed vzpom\u00ednat.<\/p>\n<h2>Prvn\u00ed t\u0159etina: Ostr\u00fd start a brzk\u00e1 branka Hav\u00ed\u0159ova<\/h2>\n<p>Z\u00e1pas za\u010dal od prvn\u00edch vte\u0159in ve vysok\u00e9m tempu. Dom\u00e1c\u00ed t\u00fdm HC Hav\u00ed\u0159ov se sna\u017eil hned od \u00favodu prosadit a jejich snaha se brzy vyplatila. Ji\u017e ve t\u0159et\u00ed minut\u011b se prosadil kapit\u00e1n soupe\u0159e a poslal Hav\u00ed\u0159ov do veden\u00ed. Kop\u0159ivnice se sice sna\u017eila odpov\u011bd\u011bt, ale obrana Hav\u00ed\u0159ova byla dob\u0159e zorganizovan\u00e1 a brank\u00e1\u0159 v brance dr\u017eel \u010dist\u00e9 konto.<\/p>\n<h2>Druh\u00e1 t\u0159etina: Kop\u0159ivnice bojuje, Hav\u00ed\u0159ov zvy\u0161uje n\u00e1skok<\/h2>\n<p>Druh\u00e1 t\u0159etina p\u0159inesla vyrovnan\u011bj\u0161\u00ed hru. Hokejist\u00e9 Kop\u0159ivnice se sna\u017eili vyrovnat, ale \u00fatoky nar\u00e1\u017eely na dob\u0159e postavenou obranu Hav\u00ed\u0159ova. Naopak, Hav\u00ed\u0159ov vyu\u017eil p\u0159esilovou hru a zv\u00fd\u0161il sv\u00e9 veden\u00ed na 2:0. I p\u0159es nep\u0159\u00edzniv\u00fd v\u00fdsledek se hr\u00e1\u010di Kop\u0159ivnice nevzd\u00e1vali a bojovali o ka\u017edou \u0161anci.<\/p>\n<h2>T\u0159et\u00ed t\u0159etina: Dramatick\u00fd z\u00e1v\u011br a boj o \u010dest<\/h2>\n<p>T\u0159et\u00ed t\u0159etina byla pln\u00e1 emoc\u00ed. Kop\u0159ivnice se sna\u017eila sn\u00ed\u017eit sk\u00f3re a v 52. minut\u011b se jim to poda\u0159ilo. <strong class=\"emphasis\">\u00dato\u010dn\u00edk Jan Nov\u00e1k se elegantn\u011b prosm\u00fdkl obranou a poslal puk do s\u00edt\u011b.<\/strong> Z\u00e1pas tak nab\u00eddl dramatick\u00fd z\u00e1v\u011br. Hav\u00ed\u0159ov v\u0161ak odpov\u011bd\u011bl rychl\u00fdm proti\u00fatokem a nav\u00fd\u0161il sv\u00e9 veden\u00ed na 3:1. V posledn\u00edch minut\u00e1ch se Kop\u0159ivnice sna\u017eila je\u0161t\u011b zdramatizovat d\u011bn\u00ed, ale brank\u00e1\u0159 Hav\u00ed\u0159ova byl nep\u0159ekonateln\u00fd.<\/p>\n<h3>Kl\u00ed\u010dov\u00e9 momenty z\u00e1pasu<\/h3>\n<ul>\n<li>Brzk\u00e1 branka Hav\u00ed\u0159ova, kter\u00e1 udala t\u00f3n cel\u00e9mu z\u00e1pasu<\/li>\n<li>Vyu\u017eit\u00ed p\u0159esilov\u00e9 hry Hav\u00ed\u0159ovem ve druh\u00e9 t\u0159etin\u011b<\/li>\n<li>Sn\u00ed\u017een\u00ed sk\u00f3re Kop\u0159ivnice v t\u0159et\u00ed t\u0159etin\u011b, kter\u00e9 vneslo do hry novou energii<\/li>\n<\/ul>\n<p>Z\u00e1pas mezi HC Hav\u00ed\u0159ov a HC ISMM Kop\u0159ivnice byl kvalitn\u00edm hokejov\u00fdm p\u0159edstaven\u00edm. I p\u0159es prohru p\u0159edvedli kop\u0159ivni\u010dt\u00ed hokejist\u00e9 bojovn\u00fd v\u00fdkon a uk\u00e1zali, \u017ee pat\u0159\u00ed do \u0161pi\u010dky sout\u011b\u017ee. **Fanou\u0161ci jist\u011b ocen\u00ed jejich nasazen\u00ed a snahu a\u017e do posledn\u00edho zazvon\u011bn\u00ed sir\u00e9ny.**  Nyn\u00ed se t\u00fdm p\u0159ipravuje na dal\u0161\u00ed z\u00e1pas, ve kter\u00e9m se pokus\u00ed nav\u00e1zat na dobr\u00e9 v\u00fdkony.<\/p>\n<p>Sledujte n\u00e1\u0161 web hcismm.cz pro dal\u0161\u00ed informace o HC Tatra Kop\u0159ivnice a aktu\u00e1ln\u00ed d\u011bn\u00ed v t\u00fdmu!<\/p>\n","protected":false},"excerpt":{"rendered":"<p>Sobotn\u00ed z\u00e1pas 8. kola sout\u011b\u017ee mezi HC Hav\u00ed\u0159ov a HC ISMM Kop\u0159ivnice nab\u00eddl fanou\u0161k\u016fm strhuj\u00edc\u00ed pod\u00edvanou plnou emoc\u00ed, rychl\u00fdch proti\u00fatok\u016f a tvrd\u00fdch souboj\u016f. Kop\u0159ivni\u010dt\u00ed hokejist\u00e9 sice nakonec podlehli, ale p\u0159edvedli v\u00fdkon, na kter\u00fd budou s hrdost\u00ed vzpom\u00ednat. Prvn\u00ed t\u0159etina: Ostr\u00fd start a brzk\u00e1 branka Hav\u00ed\u0159ova Z\u00e1pas za\u010dal od prvn\u00edch vte\u0159in ve vysok\u00e9m tempu. Dom\u00e1c\u00ed t\u00fdm &#8230; <a title=\"Hav\u00ed\u0159ov &#8211; Kop\u0159ivnice: Dramatick\u00fd duel, kter\u00fd nab\u00eddl ledn\u00ed bitvu!\" class=\"read-more\" href=\"https:\/\/hcismm.cz\/index.php\/2023-19\/10-2\/18-2\/8-kolo-az-havirov-hc-ismm-koprivnice-94-30-33-31\/\" aria-label=\"Read more about Hav\u00ed\u0159ov &#8211; Kop\u0159ivnice: Dramatick\u00fd duel, kter\u00fd nab\u00eddl ledn\u00ed bitvu!\">Read more<\/a><\/p>\n","protected":false},"author":2,"featured_media":0,"parent":1145,"menu_order":0,"comment_status":"closed","ping_status":"closed","template":"","meta":{"footnotes":""},"class_list":["post-1148","page","type-page","status-publish"],"_links":{"self":[{"href":"https:\/\/hcismm.cz\/index.php\/wp-json\/wp\/v2\/pages\/1148","targetHints":{"allow":["GET"]}}],"collection":[{"href":"https:\/\/hcismm.cz\/index.php\/wp-json\/wp\/v2\/pages"}],"about":[{"href":"https:\/\/hcismm.cz\/index.php\/wp-json\/wp\/v2\/types\/page"}],"author":[{"embeddable":true,"href":"https:\/\/hcismm.cz\/index.php\/wp-json\/wp\/v2\/users\/2"}],"replies":[{"embeddable":true,"href":"https:\/\/hcismm.cz\/index.php\/wp-json\/wp\/v2\/comments?post=1148"}],"version-history":[{"count":0,"href":"https:\/\/hcismm.cz\/index.php\/wp-json\/wp\/v2\/pages\/1148\/revisions"}],"up":[{"embeddable":true,"href":"https:\/\/hcismm.cz\/index.php\/wp-json\/wp\/v2\/pages\/1145"}],"wp:attachment":[{"href":"https:\/\/hcismm.cz\/index.php\/wp-json\/wp\/v2\/media?parent=1148"}],"curies":[{"name":"wp","href":"https:\/\/api.w.org\/{rel}","templated":true}]}}