{"id":1169,"date":"2026-05-13T22:11:25","date_gmt":"2026-05-13T22:11:25","guid":{"rendered":"https:\/\/hcismm.cz\/index.php\/2018-41\/10-2\/31-2\/"},"modified":"2026-05-13T22:11:25","modified_gmt":"2026-05-13T22:11:25","slug":"31-2","status":"publish","type":"page","link":"https:\/\/hcismm.cz\/index.php\/2018-41\/10-2\/31-2\/","title":{"rendered":"Bitva v Kop\u0159ivnici: Jak se HC Tatra postavila Pust\u011bjovu v pam\u00e1tn\u00e9m utk\u00e1n\u00ed z roku 2018"},"content":{"rendered":"<p>Vzpom\u00edn\u00e1te na dramatick\u00fd hokejov\u00fd ve\u010der v Kop\u0159ivnici? Dne 31. \u0159\u00edjna 2018 se v m\u00edstn\u00ed hale st\u0159etly t\u00fdmy HC Tatra Kop\u0159ivnice a HC ISMM Pust\u011bjov. Z\u00e1pas nab\u00eddl nap\u00ednavou pod\u00edvanou plnou emoc\u00ed a tvrd\u00e9 hry. Poj\u010fme se spole\u010dn\u011b vr\u00e1tit zp\u011bt v \u010dase a p\u0159ipomenout si kl\u00ed\u010dov\u00e9 momenty tohoto utk\u00e1n\u00ed.<\/p>\n<h2>Prvn\u00ed t\u0159etina: Opatrn\u00fd za\u010d\u00e1tek a brzk\u00e1 obran\u00e1\u0159sk\u00e1 dominance<\/h2>\n<p>Prvn\u00ed t\u0159etina byla z obou stran opatrn\u00e1. Ob\u011b mu\u017estva se soust\u0159edila p\u0159edev\u0161\u00edm na defenzivu a sna\u017eila se minimalizovat riziko inkasov\u00e1n\u00ed branky. Hr\u00e1\u010di HC Tatra Kop\u0159ivnice se sna\u017eili dr\u017eet puk ve st\u0159edn\u00ed z\u00f3n\u011b a vytv\u00e1\u0159et tlak na br\u00e1nu soupe\u0159e, ale obrana Pust\u011bjova byla dob\u0159e organizovan\u00e1 a nedovolila jim vytvo\u0159it si v\u00fdrazn\u011bj\u0161\u00ed g\u00f3lov\u00e9 \u0161ance.  Prvn\u00ed t\u0159etina skon\u010dila bezbrankov\u00fdm stavem.<\/p>\n<h2>Druh\u00e1 t\u0159etina: Rozhoduj\u00edc\u00ed momenty a \u00fatok Kop\u0159ivnice<\/h2>\n<p>Druh\u00e1 t\u0159etina p\u0159inesla v\u00edce dynamiky a g\u00f3lov\u00fdch p\u0159\u00edle\u017eitost\u00ed.  Hr\u00e1\u010di HC Tatra Kop\u0159ivnice se dok\u00e1zali prosadit a vst\u0159elit prvn\u00ed branku z\u00e1pasu.  <strong style=\"font-weight: bold;\">Kl\u00ed\u010dovou roli v tomto momentu sehr\u00e1l [jm\u00e9no hr\u00e1\u010de, pokud je dostupn\u00e9], kter\u00fd se elegantn\u011b uvolnil a p\u0159esn\u00fdm zakon\u010den\u00edm poslal puk do s\u00edt\u011b.<\/strong>  Pust\u011bjov se vz\u00e1p\u011bt\u00ed sna\u017eil odpov\u011bd\u011bt, ale g\u00f3lman HC Tatra p\u0159edvedl n\u011bkolik skv\u011bl\u00fdch z\u00e1krok\u016f a udr\u017eel veden\u00ed sv\u00e9ho t\u00fdmu.  P\u0159ed koncem druh\u00e9 t\u0159etiny se Pust\u011bjovu poda\u0159ilo vyrovnat stav na 1:1.<\/p>\n<h2>T\u0159et\u00ed t\u0159etina: Drama a\u017e do posledn\u00ed sekundy a v\u00edt\u011bzstv\u00ed Tatry<\/h2>\n<p>T\u0159et\u00ed t\u0159etina byla pln\u00e1 nap\u011bt\u00ed a dramatick\u00fdch zvrat\u016f. Ob\u011b mu\u017estva bojovala o ka\u017ed\u00fd centimetr ledu a sna\u017eila se z\u00edskat p\u0159evahu. Hr\u00e1\u010di HC Tatra Kop\u0159ivnice byli motivovan\u00ed dom\u00e1c\u00ed podporou a dok\u00e1zali vst\u0159elit dal\u0161\u00ed branku, \u010d\u00edm\u017e se op\u011bt ujali veden\u00ed. Pust\u011bjov se nevzd\u00e1val a neust\u00e1le tla\u010dil dop\u0159edu, ale obrana Tatry dr\u017eela. <strong style=\"font-weight: bold;\">Zhruba p\u011bt minut p\u0159ed koncem se Pust\u011bjovu poda\u0159ilo sn\u00ed\u017eit na 2:3 a z\u00e1pas byl op\u011bt nap\u00ednav\u00fd.<\/strong> V posledn\u00edch sekund\u00e1ch se host\u00e9 pokusili o vyrovn\u00e1n\u00ed, ale g\u00f3lman HC Tatra byl nep\u0159ekonateln\u00fd. Z\u00e1pas skon\u010dil v\u00edt\u011bzstv\u00edm HC Tatra Kop\u0159ivnice 3:2.<\/p>\n<h2>Shrnut\u00ed z\u00e1pasu<\/h2>\n<p>Z\u00e1pas mezi HC Tatra Kop\u0159ivnice a HC ISMM Pust\u011bjov odehran\u00fd 31. \u0159\u00edjna 2018 byl strhuj\u00edc\u00ed hokejovou bitvou, kter\u00e1 p\u0159inesla div\u00e1k\u016fm spoustu emoc\u00ed. Dom\u00e1c\u00ed t\u00fdm HC Tatra Kop\u0159ivnice p\u0159edvedl bojovn\u00fd v\u00fdkon a zaslou\u017een\u011b zv\u00edt\u011bzil. Tento z\u00e1pas se stal d\u016fle\u017eit\u00fdm miln\u00edkem v sez\u00f3n\u011b a potvrdil s\u00edlu a ambice t\u00fdmu HC Tatra Kop\u0159ivnice.  <strong style=\"font-weight: bold;\">Vzpom\u00edn\u00e1te si i vy na tento z\u00e1pas? Pod\u011blte se o sv\u00e9 z\u00e1\u017eitky v koment\u00e1\u0159\u00edch!<\/strong><\/p>\n<p>Sledujte n\u00e1\u0161 web hcismm.cz pro dal\u0161\u00ed \u010dl\u00e1nky, novinky a rozhovory s hr\u00e1\u010di HC Tatra Kop\u0159ivnice.<\/p>\n","protected":false},"excerpt":{"rendered":"<p>Vzpom\u00edn\u00e1te na dramatick\u00fd hokejov\u00fd ve\u010der v Kop\u0159ivnici? Dne 31. \u0159\u00edjna 2018 se v m\u00edstn\u00ed hale st\u0159etly t\u00fdmy HC Tatra Kop\u0159ivnice a HC ISMM Pust\u011bjov. Z\u00e1pas nab\u00eddl nap\u00ednavou pod\u00edvanou plnou emoc\u00ed a tvrd\u00e9 hry. Poj\u010fme se spole\u010dn\u011b vr\u00e1tit zp\u011bt v \u010dase a p\u0159ipomenout si kl\u00ed\u010dov\u00e9 momenty tohoto utk\u00e1n\u00ed. Prvn\u00ed t\u0159etina: Opatrn\u00fd za\u010d\u00e1tek a brzk\u00e1 obran\u00e1\u0159sk\u00e1 dominance &#8230; <a title=\"Bitva v Kop\u0159ivnici: Jak se HC Tatra postavila Pust\u011bjovu v pam\u00e1tn\u00e9m utk\u00e1n\u00ed z roku 2018\" class=\"read-more\" href=\"https:\/\/hcismm.cz\/index.php\/2018-41\/10-2\/31-2\/\" aria-label=\"Read more about Bitva v Kop\u0159ivnici: Jak se HC Tatra postavila Pust\u011bjovu v pam\u00e1tn\u00e9m utk\u00e1n\u00ed z roku 2018\">Read more<\/a><\/p>\n","protected":false},"author":2,"featured_media":0,"parent":1166,"menu_order":0,"comment_status":"closed","ping_status":"closed","template":"","meta":{"footnotes":""},"class_list":["post-1169","page","type-page","status-publish"],"_links":{"self":[{"href":"https:\/\/hcismm.cz\/index.php\/wp-json\/wp\/v2\/pages\/1169","targetHints":{"allow":["GET"]}}],"collection":[{"href":"https:\/\/hcismm.cz\/index.php\/wp-json\/wp\/v2\/pages"}],"about":[{"href":"https:\/\/hcismm.cz\/index.php\/wp-json\/wp\/v2\/types\/page"}],"author":[{"embeddable":true,"href":"https:\/\/hcismm.cz\/index.php\/wp-json\/wp\/v2\/users\/2"}],"replies":[{"embeddable":true,"href":"https:\/\/hcismm.cz\/index.php\/wp-json\/wp\/v2\/comments?post=1169"}],"version-history":[{"count":0,"href":"https:\/\/hcismm.cz\/index.php\/wp-json\/wp\/v2\/pages\/1169\/revisions"}],"up":[{"embeddable":true,"href":"https:\/\/hcismm.cz\/index.php\/wp-json\/wp\/v2\/pages\/1166"}],"wp:attachment":[{"href":"https:\/\/hcismm.cz\/index.php\/wp-json\/wp\/v2\/media?parent=1169"}],"curies":[{"name":"wp","href":"https:\/\/api.w.org\/{rel}","templated":true}]}}