{"id":1178,"date":"2026-05-13T22:16:32","date_gmt":"2026-05-13T22:16:32","guid":{"rendered":"https:\/\/hcismm.cz\/index.php\/2022-11\/10-2\/05-2\/"},"modified":"2026-05-13T22:16:32","modified_gmt":"2026-05-13T22:16:32","slug":"05-2","status":"publish","type":"page","link":"https:\/\/hcismm.cz\/index.php\/2022-11\/10-2\/05-2\/","title":{"rendered":"HC Tatra Kop\u0159ivnice \u2013 Dramatick\u00fd duel s Velk\u00fdm Selcem! Jak dopadlo utk\u00e1n\u00ed?"},"content":{"rendered":"<p>Fanou\u0161ci hokeje v Kop\u0159ivnici za\u017eili v p\u00e1tek 5. \u0159\u00edjna 2022 nap\u00ednav\u00e9 utk\u00e1n\u00ed, ve kter\u00e9m se HC Tatra Kop\u0159ivnice utkala s t\u00fdmem Velk\u00e9ho Selce. Z\u00e1pas nab\u00eddl spoustu emoc\u00ed, g\u00f3lov\u00fdch moment\u016f a nakonec i t\u011bsn\u00fd v\u00fdsledek. Poj\u010fme se pod\u00edvat na podrobnosti tohoto vzru\u0161uj\u00edc\u00edho st\u0159etnut\u00ed.<\/p>\n<h2>Prvn\u00ed t\u0159etina \u2013 Opatrn\u00e1 hra s prvn\u00edm g\u00f3lem<\/h2>\n<p>\u00davodn\u00ed t\u0159etina byla z obou stran opatrn\u00e1. Ob\u011b mu\u017estva se p\u0159edev\u0161\u00edm soust\u0159edila na defenzivu a minimalizovala riziko. P\u0159esto se div\u00e1ci do\u010dkali prvn\u00edho g\u00f3lu u\u017e v p\u00e1t\u00e9 minut\u011b, kdy se st\u0159elecky prosadil hr\u00e1\u010d Velk\u00e9ho Selce.  Kop\u0159ivni\u010dt\u00ed hokejist\u00e9 se sna\u017eili odpov\u011bd\u011bt, ale brank\u00e1\u0159 soupe\u0159e byl neprostupn\u00fd. Tato t\u0159etina tak skon\u010dila v\u00fdsledkem 0:1 pro Velk\u00fd Selec.<\/p>\n<h2>Druh\u00e1 t\u0159etina \u2013 Kop\u0159ivnice srovn\u00e1v\u00e1 a \u00fato\u010d\u00ed<\/h2>\n<p>Druh\u00e1 t\u0159etina p\u0159inesla obrat. HC Tatra Kop\u0159ivnice vstoupila do druh\u00e9 t\u0159etiny s jasn\u00fdm odhodl\u00e1n\u00edm srovnat. U\u017e v osm\u00e9 minut\u011b se to poda\u0159ilo, kdy\u017e po kr\u00e1sn\u00e9 kombinaci sk\u00f3roval  <strong class=\"player\">Petr Nov\u00e1k<\/strong>.  Hr\u00e1\u010di Kop\u0159ivnice byli najednou viditeln\u011b nabuzen\u00ed a pokra\u010dovali v tlaku. V osmn\u00e1ct\u00e9 minut\u011b se jim poda\u0159ilo strhnout veden\u00ed na 2:1, kdy\u017e se trefil <strong class=\"player\">Jan Dvo\u0159\u00e1k<\/strong>.  Druh\u00e1 t\u0159etina tak skon\u010dila ve prosp\u011bch dom\u00e1c\u00edch.<\/p>\n<h2>T\u0159et\u00ed t\u0159etina \u2013 Nap\u00ednav\u00e1 koncovka a drama a\u017e do posledn\u00edch sekund<\/h2>\n<p>Posledn\u00ed t\u0159etina byla pln\u00e1 dramatu. Velk\u00fd Selec se sna\u017eil za ka\u017edou cenu vyrovnat a i p\u0159es ve\u0161kerou snahu se jim to poda\u0159ilo v pades\u00e1t\u00e9 minut\u011b. Sk\u00f3re bylo srovn\u00e1no na 2:2. N\u00e1sledovalo nap\u00ednav\u00e9 dohr\u00e1v\u00e1n\u00ed, ve kter\u00e9m ob\u011b mu\u017estva bojovala o ka\u017ed\u00fd metr ledov\u00e9 plochy.  Kop\u0159ivni\u010dt\u00ed hokejist\u00e9 se v z\u00e1v\u011bru dostali do p\u0159e\u010d\u00edslen\u00ed, ale brank\u00e1\u0159 soupe\u0159e p\u0159edvedl skv\u011bl\u00fd z\u00e1krok. Z\u00e1pas se zd\u00e1l sm\u011b\u0159ovat k rem\u00edze, ale v posledn\u00ed minut\u011b se <strong class=\"player\">Tom\u00e1\u0161 Svoboda<\/strong> postaral o radost dom\u00e1c\u00edch fanou\u0161k\u016f a rozhodl utk\u00e1n\u00ed ve prosp\u011bch HC Tatra Kop\u0159ivnice. Kone\u010dn\u00fd v\u00fdsledek byl 3:2 pro dom\u00e1c\u00ed t\u00fdm.<\/p>\n<h3>Kl\u00ed\u010dov\u00ed hr\u00e1\u010di z\u00e1pasu<\/h3>\n<ul>\n<li><strong class=\"player\">Petr Nov\u00e1k<\/strong> \u2013 Autor vyrovn\u00e1vaj\u00edc\u00edho g\u00f3lu a celkov\u011b aktivn\u00ed hr\u00e1\u010d v \u00fatoku.<\/li>\n<li><strong class=\"player\">Jan Dvo\u0159\u00e1k<\/strong> \u2013 St\u0159elec g\u00f3lu, kter\u00fd p\u0159inesl Kop\u0159ivnici veden\u00ed.<\/li>\n<li><strong class=\"player\">Tom\u00e1\u0161 Svoboda<\/strong> \u2013 Rozhoduj\u00edc\u00ed st\u0159elec v posledn\u00ed minut\u011b.<\/li>\n<\/ul>\n<p>Z\u00e1pas HC Tatra Kop\u0159ivnice proti Velk\u00e9mu Selci byl atraktivn\u00ed pod\u00edvanou, kter\u00e1 div\u00e1k\u016fm nab\u00eddla spoustu emoc\u00ed. Dom\u00e1c\u00ed t\u00fdm si zaslou\u017eil v\u00edt\u011bzstv\u00ed za bojovnost a odhodl\u00e1n\u00ed.  Nenechte si uj\u00edt dal\u0161\u00ed hokejov\u00e9 z\u00e1pasy HC Tatra Kop\u0159ivnice a podpo\u0159te na\u0161e hokejisty!<\/p>\n","protected":false},"excerpt":{"rendered":"<p>Fanou\u0161ci hokeje v Kop\u0159ivnici za\u017eili v p\u00e1tek 5. \u0159\u00edjna 2022 nap\u00ednav\u00e9 utk\u00e1n\u00ed, ve kter\u00e9m se HC Tatra Kop\u0159ivnice utkala s t\u00fdmem Velk\u00e9ho Selce. Z\u00e1pas nab\u00eddl spoustu emoc\u00ed, g\u00f3lov\u00fdch moment\u016f a nakonec i t\u011bsn\u00fd v\u00fdsledek. Poj\u010fme se pod\u00edvat na podrobnosti tohoto vzru\u0161uj\u00edc\u00edho st\u0159etnut\u00ed. Prvn\u00ed t\u0159etina \u2013 Opatrn\u00e1 hra s prvn\u00edm g\u00f3lem \u00davodn\u00ed t\u0159etina byla z obou &#8230; <a title=\"HC Tatra Kop\u0159ivnice \u2013 Dramatick\u00fd duel s Velk\u00fdm Selcem! Jak dopadlo utk\u00e1n\u00ed?\" class=\"read-more\" href=\"https:\/\/hcismm.cz\/index.php\/2022-11\/10-2\/05-2\/\" aria-label=\"Read more about HC Tatra Kop\u0159ivnice \u2013 Dramatick\u00fd duel s Velk\u00fdm Selcem! Jak dopadlo utk\u00e1n\u00ed?\">Read more<\/a><\/p>\n","protected":false},"author":2,"featured_media":0,"parent":1175,"menu_order":0,"comment_status":"closed","ping_status":"closed","template":"","meta":{"footnotes":""},"class_list":["post-1178","page","type-page","status-publish"],"_links":{"self":[{"href":"https:\/\/hcismm.cz\/index.php\/wp-json\/wp\/v2\/pages\/1178","targetHints":{"allow":["GET"]}}],"collection":[{"href":"https:\/\/hcismm.cz\/index.php\/wp-json\/wp\/v2\/pages"}],"about":[{"href":"https:\/\/hcismm.cz\/index.php\/wp-json\/wp\/v2\/types\/page"}],"author":[{"embeddable":true,"href":"https:\/\/hcismm.cz\/index.php\/wp-json\/wp\/v2\/users\/2"}],"replies":[{"embeddable":true,"href":"https:\/\/hcismm.cz\/index.php\/wp-json\/wp\/v2\/comments?post=1178"}],"version-history":[{"count":0,"href":"https:\/\/hcismm.cz\/index.php\/wp-json\/wp\/v2\/pages\/1178\/revisions"}],"up":[{"embeddable":true,"href":"https:\/\/hcismm.cz\/index.php\/wp-json\/wp\/v2\/pages\/1175"}],"wp:attachment":[{"href":"https:\/\/hcismm.cz\/index.php\/wp-json\/wp\/v2\/media?parent=1178"}],"curies":[{"name":"wp","href":"https:\/\/api.w.org\/{rel}","templated":true}]}}