{"id":1190,"date":"2026-05-14T22:01:40","date_gmt":"2026-05-14T22:01:40","guid":{"rendered":"https:\/\/hcismm.cz\/index.php\/2018-42\/11-2\/21-2\/19-kolo-hc-tatra-koprivnice-hk-dablove-novy-jicin-41-10-20-11\/"},"modified":"2026-05-14T22:01:40","modified_gmt":"2026-05-14T22:01:40","slug":"19-kolo-hc-tatra-koprivnice-hk-dablove-novy-jicin-41-10-20-11","status":"publish","type":"page","link":"https:\/\/hcismm.cz\/index.php\/2018-42\/11-2\/21-2\/19-kolo-hc-tatra-koprivnice-hk-dablove-novy-jicin-41-10-20-11\/","title":{"rendered":"Kop\u0159ivni\u010dt\u00ed hokejist\u00e9 smetli Nov\u00fd Ji\u010d\u00edn! Pod\u00edvejte se, jak se rodila v\u00fdhra 4:1"},"content":{"rendered":"<p>Hokejist\u00e9 HC Tatra Kop\u0159ivnice si v sobotu 10. listopadu 2018 p\u0159ipsali cenn\u00e9 v\u00edt\u011bzstv\u00ed v 19. kole sout\u011b\u017ee. Na dom\u00e1c\u00ed ledovce p\u0159iv\u00edtali t\u00fdm HK Dabl\u016f Nov\u00fd Ji\u010d\u00edn a po dominantn\u00edm v\u00fdkonu zv\u00edt\u011bzili pom\u011brem 4:1. Z\u00e1pas p\u0159il\u00e1kal pozorn\u00e9 publikum, kter\u00e9 povzbuzovalo kop\u0159ivnick\u00e9 hr\u00e1\u010de k boji.<\/p>\n<h2>Prvn\u00ed t\u0159etina: Kop\u0159ivnice ud\u00e1v\u00e1 tempo<\/h2>\n<p>U\u017e v \u00favodn\u00ed t\u0159etin\u011b bylo jasn\u00e9, \u017ee se Kop\u0159ivni\u010dt\u00ed cht\u011bj\u00ed prosadit. Hr\u00e1\u010di HC Tatra Kop\u0159ivnice se od za\u010d\u00e1tku dost\u00e1vali do \u0161anc\u00ed a brzy se do\u010dkali odm\u011bny. <strong style=\"font-weight: bold;\">Prvn\u00ed g\u00f3l z\u00e1pasu obstaral [jm\u00e9no hr\u00e1\u010de], kter\u00fd se prosadil v [\u010das g\u00f3lu]<\/strong>. Novoji\u010d\u00edn\u0161t\u00ed se sice sna\u017eili odpov\u011bd\u011bt, ale kop\u0159ivnick\u00e1 obrana byla neprostupn\u00e1. Prvn\u00ed t\u0159etina tak skon\u010dila v\u00fdsledkem 1:0 pro dom\u00e1c\u00ed.<\/p>\n<h2>Druh\u00e1 t\u0159etina: Hra se otev\u00edr\u00e1, Kop\u0159ivnice navy\u0161uje n\u00e1skok<\/h2>\n<p>Druh\u00e1 t\u0159etina p\u0159inesla v\u00edce vzru\u0161en\u00ed a otev\u0159en\u011bj\u0161\u00ed hru. Ob\u011b mu\u017estva si vytv\u00e1\u0159ela p\u0159\u00edle\u017eitosti, ale <strong style=\"font-weight: bold;\">brank\u00e1\u0159 HC Tatra Kop\u0159ivnice p\u0159edvedl n\u011bkolik skv\u011bl\u00fdch z\u00e1krok\u016f a udr\u017eel sv\u016fj t\u00fdm ve veden\u00ed<\/strong>. V polovin\u011b t\u0159etiny se <strong style=\"font-weight: bold;\">podruh\u00e9 prosadil [jm\u00e9no hr\u00e1\u010de], \u010d\u00edm\u017e nav\u00fd\u0161il kop\u0159ivnick\u00fd n\u00e1skok na 2:0<\/strong>. P\u0159ed koncem t\u0159etiny se je\u0161t\u011b <strong style=\"font-weight: bold;\">do listiny st\u0159elc\u016f zapsal [jm\u00e9no hr\u00e1\u010de] a zajistil dom\u00e1c\u00edm t\u00fdm\u016fm veden\u00ed 3:0<\/strong>. Novoji\u010d\u00edn\u0161t\u00ed se sice sna\u017eili sn\u00ed\u017eit, ale bez \u00fasp\u011bchu.<\/p>\n<h2>T\u0159et\u00ed t\u0159etina: Dabl\u016f se do\u010dkali g\u00f3lu, ale Kop\u0159ivnice si v\u00edt\u011bzstv\u00ed pohl\u00eddala<\/h2>\n<p>I p\u0159es t\u0159\u00edg\u00f3lov\u00e9 veden\u00ed Kop\u0159ivni\u010dt\u00ed nezpomalili a pokra\u010dovali v aktivn\u00ed h\u0159e. <strong style=\"font-weight: bold;\">V [\u010das g\u00f3lu] se sice Nov\u00fdm Ji\u010d\u00ednsk\u00fdm poda\u0159ilo sn\u00ed\u017eit na 3:1, ale radost host\u016f netrvala dlouho<\/strong>. <strong style=\"font-weight: bold;\">Kr\u00e1tce pot\u00e9 se op\u011bt prosadil [jm\u00e9no hr\u00e1\u010de] a pe\u010detil tak v\u00fdhru Kop\u0159ivnice na kone\u010dn\u00fdch 4:1<\/strong>. Z\u00e1pas byl dohr\u00e1n za bou\u0159liv\u00e9ho potlesku fanou\u0161k\u016f.<\/p>\n<h2>Shrnut\u00ed z\u00e1pasu<\/h2>\n<p>HC Tatra Kop\u0159ivnice p\u0159edvedla v z\u00e1pase s HK Dably Nov\u00fd Ji\u010d\u00edn skv\u011bl\u00fd v\u00fdkon a zaslou\u017een\u011b zv\u00edt\u011bzila 4:1. <strong style=\"font-weight: bold;\">Hr\u00e1\u010di bojovali s nasazen\u00edm, brank\u00e1\u0159 chytal skv\u011ble a \u00fatok byl efektivn\u00ed<\/strong>. Toto v\u00edt\u011bzstv\u00ed je d\u016fle\u017eit\u00e9 pro mor\u00e1lku t\u00fdmu a pro postaven\u00ed v tabulce. Fanou\u0161ci se mohou t\u011b\u0161it na dal\u0161\u00ed hokejov\u00e9 z\u00e1pasy v Kop\u0159ivnici!<\/p>\n<p>Sledujte web hcismm.cz pro dal\u0161\u00ed informace o HC Tatra Kop\u0159ivnice, rozpis z\u00e1pas\u016f a novinky z t\u00fdmu. <\/p>\n","protected":false},"excerpt":{"rendered":"<p>Hokejist\u00e9 HC Tatra Kop\u0159ivnice si v sobotu 10. listopadu 2018 p\u0159ipsali cenn\u00e9 v\u00edt\u011bzstv\u00ed v 19. kole sout\u011b\u017ee. Na dom\u00e1c\u00ed ledovce p\u0159iv\u00edtali t\u00fdm HK Dabl\u016f Nov\u00fd Ji\u010d\u00edn a po dominantn\u00edm v\u00fdkonu zv\u00edt\u011bzili pom\u011brem 4:1. Z\u00e1pas p\u0159il\u00e1kal pozorn\u00e9 publikum, kter\u00e9 povzbuzovalo kop\u0159ivnick\u00e9 hr\u00e1\u010de k boji. Prvn\u00ed t\u0159etina: Kop\u0159ivnice ud\u00e1v\u00e1 tempo U\u017e v \u00favodn\u00ed t\u0159etin\u011b bylo jasn\u00e9, \u017ee &#8230; <a title=\"Kop\u0159ivni\u010dt\u00ed hokejist\u00e9 smetli Nov\u00fd Ji\u010d\u00edn! Pod\u00edvejte se, jak se rodila v\u00fdhra 4:1\" class=\"read-more\" href=\"https:\/\/hcismm.cz\/index.php\/2018-42\/11-2\/21-2\/19-kolo-hc-tatra-koprivnice-hk-dablove-novy-jicin-41-10-20-11\/\" aria-label=\"Read more about Kop\u0159ivni\u010dt\u00ed hokejist\u00e9 smetli Nov\u00fd Ji\u010d\u00edn! Pod\u00edvejte se, jak se rodila v\u00fdhra 4:1\">Read more<\/a><\/p>\n","protected":false},"author":2,"featured_media":0,"parent":1187,"menu_order":0,"comment_status":"closed","ping_status":"closed","template":"","meta":{"footnotes":""},"class_list":["post-1190","page","type-page","status-publish"],"_links":{"self":[{"href":"https:\/\/hcismm.cz\/index.php\/wp-json\/wp\/v2\/pages\/1190","targetHints":{"allow":["GET"]}}],"collection":[{"href":"https:\/\/hcismm.cz\/index.php\/wp-json\/wp\/v2\/pages"}],"about":[{"href":"https:\/\/hcismm.cz\/index.php\/wp-json\/wp\/v2\/types\/page"}],"author":[{"embeddable":true,"href":"https:\/\/hcismm.cz\/index.php\/wp-json\/wp\/v2\/users\/2"}],"replies":[{"embeddable":true,"href":"https:\/\/hcismm.cz\/index.php\/wp-json\/wp\/v2\/comments?post=1190"}],"version-history":[{"count":0,"href":"https:\/\/hcismm.cz\/index.php\/wp-json\/wp\/v2\/pages\/1190\/revisions"}],"up":[{"embeddable":true,"href":"https:\/\/hcismm.cz\/index.php\/wp-json\/wp\/v2\/pages\/1187"}],"wp:attachment":[{"href":"https:\/\/hcismm.cz\/index.php\/wp-json\/wp\/v2\/media?parent=1190"}],"curies":[{"name":"wp","href":"https:\/\/api.w.org\/{rel}","templated":true}]}}