{"id":1226,"date":"2026-05-15T22:01:42","date_gmt":"2026-05-15T22:01:42","guid":{"rendered":"https:\/\/hcismm.cz\/index.php\/2024-10\/01-2\/18-2\/tyden-hokeje-v-koprivnici-jiz-tento-patek\/"},"modified":"2026-05-15T22:01:42","modified_gmt":"2026-05-15T22:01:42","slug":"tyden-hokeje-v-koprivnici-jiz-tento-patek","status":"publish","type":"page","link":"https:\/\/hcismm.cz\/index.php\/2024-10\/01-2\/18-2\/tyden-hokeje-v-koprivnici-jiz-tento-patek\/","title":{"rendered":"Kop\u0159ivnice se chyst\u00e1 na hokejov\u00fd n\u00e1por! T\u00fdden hokeje za\u010d\u00edn\u00e1 tento p\u00e1tek"},"content":{"rendered":"<p>Fanou\u0161ci ledn\u00edho hokeje, pozor! Kop\u0159ivnice se brzy prom\u011bn\u00ed v epicentrum hokejov\u00e9 v\u00e1\u0161n\u011b. HC Tatra Kop\u0159ivnice po\u0159\u00e1d\u00e1 ak\u010dn\u00ed <strong>T\u00fdden hokeje<\/strong>, kter\u00fd vyvrchol\u00ed velkolep\u00fdm programem tento p\u00e1tek. P\u0159ipravte se na adrenalinov\u00e9 z\u00e1pasy, setk\u00e1n\u00ed s hr\u00e1\u010di a spoustu z\u00e1bavy pro celou rodinu!<\/p>\n<h2>Co v\u00e1s v T\u00fddnu hokeje \u010dek\u00e1?<\/h2>\n<p>T\u00fdden hokeje nen\u00ed jen o z\u00e1pasech. HC Tatra Kop\u0159ivnice si pro v\u00e1s p\u0159ipravilo pestr\u00fd program, kter\u00fd zahrnuje:<\/p>\n<ul>\n<li><strong>Z\u00e1pasy ml\u00e1de\u017enick\u00fdch t\u00fdm\u016f:<\/strong> Sledujte nad\u011bjn\u00e9 hokejisty budoucnosti bojovat o v\u00edt\u011bzstv\u00ed.<\/li>\n<li><strong>Tr\u00e9ninky s hr\u00e1\u010di:<\/strong> Z\u00edskejte exkluzivn\u00ed pohled do z\u00e1kulis\u00ed hokejov\u00e9ho t\u00fdmu a sledujte profesion\u00e1ly p\u0159i tr\u00e9ninku.<\/li>\n<li><strong>Autogrami\u00e1dy a focen\u00ed s hr\u00e1\u010di:<\/strong> Potkejte sv\u00e9 hokejov\u00e9 idoly a z\u00edskejte cenn\u00e9 suven\u00fdry.<\/li>\n<li><strong>Sout\u011b\u017ee s cenami:<\/strong> Vyhrajte atraktivn\u00ed ceny spojen\u00e9 s HC Tatra Kop\u0159ivnice.<\/li>\n<\/ul>\n<h2>Hlavn\u00ed ud\u00e1lost &#8211; P\u00e1te\u010dn\u00ed program<\/h2>\n<p>Vyvrcholen\u00edm T\u00fddne hokeje bude p\u00e1te\u010dn\u00ed program, kter\u00fd slibuje nezapomenuteln\u00fd z\u00e1\u017eitek.  O\u010dek\u00e1vejte:<\/p>\n<ul>\n<li><strong>Od 17:00 hodin:<\/strong> Doprovodn\u00fd program pro d\u011bti i dosp\u011bl\u00e9 \u2013 hry, atrakce a ob\u010derstven\u00ed.<\/li>\n<li><strong>Od 19:00 hodin:<\/strong> Hlavn\u00ed z\u00e1pas HC Tatra Kop\u0159ivnice \u2013 souboj, kter\u00fd nesm\u00edte zme\u0161kat!<\/li>\n<li><strong>Po z\u00e1pase:<\/strong> Autogrami\u00e1da s hr\u00e1\u010di HC Tatra Kop\u0159ivnice a afterparty.<\/li>\n<\/ul>\n<h2>Kde sledovat aktu\u00e1ln\u00ed informace?<\/h2>\n<p>Nejnov\u011bj\u0161\u00ed informace o T\u00fddnu hokeje, v\u010detn\u011b podrobn\u011bj\u0161\u00edho rozpisu a p\u0159\u00edpadn\u00fdch zm\u011bn, naleznete na ofici\u00e1ln\u00edch str\u00e1nk\u00e1ch HC Tatra Kop\u0159ivnice: <a href=\"https:\/\/hcismm.cz\/\">hcismm.cz<\/a>. Sledujte tak\u00e9 na\u0161e soci\u00e1ln\u00ed s\u00edt\u011b, kde v\u00e1s budeme informovat o v\u0161ech novink\u00e1ch a sout\u011b\u017e\u00edch.  P\u0159ipojte se k n\u00e1m a za\u017eijte hokejov\u00fd sv\u00e1tek v Kop\u0159ivnici!<\/p>\n<p><strong>Nenechte si uj\u00edt T\u00fdden hokeje \u2013 bude to nezapomenuteln\u00e1 ud\u00e1lost pln\u00e1 emoc\u00ed, fair play a hokejov\u00e9 v\u00e1\u0161n\u011b!<\/strong><\/p>\n","protected":false},"excerpt":{"rendered":"<p>Fanou\u0161ci ledn\u00edho hokeje, pozor! Kop\u0159ivnice se brzy prom\u011bn\u00ed v epicentrum hokejov\u00e9 v\u00e1\u0161n\u011b. HC Tatra Kop\u0159ivnice po\u0159\u00e1d\u00e1 ak\u010dn\u00ed T\u00fdden hokeje, kter\u00fd vyvrchol\u00ed velkolep\u00fdm programem tento p\u00e1tek. P\u0159ipravte se na adrenalinov\u00e9 z\u00e1pasy, setk\u00e1n\u00ed s hr\u00e1\u010di a spoustu z\u00e1bavy pro celou rodinu! Co v\u00e1s v T\u00fddnu hokeje \u010dek\u00e1? T\u00fdden hokeje nen\u00ed jen o z\u00e1pasech. HC Tatra Kop\u0159ivnice si &#8230; <a title=\"Kop\u0159ivnice se chyst\u00e1 na hokejov\u00fd n\u00e1por! T\u00fdden hokeje za\u010d\u00edn\u00e1 tento p\u00e1tek\" class=\"read-more\" href=\"https:\/\/hcismm.cz\/index.php\/2024-10\/01-2\/18-2\/tyden-hokeje-v-koprivnici-jiz-tento-patek\/\" aria-label=\"Read more about Kop\u0159ivnice se chyst\u00e1 na hokejov\u00fd n\u00e1por! T\u00fdden hokeje za\u010d\u00edn\u00e1 tento p\u00e1tek\">Read more<\/a><\/p>\n","protected":false},"author":2,"featured_media":0,"parent":1223,"menu_order":0,"comment_status":"closed","ping_status":"closed","template":"","meta":{"footnotes":""},"class_list":["post-1226","page","type-page","status-publish"],"_links":{"self":[{"href":"https:\/\/hcismm.cz\/index.php\/wp-json\/wp\/v2\/pages\/1226","targetHints":{"allow":["GET"]}}],"collection":[{"href":"https:\/\/hcismm.cz\/index.php\/wp-json\/wp\/v2\/pages"}],"about":[{"href":"https:\/\/hcismm.cz\/index.php\/wp-json\/wp\/v2\/types\/page"}],"author":[{"embeddable":true,"href":"https:\/\/hcismm.cz\/index.php\/wp-json\/wp\/v2\/users\/2"}],"replies":[{"embeddable":true,"href":"https:\/\/hcismm.cz\/index.php\/wp-json\/wp\/v2\/comments?post=1226"}],"version-history":[{"count":0,"href":"https:\/\/hcismm.cz\/index.php\/wp-json\/wp\/v2\/pages\/1226\/revisions"}],"up":[{"embeddable":true,"href":"https:\/\/hcismm.cz\/index.php\/wp-json\/wp\/v2\/pages\/1223"}],"wp:attachment":[{"href":"https:\/\/hcismm.cz\/index.php\/wp-json\/wp\/v2\/media?parent=1226"}],"curies":[{"name":"wp","href":"https:\/\/api.w.org\/{rel}","templated":true}]}}