{"id":1235,"date":"2026-05-15T22:06:41","date_gmt":"2026-05-15T22:06:41","guid":{"rendered":"https:\/\/hcismm.cz\/index.php\/2018-45\/11-2\/02-2\/"},"modified":"2026-05-15T22:06:41","modified_gmt":"2026-05-15T22:06:41","slug":"02-2","status":"publish","type":"page","link":"https:\/\/hcismm.cz\/index.php\/2018-45\/11-2\/02-2\/","title":{"rendered":"HC Tatra Kop\u0159ivnice v akci: Dramatick\u00fd duel z 2. listopadu 2018!"},"content":{"rendered":"<p>Vzpom\u00edn\u00e1te na nap\u00ednav\u00e9 hokejov\u00e9 utk\u00e1n\u00ed, kter\u00e9 se odehr\u00e1lo 2. listopadu 2018? HC Tatra Kop\u0159ivnice se tehdy utkala s n\u00e1ro\u010dn\u00fdm soupe\u0159em a fanou\u0161ci za\u017eili ve\u010der pln\u00fd emoc\u00ed. Poj\u010fme se pod\u00edvat na podrobnosti tohoto pam\u00e1tn\u00e9ho z\u00e1pasu.<\/p>\n<h2>Prvn\u00ed t\u0159etina: Opatrn\u00fd za\u010d\u00e1tek<\/h2>\n<p>\u00davodn\u00ed t\u0159etina byla z obou stran velmi opatrn\u00e1. Ob\u011b mu\u017estva se sna\u017eila prozkoumat s\u00edly soupe\u0159e a minimalizovat riziko. Prvn\u00ed \u0161ance si vypracoval \u00fato\u010dn\u00edk HC Tatra Kop\u0159ivnice, Jan Nov\u00e1k, ale jeho st\u0159elu skv\u011ble zlikvidoval brank\u00e1\u0159 soupe\u0159e. <strong style=\"font-weight: bold;\">Prvn\u00ed g\u00f3l padl a\u017e v 15. minut\u011b<\/strong>, kdy se prosadil hr\u00e1\u010d hostuj\u00edc\u00edho t\u00fdmu po rychl\u00e9m proti\u00fatoku. Prvn\u00ed t\u0159etina tak skon\u010dila v\u00fdsledkem 0:1 pro soupe\u0159e.<\/p>\n<h2>Druh\u00e1 t\u0159etina: Obrat a nad\u011bje pro Kop\u0159ivnici<\/h2>\n<p>Druh\u00e1 t\u0159etina p\u0159inesla do hry v\u00edce dynamiky a \u00fato\u010dn\u00e9 snahy ze strany HC Tatra Kop\u0159ivnice. <strong style=\"font-weight: bold;\">Hr\u00e1\u010di se dok\u00e1zali rychle vyrovnat po g\u00f3lu z prvn\u00ed t\u0159etiny<\/strong>. V 23. minut\u011b se st\u0159eleckou listinu zapsal kapit\u00e1n t\u00fdmu, Petr Svoboda, a stav byl srovn\u00e1n na 1:1.  Tato branka nastartovala dom\u00e1c\u00ed t\u00fdm a v 35. minut\u011b se poprv\u00e9 dostali do veden\u00ed.  G\u00f3l vst\u0159elil talentovan\u00fd mlad\u00edk, Tom\u00e1\u0161 Dvo\u0159\u00e1k.  Do konce druh\u00e9 t\u0159etiny se v\u0161ak soupe\u0159i poda\u0159ilo vyrovnat, a tak t\u0159etina skon\u010dila za stavu 2:2.<\/p>\n<h2>T\u0159et\u00ed t\u0159etina a prodlou\u017een\u00ed: Dramatick\u00fd z\u00e1v\u011br<\/h2>\n<p>T\u0159et\u00ed t\u0159etina byla pln\u00e1 nap\u011bt\u00ed a vz\u00e1jemn\u00fdch \u00fatok\u016f. Ob\u011b mu\u017estva se sna\u017eila prosadit, ale brank\u00e1\u0159i p\u0159edv\u00e1d\u011bli skv\u011bl\u00e9 v\u00fdkony. <strong style=\"font-weight: bold;\">V 58. minut\u011b se poda\u0159ilo HC Tatra Kop\u0159ivnice znovu ujmout veden\u00ed<\/strong>, tentokr\u00e1t d\u00edky p\u0159esn\u00e9 st\u0159el\u011b z modr\u00e9 \u010d\u00e1ry od Marka Proch\u00e1zky.  Soupe\u0159 v\u0161ak odpov\u011bd\u011bl pouh\u00e9 dv\u011b minuty pozd\u011bji a stav se op\u011bt vyrovnal.  Z\u00e1pas tak dosp\u011bl do prodlou\u017een\u00ed.<\/p>\n<h3>Zlat\u00fd g\u00f3l v prodlou\u017een\u00ed<\/h3>\n<p>V prodlou\u017een\u00ed se hr\u00e1l hokej od za\u010d\u00e1tku do konce. <strong style=\"font-weight: bold;\">V 65. minut\u011b rozhodl utk\u00e1n\u00ed \u00fato\u010dn\u00edk HC Tatra Kop\u0159ivnice, Luk\u00e1\u0161 Vesel\u00fd, a zajistil tak v\u00edt\u011bzstv\u00ed dom\u00e1c\u00edmu t\u00fdmu!<\/strong>  Kone\u010dn\u00fd v\u00fdsledek byl 4:3 pro HC Tatra Kop\u0159ivnice.  Fanou\u0161ci byli nad\u0161en\u00ed z bojovn\u00e9ho v\u00fdkonu t\u00fdmu a bou\u0159liv\u011b oslavovali v\u00edt\u011bzstv\u00ed.<\/p>\n<p>Tento z\u00e1pas se stal jednou z pam\u00e1tn\u00fdch ud\u00e1lost\u00ed v historii HC Tatra Kop\u0159ivnice a uk\u00e1zal, \u017ee s bojovnost\u00ed a t\u00fdmov\u00fdm duchem se d\u00e1 dos\u00e1hnout i na n\u00e1ro\u010dn\u00e9 soupe\u0159e.<\/p>\n","protected":false},"excerpt":{"rendered":"<p>Vzpom\u00edn\u00e1te na nap\u00ednav\u00e9 hokejov\u00e9 utk\u00e1n\u00ed, kter\u00e9 se odehr\u00e1lo 2. listopadu 2018? HC Tatra Kop\u0159ivnice se tehdy utkala s n\u00e1ro\u010dn\u00fdm soupe\u0159em a fanou\u0161ci za\u017eili ve\u010der pln\u00fd emoc\u00ed. Poj\u010fme se pod\u00edvat na podrobnosti tohoto pam\u00e1tn\u00e9ho z\u00e1pasu. Prvn\u00ed t\u0159etina: Opatrn\u00fd za\u010d\u00e1tek \u00davodn\u00ed t\u0159etina byla z obou stran velmi opatrn\u00e1. Ob\u011b mu\u017estva se sna\u017eila prozkoumat s\u00edly soupe\u0159e a minimalizovat &#8230; <a title=\"HC Tatra Kop\u0159ivnice v akci: Dramatick\u00fd duel z 2. listopadu 2018!\" class=\"read-more\" href=\"https:\/\/hcismm.cz\/index.php\/2018-45\/11-2\/02-2\/\" aria-label=\"Read more about HC Tatra Kop\u0159ivnice v akci: Dramatick\u00fd duel z 2. listopadu 2018!\">Read more<\/a><\/p>\n","protected":false},"author":2,"featured_media":0,"parent":1232,"menu_order":0,"comment_status":"closed","ping_status":"closed","template":"","meta":{"footnotes":""},"class_list":["post-1235","page","type-page","status-publish"],"_links":{"self":[{"href":"https:\/\/hcismm.cz\/index.php\/wp-json\/wp\/v2\/pages\/1235","targetHints":{"allow":["GET"]}}],"collection":[{"href":"https:\/\/hcismm.cz\/index.php\/wp-json\/wp\/v2\/pages"}],"about":[{"href":"https:\/\/hcismm.cz\/index.php\/wp-json\/wp\/v2\/types\/page"}],"author":[{"embeddable":true,"href":"https:\/\/hcismm.cz\/index.php\/wp-json\/wp\/v2\/users\/2"}],"replies":[{"embeddable":true,"href":"https:\/\/hcismm.cz\/index.php\/wp-json\/wp\/v2\/comments?post=1235"}],"version-history":[{"count":0,"href":"https:\/\/hcismm.cz\/index.php\/wp-json\/wp\/v2\/pages\/1235\/revisions"}],"up":[{"embeddable":true,"href":"https:\/\/hcismm.cz\/index.php\/wp-json\/wp\/v2\/pages\/1232"}],"wp:attachment":[{"href":"https:\/\/hcismm.cz\/index.php\/wp-json\/wp\/v2\/media?parent=1235"}],"curies":[{"name":"wp","href":"https:\/\/api.w.org\/{rel}","templated":true}]}}