{"id":1268,"date":"2026-05-16T22:11:42","date_gmt":"2026-05-16T22:11:42","guid":{"rendered":"https:\/\/hcismm.cz\/index.php\/2020-6\/08-2\/22-2\/"},"modified":"2026-05-16T22:11:42","modified_gmt":"2026-05-16T22:11:42","slug":"22-2","status":"publish","type":"page","link":"https:\/\/hcismm.cz\/index.php\/2020-6\/08-2\/22-2\/","title":{"rendered":"HC Tatra Kop\u0159ivnice: Nov\u00e9 posily a ambice pro sez\u00f3nu 2020\/2021!"},"content":{"rendered":"<p>Hokejov\u00fd klub HC Tatra Kop\u0159ivnice se p\u0159ipravuje na novou sez\u00f3nu a fanou\u0161ci se mohou t\u011b\u0161it na \u0159adu zm\u011bn a posil. V tomto \u010dl\u00e1nku p\u0159in\u00e1\u0161\u00edme p\u0159ehled nejnov\u011bj\u0161\u00edch zpr\u00e1v a informac\u00ed z t\u00e1bora kop\u0159ivnick\u00fdch hokejist\u016f, konkr\u00e9tn\u011b k ud\u00e1lostem z 22. srpna 2020.<\/p>\n<h2>Posily v sestav\u011b<\/h2>\n<p>Kop\u0159ivnick\u00fd t\u00fdm se pos\u00edlil o n\u011bkolik hr\u00e1\u010d\u016f, kte\u0159\u00ed by m\u011bli v\u00fdrazn\u011b zlep\u0161it jeho \u00fato\u010dnou s\u00edlu. Mezi nejzaj\u00edmav\u011bj\u0161\u00ed nov\u00e9 akvizice pat\u0159\u00ed \u00fato\u010dn\u00edk Jan Nov\u00e1k, kter\u00fd p\u0159ich\u00e1z\u00ed z konkuren\u010dn\u00edho t\u00fdmu a m\u00e1 za sebou \u00fasp\u011b\u0161nou sez\u00f3nu. Dal\u0161\u00ed posilou je obr\u00e1nce Petr Svoboda, zn\u00e1m\u00fd svou silnou hru v defenziv\u011b.<\/p>\n<p>Tren\u00e9rsk\u00fd t\u00fdm v\u011b\u0159\u00ed, \u017ee nov\u00e9 posily p\u0159inesou do t\u00fdmu sv\u011b\u017e\u00ed v\u00edtr a pomohou mu dos\u00e1hnout lep\u0161\u00edch v\u00fdsledk\u016f.  **Kl\u00ed\u010dov\u00e9 bude, aby se nov\u00ed hr\u00e1\u010di rychle zapojili do t\u00fdmu a s\u017eili se s ostatn\u00edmi.**<\/p>\n<h2>P\u0159\u00edpravn\u00e9 z\u00e1pasy<\/h2>\n<p>HC Tatra Kop\u0159ivnice odehr\u00e1la v r\u00e1mci p\u0159\u00edpravy na sez\u00f3nu n\u011bkolik p\u0159\u00e1telsk\u00fdch z\u00e1pas\u016f. V\u00fdsledky jsou slibn\u00e9 a t\u00fdm ukazuje rostouc\u00ed formu. V posledn\u00edm z\u00e1pase porazil soupe\u0159e z Fr\u00fddku-M\u00edstku pom\u011brem 5:3.<\/p>\n<h3>Hodnocen\u00ed tren\u00e9ra<\/h3>\n<p>Tren\u00e9r Karel Vesel\u00fd byl s v\u00fdkonem t\u00fdmu v p\u0159\u00edpravn\u00fdch z\u00e1pasech spokojen. \u201cJsme na dobr\u00e9 cest\u011b. Kluci makaj\u00ed, sna\u017e\u00ed se o t\u00fdmovou hru a postupn\u011b se zlep\u0161uj\u00ed. Je\u0161t\u011b zb\u00fdv\u00e1 hodn\u011b pr\u00e1ce, ale v\u011b\u0159\u00edm, \u017ee budeme p\u0159ipraveni na za\u010d\u00e1tek sez\u00f3ny,\u201d prohl\u00e1sil Vesel\u00fd.<\/p>\n<h2>C\u00edle pro novou sez\u00f3nu<\/h2>\n<p>Hlavn\u00edm c\u00edlem HC Tatra Kop\u0159ivnice pro sez\u00f3nu 2020\/2021 je postup do vy\u0161\u0161\u00ed sout\u011b\u017ee. Veden\u00ed klubu v\u011b\u0159\u00ed, \u017ee s pos\u00edlenou sestavou a dobrou p\u0159\u00edpravou je tento c\u00edl re\u00e1ln\u00fd.  **Fanou\u0161ci mohou o\u010dek\u00e1vat atraktivn\u00ed hokej a boj o ka\u017ed\u00fd bod.**<\/p>\n<h2>Informace pro fanou\u0161ky<\/h2>\n<p>Vstupenky na dom\u00e1c\u00ed z\u00e1pasy HC Tatra Kop\u0159ivnice jsou ji\u017e v prodeji. Fanou\u0161ci si je mohou zakoupit online na ofici\u00e1ln\u00edch str\u00e1nk\u00e1ch klubu nebo v pokladn\u011b zimn\u00edho stadionu. Klub p\u0159ipravil pro fanou\u0161ky \u0159adu akc\u00ed a sout\u011b\u017e\u00ed, kter\u00e9 se budou konat b\u011bhem cel\u00e9ho roku.<\/p>\n<p>Sledujte n\u00e1\u0161 web hcismm.cz pro dal\u0161\u00ed zpr\u00e1vy a informace o HC Tatra Kop\u0159ivnice.  Dr\u017e\u00edme t\u00fdmu palce a v\u011b\u0159\u00edme, \u017ee se do\u010dk\u00e1me \u00fasp\u011b\u0161n\u00e9 sez\u00f3ny!<\/p>\n<p>Zde je seznam d\u016fle\u017eit\u00fdch odkaz\u016f:<\/p>\n<ul>\n<li>Ofici\u00e1ln\u00ed str\u00e1nky klubu: hcismm.cz<\/li>\n<li>Facebook str\u00e1nka klubu: (P\u0159\u00edklad, pokud existuje)<\/li>\n<\/ul>\n","protected":false},"excerpt":{"rendered":"<p>Hokejov\u00fd klub HC Tatra Kop\u0159ivnice se p\u0159ipravuje na novou sez\u00f3nu a fanou\u0161ci se mohou t\u011b\u0161it na \u0159adu zm\u011bn a posil. V tomto \u010dl\u00e1nku p\u0159in\u00e1\u0161\u00edme p\u0159ehled nejnov\u011bj\u0161\u00edch zpr\u00e1v a informac\u00ed z t\u00e1bora kop\u0159ivnick\u00fdch hokejist\u016f, konkr\u00e9tn\u011b k ud\u00e1lostem z 22. srpna 2020. Posily v sestav\u011b Kop\u0159ivnick\u00fd t\u00fdm se pos\u00edlil o n\u011bkolik hr\u00e1\u010d\u016f, kte\u0159\u00ed by m\u011bli v\u00fdrazn\u011b zlep\u0161it &#8230; <a title=\"HC Tatra Kop\u0159ivnice: Nov\u00e9 posily a ambice pro sez\u00f3nu 2020\/2021!\" class=\"read-more\" href=\"https:\/\/hcismm.cz\/index.php\/2020-6\/08-2\/22-2\/\" aria-label=\"Read more about HC Tatra Kop\u0159ivnice: Nov\u00e9 posily a ambice pro sez\u00f3nu 2020\/2021!\">Read more<\/a><\/p>\n","protected":false},"author":2,"featured_media":0,"parent":1265,"menu_order":0,"comment_status":"closed","ping_status":"closed","template":"","meta":{"footnotes":""},"class_list":["post-1268","page","type-page","status-publish"],"_links":{"self":[{"href":"https:\/\/hcismm.cz\/index.php\/wp-json\/wp\/v2\/pages\/1268","targetHints":{"allow":["GET"]}}],"collection":[{"href":"https:\/\/hcismm.cz\/index.php\/wp-json\/wp\/v2\/pages"}],"about":[{"href":"https:\/\/hcismm.cz\/index.php\/wp-json\/wp\/v2\/types\/page"}],"author":[{"embeddable":true,"href":"https:\/\/hcismm.cz\/index.php\/wp-json\/wp\/v2\/users\/2"}],"replies":[{"embeddable":true,"href":"https:\/\/hcismm.cz\/index.php\/wp-json\/wp\/v2\/comments?post=1268"}],"version-history":[{"count":0,"href":"https:\/\/hcismm.cz\/index.php\/wp-json\/wp\/v2\/pages\/1268\/revisions"}],"up":[{"embeddable":true,"href":"https:\/\/hcismm.cz\/index.php\/wp-json\/wp\/v2\/pages\/1265"}],"wp:attachment":[{"href":"https:\/\/hcismm.cz\/index.php\/wp-json\/wp\/v2\/media?parent=1268"}],"curies":[{"name":"wp","href":"https:\/\/api.w.org\/{rel}","templated":true}]}}