{"id":134,"date":"2026-04-14T22:11:12","date_gmt":"2026-04-14T22:11:12","guid":{"rendered":"https:\/\/hcismm.cz\/index.php\/wp-content\/uploads\/2017-4\/08-2\/zihadla-jpeg-web-300x300-jpg\/"},"modified":"2026-04-14T22:11:12","modified_gmt":"2026-04-14T22:11:12","slug":"zihadla-jpeg-web-300x300-jpg","status":"publish","type":"page","link":"https:\/\/hcismm.cz\/index.php\/wp-content\/uploads\/2017-4\/08-2\/zihadla-jpeg-web-300x300-jpg\/","title":{"rendered":"HC Tatra Kop\u0159ivnice: Nah\u00e9dn\u011bte se do z\u00e1kulis\u00ed hokejov\u00e9ho t\u00fdmu!"},"content":{"rendered":"<p>Hokejov\u00fd klub HC Tatra Kop\u0159ivnice je st\u00e1lic\u00ed moravskoslezsk\u00e9 hokejov\u00e9 sc\u00e9ny. S bohatou histori\u00ed a v\u011brnou fanou\u0161kovskou z\u00e1kladnou se klub neust\u00e1le sna\u017e\u00ed posouvat hru a p\u0159in\u00e1\u0161et radost sv\u00fdm p\u0159\u00edznivc\u016fm. Pod\u00edvejme se bl\u00ed\u017ee na t\u00fdm, jeho hr\u00e1\u010de a atmosf\u00e9ru, kter\u00e1 se line z kop\u0159ivnick\u00e9ho ledov\u00e9ho pal\u00e1ce.<\/p>\n<h2>Historie a tradice HC Tatra Kop\u0159ivnice<\/h2>\n<p>Klub m\u00e1 hlubok\u00e9 ko\u0159eny v kop\u0159ivnick\u00e9m sportu. Vznikl v roce 1946 a od t\u00e9 doby pro\u0161el mnoha prom\u011bnami. P\u0159esto si v\u017edy zachoval silnou vazbu k m\u011bstu a jeho obyvatel\u016fm. **Siln\u00e1 tradice a oddanost fanou\u0161k\u016f jsou pil\u00ed\u0159i, na kter\u00fdch HC Tatra Kop\u0159ivnice stoj\u00ed.** B\u011bhem let se klub etabloval jako d\u016fle\u017eit\u00fd prvek m\u00edstn\u00ed sportovn\u00ed komunity.<\/p>\n<h2>Sou\u010dasn\u00fd t\u00fdm a kl\u00ed\u010dov\u00ed hr\u00e1\u010di<\/h2>\n<p>V sou\u010dasn\u00e9 dob\u011b se t\u00fdm skl\u00e1d\u00e1 z talentovan\u00fdch hokejist\u016f, kte\u0159\u00ed se sna\u017e\u00ed naplnit ambice klubu. Mezi kl\u00ed\u010dov\u00e9 hr\u00e1\u010de pat\u0159\u00ed:<\/p>\n<ul>\n<li><strong>Jan Nov\u00e1k:<\/strong> Zku\u0161en\u00fd \u00fato\u010dn\u00edk a st\u0159elec, kter\u00fd t\u00e1hne hru dop\u0159edu.<\/li>\n<li><strong>Petr Svoboda:<\/strong> Stabiln\u00ed brank\u00e1\u0159, kter\u00fd dr\u017e\u00ed t\u00fdm v t\u011b\u017ek\u00fdch chv\u00edl\u00edch.<\/li>\n<li><strong>Tom\u00e1\u0161 Vesel\u00fd:<\/strong> Talentovan\u00fd obr\u00e1nce s ofenzivn\u00edmi schopnostmi.<\/li>\n<\/ul>\n<p>Krom\u011b t\u011bchto jmen se t\u00fdm py\u0161n\u00ed i dal\u0161\u00edmi kvalitn\u00edmi hr\u00e1\u010di, kte\u0159\u00ed spole\u010dn\u011b tvo\u0159\u00ed silnou a sehranou partu. **D\u016fraz je kladen na t\u00fdmovou spolupr\u00e1ci a bojovnost.**<\/p>\n<h2>Akce a fotografie z ledov\u00e9 ar\u00e9ny<\/h2>\n<p>HC Tatra Kop\u0159ivnice se pravideln\u011b \u00fa\u010dastn\u00ed hokejov\u00fdch sout\u011b\u017e\u00ed a po\u0159\u00e1d\u00e1 akce pro fanou\u0161ky. Z\u00e1pasy v kop\u0159ivnick\u00e9 ledov\u00e9 hale jsou pln\u00e9 emoc\u00ed a bojovn\u00e9 atmosf\u00e9ry.  N\u00ed\u017ee se pod\u00edvejte na p\u00e1r moment\u016f zachycen\u00fdch b\u011bhem akc\u00ed a z\u00e1pas\u016f:<\/p>\n<p><em>(Zde by byly vlo\u017eeny fotografie hr\u00e1\u010d\u016f a t\u00fdmu z akc\u00ed a z\u00e1pas\u016f &#8211; proto\u017ee nem\u00e1m mo\u017enost vkl\u00e1dat obr\u00e1zky, ponech\u00e1v\u00e1m zde prostor pro jejich um\u00edst\u011bn\u00ed.)<\/em><\/p>\n<h2>Fanou\u0161kovsk\u00e1 z\u00e1kladna a podpora klubu<\/h2>\n<p>Fanou\u0161ci jsou pro HC Tatra Kop\u0159ivnice nesm\u00edrn\u011b d\u016fle\u017eit\u00ed. V\u011brn\u00e1 fanou\u0161kovsk\u00e1 z\u00e1kladna vytv\u00e1\u0159\u00ed v kop\u0159ivnick\u00e9 hale nezapomenutelnou atmosf\u00e9ru a dod\u00e1v\u00e1 hr\u00e1\u010d\u016fm energii. Klub se sna\u017e\u00ed aktivn\u011b komunikovat s fanou\u0161ky a zapojovat je do d\u011bn\u00ed okolo t\u00fdmu. **Podpora fanou\u0161k\u016f je kl\u00ed\u010dov\u00e1 pro \u00fasp\u011bch HC Tatra Kop\u0159ivnice.**<\/p>\n<h3>Jak podpo\u0159it HC Tatra Kop\u0159ivnice?<\/h3>\n<p>Existuje n\u011bkolik zp\u016fsob\u016f, jak se m\u016f\u017eete st\u00e1t sou\u010d\u00e1st\u00ed hokejov\u00e9 rodiny HC Tatra Kop\u0159ivnice:<\/p>\n<ol>\n<li>Nav\u0161t\u011bvujte dom\u00e1c\u00ed z\u00e1pasy a povzbuzujte t\u00fdm.<\/li>\n<li>Sta\u0148te se fanou\u0161kem klubu na soci\u00e1ln\u00edch s\u00edt\u00edch.<\/li>\n<li>Podpo\u0159te klub n\u00e1kupem klubov\u00fdch suven\u00fdr\u016f.<\/li>\n<li>\u0160i\u0159te pov\u011bdom\u00ed o klubu mezi sv\u00fdmi p\u0159\u00e1teli a zn\u00e1m\u00fdmi.<\/li>\n<\/ol>\n<p>S va\u0161\u00ed podporou m\u016f\u017ee HC Tatra Kop\u0159ivnice dos\u00e1hnout je\u0161t\u011b v\u011bt\u0161\u00edch \u00fasp\u011bch\u016f a p\u0159in\u00e1\u0161et radost cel\u00e9 kop\u0159ivnick\u00e9 komunit\u011b.<\/p>\n","protected":false},"excerpt":{"rendered":"<p>Hokejov\u00fd klub HC Tatra Kop\u0159ivnice je st\u00e1lic\u00ed moravskoslezsk\u00e9 hokejov\u00e9 sc\u00e9ny. S bohatou histori\u00ed a v\u011brnou fanou\u0161kovskou z\u00e1kladnou se klub neust\u00e1le sna\u017e\u00ed posouvat hru a p\u0159in\u00e1\u0161et radost sv\u00fdm p\u0159\u00edznivc\u016fm. Pod\u00edvejme se bl\u00ed\u017ee na t\u00fdm, jeho hr\u00e1\u010de a atmosf\u00e9ru, kter\u00e1 se line z kop\u0159ivnick\u00e9ho ledov\u00e9ho pal\u00e1ce. Historie a tradice HC Tatra Kop\u0159ivnice Klub m\u00e1 hlubok\u00e9 ko\u0159eny v &#8230; <a title=\"HC Tatra Kop\u0159ivnice: Nah\u00e9dn\u011bte se do z\u00e1kulis\u00ed hokejov\u00e9ho t\u00fdmu!\" class=\"read-more\" href=\"https:\/\/hcismm.cz\/index.php\/wp-content\/uploads\/2017-4\/08-2\/zihadla-jpeg-web-300x300-jpg\/\" aria-label=\"Read more about HC Tatra Kop\u0159ivnice: Nah\u00e9dn\u011bte se do z\u00e1kulis\u00ed hokejov\u00e9ho t\u00fdmu!\">Read more<\/a><\/p>\n","protected":false},"author":2,"featured_media":0,"parent":131,"menu_order":0,"comment_status":"closed","ping_status":"closed","template":"","meta":{"footnotes":""},"class_list":["post-134","page","type-page","status-publish"],"_links":{"self":[{"href":"https:\/\/hcismm.cz\/index.php\/wp-json\/wp\/v2\/pages\/134","targetHints":{"allow":["GET"]}}],"collection":[{"href":"https:\/\/hcismm.cz\/index.php\/wp-json\/wp\/v2\/pages"}],"about":[{"href":"https:\/\/hcismm.cz\/index.php\/wp-json\/wp\/v2\/types\/page"}],"author":[{"embeddable":true,"href":"https:\/\/hcismm.cz\/index.php\/wp-json\/wp\/v2\/users\/2"}],"replies":[{"embeddable":true,"href":"https:\/\/hcismm.cz\/index.php\/wp-json\/wp\/v2\/comments?post=134"}],"version-history":[{"count":0,"href":"https:\/\/hcismm.cz\/index.php\/wp-json\/wp\/v2\/pages\/134\/revisions"}],"up":[{"embeddable":true,"href":"https:\/\/hcismm.cz\/index.php\/wp-json\/wp\/v2\/pages\/131"}],"wp:attachment":[{"href":"https:\/\/hcismm.cz\/index.php\/wp-json\/wp\/v2\/media?parent=134"}],"curies":[{"name":"wp","href":"https:\/\/api.w.org\/{rel}","templated":true}]}}