{"id":143,"date":"2026-04-14T22:16:15","date_gmt":"2026-04-14T22:16:15","guid":{"rendered":"https:\/\/hcismm.cz\/index.php\/wp-content\/uploads\/2020-2\/01-2\/013-png\/"},"modified":"2026-04-14T22:16:15","modified_gmt":"2026-04-14T22:16:15","slug":"013-png","status":"publish","type":"page","link":"https:\/\/hcismm.cz\/index.php\/wp-content\/uploads\/2020-2\/01-2\/013-png\/","title":{"rendered":"HC Tatra Kop\u0159ivnice: Hokejov\u00e1 historie a sou\u010dasnost s fotkami!"},"content":{"rendered":"<p>Hokejov\u00fd klub HC Tatra Kop\u0159ivnice je st\u00e1lic\u00ed moravsk\u00e9ho hokeje s bohatou tradic\u00ed. P\u0159e\u010dt\u011bte si o jeho historii, sou\u010dasn\u00fdch hr\u00e1\u010d\u00edch a pod\u00edvejte se na fotografie z ledov\u00e9 ar\u00e9ny!<\/p>\n<h2>Historie a tradice HC Tatra Kop\u0159ivnice<\/h2>\n<p>Zalo\u017een\u00ed klubu se datuje do roku 1947. Od sv\u00e9ho vzniku HC Tatra Kop\u0159ivnice pro\u0161el mnoha prom\u011bnami, ale v\u017edy z\u016fstal symbolem hokeje v regionu. Klub se py\u0161n\u00ed silnou fanou\u0161kovskou z\u00e1kladnou a dlouholetou \u00fa\u010dast\u00ed v sout\u011b\u017e\u00edch r\u016fzn\u00fdch \u00farovn\u00ed. P\u016fvodn\u011b se jednalo o odd\u00edl p\u0159i Tat\u0159e Kop\u0159ivnice, kde vznikl i n\u00e1zev. V pr\u016fb\u011bhu let se klub n\u011bkolikr\u00e1t st\u011bhoval a modernizoval, aby spl\u0148oval n\u00e1roky sou\u010dasn\u00e9ho hokeje.<\/p>\n<h2>Sou\u010dasn\u00fd t\u00fdm a hr\u00e1\u010di<\/h2>\n<p>V sou\u010dasn\u00e9 dob\u011b se HC Tatra Kop\u0159ivnice anga\u017euje ve WSM Ligy, kde se sna\u017e\u00ed bojovat o co nejlep\u0161\u00ed um\u00edst\u011bn\u00ed. T\u00fdm se skl\u00e1d\u00e1 z mixu zku\u0161en\u00fdch hr\u00e1\u010d\u016f a talentovan\u00fdch mlad\u00edk\u016f, kte\u0159\u00ed se sna\u017e\u00ed nav\u00e1zat na \u00fasp\u011b\u0161nou historii klubu. Mezi kl\u00ed\u010dov\u00e9 hr\u00e1\u010de pat\u0159\u00ed nap\u0159\u00edklad \u00fato\u010dn\u00edk Jan Nov\u00e1k, obr\u00e1nce Petr Svoboda a brank\u00e1\u0159 Tom\u00e1\u0161 Dvo\u0159\u00e1k.<\/p>\n<p><strong>D\u016fle\u017eit\u00e1 informace:<\/strong> Sledujte ofici\u00e1ln\u00ed str\u00e1nky klubu <a href=\"https:\/\/www.hctatra.cz\/\">https:\/\/www.hctatra.cz\/<\/a> pro aktu\u00e1ln\u00ed informace o sestav\u00e1ch, rozpis z\u00e1pas\u016f a novinky z t\u00fdmu.<\/p>\n<h2>Fotografie z ledov\u00e9 ar\u00e9ny<\/h2>\n<p>Pod\u00edvejte se na n\u011bkolik fotografi\u00ed z ledov\u00e9 ar\u00e9ny v Kop\u0159ivnici, kter\u00e9 zachycuj\u00ed atmosf\u00e9ru hokejov\u00fdch z\u00e1pas\u016f a tr\u00e9nink\u016f:<\/p>\n<ul>\n<li><em>[Sem by se vlo\u017eila fotografie hr\u00e1\u010d\u016f v akci]<\/em><\/li>\n<li><em>[Sem by se vlo\u017eila fotografie fanou\u0161k\u016f b\u011bhem z\u00e1pasu]<\/em><\/li>\n<li><em>[Sem by se vlo\u017eila fotografie brank\u00e1\u0159e p\u0159i z\u00e1kroku]<\/em><\/li>\n<\/ul>\n<p>Atmosf\u00e9ra b\u011bhem hokejov\u00fdch z\u00e1pas\u016f v Kop\u0159ivnici je nezapomenuteln\u00e1. Fanou\u0161ci vytv\u00e1\u0159ej\u00ed bou\u0159livou atmosf\u00e9ru, kter\u00e1 motivuje hr\u00e1\u010de k je\u0161t\u011b lep\u0161\u00edm v\u00fdkon\u016fm.<\/p>\n<h2>Budoucnost HC Tatra Kop\u0159ivnice<\/h2>\n<p>HC Tatra Kop\u0159ivnice m\u00e1 ambici\u00f3zn\u00ed pl\u00e1ny do budoucna. Klub se sna\u017e\u00ed rozv\u00edjet hokejovou ml\u00e1de\u017e a vychov\u00e1vat nov\u00e9 talenty. Z\u00e1rove\u0148 se sna\u017e\u00ed posilovat t\u00fdm a bojovat o vy\u0161\u0161\u00ed um\u00edst\u011bn\u00ed v sout\u011b\u017ei. C\u00edlem je vr\u00e1tit HC Tatra Kop\u0159ivnice mezi \u0161pi\u010dku moravsk\u00e9ho hokeje a st\u00e1t se pravideln\u00fdm \u00fa\u010dastn\u00edkem play-off.<\/p>\n<p>Podpo\u0159te sv\u016fj t\u00fdm a nav\u0161tivte n\u011bkter\u00fd z dom\u00e1c\u00edch z\u00e1pas\u016f! Budeme r\u00e1di, pokud se stanete sou\u010d\u00e1st\u00ed hokejov\u00e9 rodiny HC Tatra Kop\u0159ivnice.<\/p>\n<h3 >Kde n\u00e1s najdete?<\/h3>\n<p>Hokejov\u00e1 hala v Kop\u0159ivnici se nach\u00e1z\u00ed na adrese: Dukelsk\u00e9 n\u00e1m\u011bst\u00ed 1444, 739 61 Kop\u0159ivnice.<\/p>\n","protected":false},"excerpt":{"rendered":"<p>Hokejov\u00fd klub HC Tatra Kop\u0159ivnice je st\u00e1lic\u00ed moravsk\u00e9ho hokeje s bohatou tradic\u00ed. P\u0159e\u010dt\u011bte si o jeho historii, sou\u010dasn\u00fdch hr\u00e1\u010d\u00edch a pod\u00edvejte se na fotografie z ledov\u00e9 ar\u00e9ny! Historie a tradice HC Tatra Kop\u0159ivnice Zalo\u017een\u00ed klubu se datuje do roku 1947. Od sv\u00e9ho vzniku HC Tatra Kop\u0159ivnice pro\u0161el mnoha prom\u011bnami, ale v\u017edy z\u016fstal symbolem hokeje v &#8230; <a title=\"HC Tatra Kop\u0159ivnice: Hokejov\u00e1 historie a sou\u010dasnost s fotkami!\" class=\"read-more\" href=\"https:\/\/hcismm.cz\/index.php\/wp-content\/uploads\/2020-2\/01-2\/013-png\/\" aria-label=\"Read more about HC Tatra Kop\u0159ivnice: Hokejov\u00e1 historie a sou\u010dasnost s fotkami!\">Read more<\/a><\/p>\n","protected":false},"author":2,"featured_media":0,"parent":140,"menu_order":0,"comment_status":"closed","ping_status":"closed","template":"","meta":{"footnotes":""},"class_list":["post-143","page","type-page","status-publish"],"_links":{"self":[{"href":"https:\/\/hcismm.cz\/index.php\/wp-json\/wp\/v2\/pages\/143","targetHints":{"allow":["GET"]}}],"collection":[{"href":"https:\/\/hcismm.cz\/index.php\/wp-json\/wp\/v2\/pages"}],"about":[{"href":"https:\/\/hcismm.cz\/index.php\/wp-json\/wp\/v2\/types\/page"}],"author":[{"embeddable":true,"href":"https:\/\/hcismm.cz\/index.php\/wp-json\/wp\/v2\/users\/2"}],"replies":[{"embeddable":true,"href":"https:\/\/hcismm.cz\/index.php\/wp-json\/wp\/v2\/comments?post=143"}],"version-history":[{"count":0,"href":"https:\/\/hcismm.cz\/index.php\/wp-json\/wp\/v2\/pages\/143\/revisions"}],"up":[{"embeddable":true,"href":"https:\/\/hcismm.cz\/index.php\/wp-json\/wp\/v2\/pages\/140"}],"wp:attachment":[{"href":"https:\/\/hcismm.cz\/index.php\/wp-json\/wp\/v2\/media?parent=143"}],"curies":[{"name":"wp","href":"https:\/\/api.w.org\/{rel}","templated":true}]}}