{"id":149,"date":"2026-04-15T22:01:12","date_gmt":"2026-04-15T22:01:12","guid":{"rendered":"https:\/\/hcismm.cz\/index.php\/2021-3\/02-2\/"},"modified":"2026-04-15T22:01:12","modified_gmt":"2026-04-15T22:01:12","slug":"02-2","status":"publish","type":"page","link":"https:\/\/hcismm.cz\/index.php\/2021-3\/02-2\/","title":{"rendered":"\u00danor v Kop\u0159ivnici: Hokejov\u00e9 bitvy, v\u00fdhry i drsn\u00e1 realita HC Tatra!"},"content":{"rendered":"<p>\u00danor 2021 byl pro hokejisty HC Tatra Kop\u0159ivnice m\u011bs\u00edc pln\u00fd emoc\u00ed. Krom\u011b boj\u016f na led\u011b se t\u00fdm pot\u00fdkal s n\u00e1ro\u010dnou situac\u00ed spojenou s pandemi\u00ed a jej\u00edmi dopady na tr\u00e9nink i samotn\u00e9 z\u00e1pasy. Poj\u010fme se pod\u00edvat na to, jak se na\u0161emu t\u00fdmu da\u0159ilo a co se v \u00fanoru stalo.<\/p>\n<h2>V\u00fdsledky v \u00fanorov\u00fdch z\u00e1pasech<\/h2>\n<p>Hokejist\u00e9 HC Tatra Kop\u0159ivnice odehr\u00e1li v \u00fanoru \u0159adu d\u016fle\u017eit\u00fdch z\u00e1pas\u016f. P\u0159esto\u017ee se t\u00fdm sna\u017eil, v\u00fdsledky nebyly v\u017edy takov\u00e9, jak\u00e9 by si fanou\u0161ci p\u0159\u00e1li.  St\u0159\u00eddaly se v\u00fdhry s prohrami, co\u017e odr\u00e1\u017eelo celkovou vyrovnanost sout\u011b\u017ee.<\/p>\n<p>Dne 6. \u00fanora t\u00fdm porazil Sokol Nov\u00e9 Z\u00e1mky v\u00fdsledkem 3:2 po dramatick\u00e9m pr\u016fb\u011bhu.  D\u016fle\u017eit\u00fd g\u00f3l vst\u0159elil kapit\u00e1n t\u00fdmu, Jan Nov\u00e1k, v posledn\u00ed minut\u011b t\u0159et\u00ed t\u0159etiny. O t\u00fdden pozd\u011bji, 13. \u00fanora, v\u0161ak t\u00fdm prohr\u00e1l na led\u011b Kr\u00e1lovsk\u00fdch Vinohrad\u016f vysoko 1:5.  V\u00fdhra se poda\u0159ila 20. \u00fanora proti t\u00fdmu Ledn\u00ed Medv\u011bdi Brno, kde HC Tatra Kop\u0159ivnice zv\u00edt\u011bzila 4:3 v prodlou\u017een\u00ed. Z\u00e1v\u011bre\u010dn\u00fd z\u00e1pas v \u00fanoru, 27. \u00fanora, skon\u010dil rem\u00edzou 2:2 s HC \u0160evci Pust\u011bjov. <\/p>\n<h2>Kl\u00ed\u010dov\u00ed hr\u00e1\u010di a individu\u00e1ln\u00ed v\u00fdkony<\/h2>\n<p>I v n\u00e1ro\u010dn\u00e9m m\u011bs\u00edci se mohli fanou\u0161ci radovat z v\u00fdborn\u00fdch individu\u00e1ln\u00edch v\u00fdkon\u016f.  Brank\u00e1\u0159 Petr Svoboda p\u0159edvedl n\u011bkolik kl\u00ed\u010dov\u00fdch z\u00e1krok\u016f, kter\u00e9 t\u00fdm udr\u017eely v z\u00e1pasech. V \u00fatoku se da\u0159ilo p\u0159edev\u0161\u00edm Marku Dvo\u0159\u00e1kovi, kter\u00fd vst\u0159elil v \u00fanoru <strong >\u0161est branek<\/strong> a stal se nejlep\u0161\u00edm st\u0159elcem t\u00fdmu.  Dobrou formu dr\u017eel i obr\u00e1nce Tom\u00e1\u0161 Vesel\u00fd, kter\u00fd se pod\u00edlel na n\u011bkolika d\u016fle\u017eit\u00fdch akc\u00edch a asistenc\u00edch.<\/p>\n<h2>Situace s tr\u00e9ninkem a pandemi\u00ed<\/h2>\n<p>Pandemie koronaviru i v \u00fanoru ovliv\u0148ovala mo\u017enosti tr\u00e9ninku a kon\u00e1n\u00ed z\u00e1pas\u016f. T\u00fdm musel n\u011bkolikr\u00e1t zm\u011bnit pl\u00e1ny kv\u016fli pozitivn\u00edm test\u016fm na COVID-19.  I p\u0159es tyto komplikace se hr\u00e1\u010di sna\u017eili udr\u017eovat kondici a p\u0159ipravovat se na dal\u0161\u00ed z\u00e1pasy. <strong >Klub se sna\u017eil dodr\u017eovat ve\u0161ker\u00e1 hygienick\u00e1 opat\u0159en\u00ed<\/strong> a zajistit bezpe\u010dn\u00e9 prost\u0159ed\u00ed pro hr\u00e1\u010de i person\u00e1l.<\/p>\n<h2>V\u00fdhled do budoucna<\/h2>\n<p>I p\u0159es sm\u00ed\u0161en\u00e9 v\u00fdsledky v \u00fanoru, HC Tatra Kop\u0159ivnice nev\u00e1h\u00e1 a zam\u011b\u0159uje se na dal\u0161\u00ed zlep\u0161en\u00ed.  T\u00fdm se sna\u017e\u00ed pos\u00edlit k\u00e1dr a p\u0159ipravit se na jarn\u00ed \u010d\u00e1st sez\u00f3ny. C\u00edlem je dostat se do play-off a bojovat o nejvy\u0161\u0161\u00ed p\u0159\u00ed\u010dky v sout\u011b\u017ei.  Fanou\u0161ci mohou sledovat aktu\u00e1ln\u00ed d\u011bn\u00ed na ofici\u00e1ln\u00edch str\u00e1nk\u00e1ch klubu hcismm.cz a soci\u00e1ln\u00edch s\u00edt\u00edch, kde se pravideln\u011b zve\u0159ej\u0148uj\u00ed zpr\u00e1vy o tr\u00e9ninku, z\u00e1pasech a novink\u00e1ch v t\u00fdmu.<\/p>\n<p>Dr\u017e\u00edme palce HC Tatra Kop\u0159ivnice i v dal\u0161\u00edch hokejov\u00fdch bitv\u00e1ch!<\/p>\n","protected":false},"excerpt":{"rendered":"<p>\u00danor 2021 byl pro hokejisty HC Tatra Kop\u0159ivnice m\u011bs\u00edc pln\u00fd emoc\u00ed. Krom\u011b boj\u016f na led\u011b se t\u00fdm pot\u00fdkal s n\u00e1ro\u010dnou situac\u00ed spojenou s pandemi\u00ed a jej\u00edmi dopady na tr\u00e9nink i samotn\u00e9 z\u00e1pasy. Poj\u010fme se pod\u00edvat na to, jak se na\u0161emu t\u00fdmu da\u0159ilo a co se v \u00fanoru stalo. V\u00fdsledky v \u00fanorov\u00fdch z\u00e1pasech Hokejist\u00e9 HC Tatra &#8230; <a title=\"\u00danor v Kop\u0159ivnici: Hokejov\u00e9 bitvy, v\u00fdhry i drsn\u00e1 realita HC Tatra!\" class=\"read-more\" href=\"https:\/\/hcismm.cz\/index.php\/2021-3\/02-2\/\" aria-label=\"Read more about \u00danor v Kop\u0159ivnici: Hokejov\u00e9 bitvy, v\u00fdhry i drsn\u00e1 realita HC Tatra!\">Read more<\/a><\/p>\n","protected":false},"author":2,"featured_media":0,"parent":146,"menu_order":0,"comment_status":"closed","ping_status":"closed","template":"","meta":{"footnotes":""},"class_list":["post-149","page","type-page","status-publish"],"_links":{"self":[{"href":"https:\/\/hcismm.cz\/index.php\/wp-json\/wp\/v2\/pages\/149","targetHints":{"allow":["GET"]}}],"collection":[{"href":"https:\/\/hcismm.cz\/index.php\/wp-json\/wp\/v2\/pages"}],"about":[{"href":"https:\/\/hcismm.cz\/index.php\/wp-json\/wp\/v2\/types\/page"}],"author":[{"embeddable":true,"href":"https:\/\/hcismm.cz\/index.php\/wp-json\/wp\/v2\/users\/2"}],"replies":[{"embeddable":true,"href":"https:\/\/hcismm.cz\/index.php\/wp-json\/wp\/v2\/comments?post=149"}],"version-history":[{"count":0,"href":"https:\/\/hcismm.cz\/index.php\/wp-json\/wp\/v2\/pages\/149\/revisions"}],"up":[{"embeddable":true,"href":"https:\/\/hcismm.cz\/index.php\/wp-json\/wp\/v2\/pages\/146"}],"wp:attachment":[{"href":"https:\/\/hcismm.cz\/index.php\/wp-json\/wp\/v2\/media?parent=149"}],"curies":[{"name":"wp","href":"https:\/\/api.w.org\/{rel}","templated":true}]}}