{"id":158,"date":"2026-04-15T22:06:28","date_gmt":"2026-04-15T22:06:28","guid":{"rendered":"https:\/\/hcismm.cz\/index.php\/2021-4\/09-2\/20-2\/"},"modified":"2026-04-15T22:06:28","modified_gmt":"2026-04-15T22:06:28","slug":"20-2","status":"publish","type":"page","link":"https:\/\/hcismm.cz\/index.php\/2021-4\/09-2\/20-2\/","title":{"rendered":"HC Tatra Kop\u0159ivnice v akci: Jak dopadlo utk\u00e1n\u00ed z 20. z\u00e1\u0159\u00ed 2021?"},"content":{"rendered":"<p>Fanou\u0161ci hokeje, p\u0159ipravte se na ohl\u00e9dnut\u00ed za nap\u00ednav\u00fdm z\u00e1pasem HC Tatra Kop\u0159ivnice! Dne 20. z\u00e1\u0159\u00ed 2021 se na ledov\u00e9 plo\u0161e odehr\u00e1la d\u016fle\u017eit\u00e1 bitva, kter\u00e1 p\u0159inesla spoustu emoc\u00ed. Poj\u010fme se pod\u00edvat na podrobnosti tohoto utk\u00e1n\u00ed a zjistit, jak si na\u0161i hokejist\u00e9 vedli.<\/p>\n<h2>Prvn\u00ed t\u0159etina \u2013 Rozjezd pln\u00fd energie<\/h2>\n<p>Hned od za\u010d\u00e1tku z\u00e1pasu bylo jasn\u00e9, \u017ee oba t\u00fdmy cht\u011bj\u00ed dominovat. HC Tatra Kop\u0159ivnice vstoupila do utk\u00e1n\u00ed s velk\u00fdm nasazen\u00edm a agresivn\u00edm hokejem. Prvn\u00ed t\u0159etina byla pln\u00e1 rychl\u00fdch proti\u00fatok\u016f a ostr\u00fdch souboj\u016f.  U\u017e ve \u010dtvrt\u00e9 minut\u011b se poda\u0159ilo kop\u0159ivnick\u00fdm hokejist\u016fm vst\u0159elit prvn\u00ed branku, \u010d\u00edm\u017e nastartovali sv\u00e9 fanou\u0161ky! Hr\u00e1\u010di \u00fato\u010dili s vervou a brank\u00e1\u0159 soupe\u0159e musel p\u0159edv\u00e1d\u011bt skv\u011bl\u00e9 v\u00fdkony, aby udr\u017eel sk\u00f3re v rozumn\u00e9 m\u00ed\u0159e.  Prvn\u00ed t\u0159etina skon\u010dila v\u00fdsledkem 1:0 pro HC Tatra Kop\u0159ivnice.<\/p>\n<h2>Druh\u00e1 t\u0159etina \u2013 Obrat a boj o veden\u00ed<\/h2>\n<p>Druh\u00e1 t\u0159etina p\u0159inesla dramatick\u00fd obrat. Soupe\u0159 se probudil a za\u010dal \u00fato\u010dit s je\u0161t\u011b v\u011bt\u0161\u00ed intenzitou.  Hr\u00e1\u010di HC Tatry Kop\u0159ivnice se sice sna\u017eili dr\u017eet krok, ale soupe\u0159 byl ne\u00faprosn\u00fd. B\u011bhem pouh\u00fdch p\u011bti minut se jim poda\u0159ilo srovnat sk\u00f3re a n\u00e1sledn\u011b i oto\u010dit na 2:1.  Na\u0161i hokejist\u00e9 ale nezav\u00e1hali a dok\u00e1zali odpov\u011bd\u011bt rychl\u00fdm proti\u00fatokem, \u010d\u00edm\u017e se znovu dostali do hry.  Druh\u00e1 t\u0159etina skon\u010dila rem\u00edzou 2:2.  Pr\u00e1v\u011b v t\u00e9to \u010d\u00e1sti hry se uk\u00e1zala obrovsk\u00e1 bojovnost obou t\u00fdm\u016f.<\/p>\n<h2>T\u0159et\u00ed t\u0159etina \u2013 Rozhoduj\u00edc\u00ed duel<\/h2>\n<p>T\u0159et\u00ed t\u0159etina byla nap\u00ednav\u00e1 od za\u010d\u00e1tku do konce. Hr\u00e1\u010di HC Tatra Kop\u0159ivnice se sna\u017eili z\u00edskat zp\u011bt veden\u00ed, ale soupe\u0159 se br\u00e1nil zuby nehty.  Oba t\u00fdmy se st\u0159\u00eddaly v \u00fato\u010dn\u00fdch vln\u00e1ch a brank\u00e1\u0159i p\u0159edv\u00e1d\u011bli neuv\u011b\u0159iteln\u00e9 z\u00e1kroky.  V 55. minut\u011b se poda\u0159ilo na\u0161im hokejist\u016fm vst\u0159elit rozhoduj\u00edc\u00ed branku, \u010d\u00edm\u017e se dostali do veden\u00ed 3:2.  Soupe\u0159 sice tla\u010dil na vyrovn\u00e1n\u00ed, ale obrana HC Tatry Kop\u0159ivnice byla neprostupn\u00e1.  Z\u00e1pas skon\u010dil v\u00edt\u011bzstv\u00edm HC Tatra Kop\u0159ivnice 3:2!<\/p>\n<h3>Kl\u00ed\u010dov\u00ed hr\u00e1\u010di utk\u00e1n\u00ed<\/h3>\n<p>Mezi kl\u00ed\u010dov\u00e9 hr\u00e1\u010de HC Tatra Kop\u0159ivnice pat\u0159ili: <\/p>\n<ul>\n<li><strong>Petr Nov\u00e1k<\/strong> \u2013 Autor dvou g\u00f3l\u016f a skv\u011bl\u00fdch individu\u00e1ln\u00edch v\u00fdkon\u016f.<\/li>\n<li><strong>Jan Svoboda<\/strong> \u2013  V\u00fdborn\u00fd obr\u00e1nce, kter\u00fd se pod\u00edlel na udr\u017een\u00ed obrany a asistenc\u00edch.<\/li>\n<li><strong>Tom\u00e1\u0161 Vesel\u00fd<\/strong> \u2013 Brank\u00e1\u0159, kter\u00fd p\u0159edvedl n\u011bkolik kl\u00ed\u010dov\u00fdch z\u00e1krok\u016f a pomohl t\u00fdmu k v\u00edt\u011bzstv\u00ed.<\/li>\n<\/ul>\n<p>V\u00edt\u011bzstv\u00ed z 20. z\u00e1\u0159\u00ed 2021 bylo pro HC Tatra Kop\u0159ivnice cenn\u00fdm bodov\u00fdm ziskem a uk\u00e1zalo, \u017ee t\u00fdm m\u00e1 potenci\u00e1l bojovat o nejvy\u0161\u0161\u00ed p\u0159\u00ed\u010dky v sout\u011b\u017ei.  Pod\u00edvejte se na n\u00e1\u0161 web pravideln\u011b pro dal\u0161\u00ed informace o hokejov\u00e9m klubu HC Tatra Kop\u0159ivnice a sledujte n\u00e1s na soci\u00e1ln\u00edch s\u00edt\u00edch!<\/p>\n<p><strong>Nenechte si uj\u00edt dal\u0161\u00ed z\u00e1pasy a podpo\u0159te na\u0161e hokejisty!<\/strong><\/p>\n","protected":false},"excerpt":{"rendered":"<p>Fanou\u0161ci hokeje, p\u0159ipravte se na ohl\u00e9dnut\u00ed za nap\u00ednav\u00fdm z\u00e1pasem HC Tatra Kop\u0159ivnice! Dne 20. z\u00e1\u0159\u00ed 2021 se na ledov\u00e9 plo\u0161e odehr\u00e1la d\u016fle\u017eit\u00e1 bitva, kter\u00e1 p\u0159inesla spoustu emoc\u00ed. Poj\u010fme se pod\u00edvat na podrobnosti tohoto utk\u00e1n\u00ed a zjistit, jak si na\u0161i hokejist\u00e9 vedli. Prvn\u00ed t\u0159etina \u2013 Rozjezd pln\u00fd energie Hned od za\u010d\u00e1tku z\u00e1pasu bylo jasn\u00e9, \u017ee oba &#8230; <a title=\"HC Tatra Kop\u0159ivnice v akci: Jak dopadlo utk\u00e1n\u00ed z 20. z\u00e1\u0159\u00ed 2021?\" class=\"read-more\" href=\"https:\/\/hcismm.cz\/index.php\/2021-4\/09-2\/20-2\/\" aria-label=\"Read more about HC Tatra Kop\u0159ivnice v akci: Jak dopadlo utk\u00e1n\u00ed z 20. z\u00e1\u0159\u00ed 2021?\">Read more<\/a><\/p>\n","protected":false},"author":2,"featured_media":0,"parent":155,"menu_order":0,"comment_status":"closed","ping_status":"closed","template":"","meta":{"footnotes":""},"class_list":["post-158","page","type-page","status-publish"],"_links":{"self":[{"href":"https:\/\/hcismm.cz\/index.php\/wp-json\/wp\/v2\/pages\/158","targetHints":{"allow":["GET"]}}],"collection":[{"href":"https:\/\/hcismm.cz\/index.php\/wp-json\/wp\/v2\/pages"}],"about":[{"href":"https:\/\/hcismm.cz\/index.php\/wp-json\/wp\/v2\/types\/page"}],"author":[{"embeddable":true,"href":"https:\/\/hcismm.cz\/index.php\/wp-json\/wp\/v2\/users\/2"}],"replies":[{"embeddable":true,"href":"https:\/\/hcismm.cz\/index.php\/wp-json\/wp\/v2\/comments?post=158"}],"version-history":[{"count":0,"href":"https:\/\/hcismm.cz\/index.php\/wp-json\/wp\/v2\/pages\/158\/revisions"}],"up":[{"embeddable":true,"href":"https:\/\/hcismm.cz\/index.php\/wp-json\/wp\/v2\/pages\/155"}],"wp:attachment":[{"href":"https:\/\/hcismm.cz\/index.php\/wp-json\/wp\/v2\/media?parent=158"}],"curies":[{"name":"wp","href":"https:\/\/api.w.org\/{rel}","templated":true}]}}