{"id":206,"date":"2026-04-17T22:16:16","date_gmt":"2026-04-17T22:16:16","guid":{"rendered":"https:\/\/hcismm.cz\/index.php\/2022-3\/03-2\/05-2\/"},"modified":"2026-04-17T22:16:16","modified_gmt":"2026-04-17T22:16:16","slug":"05-2","status":"publish","type":"page","link":"https:\/\/hcismm.cz\/index.php\/2022-3\/03-2\/05-2\/","title":{"rendered":"Drama v Kop\u0159ivnici: HC Tatra v b\u0159eznu 2022 bojoval o ka\u017ed\u00fd bod!"},"content":{"rendered":"<p>B\u0159ezen 2022 byl pro hokejisty HC Tatra Kop\u0159ivnice n\u00e1ro\u010dn\u00fdm obdob\u00edm pln\u00fdm emoc\u00ed a boj\u016f o ka\u017ed\u00fd bod. V t\u00e9to report\u00e1\u017ei se pod\u00edv\u00e1me na kl\u00ed\u010dov\u00e9 momenty z utk\u00e1n\u00ed, kter\u00e9 se odehr\u00e1ly v tomto m\u011bs\u00edci a kter\u00e9 ovlivnily postaven\u00ed t\u00fdmu v sout\u011b\u017ei.<\/p>\n<h2>Utk\u00e1n\u00ed HC Tatra Kop\u0159ivnice \u2013 [N\u00e1zev soupe\u0159e 1]<\/h2>\n<p>Prvn\u00ed b\u0159eznov\u00e9 utk\u00e1n\u00ed sv\u00e1d\u011bli kop\u0159ivni\u010dt\u00ed hokejist\u00e9 proti siln\u00e9mu soupe\u0159i, t\u00fdmu [N\u00e1zev soupe\u0159e 1].  Z\u00e1pas byl od za\u010d\u00e1tku velmi vyrovnan\u00fd a pln\u00fd rychl\u00fdch proti\u00fatok\u016f.  U\u017e v prvn\u00ed t\u0159etin\u011b se oba t\u00fdmy st\u0159\u00eddaly ve veden\u00ed, a div\u00e1ci byli sv\u011bdky kr\u00e1sn\u00fdch akc\u00ed. **Kl\u00ed\u010dov\u00fdm hr\u00e1\u010dem HC Tatra Kop\u0159ivnice se stal [Jm\u00e9no hr\u00e1\u010de 1], kter\u00fd vst\u0159elil dva g\u00f3ly.**<\/p>\n<p>Druh\u00e1 t\u0159etina p\u0159inesla obrat.  Soupe\u0159 zv\u00fd\u0161il na 3:2 a zd\u00e1lo se, \u017ee p\u0159ej\u00edm\u00e1 iniciativu.  Tren\u00e9r HC Tatra Kop\u0159ivnice reagoval st\u0159\u00edd\u00e1n\u00edm a povzbuzoval t\u00fdm k v\u011bt\u0161\u00ed aktivit\u011b.  \u00dasil\u00ed se vyplatilo a je\u0161t\u011b p\u0159ed koncem druh\u00e9 t\u0159etiny se poda\u0159ilo srovnat na 3:3.<\/p>\n<p>T\u0159et\u00ed t\u0159etina byla pln\u00e1 nap\u011bt\u00ed.  Hr\u00e1\u010di bojovali o ka\u017ed\u00fd centimetr ledu a brank\u00e1\u0159i p\u0159edv\u00e1d\u011bli skv\u011bl\u00e9 z\u00e1kroky.  Rozhoduj\u00edc\u00ed g\u00f3l vst\u0159elil [Jm\u00e9no hr\u00e1\u010de 2] v p\u0159esilov\u00e9 h\u0159e, \u010d\u00edm\u017e zajistil HC Tatra Kop\u0159ivnice t\u011bsn\u00e9 v\u00edt\u011bzstv\u00ed 4:3.<\/p>\n<h2>Utk\u00e1n\u00ed HC Tatra Kop\u0159ivnice \u2013 [N\u00e1zev soupe\u0159e 2]<\/h2>\n<p>Dal\u0161\u00ed utk\u00e1n\u00ed se odehr\u00e1lo proti t\u00fdmu [N\u00e1zev soupe\u0159e 2]. Tentokr\u00e1t se kop\u0159ivnick\u00fdm hokejist\u016fm tolik neda\u0159ilo. Soupe\u0159 byl siln\u011bj\u0161\u00ed a agresivn\u011bj\u0161\u00ed, a od za\u010d\u00e1tku utk\u00e1n\u00ed dominoval na led\u011b.  **Hr\u00e1\u010di HC Tatra Kop\u0159ivnice se sna\u017eili hr\u00e1t kombina\u010dn\u011b, ale neda\u0159ilo se jim p\u0159ekonat obranu soupe\u0159e.**<\/p>\n<p>Prvn\u00ed t\u0159etina skon\u010dila v\u00fdsledkem 2:0 pro soupe\u0159e.  Ve druh\u00e9 t\u0159etin\u011b se hra vyrovnala, ale soupe\u0159 st\u00e1le kontroloval pr\u016fb\u011bh utk\u00e1n\u00ed a zv\u00fd\u0161il na 4:0.  T\u0159et\u00ed t\u0159etina u\u017e byla pouze dohr\u00e1vkou a soupe\u0159 nakonec zv\u00edt\u011bzil 6:1.<\/p>\n<h3>Zhodnocen\u00ed b\u0159eznov\u00fdch z\u00e1pas\u016f<\/h3>\n<p>B\u0159ezen 2022 byl pro HC Tatra Kop\u0159ivnice sm\u00ed\u0161en\u00fdm m\u011bs\u00edcem.  T\u00fdm dok\u00e1zal porazit siln\u00e9ho soupe\u0159e, ale tak\u00e9 utrp\u011bl prohru.  D\u016fle\u017eit\u00e9 je, \u017ee hr\u00e1\u010di bojovali a nevzd\u00e1vali se.  **V p\u0159\u00ed\u0161t\u00edch utk\u00e1n\u00edch se budou sna\u017eit nav\u00e1zat na dobr\u00e9 v\u00fdkony a z\u00edskat co nejv\u00edce bod\u016f.**<\/p>\n<p>Fanou\u0161ci HC Tatra Kop\u0159ivnice nad\u00e1le v\u011b\u0159\u00ed v s\u00edlu t\u00fdmu a t\u011b\u0161\u00ed se na dal\u0161\u00ed hokejov\u00e9 utk\u00e1n\u00ed.  Podpora fanou\u0161k\u016f je pro hr\u00e1\u010de kl\u00ed\u010dov\u00e1 a motivuje je k lep\u0161\u00edm v\u00fdkon\u016fm.<\/p>\n<p>Sledujte web hcismm.cz pro dal\u0161\u00ed informace o hokejov\u00e9m klubu HC Tatra Kop\u0159ivnice a aktu\u00e1ln\u00ed v\u00fdsledky.<\/p>\n","protected":false},"excerpt":{"rendered":"<p>B\u0159ezen 2022 byl pro hokejisty HC Tatra Kop\u0159ivnice n\u00e1ro\u010dn\u00fdm obdob\u00edm pln\u00fdm emoc\u00ed a boj\u016f o ka\u017ed\u00fd bod. V t\u00e9to report\u00e1\u017ei se pod\u00edv\u00e1me na kl\u00ed\u010dov\u00e9 momenty z utk\u00e1n\u00ed, kter\u00e9 se odehr\u00e1ly v tomto m\u011bs\u00edci a kter\u00e9 ovlivnily postaven\u00ed t\u00fdmu v sout\u011b\u017ei. Utk\u00e1n\u00ed HC Tatra Kop\u0159ivnice \u2013 [N\u00e1zev soupe\u0159e 1] Prvn\u00ed b\u0159eznov\u00e9 utk\u00e1n\u00ed sv\u00e1d\u011bli kop\u0159ivni\u010dt\u00ed hokejist\u00e9 proti &#8230; <a title=\"Drama v Kop\u0159ivnici: HC Tatra v b\u0159eznu 2022 bojoval o ka\u017ed\u00fd bod!\" class=\"read-more\" href=\"https:\/\/hcismm.cz\/index.php\/2022-3\/03-2\/05-2\/\" aria-label=\"Read more about Drama v Kop\u0159ivnici: HC Tatra v b\u0159eznu 2022 bojoval o ka\u017ed\u00fd bod!\">Read more<\/a><\/p>\n","protected":false},"author":2,"featured_media":0,"parent":203,"menu_order":0,"comment_status":"closed","ping_status":"closed","template":"","meta":{"footnotes":""},"class_list":["post-206","page","type-page","status-publish"],"_links":{"self":[{"href":"https:\/\/hcismm.cz\/index.php\/wp-json\/wp\/v2\/pages\/206","targetHints":{"allow":["GET"]}}],"collection":[{"href":"https:\/\/hcismm.cz\/index.php\/wp-json\/wp\/v2\/pages"}],"about":[{"href":"https:\/\/hcismm.cz\/index.php\/wp-json\/wp\/v2\/types\/page"}],"author":[{"embeddable":true,"href":"https:\/\/hcismm.cz\/index.php\/wp-json\/wp\/v2\/users\/2"}],"replies":[{"embeddable":true,"href":"https:\/\/hcismm.cz\/index.php\/wp-json\/wp\/v2\/comments?post=206"}],"version-history":[{"count":0,"href":"https:\/\/hcismm.cz\/index.php\/wp-json\/wp\/v2\/pages\/206\/revisions"}],"up":[{"embeddable":true,"href":"https:\/\/hcismm.cz\/index.php\/wp-json\/wp\/v2\/pages\/203"}],"wp:attachment":[{"href":"https:\/\/hcismm.cz\/index.php\/wp-json\/wp\/v2\/media?parent=206"}],"curies":[{"name":"wp","href":"https:\/\/api.w.org\/{rel}","templated":true}]}}