{"id":218,"date":"2026-04-18T22:01:15","date_gmt":"2026-04-18T22:01:15","guid":{"rendered":"https:\/\/hcismm.cz\/index.php\/2019-3\/01-2\/15-2\/preview-32-kola-hc-tatra-koprivnice-hc-slezan-opava\/"},"modified":"2026-04-18T22:01:15","modified_gmt":"2026-04-18T22:01:15","slug":"preview-32-kola-hc-tatra-koprivnice-hc-slezan-opava","status":"publish","type":"page","link":"https:\/\/hcismm.cz\/index.php\/2019-3\/01-2\/15-2\/preview-32-kola-hc-tatra-koprivnice-hc-slezan-opava\/","title":{"rendered":"Kop\u0159ivnice proti Opav\u011b: Bitva o body a postup!"},"content":{"rendered":"<p>Hokejov\u00ed fanou\u0161ci se p\u0159ipravte! HC Tatra Kop\u0159ivnice se v 32. kole hokejov\u00e9 ligy utk\u00e1 s HC Slezanem Opava v z\u00e1pase, kter\u00fd m\u016f\u017ee m\u00edt z\u00e1sadn\u00ed vliv na boj o play-off. P\u0159e\u010dt\u011bte si n\u00e1\u0161 detailn\u00ed preview, abyste byli p\u0159ipraveni na tuto nap\u00ednavou pod\u00edvanou!<\/p>\n<h2>Soupe\u0159 v detailu: HC Slezan Opava<\/h2>\n<p>HC Slezan Opava se v leto\u0161n\u00ed sez\u00f3n\u011b prezentuje jako hou\u017eevnat\u00fd t\u00fdm s kvalitn\u00ed ofenzivou. Jejich hra je postaven\u00e1 na rychl\u00fdch proti\u00fatoc\u00edch a nebezpe\u010dn\u00fdch st\u0159el\u00e1ch.  **Kl\u00ed\u010dov\u00fdmi hr\u00e1\u010di** Opavy jsou zejm\u00e9na \u00fato\u010dn\u00edci Jan Proch\u00e1zka a Tom\u00e1\u0161 Sedl\u00e1\u010dek, kte\u0159\u00ed pravideln\u011b boduj\u00ed.  Slezan\u00e9 se v posledn\u00edch z\u00e1pasech pot\u00fdkali s ob\u010dasn\u00fdmi v\u00fdpadky v defenziv\u011b, co\u017e by Kop\u0159ivnice mohla vyu\u017e\u00edt.<\/p>\n<h2>Kop\u0159ivnice pod lupou: Posledn\u00ed v\u00fdkony a slo\u017een\u00ed k\u00e1dru<\/h2>\n<p>HC Tatra Kop\u0159ivnice vstoupila do druh\u00e9 poloviny sez\u00f3ny s ambicemi na play-off.  Posledn\u00ed v\u00fdsledky v\u0161ak byly sm\u00ed\u0161en\u00e9 &#8211; t\u00fdm st\u0159\u00eddal dobr\u00e9 v\u00fdkony s ne\u010dekan\u00fdmi prohrami.  **Silnou str\u00e1nkou** Kop\u0159ivnice je solidn\u00ed brank\u00e1\u0159sk\u00fd post, kde se da\u0159\u00ed brank\u00e1\u0159i Davidu Honz\u00edkovi.  V \u00fatoku se spol\u00e9h\u00e1 na zku\u0161en\u00e9 matadory, ale i na mlad\u00e9 talenty, kter\u00e9 se postupn\u011b prosazuj\u00ed do sestavy.<\/p>\n<h3>Kdo bude chyb\u011bt v sestav\u011b Kop\u0159ivnice?<\/h3>\n<p>Zran\u011bn\u00ed tr\u00e1p\u00ed obr\u00e1nce Martina Nov\u00e1ka, kter\u00fd se zotavuje z natr\u017een\u00e9ho vazu.  D\u00e1le je nejist\u00fd start \u00fato\u010dn\u00edka Petra Svobody, kter\u00fd se pot\u00fdk\u00e1 s ch\u0159ipkov\u00fdm onemocn\u011bn\u00edm.  Tren\u00e9rsk\u00fd t\u00fdm se sna\u017e\u00ed naj\u00edt adekv\u00e1tn\u00ed n\u00e1hradu za tyto kl\u00ed\u010dov\u00e9 hr\u00e1\u010de.<\/p>\n<h2>Kl\u00ed\u010dov\u00e9 aspekty z\u00e1pasu<\/h2>\n<ul>\n<li><strong>Obrann\u00e1 stabilita:<\/strong> Kop\u0159ivnice mus\u00ed zlep\u0161it hru v obran\u011b a minimalizovat chyby, kter\u00e9 mohly v\u00e9st k inkasov\u00e1n\u00ed g\u00f3l\u016f v minul\u00fdch z\u00e1pasech.<\/li>\n<li><strong>Vyu\u017eit\u00ed p\u0159esilov\u00fdch her:<\/strong> Efektivita v p\u0159esilov\u00fdch hr\u00e1ch bude kl\u00ed\u010dov\u00e1 pro z\u00edsk\u00e1n\u00ed bod\u016f.  Kop\u0159ivnice mus\u00ed prom\u011b\u0148ovat \u0161ance a vyu\u017e\u00edvat po\u010detn\u00ed p\u0159evahy.<\/li>\n<li><strong>Boj o st\u0159edn\u00ed p\u00e1smo:<\/strong> Kontrola st\u0159edn\u00edho p\u00e1sma rozhodne o tom, kter\u00fd t\u00fdm bude diktovat tempo hry.<\/li>\n<\/ul>\n<h2>O\u010dek\u00e1van\u00e1 sestava HC Tatra Kop\u0159ivnice<\/h2>\n<p>Honz\u00edk (brank\u00e1\u0159) &#8211; Dvo\u0159\u00e1k, Novotn\u00fd, Vesel\u00fd, Kov\u00e1\u0159 &#8211; Hol\u00fd, Pro\u0161ek, \u010cern\u00fd &#8211; R\u016f\u017ei\u010dka, Marek, Pol\u00e1k &#8211; Jel\u00ednek, Svoboda (pokud bude fit), Kr\u00e1l.<\/p>\n<p>Z\u00e1pas HC Tatra Kop\u0159ivnice proti HC Slezanu Opava slibuje b\u00fdt atraktivn\u00ed hokejovou bitvou.  Nenechte si ji uj\u00edt a podpo\u0159te n\u00e1\u0161 t\u00fdm na cest\u011b za play-off!<\/p>\n<p>Sledujte n\u00e1\u0161 web hcismm.cz pro dal\u0161\u00ed informace a report\u00e1\u017ee z hokejov\u00e9ho d\u011bn\u00ed v Kop\u0159ivnici.<\/p>\n","protected":false},"excerpt":{"rendered":"<p>Hokejov\u00ed fanou\u0161ci se p\u0159ipravte! HC Tatra Kop\u0159ivnice se v 32. kole hokejov\u00e9 ligy utk\u00e1 s HC Slezanem Opava v z\u00e1pase, kter\u00fd m\u016f\u017ee m\u00edt z\u00e1sadn\u00ed vliv na boj o play-off. P\u0159e\u010dt\u011bte si n\u00e1\u0161 detailn\u00ed preview, abyste byli p\u0159ipraveni na tuto nap\u00ednavou pod\u00edvanou! Soupe\u0159 v detailu: HC Slezan Opava HC Slezan Opava se v leto\u0161n\u00ed sez\u00f3n\u011b prezentuje &#8230; <a title=\"Kop\u0159ivnice proti Opav\u011b: Bitva o body a postup!\" class=\"read-more\" href=\"https:\/\/hcismm.cz\/index.php\/2019-3\/01-2\/15-2\/preview-32-kola-hc-tatra-koprivnice-hc-slezan-opava\/\" aria-label=\"Read more about Kop\u0159ivnice proti Opav\u011b: Bitva o body a postup!\">Read more<\/a><\/p>\n","protected":false},"author":2,"featured_media":0,"parent":215,"menu_order":0,"comment_status":"closed","ping_status":"closed","template":"","meta":{"footnotes":""},"class_list":["post-218","page","type-page","status-publish"],"_links":{"self":[{"href":"https:\/\/hcismm.cz\/index.php\/wp-json\/wp\/v2\/pages\/218","targetHints":{"allow":["GET"]}}],"collection":[{"href":"https:\/\/hcismm.cz\/index.php\/wp-json\/wp\/v2\/pages"}],"about":[{"href":"https:\/\/hcismm.cz\/index.php\/wp-json\/wp\/v2\/types\/page"}],"author":[{"embeddable":true,"href":"https:\/\/hcismm.cz\/index.php\/wp-json\/wp\/v2\/users\/2"}],"replies":[{"embeddable":true,"href":"https:\/\/hcismm.cz\/index.php\/wp-json\/wp\/v2\/comments?post=218"}],"version-history":[{"count":0,"href":"https:\/\/hcismm.cz\/index.php\/wp-json\/wp\/v2\/pages\/218\/revisions"}],"up":[{"embeddable":true,"href":"https:\/\/hcismm.cz\/index.php\/wp-json\/wp\/v2\/pages\/215"}],"wp:attachment":[{"href":"https:\/\/hcismm.cz\/index.php\/wp-json\/wp\/v2\/media?parent=218"}],"curies":[{"name":"wp","href":"https:\/\/api.w.org\/{rel}","templated":true}]}}