{"id":230,"date":"2026-04-18T22:06:13","date_gmt":"2026-04-18T22:06:13","guid":{"rendered":"https:\/\/hcismm.cz\/index.php\/2023-6\/12-2\/19-2\/8673-2\/"},"modified":"2026-04-18T22:06:13","modified_gmt":"2026-04-18T22:06:13","slug":"8673-2","status":"publish","type":"page","link":"https:\/\/hcismm.cz\/index.php\/2023-6\/12-2\/19-2\/8673-2\/","title":{"rendered":"HC Tatra Kop\u0159ivnice v prosinci: Posily, v\u00fdsledky a pl\u00e1ny do jara!"},"content":{"rendered":"<p>Prosinec byl pro hokejov\u00fd klub HC Tatra Kop\u0159ivnice m\u011bs\u00edc pln\u00fd d\u011bn\u00ed. P\u0159in\u00e1\u0161\u00edme v\u00e1m souhrn nejv\u00fdznamn\u011bj\u0161\u00edch ud\u00e1lost\u00ed, v\u00fdsledk\u016f a pohled do budoucna. Jak se t\u00fdmu da\u0159\u00ed a co fanou\u0161ky \u010dek\u00e1 v nov\u00e9m roce?<\/p>\n<h2>Sou\u010dasn\u00e1 situace v tabulce<\/h2>\n<p>HC Tatra Kop\u0159ivnice se nach\u00e1z\u00ed v n\u00e1ro\u010dn\u00e9 konkurenci, ale i p\u0159es to se da\u0159\u00ed pod\u00e1vat solidn\u00ed v\u00fdkony.  T\u00fdm se v prosinci posunul v tabulce o dv\u011b p\u0159\u00ed\u010dky nahoru d\u00edky s\u00e9rii dobr\u00fdch z\u00e1pas\u016f.  Aktu\u00e1ln\u00ed postaven\u00ed v lize je na sedm\u00e9m m\u00edst\u011b, co\u017e je slibn\u00fd v\u00fdchoz\u00ed bod pro jarn\u00ed \u010d\u00e1st sez\u00f3ny.<\/p>\n<h2>Posily do k\u00e1dru<\/h2>\n<p>V pr\u016fb\u011bhu prosince veden\u00ed klubu ozn\u00e1milo posily do k\u00e1dru. P\u0159i\u0161el \u00fato\u010dn\u00edk Jan Nov\u00e1k, kter\u00fd m\u00e1 zku\u0161enosti z vy\u0161\u0161\u00edch sout\u011b\u017e\u00ed a slibuje zv\u00fd\u0161it ofenzivn\u00ed potenci\u00e1l t\u00fdmu. D\u00e1le se do Kop\u0159ivnice vrac\u00ed obr\u00e1nce Petr Svoboda, kter\u00fd byl v minulosti kl\u00ed\u010dov\u00fdm hr\u00e1\u010dem defenzivy.  **Tyto posily maj\u00ed pomoci t\u00fdmu v boji o lep\u0161\u00ed pozici v tabulce.**<\/p>\n<h2>V\u00fdsledky v prosinci<\/h2>\n<p>Prosinec p\u0159inesl mix \u00fasp\u011bch\u016f a ne\u00fasp\u011bch\u016f. T\u00fdm odehr\u00e1l celkem p\u011bt z\u00e1pas\u016f s n\u00e1sleduj\u00edc\u00ed bilanc\u00ed:<\/p>\n<ul>\n<li>HC Tatra Kop\u0159ivnice \u2013 HC Vset\u00edn 3:2 (v\u00fdhra)<\/li>\n<li>HK 36 Skalica \u2013 HC Tatra Kop\u0159ivnice 5:1 (prohra)<\/li>\n<li>HC Fr\u00fddek-M\u00edstek \u2013 HC Tatra Kop\u0159ivnice 2:2 (rem\u00edza)<\/li>\n<li>HC Tatra Kop\u0159ivnice \u2013 IHC Kometa Brno B 4:3 (v\u00fdhra)<\/li>\n<li>HC Poruba \u2013 HC Tatra Kop\u0159ivnice 6:2 (prohra)<\/li>\n<\/ul>\n<p>Z\u00e1pasy s Kometa Brno B a Vset\u00ednem byly obzvl\u00e1\u0161\u0165 divok\u00e9 a nab\u00eddly fanou\u0161k\u016fm spoustu emoc\u00ed. Navzdory prohr\u00e1m s Skalic\u00ed a Porubou se t\u00fdm sna\u017e\u00ed bojovat v ka\u017ed\u00e9m utk\u00e1n\u00ed.<\/p>\n<h2>Pl\u00e1ny do jara<\/h2>\n<p>Veden\u00ed klubu se zam\u011b\u0159uje na p\u0159\u00edpravu na jarn\u00ed \u010d\u00e1st sez\u00f3ny.  Krom\u011b posilov\u00e1n\u00ed k\u00e1dru se pracuje na zlep\u0161en\u00ed taktick\u00e9 vysp\u011blosti a fyzick\u00e9 p\u0159ipravenosti hr\u00e1\u010d\u016f.  Tren\u00e9rsk\u00fd t\u00fdm pl\u00e1nuje s\u00e9rii intenzivn\u00edch tr\u00e9nink\u016f a p\u0159\u00edpravn\u00fdch z\u00e1pas\u016f. **Hlavn\u00edm c\u00edlem je stabilizovat v\u00fdkonnost a postoupit do play-off.**<\/p>\n<h3>P\u0159\u00edpravn\u00e9 z\u00e1pasy<\/h3>\n<p>V lednu se HC Tatra Kop\u0159ivnice z\u00fa\u010dastn\u00ed turnaje v T\u0159inci, kde se utk\u00e1 s dal\u0161\u00edmi siln\u00fdmi soupe\u0159i.  Tyto z\u00e1pasy budou d\u016fle\u017eitou prov\u011brkou p\u0159ed za\u010d\u00e1tkem jarn\u00ed \u010d\u00e1sti ligy.  Fanou\u0161ci se mohou t\u011b\u0161it na kvalitn\u00ed hokej a mo\u017enost vid\u011bt t\u00fdm v akci.<\/p>\n<p>Sledujte n\u00e1\u0161 web a soci\u00e1ln\u00ed s\u00edt\u011b pro dal\u0161\u00ed informace a aktu\u00e1ln\u00ed zpr\u00e1vy o HC Tatra Kop\u0159ivnice!<\/p>\n","protected":false},"excerpt":{"rendered":"<p>Prosinec byl pro hokejov\u00fd klub HC Tatra Kop\u0159ivnice m\u011bs\u00edc pln\u00fd d\u011bn\u00ed. P\u0159in\u00e1\u0161\u00edme v\u00e1m souhrn nejv\u00fdznamn\u011bj\u0161\u00edch ud\u00e1lost\u00ed, v\u00fdsledk\u016f a pohled do budoucna. Jak se t\u00fdmu da\u0159\u00ed a co fanou\u0161ky \u010dek\u00e1 v nov\u00e9m roce? Sou\u010dasn\u00e1 situace v tabulce HC Tatra Kop\u0159ivnice se nach\u00e1z\u00ed v n\u00e1ro\u010dn\u00e9 konkurenci, ale i p\u0159es to se da\u0159\u00ed pod\u00e1vat solidn\u00ed v\u00fdkony. T\u00fdm se &#8230; <a title=\"HC Tatra Kop\u0159ivnice v prosinci: Posily, v\u00fdsledky a pl\u00e1ny do jara!\" class=\"read-more\" href=\"https:\/\/hcismm.cz\/index.php\/2023-6\/12-2\/19-2\/8673-2\/\" aria-label=\"Read more about HC Tatra Kop\u0159ivnice v prosinci: Posily, v\u00fdsledky a pl\u00e1ny do jara!\">Read more<\/a><\/p>\n","protected":false},"author":2,"featured_media":0,"parent":227,"menu_order":0,"comment_status":"closed","ping_status":"closed","template":"","meta":{"footnotes":""},"class_list":["post-230","page","type-page","status-publish"],"_links":{"self":[{"href":"https:\/\/hcismm.cz\/index.php\/wp-json\/wp\/v2\/pages\/230","targetHints":{"allow":["GET"]}}],"collection":[{"href":"https:\/\/hcismm.cz\/index.php\/wp-json\/wp\/v2\/pages"}],"about":[{"href":"https:\/\/hcismm.cz\/index.php\/wp-json\/wp\/v2\/types\/page"}],"author":[{"embeddable":true,"href":"https:\/\/hcismm.cz\/index.php\/wp-json\/wp\/v2\/users\/2"}],"replies":[{"embeddable":true,"href":"https:\/\/hcismm.cz\/index.php\/wp-json\/wp\/v2\/comments?post=230"}],"version-history":[{"count":0,"href":"https:\/\/hcismm.cz\/index.php\/wp-json\/wp\/v2\/pages\/230\/revisions"}],"up":[{"embeddable":true,"href":"https:\/\/hcismm.cz\/index.php\/wp-json\/wp\/v2\/pages\/227"}],"wp:attachment":[{"href":"https:\/\/hcismm.cz\/index.php\/wp-json\/wp\/v2\/media?parent=230"}],"curies":[{"name":"wp","href":"https:\/\/api.w.org\/{rel}","templated":true}]}}