{"id":242,"date":"2026-04-18T22:16:15","date_gmt":"2026-04-18T22:16:15","guid":{"rendered":"https:\/\/hcismm.cz\/index.php\/2018-2\/09-2\/13-2\/"},"modified":"2026-04-18T22:16:15","modified_gmt":"2026-04-18T22:16:15","slug":"13-2","status":"publish","type":"page","link":"https:\/\/hcismm.cz\/index.php\/2018-2\/09-2\/13-2\/","title":{"rendered":"Kop\u0159ivnice v euforii! Jak HC Tatra rozdrtil soupe\u0159e 13. z\u00e1\u0159\u00ed 2018"},"content":{"rendered":"<p>Fanou\u0161ci hokeje v Kop\u0159ivnici si 13. z\u00e1\u0159\u00ed 2018 u\u017eili nezapomenuteln\u00fd ve\u010der. HC Tatra Kop\u0159ivnice p\u0159edvedl dominantn\u00ed v\u00fdkon a porazil sv\u00e9ho soupe\u0159e s p\u0159esv\u011bd\u010div\u00fdm v\u00fdsledkem. Poj\u010fme se spole\u010dn\u011b pod\u00edvat na kl\u00ed\u010dov\u00e9 momenty tohoto z\u00e1pasu a atmosf\u00e9ru, kter\u00e1 panovala v hale.<\/p>\n<h2>Prvn\u00ed t\u0159etina: Hork\u00fd \u00favod a rychd\u00fd g\u00f3l<\/h2>\n<p>U\u017e v prvn\u00edch minut\u00e1ch bylo jasn\u00e9, \u017ee HC Tatra nastoup\u00ed s odhodl\u00e1n\u00edm. Hr\u00e1\u010di se neb\u00e1li agresivn\u00edho forecheckingu a sna\u017eili se soupe\u0159e dostat pod tlak.  \u00dasil\u00ed se vyplatilo a u\u017e v p\u00e1t\u00e9 minut\u011b se prosadil kapit\u00e1n t\u00fdmu, Petr Nov\u00e1k, kr\u00e1snou st\u0159elou z kruhu. Hala vybuchla nad\u0161en\u00edm!  Tento brzk\u00fd g\u00f3l nastartoval dom\u00e1c\u00ed t\u00fdm a dal mu obrovskou mor\u00e1ln\u00ed v\u00fdhodu.<\/p>\n<h2>Druh\u00e1 t\u0159etina: Soupe\u0159 se br\u00e1n\u00ed, Tatra \u00fato\u010d\u00ed<\/h2>\n<p>Soupe\u0159 se ve druh\u00e9 t\u0159etin\u011b st\u00e1hl do obrany a sna\u017eil se minimalizovat ztr\u00e1ty.  Kop\u0159ivnick\u00fd t\u00fdm v\u0161ak nep\u0159estal \u00fato\u010dit a vytv\u00e1\u0159el si \u0161ance za \u0161anc\u00ed.  Brank\u00e1\u0159 soupe\u0159e p\u0159edvedl n\u011bkolik skv\u011bl\u00fdch z\u00e1krok\u016f, ale ve dvac\u00e1t\u00e9 minut\u011b se prosadil mlad\u00edk Jan Svoboda, kter\u00fd elegantn\u011b obelstil obr\u00e1nce a poslal kotou\u010d do s\u00edt\u011b.  Sk\u00f3re se tak zv\u00fd\u0161ilo na 2:0.<\/p>\n<h2>T\u0159et\u00ed t\u0159etina: Rozhoduj\u00edc\u00ed momenty a kone\u010dn\u00fd v\u00fdsledek<\/h2>\n<p>T\u0159et\u00ed t\u0159etina byla nap\u00ednav\u00e1 a\u017e do samotn\u00e9ho konce. Soupe\u0159 se sna\u017eil sn\u00ed\u017eit veden\u00ed, ale obrana HC Tatra byla neprostupn\u00e1.  V pades\u00e1t\u00e9 minut\u011b se v\u0161ak host\u016fm poda\u0159ilo vst\u0159elit kontaktn\u00ed g\u00f3l.  Nap\u011bt\u00ed stouplo, ale kop\u0159ivni\u010dt\u00ed hokejist\u00e9 nezav\u00e1hali.  V pades\u00e1t\u00e9 sedm\u00e9 minut\u011b se prosadil Tom\u00e1\u0161 Dvo\u0159\u00e1k, \u010d\u00edm\u017e pe\u010detil v\u00edt\u011bzstv\u00ed HC Tatra Kop\u0159ivnice.  <strong class=\"highlight\">Kone\u010dn\u00fd v\u00fdsledek byl 3:1 pro dom\u00e1c\u00ed t\u00fdm.<\/strong><\/p>\n<h2>Kl\u00ed\u010dov\u00ed hr\u00e1\u010di a statistiky<\/h2>\n<p>Krom\u011b ji\u017e zm\u00edn\u011bn\u00fdch hr\u00e1\u010d\u016f se v\u00fdborn\u011b prezentoval i brank\u00e1\u0159 Martin Proch\u00e1zka, kter\u00fd zlikvidoval p\u0159es dvacet st\u0159el.  Z\u00e1sadn\u00ed roli hr\u00e1l i \u00fato\u010dn\u00edk Luk\u00e1\u0161 Jel\u00ednek, kter\u00fd se pod\u00edlel na n\u011bkolika \u00fato\u010dn\u00fdch akc\u00edch.  <\/p>\n<ul>\n<li>Petr Nov\u00e1k \u2013 1 g\u00f3l<\/li>\n<li>Jan Svoboda \u2013 1 g\u00f3l<\/li>\n<li>Tom\u00e1\u0161 Dvo\u0159\u00e1k \u2013 1 g\u00f3l<\/li>\n<li>Martin Proch\u00e1zka \u2013 22 \u00fasp\u011b\u0161n\u00fdch z\u00e1krok\u016f<\/li>\n<\/ul>\n<p>Tento z\u00e1pas uk\u00e1zal, \u017ee HC Tatra Kop\u0159ivnice m\u00e1 siln\u00fd t\u00fdm a ambice bojovat o p\u0159edn\u00ed p\u0159\u00ed\u010dky v sout\u011b\u017ei.  Fanou\u0161ci se mohou t\u011b\u0161it na dal\u0161\u00ed vzru\u0161uj\u00edc\u00ed hokejov\u00e9 ve\u010dery!<\/p>\n<p><strong>A\u0165 \u017eije HC Tatra Kop\u0159ivnice!<\/strong><\/p>\n","protected":false},"excerpt":{"rendered":"<p>Fanou\u0161ci hokeje v Kop\u0159ivnici si 13. z\u00e1\u0159\u00ed 2018 u\u017eili nezapomenuteln\u00fd ve\u010der. HC Tatra Kop\u0159ivnice p\u0159edvedl dominantn\u00ed v\u00fdkon a porazil sv\u00e9ho soupe\u0159e s p\u0159esv\u011bd\u010div\u00fdm v\u00fdsledkem. Poj\u010fme se spole\u010dn\u011b pod\u00edvat na kl\u00ed\u010dov\u00e9 momenty tohoto z\u00e1pasu a atmosf\u00e9ru, kter\u00e1 panovala v hale. Prvn\u00ed t\u0159etina: Hork\u00fd \u00favod a rychd\u00fd g\u00f3l U\u017e v prvn\u00edch minut\u00e1ch bylo jasn\u00e9, \u017ee HC Tatra &#8230; <a title=\"Kop\u0159ivnice v euforii! Jak HC Tatra rozdrtil soupe\u0159e 13. z\u00e1\u0159\u00ed 2018\" class=\"read-more\" href=\"https:\/\/hcismm.cz\/index.php\/2018-2\/09-2\/13-2\/\" aria-label=\"Read more about Kop\u0159ivnice v euforii! Jak HC Tatra rozdrtil soupe\u0159e 13. z\u00e1\u0159\u00ed 2018\">Read more<\/a><\/p>\n","protected":false},"author":2,"featured_media":0,"parent":239,"menu_order":0,"comment_status":"closed","ping_status":"closed","template":"","meta":{"footnotes":""},"class_list":["post-242","page","type-page","status-publish"],"_links":{"self":[{"href":"https:\/\/hcismm.cz\/index.php\/wp-json\/wp\/v2\/pages\/242","targetHints":{"allow":["GET"]}}],"collection":[{"href":"https:\/\/hcismm.cz\/index.php\/wp-json\/wp\/v2\/pages"}],"about":[{"href":"https:\/\/hcismm.cz\/index.php\/wp-json\/wp\/v2\/types\/page"}],"author":[{"embeddable":true,"href":"https:\/\/hcismm.cz\/index.php\/wp-json\/wp\/v2\/users\/2"}],"replies":[{"embeddable":true,"href":"https:\/\/hcismm.cz\/index.php\/wp-json\/wp\/v2\/comments?post=242"}],"version-history":[{"count":0,"href":"https:\/\/hcismm.cz\/index.php\/wp-json\/wp\/v2\/pages\/242\/revisions"}],"up":[{"embeddable":true,"href":"https:\/\/hcismm.cz\/index.php\/wp-json\/wp\/v2\/pages\/239"}],"wp:attachment":[{"href":"https:\/\/hcismm.cz\/index.php\/wp-json\/wp\/v2\/media?parent=242"}],"curies":[{"name":"wp","href":"https:\/\/api.w.org\/{rel}","templated":true}]}}