{"id":251,"date":"2026-04-18T22:21:12","date_gmt":"2026-04-18T22:21:12","guid":{"rendered":"https:\/\/hcismm.cz\/index.php\/2019-4\/10-2\/02-2\/"},"modified":"2026-04-18T22:21:12","modified_gmt":"2026-04-18T22:21:12","slug":"02-2","status":"publish","type":"page","link":"https:\/\/hcismm.cz\/index.php\/2019-4\/10-2\/02-2\/","title":{"rendered":"Bitva v Kop\u0159ivnici: Jak HC Tatra bojoval s [N\u00e1zev Soupe\u0159e] 2. \u0159\u00edjna 2019"},"content":{"rendered":"<p>Dne 2. \u0159\u00edjna 2019 se hokejov\u00ed fanou\u0161ci v Kop\u0159ivnici se\u0161li, aby podpo\u0159ili sv\u016fj t\u00fdm, HC Tatra Kop\u0159ivnice, v d\u016fle\u017eit\u00e9m z\u00e1pase proti [N\u00e1zev Soupe\u0159e]. Atmosf\u00e9ra byla elektrizuj\u00edc\u00ed a div\u00e1ci se do\u010dkali nap\u00ednav\u00e9 pod\u00edvan\u00e9. Poj\u010fme se pod\u00edvat na to, jak se tento z\u00e1pas vyv\u00edjel a co p\u0159inesl hokejist\u016fm HC Tatra.<\/p>\n<h2>Prvn\u00ed t\u0159etina: Opatrn\u00fd za\u010d\u00e1tek<\/h2>\n<p>Prvn\u00ed t\u0159etina se nesla v duchu opatrn\u00e9 hry z obou stran. Hr\u00e1\u010di HC Tatra Kop\u0159ivnice se sna\u017eili naj\u00edt recept na obranu soupe\u0159e, zat\u00edmco [N\u00e1zev Soupe\u0159e] se soust\u0159edil na rychl\u00e9 proti\u00fatoky. Prvn\u00ed branku vst\u0159elil [Jm\u00e9no St\u0159elce] z [N\u00e1zev Soupe\u0159e] v [\u010cas Branky].  T\u00edmto g\u00f3lem se rozlomilo ledov\u00e9 ticho a hra nabrala na tempu.  Hr\u00e1\u010di HC Tatra se sna\u017eili odpov\u011bd\u011bt, ale brank\u00e1\u0159 [Jm\u00e9no Brank\u00e1\u0159e Soupe\u0159e] byl nepropustn\u00fd.<\/p>\n<h2>Druh\u00e1 t\u0159etina: Obrat na led\u011b<\/h2>\n<p>Druh\u00e1 t\u0159etina p\u0159inesla obrat. Hokejist\u00e9 HC Tatra Kop\u0159ivnice nastoupili s jasn\u00fdm \u00famyslem srovnat krok.  U\u017e v [\u010cas Branky] se st\u0159elecky prosadil [Jm\u00e9no St\u0159elce HC Tatra] a vyrovnal stav na 1:1.  Div\u00e1ci byli nad\u0161en\u00ed a hala se ot\u0159\u00e1sala bou\u0159liv\u00fdm potleskem.  N\u00e1sledn\u011b se ve [\u010cas Branky]  poprv\u00e9 dostal HC Tatra do veden\u00ed, kdy\u017e se trefil [Jm\u00e9no St\u0159elce HC Tatra].  Tato branka povzbudila t\u00fdm a hr\u00e1\u010di za\u010dali hr\u00e1t s je\u0161t\u011b v\u011bt\u0161\u00ed vervou.  Do konce t\u0159etiny se v\u0161ak [N\u00e1zev Soupe\u0159e]  poda\u0159ilo vyrovnat, \u010d\u00edm\u017e se sk\u00f3re dostalo na 2:2.<\/p>\n<h2>T\u0159et\u00ed t\u0159etina: Drama a\u017e do konce<\/h2>\n<p>T\u0159et\u00ed t\u0159etina byla pln\u00e1 dramatu a nap\u011bt\u00ed. Ob\u011b mu\u017estva se sna\u017eila o rozhoduj\u00edc\u00ed g\u00f3l.  Hr\u00e1\u010di HC Tatra Kop\u0159ivnice se ve [\u010cas Branky]  op\u011bt dostali do veden\u00ed po p\u0159esn\u00e9 st\u0159ele [Jm\u00e9no St\u0159elce HC Tatra].  [N\u00e1zev Soupe\u0159e]  zaslal do \u00fatoku v\u0161echny s\u00edly a vyv\u00edjel obrovsk\u00fd tlak.  V [\u010cas Branky] se jim poda\u0159ilo vyrovnat a stav byl op\u011bt nerozhodn\u00fd.  Z\u00e1pas se zd\u00e1l sm\u011b\u0159ovat k prodlou\u017een\u00ed, ale v [\u010cas Branky]  zcela ne\u010dekan\u011b vst\u0159elil v\u00edt\u011bzn\u00fd g\u00f3l [Jm\u00e9no St\u0159elce HC Tatra] a zajistil HC Tatra Kop\u0159ivnice cenn\u00e9 t\u0159i body.<\/p>\n<h3>Kl\u00ed\u010dov\u00ed hr\u00e1\u010di z\u00e1pasu<\/h3>\n<ul>\n<li>[Jm\u00e9no Hr\u00e1\u010de HC Tatra]:  V\u00fdborn\u00fd v\u00fdkon v obran\u011b a spolehliv\u00e1 st\u0159ela.<\/li>\n<li>[Jm\u00e9no Hr\u00e1\u010de Soupe\u0159e]:  Hrozba v \u00fatoku a d\u016fle\u017eit\u00fd bod pro sv\u016fj t\u00fdm.<\/li>\n<li>[Jm\u00e9no Brank\u00e1\u0159e HC Tatra]:  Skv\u011bl\u00e9 z\u00e1kroky, kter\u00e9 udr\u017eely HC Tatra ve h\u0159e.<\/li>\n<\/ul>\n<p>Z\u00e1pas HC Tatra Kop\u0159ivnice proti [N\u00e1zev Soupe\u0159e]  byl strhuj\u00edc\u00ed pod\u00edvanou, kter\u00e1 potvrdila hokejov\u00e9 um\u011bn\u00ed obou t\u00fdm\u016f.  Hokejist\u00e9 HC Tatra Kop\u0159ivnice p\u0159edvedli bojovnost a odhodl\u00e1n\u00ed, co\u017e jim zajistilo zaslou\u017een\u00e9 v\u00edt\u011bzstv\u00ed.  Fanou\u0161ci v Kop\u0159ivnici mohli slavit a t\u011b\u0161it se na dal\u0161\u00ed hokejov\u00e9 bitvy.<\/p>\n","protected":false},"excerpt":{"rendered":"<p>Dne 2. \u0159\u00edjna 2019 se hokejov\u00ed fanou\u0161ci v Kop\u0159ivnici se\u0161li, aby podpo\u0159ili sv\u016fj t\u00fdm, HC Tatra Kop\u0159ivnice, v d\u016fle\u017eit\u00e9m z\u00e1pase proti [N\u00e1zev Soupe\u0159e]. Atmosf\u00e9ra byla elektrizuj\u00edc\u00ed a div\u00e1ci se do\u010dkali nap\u00ednav\u00e9 pod\u00edvan\u00e9. Poj\u010fme se pod\u00edvat na to, jak se tento z\u00e1pas vyv\u00edjel a co p\u0159inesl hokejist\u016fm HC Tatra. Prvn\u00ed t\u0159etina: Opatrn\u00fd za\u010d\u00e1tek Prvn\u00ed t\u0159etina se &#8230; <a title=\"Bitva v Kop\u0159ivnici: Jak HC Tatra bojoval s [N\u00e1zev Soupe\u0159e] 2. \u0159\u00edjna 2019\" class=\"read-more\" href=\"https:\/\/hcismm.cz\/index.php\/2019-4\/10-2\/02-2\/\" aria-label=\"Read more about Bitva v Kop\u0159ivnici: Jak HC Tatra bojoval s [N\u00e1zev Soupe\u0159e] 2. \u0159\u00edjna 2019\">Read more<\/a><\/p>\n","protected":false},"author":2,"featured_media":0,"parent":248,"menu_order":0,"comment_status":"closed","ping_status":"closed","template":"","meta":{"footnotes":""},"class_list":["post-251","page","type-page","status-publish"],"_links":{"self":[{"href":"https:\/\/hcismm.cz\/index.php\/wp-json\/wp\/v2\/pages\/251","targetHints":{"allow":["GET"]}}],"collection":[{"href":"https:\/\/hcismm.cz\/index.php\/wp-json\/wp\/v2\/pages"}],"about":[{"href":"https:\/\/hcismm.cz\/index.php\/wp-json\/wp\/v2\/types\/page"}],"author":[{"embeddable":true,"href":"https:\/\/hcismm.cz\/index.php\/wp-json\/wp\/v2\/users\/2"}],"replies":[{"embeddable":true,"href":"https:\/\/hcismm.cz\/index.php\/wp-json\/wp\/v2\/comments?post=251"}],"version-history":[{"count":0,"href":"https:\/\/hcismm.cz\/index.php\/wp-json\/wp\/v2\/pages\/251\/revisions"}],"up":[{"embeddable":true,"href":"https:\/\/hcismm.cz\/index.php\/wp-json\/wp\/v2\/pages\/248"}],"wp:attachment":[{"href":"https:\/\/hcismm.cz\/index.php\/wp-json\/wp\/v2\/media?parent=251"}],"curies":[{"name":"wp","href":"https:\/\/api.w.org\/{rel}","templated":true}]}}