{"id":263,"date":"2026-04-19T22:06:20","date_gmt":"2026-04-19T22:06:20","guid":{"rendered":"https:\/\/hcismm.cz\/index.php\/2019-5\/02-2\/06-2\/"},"modified":"2026-04-19T22:06:20","modified_gmt":"2026-04-19T22:06:20","slug":"06-2","status":"publish","type":"page","link":"https:\/\/hcismm.cz\/index.php\/2019-5\/02-2\/06-2\/","title":{"rendered":"Drama v Kop\u0159ivnici! HC Tatra bojoval do posledn\u00ed sekundy \u2013 jak dopadl \u00fanorov\u00fd duel?"},"content":{"rendered":"<p>\u0160est\u00e9ho \u00fanora 2019 se v kop\u0159ivnick\u00e9 hale odehr\u00e1l strhuj\u00edc\u00ed hokejov\u00fd z\u00e1pas, ve kter\u00e9m HC Tatra Kop\u0159ivnice sv\u00e1d\u011bla urputn\u00fd boj o body.  Atmosf\u00e9ra byla elektrizuj\u00edc\u00ed a fanou\u0161ci napjat\u011b sledovali ka\u017ed\u00fd okam\u017eik. Poj\u010fme se pod\u00edvat na podrobnosti tohoto pam\u00e1tn\u00e9ho utk\u00e1n\u00ed.<\/p>\n<h2>Prvn\u00ed t\u0159etina: Rozjezd a brzk\u00e1 akce<\/h2>\n<p>Z\u00e1pas za\u010dal velmi dynamicky.  Hr\u00e1\u010di HC Tatra Kop\u0159ivnice vstoupili do utk\u00e1n\u00ed s jasn\u00fdm odhodl\u00e1n\u00edm a hned v prvn\u00edch minut\u00e1ch se dostali do n\u011bkolika slibn\u00fdch \u00fatok\u016f.  Soupe\u0159 se sice br\u00e1nil, ale kop\u0159ivni\u010dt\u00ed hokejist\u00e9 vyv\u00edjeli neust\u00e1l\u00fd tlak.  Prvn\u00ed g\u00f3l padl po p\u011bti minut\u00e1ch, kdy se po kr\u00e1sn\u00e9 kombinaci prosadil \u00fato\u010dn\u00edk Jan Nov\u00e1k.  <strong style=\"font-weight: bold;\">Tato branka nastartovala dom\u00e1c\u00ed t\u00fdm a dodala mu obrovskou energii<\/strong>.<\/p>\n<h2>Druh\u00e1 t\u0159etina: Z\u00e1pas se vyrovn\u00e1v\u00e1<\/h2>\n<p>Druh\u00e1 t\u0159etina p\u0159inesla zvrat. Soupe\u0159 se dok\u00e1zal vzchopit a za\u010dal hr\u00e1t agresivn\u011bji.  V dev\u00e1t\u00e9 minut\u011b se jim poda\u0159ilo vyrovnat stav na 1:1.  N\u00e1sledovala hektick\u00e1 hra pln\u00e1 osobn\u00edch souboj\u016f a \u0161anc\u00ed na obou stran\u00e1ch. Brank\u00e1\u0159i p\u0159edvedli n\u011bkolik skv\u011bl\u00fdch z\u00e1krok\u016f a udr\u017eeli sv\u00e9 t\u00fdmy ve h\u0159e.  <strong style=\"font-weight: bold;\">T\u0159et\u00ed g\u00f3l v z\u00e1pase vst\u0159elil soupe\u0159 ve \u010dtrn\u00e1ct\u00e9 minut\u011b a dostal se do veden\u00ed.<\/strong><\/p>\n<h2>T\u0159et\u00ed t\u0159etina: Nervydr\u00e1saj\u00edc\u00ed z\u00e1v\u011br a drama<\/h2>\n<p>T\u0159et\u00ed t\u0159etina byla pln\u00e1 emoc\u00ed.  HC Tatra Kop\u0159ivnice se sna\u017eila za ka\u017edou cenu vyrovnat, ale soupe\u0159 se dob\u0159e br\u00e1nil a dr\u017eel t\u011bsn\u00fd n\u00e1skok.  Dom\u00e1c\u00ed t\u00fdm se v\u0161ak nevzd\u00e1val.  V pades\u00e1t\u00e9 minut\u011b se jim poda\u0159ilo sn\u00ed\u017eit na 2:3, \u010d\u00edm\u017e rozpoutali obrovskou vlnu nad\u0161en\u00ed mezi fanou\u0161ky. <strong style=\"font-weight: bold;\">Hr\u00e1\u010di HC Tatra Kop\u0159ivnice se sna\u017eili o posledn\u00ed \u00fatok<\/strong>, ale soupe\u0159 odolal. V posledn\u00ed minut\u011b utk\u00e1n\u00ed se dostal do proti\u00fatoku a dovr\u0161il sk\u00f3re na kone\u010dn\u00fdch 2:4.<\/p>\n<h2>Kl\u00ed\u010dov\u00ed hr\u00e1\u010di a statistiky<\/h2>\n<p>Mezi kl\u00ed\u010dov\u00e9 hr\u00e1\u010de HC Tatra Kop\u0159ivnice pat\u0159ili Jan Nov\u00e1k, autor prvn\u00edho g\u00f3lu, a brank\u00e1\u0159 Petr Svoboda, kter\u00fd p\u0159edvedl n\u011bkolik vynikaj\u00edc\u00edch z\u00e1krok\u016f. Soupe\u0159 se op\u0159el o svou \u00fato\u010dnou s\u00edlu a efektivitu v zakon\u010den\u00ed.<\/p>\n<ul>\n<li>Po\u010det st\u0159el na br\u00e1nu HC Tatra Kop\u0159ivnice: 32<\/li>\n<li>Po\u010det st\u0159el na br\u00e1nu soupe\u0159e: 28<\/li>\n<li>Vylou\u010den\u00ed HC Tatra Kop\u0159ivnice: 2<\/li>\n<li>Vylou\u010den\u00ed soupe\u0159e: 3<\/li>\n<\/ul>\n<p>I p\u0159es prohru p\u0159edvedl HC Tatra Kop\u0159ivnice v tomto z\u00e1pase bojovn\u00fd v\u00fdkon a potvrdil, \u017ee pat\u0159\u00ed mezi siln\u00e9 t\u00fdmy v sout\u011b\u017ei. Fanou\u0161ci ocenili nasazen\u00ed a bojovnost hr\u00e1\u010d\u016f a v\u011b\u0159\u00ed, \u017ee v dal\u0161\u00edch utk\u00e1n\u00edch se jim poda\u0159\u00ed dos\u00e1hnout lep\u0161\u00edch v\u00fdsledk\u016f.<\/p>\n","protected":false},"excerpt":{"rendered":"<p>\u0160est\u00e9ho \u00fanora 2019 se v kop\u0159ivnick\u00e9 hale odehr\u00e1l strhuj\u00edc\u00ed hokejov\u00fd z\u00e1pas, ve kter\u00e9m HC Tatra Kop\u0159ivnice sv\u00e1d\u011bla urputn\u00fd boj o body. Atmosf\u00e9ra byla elektrizuj\u00edc\u00ed a fanou\u0161ci napjat\u011b sledovali ka\u017ed\u00fd okam\u017eik. Poj\u010fme se pod\u00edvat na podrobnosti tohoto pam\u00e1tn\u00e9ho utk\u00e1n\u00ed. Prvn\u00ed t\u0159etina: Rozjezd a brzk\u00e1 akce Z\u00e1pas za\u010dal velmi dynamicky. Hr\u00e1\u010di HC Tatra Kop\u0159ivnice vstoupili do utk\u00e1n\u00ed &#8230; <a title=\"Drama v Kop\u0159ivnici! HC Tatra bojoval do posledn\u00ed sekundy \u2013 jak dopadl \u00fanorov\u00fd duel?\" class=\"read-more\" href=\"https:\/\/hcismm.cz\/index.php\/2019-5\/02-2\/06-2\/\" aria-label=\"Read more about Drama v Kop\u0159ivnici! HC Tatra bojoval do posledn\u00ed sekundy \u2013 jak dopadl \u00fanorov\u00fd duel?\">Read more<\/a><\/p>\n","protected":false},"author":2,"featured_media":0,"parent":260,"menu_order":0,"comment_status":"closed","ping_status":"closed","template":"","meta":{"footnotes":""},"class_list":["post-263","page","type-page","status-publish"],"_links":{"self":[{"href":"https:\/\/hcismm.cz\/index.php\/wp-json\/wp\/v2\/pages\/263","targetHints":{"allow":["GET"]}}],"collection":[{"href":"https:\/\/hcismm.cz\/index.php\/wp-json\/wp\/v2\/pages"}],"about":[{"href":"https:\/\/hcismm.cz\/index.php\/wp-json\/wp\/v2\/types\/page"}],"author":[{"embeddable":true,"href":"https:\/\/hcismm.cz\/index.php\/wp-json\/wp\/v2\/users\/2"}],"replies":[{"embeddable":true,"href":"https:\/\/hcismm.cz\/index.php\/wp-json\/wp\/v2\/comments?post=263"}],"version-history":[{"count":0,"href":"https:\/\/hcismm.cz\/index.php\/wp-json\/wp\/v2\/pages\/263\/revisions"}],"up":[{"embeddable":true,"href":"https:\/\/hcismm.cz\/index.php\/wp-json\/wp\/v2\/pages\/260"}],"wp:attachment":[{"href":"https:\/\/hcismm.cz\/index.php\/wp-json\/wp\/v2\/media?parent=263"}],"curies":[{"name":"wp","href":"https:\/\/api.w.org\/{rel}","templated":true}]}}