{"id":284,"date":"2026-04-20T22:01:22","date_gmt":"2026-04-20T22:01:22","guid":{"rendered":"https:\/\/hcismm.cz\/index.php\/2023-8\/11-2\/05-2\/jakou-ma-vyskov-ofenzivu-jsem-vedel-a-byl-jsem-uplne-klidny-rika-petr-zurek\/"},"modified":"2026-04-20T22:01:22","modified_gmt":"2026-04-20T22:01:22","slug":"jakou-ma-vyskov-ofenzivu-jsem-vedel-a-byl-jsem-uplne-klidny-rika-petr-zurek","status":"publish","type":"page","link":"https:\/\/hcismm.cz\/index.php\/2023-8\/11-2\/05-2\/jakou-ma-vyskov-ofenzivu-jsem-vedel-a-byl-jsem-uplne-klidny-rika-petr-zurek\/","title":{"rendered":"Petr \u017durek o receptu na \u00fato\u010dnou s\u00edlu a klid v Kop\u0159ivnici"},"content":{"rendered":"<p>Hokejov\u00fd klub HC Tatra Kop\u0159ivnice za\u017e\u00edv\u00e1 slibnou sez\u00f3nu. Kl\u00ed\u010dov\u00fdm hr\u00e1\u010dem \u00fasp\u011bchu je bezesporu \u00fato\u010dn\u00edk Petr \u017durek. V rozhovoru se pod\u011blil o sv\u016fj pohled na aktu\u00e1ln\u00ed ofenzivn\u00ed v\u00fdkony t\u00fdmu a to, co p\u0159isp\u00edv\u00e1 ke klidn\u00e9mu pr\u016fb\u011bhu z\u00e1pas\u016f. Poj\u010fme se pod\u00edvat, co \u0159\u00edk\u00e1!<\/p>\n<h2>Kl\u00ed\u010d k ofenzivn\u00ed s\u00edle<\/h2>\n<p><strong>Pet\u0159e, v posledn\u00edch z\u00e1pasech se da\u0159\u00ed ofenziv\u011b. Co pova\u017euje\u0161 za hlavn\u00ed d\u016fvod?<\/strong><\/p>\n<p>Mysl\u00edm si, \u017ee je to kombinace n\u011bkolika faktor\u016f. P\u0159edev\u0161\u00edm jsme se nau\u010dili l\u00e9pe spolupracovat na led\u011b. V\u00edme, kde se naj\u00edt, um\u00edme si nab\u00edhat a vytv\u00e1\u0159et si \u0161ance. D\u016fle\u017eit\u00e1 je i na\u0161e discipl\u00edna v \u00fato\u010dn\u00e9 f\u00e1zi, sna\u017e\u00edme se dr\u017eet pl\u00e1nu, kter\u00fd n\u00e1m ur\u010dil tren\u00e9rsk\u00fd t\u00fdm. A samoz\u0159ejm\u011b, i \u0161t\u011bst\u00ed\u010dko ob\u010das pom\u016f\u017ee!<\/p>\n<h2>Role v \u00fatoku a t\u00fdmov\u00e1 chemie<\/h2>\n<p><strong>Jak bys popsal svou roli v \u00fatoku? Co je tv\u00fdm hlavn\u00edm \u00fakolem?<\/strong><\/p>\n<p>Sna\u017e\u00edm se b\u00fdt platn\u00fd hr\u00e1\u010d ve v\u0161ech f\u00e1z\u00edch hry, ale nejv\u00edce se c\u00edt\u00edm v roli tv\u016frce hry. M\u00e1m r\u00e1d prostor a \u010das na rozehr\u00e1vku, abych mohl naj\u00edt spoluhr\u00e1\u010de ve slibn\u00e9 pozici. Samoz\u0159ejm\u011b se sna\u017e\u00edm i zakon\u010dovat, ale pro m\u011b je d\u016fle\u017eit\u011bj\u0161\u00ed, aby se da\u0159ilo cel\u00e9mu \u00fatoku. M\u00e1me skv\u011blou chemii s klukama, co\u017e se projevuje i na led\u011b.<\/p>\n<h2>Klid v pr\u016fb\u011bhu z\u00e1pasu<\/h2>\n<p><strong>Kop\u0159ivnice p\u016fsob\u00ed v z\u00e1pasech velmi klidn\u011b a koncentrovan\u011b. Co v\u00e1m pom\u00e1h\u00e1 udr\u017eet si chladnou hlavu i v n\u00e1ro\u010dn\u00fdch situac\u00edch?<\/strong><\/p>\n<p>Tren\u00e9r s n\u00e1mi hodn\u011b pracujeme na psychick\u00e9 odolnosti. U\u010d\u00edme se, jak zvl\u00e1dat tlak a jak se soust\u0159edit na to, co m\u016f\u017eeme ovlivnit. D\u016fle\u017eit\u00e1 je i komunikace na led\u011b, sna\u017e\u00edme se si navz\u00e1jem pom\u00e1hat a podporovat. Kdy\u017e se n\u00e1m neda\u0159\u00ed, nepanika\u0159\u00edme, ale sna\u017e\u00edme se naj\u00edt \u0159e\u0161en\u00ed. A taky je d\u016fle\u017eit\u00e9 m\u00edt kvalitn\u00ed podporu od fanou\u0161k\u016f!<\/p>\n<h3>Kl\u00ed\u010dov\u00e9 prvky klidn\u00e9 hry:<\/h3>\n<ul>\n<li>Komunikace na led\u011b<\/li>\n<li>Psychick\u00e1 odolnost a pr\u00e1ce s tlakem<\/li>\n<li>Podpora t\u00fdmu a fanou\u0161k\u016f<\/li>\n<li>Dodr\u017eov\u00e1n\u00ed hern\u00edho pl\u00e1nu<\/li>\n<\/ul>\n<h2>V\u00fdhled do budoucna<\/h2>\n<p><strong>Co jsou c\u00edle HC Tatra Kop\u0159ivnice pro zbytek sez\u00f3ny?<\/strong><\/p>\n<p>Chceme se zlep\u0161ovat z\u00e1pas od z\u00e1pasu a bojovat o co nejlep\u0161\u00ed pozici v tabulce. M\u00e1me kvalitn\u00ed t\u00fdm a v\u011b\u0159\u00edme, \u017ee m\u016f\u017eeme dos\u00e1hnout velk\u00fdch v\u011bc\u00ed. Chceme pot\u011b\u0161it na\u0161e fanou\u0161ky a uk\u00e1zat jim, \u017ee hokej v Kop\u0159ivnici m\u00e1 velkou budoucnost. A samoz\u0159ejm\u011b, chceme se kvalifikovat do play-off a tam se postavit co nejl\u00e9pe.<\/p>\n<p>Petru \u017durkovi d\u011bkujeme za rozhovor a p\u0159ejeme mu i cel\u00e9mu t\u00fdmu HC Tatra Kop\u0159ivnice hodn\u011b \u0161t\u011bst\u00ed v dal\u0161\u00edch z\u00e1pasech!<\/p>\n","protected":false},"excerpt":{"rendered":"<p>Hokejov\u00fd klub HC Tatra Kop\u0159ivnice za\u017e\u00edv\u00e1 slibnou sez\u00f3nu. Kl\u00ed\u010dov\u00fdm hr\u00e1\u010dem \u00fasp\u011bchu je bezesporu \u00fato\u010dn\u00edk Petr \u017durek. V rozhovoru se pod\u011blil o sv\u016fj pohled na aktu\u00e1ln\u00ed ofenzivn\u00ed v\u00fdkony t\u00fdmu a to, co p\u0159isp\u00edv\u00e1 ke klidn\u00e9mu pr\u016fb\u011bhu z\u00e1pas\u016f. Poj\u010fme se pod\u00edvat, co \u0159\u00edk\u00e1! Kl\u00ed\u010d k ofenzivn\u00ed s\u00edle Pet\u0159e, v posledn\u00edch z\u00e1pasech se da\u0159\u00ed ofenziv\u011b. Co pova\u017euje\u0161 za &#8230; <a title=\"Petr \u017durek o receptu na \u00fato\u010dnou s\u00edlu a klid v Kop\u0159ivnici\" class=\"read-more\" href=\"https:\/\/hcismm.cz\/index.php\/2023-8\/11-2\/05-2\/jakou-ma-vyskov-ofenzivu-jsem-vedel-a-byl-jsem-uplne-klidny-rika-petr-zurek\/\" aria-label=\"Read more about Petr \u017durek o receptu na \u00fato\u010dnou s\u00edlu a klid v Kop\u0159ivnici\">Read more<\/a><\/p>\n","protected":false},"author":2,"featured_media":0,"parent":281,"menu_order":0,"comment_status":"closed","ping_status":"closed","template":"","meta":{"footnotes":""},"class_list":["post-284","page","type-page","status-publish"],"_links":{"self":[{"href":"https:\/\/hcismm.cz\/index.php\/wp-json\/wp\/v2\/pages\/284","targetHints":{"allow":["GET"]}}],"collection":[{"href":"https:\/\/hcismm.cz\/index.php\/wp-json\/wp\/v2\/pages"}],"about":[{"href":"https:\/\/hcismm.cz\/index.php\/wp-json\/wp\/v2\/types\/page"}],"author":[{"embeddable":true,"href":"https:\/\/hcismm.cz\/index.php\/wp-json\/wp\/v2\/users\/2"}],"replies":[{"embeddable":true,"href":"https:\/\/hcismm.cz\/index.php\/wp-json\/wp\/v2\/comments?post=284"}],"version-history":[{"count":0,"href":"https:\/\/hcismm.cz\/index.php\/wp-json\/wp\/v2\/pages\/284\/revisions"}],"up":[{"embeddable":true,"href":"https:\/\/hcismm.cz\/index.php\/wp-json\/wp\/v2\/pages\/281"}],"wp:attachment":[{"href":"https:\/\/hcismm.cz\/index.php\/wp-json\/wp\/v2\/media?parent=284"}],"curies":[{"name":"wp","href":"https:\/\/api.w.org\/{rel}","templated":true}]}}