{"id":323,"date":"2026-04-20T22:21:26","date_gmt":"2026-04-20T22:21:26","guid":{"rendered":"https:\/\/hcismm.cz\/index.php\/2019-6\/10-2\/28-2\/"},"modified":"2026-04-20T22:21:26","modified_gmt":"2026-04-20T22:21:26","slug":"28-2","status":"publish","type":"page","link":"https:\/\/hcismm.cz\/index.php\/2019-6\/10-2\/28-2\/","title":{"rendered":"Kop\u0159ivnice v plamenech hokejov\u00e9 v\u00e1\u0161n\u011b: Jak se HC Tatra postavil v \u0159\u00edjnu 2019!"},"content":{"rendered":"<p>\u0158\u00edjen 2019 p\u0159inesl pro hokejov\u00e9 fanou\u0161ky v Kop\u0159ivnici nabit\u00fd program a dramatick\u00e9 z\u00e1pasy. HC Tatra Kop\u0159ivnice se sna\u017eila nav\u00e1zat na p\u0159edchoz\u00ed \u00fasp\u011bchy a bojovat o co nejlep\u0161\u00ed pozici v tabulce. Poj\u010fme se pod\u00edvat na to, co se v tomto m\u011bs\u00edci odehr\u00e1lo a jak se t\u00fdmu da\u0159ilo.<\/p>\n<h2>\u00davod do hokejov\u00e9 sez\u00f3ny 2019\/2020<\/h2>\n<p>Sez\u00f3na 2019\/2020 za\u010dala pro HC Tatra Kop\u0159ivnice s velk\u00fdmi ambicemi. T\u00fdm se sna\u017eil pos\u00edlit k\u00e1dr a p\u0159ipravit se na n\u00e1ro\u010dnou konkurenci. \u0158\u00edjen byl kl\u00ed\u010dov\u00fd m\u011bs\u00edc pro nastaven\u00ed formy a z\u00edsk\u00e1n\u00ed prvn\u00edch d\u016fle\u017eit\u00fdch bod\u016f. Fanou\u0161ci byli nat\u011b\u0161en\u00ed a o\u010dek\u00e1vali od sv\u00fdch hokejist\u016f bojovn\u00e9 v\u00fdkony.<\/p>\n<h2>Kl\u00ed\u010dov\u00e9 z\u00e1pasy v \u0159\u00edjnu 2019<\/h2>\n<p>HC Tatra Kop\u0159ivnice odehr\u00e1la v \u0159\u00edjnu n\u011bkolik d\u016fle\u017eit\u00fdch z\u00e1pas\u016f. Mezi nejzaj\u00edmav\u011bj\u0161\u00ed pat\u0159ily:<\/p>\n<ul>\n<li><strong>Utk\u00e1n\u00ed proti Vl\u010d\u00edmu Doup\u011bti \u010cesk\u00fd Krumlov:<\/strong> Z\u00e1pas pln\u00fd emoc\u00ed a rychl\u00fdch proti\u00fatok\u016f, kter\u00fd skon\u010dil t\u011bsnou v\u00fdhrou Tatry Kop\u0159ivnice.<\/li>\n<li><strong>Dom\u00e1c\u00ed duel s HC \u0158isuty Kladno:<\/strong> Kop\u0159ivni\u010dt\u00ed hokejist\u00e9 p\u0159edvedli solidn\u00ed v\u00fdkon a zv\u00edt\u011bzili i v tomto utk\u00e1n\u00ed, \u010d\u00edm\u017e upevnili svou pozici v tabulce.<\/li>\n<li><strong>N\u00e1ro\u010dn\u00e1 cesta k IHC Kometa Brn\u011bnsk\u00e9mu ledov\u00e9mu h\u0159i\u0161ti:<\/strong> I p\u0159es prohru se t\u00fdm sna\u017eil bojovat a uk\u00e1zal bojovn\u00e9ho ducha.<\/li>\n<\/ul>\n<p>Tyto z\u00e1pasy uk\u00e1zaly s\u00edlu a odhodl\u00e1n\u00ed t\u00fdmu. Hr\u00e1\u010di se sna\u017eili vyu\u017e\u00edt dom\u00e1c\u00ed v\u00fdhodu a p\u0159edv\u00e1d\u011bt atraktivn\u00ed hokej.<\/p>\n<h2>V\u00fdkony kl\u00ed\u010dov\u00fdch hr\u00e1\u010d\u016f<\/h2>\n<p>V \u0159\u00edjnu se da\u0159ilo n\u011bkolika hr\u00e1\u010d\u016fm HC Tatra Kop\u0159ivnice. Zvl\u00e1\u0161t\u011b se da\u0159ilo:<\/p>\n<ul>\n<li><strong>Petru Nov\u00e1kovi:<\/strong> \u00dato\u010dn\u00edk, kter\u00fd se stal st\u0159elcem mnoha d\u016fle\u017eit\u00fdch g\u00f3l\u016f a t\u00e1hl t\u00fdm za v\u00edt\u011bzstv\u00edm.<\/li>\n<li><strong>Janu Dvo\u0159\u00e1kovi:<\/strong> Brank\u00e1\u0159, kter\u00fd p\u0159edvedl n\u011bkolik skv\u011bl\u00fdch z\u00e1krok\u016f a udr\u017eel t\u00fdm v kl\u00ed\u010dov\u00fdch momentech.<\/li>\n<li><strong>Luk\u00e1\u0161i Svobodovi:<\/strong> Obr\u00e1nce, kter\u00fd se vyzna\u010doval silnou hrou a spolehlivost\u00ed v defenziv\u011b.<\/li>\n<\/ul>\n<p>Kolektivn\u00ed hra a v\u00fdkony jednotliv\u00fdch hr\u00e1\u010d\u016f byly kl\u00ed\u010dov\u00e9 pro \u00fasp\u011bchy t\u00fdmu v \u0159\u00edjnu.<\/p>\n<h2>Zhodnocen\u00ed m\u011bs\u00edce<\/h2>\n<p>\u0158\u00edjen 2019 byl pro HC Tatra Kop\u0159ivnice \u00fasp\u011b\u0161n\u00fdm m\u011bs\u00edcem. T\u00fdm z\u00edskal d\u016fle\u017eit\u00e9 body a uk\u00e1zal, \u017ee je schopen bojovat s kvalitn\u00edmi soupe\u0159i. Fanou\u0161ci byli s v\u00fdkony t\u00fdmu spokojeni a v\u011b\u0159ili v jeho dal\u0161\u00ed rozvoj. I p\u0159es prohry se t\u00fdm nevzd\u00e1val a sna\u017eil se zlep\u0161ovat hru. **D\u016fle\u017eit\u00e1 byla atmosf\u00e9ra v kabin\u011b a podpora fanou\u0161k\u016f.**<\/p>\n<p>HC Tatra Kop\u0159ivnice se tak p\u0159ipravila na dal\u0161\u00ed n\u00e1ro\u010dn\u00e9 m\u011bs\u00edce a pokra\u010dovala v boji o co nejlep\u0161\u00ed pozici v hokejov\u00e9 lize.<\/p>\n","protected":false},"excerpt":{"rendered":"<p>\u0158\u00edjen 2019 p\u0159inesl pro hokejov\u00e9 fanou\u0161ky v Kop\u0159ivnici nabit\u00fd program a dramatick\u00e9 z\u00e1pasy. HC Tatra Kop\u0159ivnice se sna\u017eila nav\u00e1zat na p\u0159edchoz\u00ed \u00fasp\u011bchy a bojovat o co nejlep\u0161\u00ed pozici v tabulce. Poj\u010fme se pod\u00edvat na to, co se v tomto m\u011bs\u00edci odehr\u00e1lo a jak se t\u00fdmu da\u0159ilo. \u00davod do hokejov\u00e9 sez\u00f3ny 2019\/2020 Sez\u00f3na 2019\/2020 za\u010dala pro &#8230; <a title=\"Kop\u0159ivnice v plamenech hokejov\u00e9 v\u00e1\u0161n\u011b: Jak se HC Tatra postavil v \u0159\u00edjnu 2019!\" class=\"read-more\" href=\"https:\/\/hcismm.cz\/index.php\/2019-6\/10-2\/28-2\/\" aria-label=\"Read more about Kop\u0159ivnice v plamenech hokejov\u00e9 v\u00e1\u0161n\u011b: Jak se HC Tatra postavil v \u0159\u00edjnu 2019!\">Read more<\/a><\/p>\n","protected":false},"author":2,"featured_media":0,"parent":320,"menu_order":0,"comment_status":"closed","ping_status":"closed","template":"","meta":{"footnotes":""},"class_list":["post-323","page","type-page","status-publish"],"_links":{"self":[{"href":"https:\/\/hcismm.cz\/index.php\/wp-json\/wp\/v2\/pages\/323","targetHints":{"allow":["GET"]}}],"collection":[{"href":"https:\/\/hcismm.cz\/index.php\/wp-json\/wp\/v2\/pages"}],"about":[{"href":"https:\/\/hcismm.cz\/index.php\/wp-json\/wp\/v2\/types\/page"}],"author":[{"embeddable":true,"href":"https:\/\/hcismm.cz\/index.php\/wp-json\/wp\/v2\/users\/2"}],"replies":[{"embeddable":true,"href":"https:\/\/hcismm.cz\/index.php\/wp-json\/wp\/v2\/comments?post=323"}],"version-history":[{"count":0,"href":"https:\/\/hcismm.cz\/index.php\/wp-json\/wp\/v2\/pages\/323\/revisions"}],"up":[{"embeddable":true,"href":"https:\/\/hcismm.cz\/index.php\/wp-json\/wp\/v2\/pages\/320"}],"wp:attachment":[{"href":"https:\/\/hcismm.cz\/index.php\/wp-json\/wp\/v2\/media?parent=323"}],"curies":[{"name":"wp","href":"https:\/\/api.w.org\/{rel}","templated":true}]}}