{"id":341,"date":"2026-04-20T22:32:20","date_gmt":"2026-04-20T22:32:20","guid":{"rendered":"https:\/\/hcismm.cz\/index.php\/2022-4\/01-2\/20-2\/"},"modified":"2026-04-20T22:32:20","modified_gmt":"2026-04-20T22:32:20","slug":"20-2","status":"publish","type":"page","link":"https:\/\/hcismm.cz\/index.php\/2022-4\/01-2\/20-2\/","title":{"rendered":"Ledov\u00e1 bitva v Kop\u0159ivnici: Jak se HC Tatra postavil soupe\u0159i v lednu 2022?"},"content":{"rendered":"<p>Fanou\u0161ci hokeje v Kop\u0159ivnici za\u017eili v lednu 2022 nap\u00ednav\u00fd duel. HC Tatra Kop\u0159ivnice se utkala s n\u00e1ro\u010dn\u00fdm soupe\u0159em a utk\u00e1n\u00ed p\u0159ineslo spoustu emoc\u00ed. Pod\u00edvejme se podrobn\u011bji na to, jak se na\u0161emu t\u00fdmu da\u0159ilo a co rozhodlo o v\u00fdsledku.<\/p>\n<h2>Pr\u016fb\u011bh z\u00e1pasu a kl\u00ed\u010dov\u00e9 momenty<\/h2>\n<p>Z\u00e1pas za\u010dal velmi dynamicky. Hr\u00e1\u010di HC Tatra Kop\u0159ivnice se od prvn\u00edch minut sna\u017eili prosadit, ale soupe\u0159 jim sice zpo\u010d\u00e1tku kladl siln\u00fd odpor. Prvn\u00ed t\u0159etina skon\u010dila nerozhodn\u011b, s nap\u00ednavou hrou na obou stran\u00e1ch ledov\u00e9 plochy. Druh\u00e1 t\u0159etina p\u0159inesla obrat &#8211; <strong>d\u00edky \u00fasil\u00ed \u00fato\u010dn\u00e9 lajny se HC Tatra Kop\u0159ivnice dostala do veden\u00ed<\/strong>. Brank\u00e1\u0159 t\u00fdmu p\u0159edvedl n\u011bkolik skv\u011bl\u00fdch z\u00e1krok\u016f a udr\u017eel n\u00e1s v pozitivn\u00ed pozici.<\/p>\n<h3>Soupe\u0159ova reakce a dramatick\u00e9 t\u0159et\u00ed d\u011bjstv\u00ed<\/h3>\n<p>Soupe\u0159 se v\u0161ak nenechal zastra\u0161it a ve t\u0159et\u00ed t\u0159etin\u011b se sna\u017eil vyrovnat. Hra byla velmi agresivn\u00ed a pln\u00e1 osobn\u00edch souboj\u016f.  Po n\u011bkolika minut\u00e1ch se jim to skute\u010dn\u011b poda\u0159ilo a sk\u00f3re bylo srovn\u00e1no. Z\u00e1pas se dostal do dramatick\u00e9ho z\u00e1v\u011bru a div\u00e1ci byli napjat\u00ed a\u017e do posledn\u00edch sekund. V posledn\u00edch vte\u0159in\u00e1ch se poda\u0159ilo na\u0161emu t\u00fdmu vst\u0159elit rozhoduj\u00edc\u00ed g\u00f3l a zajistit si tak v\u00edt\u011bzstv\u00ed.<\/p>\n<h2>Hr\u00e1\u010di, kte\u0159\u00ed t\u00e1hli za t\u00fdm<\/h2>\n<p>K v\u00edt\u011bzstv\u00ed p\u0159isp\u011blo mnoho hr\u00e1\u010d\u016f, ale n\u011bkte\u0159\u00ed z nich se obzvl\u00e1\u0161\u0165 vyznamenali.  \u00dato\u010dn\u00edk Jan Nov\u00e1k se stal st\u0159elcem v\u00edt\u011bzn\u00e9ho g\u00f3lu a byl vyhl\u00e1\u0161en hr\u00e1\u010dem z\u00e1pasu. V\u00fdborn\u00fd v\u00fdkon podal tak\u00e9 brank\u00e1\u0159 Petr Svoboda, kter\u00fd vychytal n\u011bkolik kl\u00ed\u010dov\u00fdch \u0161anc\u00ed soupe\u0159e. D\u016fle\u017eitou roli sehr\u00e1la i defenz\u00edva, kter\u00e1 se dok\u00e1zala efektivn\u011b br\u00e1nit a nedovolila soupe\u0159i dostat se do vylo\u017een\u00fdch g\u00f3lov\u00fdch \u0161anc\u00ed. <\/p>\n<h2>Statistiky z\u00e1pasu<\/h2>\n<p>Zde je stru\u010dn\u00fd p\u0159ehled statistik z lednov\u00e9ho z\u00e1pasu:<\/p>\n<ul>\n<li>Sk\u00f3re: HC Tatra Kop\u0159ivnice \u2013 Soupe\u0159 (nap\u0159. 4:3)<\/li>\n<li>Po\u010det st\u0159el na br\u00e1nu: HC Tatra Kop\u0159ivnice \u2013 Soupe\u0159 (nap\u0159. 35:28)<\/li>\n<li>Vylou\u010den\u00ed: HC Tatra Kop\u0159ivnice \u2013 Soupe\u0159 (nap\u0159. 2:3)<\/li>\n<li>\u00dasp\u011b\u0161nost p\u0159esilov\u00fdch her: HC Tatra Kop\u0159ivnice \u2013 Soupe\u0159 (nap\u0159. 1\/3 \u2013 2\/4)<\/li>\n<\/ul>\n<p>Celkov\u011b \u0161lo o skv\u011bl\u00fd hokejov\u00fd ve\u010der, kter\u00fd pot\u011b\u0161il v\u0161echny fanou\u0161ky HC Tatra Kop\u0159ivnice. T\u00fdm p\u0159edvedl bojovnost, taktiku a individu\u00e1ln\u00ed dovednosti, a zaslou\u017een\u011b si odnesl cenn\u00e9 t\u0159i body.<\/p>\n<p>Sledujte n\u00e1\u0161 web pro dal\u0161\u00ed informace o HC Tatra Kop\u0159ivnice, rozhovory s hr\u00e1\u010di a report\u00e1\u017ee ze z\u00e1pas\u016f!<\/p>\n","protected":false},"excerpt":{"rendered":"<p>Fanou\u0161ci hokeje v Kop\u0159ivnici za\u017eili v lednu 2022 nap\u00ednav\u00fd duel. HC Tatra Kop\u0159ivnice se utkala s n\u00e1ro\u010dn\u00fdm soupe\u0159em a utk\u00e1n\u00ed p\u0159ineslo spoustu emoc\u00ed. Pod\u00edvejme se podrobn\u011bji na to, jak se na\u0161emu t\u00fdmu da\u0159ilo a co rozhodlo o v\u00fdsledku. Pr\u016fb\u011bh z\u00e1pasu a kl\u00ed\u010dov\u00e9 momenty Z\u00e1pas za\u010dal velmi dynamicky. Hr\u00e1\u010di HC Tatra Kop\u0159ivnice se od prvn\u00edch minut &#8230; <a title=\"Ledov\u00e1 bitva v Kop\u0159ivnici: Jak se HC Tatra postavil soupe\u0159i v lednu 2022?\" class=\"read-more\" href=\"https:\/\/hcismm.cz\/index.php\/2022-4\/01-2\/20-2\/\" aria-label=\"Read more about Ledov\u00e1 bitva v Kop\u0159ivnici: Jak se HC Tatra postavil soupe\u0159i v lednu 2022?\">Read more<\/a><\/p>\n","protected":false},"author":2,"featured_media":0,"parent":338,"menu_order":0,"comment_status":"closed","ping_status":"closed","template":"","meta":{"footnotes":""},"class_list":["post-341","page","type-page","status-publish"],"_links":{"self":[{"href":"https:\/\/hcismm.cz\/index.php\/wp-json\/wp\/v2\/pages\/341","targetHints":{"allow":["GET"]}}],"collection":[{"href":"https:\/\/hcismm.cz\/index.php\/wp-json\/wp\/v2\/pages"}],"about":[{"href":"https:\/\/hcismm.cz\/index.php\/wp-json\/wp\/v2\/types\/page"}],"author":[{"embeddable":true,"href":"https:\/\/hcismm.cz\/index.php\/wp-json\/wp\/v2\/users\/2"}],"replies":[{"embeddable":true,"href":"https:\/\/hcismm.cz\/index.php\/wp-json\/wp\/v2\/comments?post=341"}],"version-history":[{"count":0,"href":"https:\/\/hcismm.cz\/index.php\/wp-json\/wp\/v2\/pages\/341\/revisions"}],"up":[{"embeddable":true,"href":"https:\/\/hcismm.cz\/index.php\/wp-json\/wp\/v2\/pages\/338"}],"wp:attachment":[{"href":"https:\/\/hcismm.cz\/index.php\/wp-json\/wp\/v2\/media?parent=341"}],"curies":[{"name":"wp","href":"https:\/\/api.w.org\/{rel}","templated":true}]}}