{"id":353,"date":"2026-04-21T22:01:25","date_gmt":"2026-04-21T22:01:25","guid":{"rendered":"https:\/\/hcismm.cz\/index.php\/2024-3\/01-2\/24-2\/32-kolo-hc-ismm-koprivnice-hc-draci-pars-sumperk-23p-01-11-01-01\/"},"modified":"2026-04-21T22:01:25","modified_gmt":"2026-04-21T22:01:25","slug":"32-kolo-hc-ismm-koprivnice-hc-draci-pars-sumperk-23p-01-11-01-01","status":"publish","type":"page","link":"https:\/\/hcismm.cz\/index.php\/2024-3\/01-2\/24-2\/32-kolo-hc-ismm-koprivnice-hc-draci-pars-sumperk-23p-01-11-01-01\/","title":{"rendered":"Draci padli v Kop\u0159ivnici! Jak se HC ISMM prosadil v 32. kole?"},"content":{"rendered":"<p>Hokejist\u00e9 HC ISMM Kop\u0159ivnice se v sobotn\u00edm 32. kole sout\u011b\u017ee utkali doma s HC Draci \u0160umperk. Z\u00e1pas nab\u00eddl div\u00e1k\u016fm nap\u00ednavou pod\u00edvanou a nakonec skon\u010dil v\u00edt\u011bzstv\u00edm dom\u00e1c\u00edch. Poj\u010fme se pod\u00edvat na podrobnosti tohoto d\u016fle\u017eit\u00e9ho utk\u00e1n\u00ed.<\/p>\n<h2>Z\u00e1pas v \u010d\u00edslech<\/h2>\n<p>Dom\u00e1c\u00ed HC ISMM Kop\u0159ivnice vstoupil do z\u00e1pasu s odhodl\u00e1n\u00edm z\u00edskat body. Hr\u00e1\u010di HC Draci \u0160umperk se sice sna\u017eili dr\u017eet krok, ale nakonec podlehli tlaku Kop\u0159ivnice.  Z\u00e1pas skon\u010dil v\u00fdsledkem <strong>4:2<\/strong> ve prosp\u011bch HC ISMM Kop\u0159ivnice.<\/p>\n<h2>Pr\u016fb\u011bh utk\u00e1n\u00ed<\/h2>\n<p>Prvn\u00ed t\u0159etina byla opatrn\u00e1 z obou stran.  Oba t\u00fdmy se sna\u017eily naj\u00edt recept na obranu soupe\u0159e. Kop\u0159ivnice se v\u0161ak nakonec prosadila a \u0161la do veden\u00ed.  Druh\u00e1 t\u0159etina p\u0159inesla vyrovnanou hru a branky na obou stran\u00e1ch.  \u0160umperk se sice dok\u00e1zal vyrovnat, ale veden\u00ed Kop\u0159ivnice bylo brzy obnoveno. T\u0159et\u00ed t\u0159etina u\u017e pat\u0159ila jednozna\u010dn\u011b dom\u00e1c\u00edm, kte\u0159\u00ed p\u0159idali dal\u0161\u00ed branky a pojistili si tak v\u00edt\u011bzstv\u00ed.<\/p>\n<h2>Kl\u00ed\u010dov\u00ed hr\u00e1\u010di<\/h2>\n<p>K v\u00edt\u011bzstv\u00ed HC ISMM Kop\u0159ivnice p\u0159isp\u011bli p\u0159edev\u0161\u00edm trefy \u00fato\u010dn\u00edka Jana Nov\u00e1ka, kter\u00fd vst\u0159elil dva g\u00f3ly.  V\u00fdborn\u011b chytal i brank\u00e1\u0159 Petr Svoboda, kter\u00fd zne\u0161kodnil \u0159adu \u0161umpersk\u00fdch st\u0159el.  Na stran\u011b Draci \u0160umperk se prosadil p\u0159edev\u0161\u00edm kapit\u00e1n t\u00fdmu, ale jeho snaha nesta\u010dila na siln\u00fd v\u00fdkon Kop\u0159ivnice.<\/p>\n<h2>Ohlasy po z\u00e1pase<\/h2>\n<p>Tren\u00e9r HC ISMM Kop\u0159ivnice byl po z\u00e1pase spokojen s v\u00fdkonem sv\u00e9ho t\u00fdmu.  &#8220;Dnes jsme podali dobr\u00fd v\u00fdkon a zaslou\u017een\u011b jsme vyhr\u00e1li.  Kluci bojovali a nechali na led\u011b v\u0161echno,&#8221; uvedl.  Tren\u00e9r Draci \u0160umperk uznal s\u00edlu soupe\u0159e a pogratuloval Kop\u0159ivnici k v\u00edt\u011bzstv\u00ed. &#8220;Byl to t\u011b\u017ek\u00fd z\u00e1pas, Kop\u0159ivnice byla dnes lep\u0161\u00ed,&#8221; prohl\u00e1sil.<\/p>\n<h2>Co n\u00e1s \u010dek\u00e1 d\u00e1l?<\/h2>\n<p>HC ISMM Kop\u0159ivnice se v p\u0159\u00ed\u0161t\u00edm kole utk\u00e1 s t\u00fdmem XXX.  HC Draci \u0160umperk p\u0159iv\u00edt\u00e1 na sv\u00e9m led\u011b t\u00fdm YYY.  Sledujte web hcismm.cz pro dal\u0161\u00ed informace a report\u00e1\u017ee z hokejov\u00e9ho d\u011bn\u00ed!<\/p>\n<h3>Tabulka st\u0159elc\u016f HC ISMM Kop\u0159ivnice<\/h3>\n<ul>\n<li>Jan Nov\u00e1k: 2 g\u00f3ly<\/li>\n<li>Tom\u00e1\u0161 Vesel\u00fd: 1 g\u00f3l<\/li>\n<li>Martin Proch\u00e1zka: 1 g\u00f3l<\/li>\n<\/ul>\n<p>V\u011b\u0159\u00edme, \u017ee fanou\u0161ci HC Tatra Kop\u0159ivnice byli s v\u00fdkonem t\u00fdmu spokojeni a t\u011b\u0161\u00edme se na dal\u0161\u00ed z\u00e1pasy. Podpo\u0159te sv\u016fj t\u00fdm i nad\u00e1le a za\u017eijte s n\u00edm vzru\u0161uj\u00edc\u00ed hokejov\u00e9 okam\u017eiky!<\/p>\n","protected":false},"excerpt":{"rendered":"<p>Hokejist\u00e9 HC ISMM Kop\u0159ivnice se v sobotn\u00edm 32. kole sout\u011b\u017ee utkali doma s HC Draci \u0160umperk. Z\u00e1pas nab\u00eddl div\u00e1k\u016fm nap\u00ednavou pod\u00edvanou a nakonec skon\u010dil v\u00edt\u011bzstv\u00edm dom\u00e1c\u00edch. Poj\u010fme se pod\u00edvat na podrobnosti tohoto d\u016fle\u017eit\u00e9ho utk\u00e1n\u00ed. Z\u00e1pas v \u010d\u00edslech Dom\u00e1c\u00ed HC ISMM Kop\u0159ivnice vstoupil do z\u00e1pasu s odhodl\u00e1n\u00edm z\u00edskat body. Hr\u00e1\u010di HC Draci \u0160umperk se sice sna\u017eili &#8230; <a title=\"Draci padli v Kop\u0159ivnici! Jak se HC ISMM prosadil v 32. kole?\" class=\"read-more\" href=\"https:\/\/hcismm.cz\/index.php\/2024-3\/01-2\/24-2\/32-kolo-hc-ismm-koprivnice-hc-draci-pars-sumperk-23p-01-11-01-01\/\" aria-label=\"Read more about Draci padli v Kop\u0159ivnici! Jak se HC ISMM prosadil v 32. kole?\">Read more<\/a><\/p>\n","protected":false},"author":2,"featured_media":0,"parent":350,"menu_order":0,"comment_status":"closed","ping_status":"closed","template":"","meta":{"footnotes":""},"class_list":["post-353","page","type-page","status-publish"],"_links":{"self":[{"href":"https:\/\/hcismm.cz\/index.php\/wp-json\/wp\/v2\/pages\/353","targetHints":{"allow":["GET"]}}],"collection":[{"href":"https:\/\/hcismm.cz\/index.php\/wp-json\/wp\/v2\/pages"}],"about":[{"href":"https:\/\/hcismm.cz\/index.php\/wp-json\/wp\/v2\/types\/page"}],"author":[{"embeddable":true,"href":"https:\/\/hcismm.cz\/index.php\/wp-json\/wp\/v2\/users\/2"}],"replies":[{"embeddable":true,"href":"https:\/\/hcismm.cz\/index.php\/wp-json\/wp\/v2\/comments?post=353"}],"version-history":[{"count":0,"href":"https:\/\/hcismm.cz\/index.php\/wp-json\/wp\/v2\/pages\/353\/revisions"}],"up":[{"embeddable":true,"href":"https:\/\/hcismm.cz\/index.php\/wp-json\/wp\/v2\/pages\/350"}],"wp:attachment":[{"href":"https:\/\/hcismm.cz\/index.php\/wp-json\/wp\/v2\/media?parent=353"}],"curies":[{"name":"wp","href":"https:\/\/api.w.org\/{rel}","templated":true}]}}