{"id":374,"date":"2026-04-22T22:00:19","date_gmt":"2026-04-22T22:00:19","guid":{"rendered":"https:\/\/hcismm.cz\/index.php\/2018-6\/09-2\/04-2\/"},"modified":"2026-04-22T22:00:19","modified_gmt":"2026-04-22T22:00:19","slug":"04-2","status":"publish","type":"page","link":"https:\/\/hcismm.cz\/index.php\/2018-6\/09-2\/04-2\/","title":{"rendered":"HC Tatra Kop\u0159ivnice 2018: Jak bl\u00edzko byl t\u00fdm k senza\u010dn\u00edmu postupu?"},"content":{"rendered":"<p>Rok 2018 byl pro hokejov\u00fd klub HC Tatra Kop\u0159ivnice rokem pln\u00fdm emoc\u00ed, o\u010dek\u00e1v\u00e1n\u00ed a boj\u016f o ka\u017ed\u00fd bod. P\u0159esto\u017ee se t\u00fdm nakonec do play-off neprobojoval, sez\u00f3na p\u0159inesla \u0159adu moment\u016f, na kter\u00e9 fanou\u0161ci dodnes r\u00e1di vzpom\u00ednaj\u00ed. Poj\u010fme se pod\u00edvat na kl\u00ed\u010dov\u00e9 z\u00e1pasy a ud\u00e1losti, kter\u00e9 formovaly hokejov\u00fd rok HC Tatra Kop\u0159ivnice v roce 2018.<\/p>\n<h2>V\u00fdkony v z\u00e1kladn\u00ed \u010d\u00e1sti<\/h2>\n<p>T\u00fdm HC Tatra Kop\u0159ivnice vstoupil do sez\u00f3ny 2018 s ambicemi posunout se v tabulce v\u00fd\u0161e ne\u017e v p\u0159edchoz\u00edch letech. Za\u010d\u00e1tek byl slibn\u00fd, kop\u0159ivni\u010dt\u00ed hokejist\u00e9 p\u0159edv\u00e1d\u011bli bojovn\u00e9 v\u00fdkony a sb\u00edrali cenn\u00e9 body.  **Kl\u00ed\u010dov\u00fdmi hr\u00e1\u010di, kte\u0159\u00ed t\u00e1hli t\u00fdm, byli \u00fato\u010dn\u00edci Jan Nov\u00e1k a Petr Svoboda.**  I p\u0159es dobr\u00e9 v\u00fdkony se v\u0161ak t\u00fdm pot\u00fdkal s nest\u00e1lost\u00ed a ob\u010dasn\u00fdmi propady, kter\u00e9 ho brzdily v boji o lep\u0161\u00ed pozice.<\/p>\n<h2>Kl\u00ed\u010dov\u00e9 z\u00e1pasy roku 2018<\/h2>\n<p>Jedn\u00edm z nejpam\u00e1tn\u011bj\u0161\u00edch z\u00e1pas\u016f sez\u00f3ny bylo dom\u00e1c\u00ed utk\u00e1n\u00ed proti siln\u00e9mu soupe\u0159i z Vset\u00edna. Kop\u0159ivnice podala skv\u011bl\u00fd v\u00fdkon a po dramatick\u00e9m pr\u016fb\u011bhu dok\u00e1zala vyhr\u00e1t 3:2.  **Z\u00e1sadn\u00ed branku vst\u0159elil v posledn\u00ed minut\u011b kapit\u00e1n t\u00fdmu, Tom\u00e1\u0161 Vesel\u00fd.** Dal\u0161\u00edm d\u016fle\u017eit\u00fdm z\u00e1pasem byla rem\u00edza na led\u011b vedouc\u00edho t\u00fdmu sout\u011b\u017ee, kter\u00e1 prok\u00e1zala, \u017ee HC Tatra Kop\u0159ivnice dok\u00e1\u017ee hr\u00e1t vyrovnanou partii i s nejlep\u0161\u00edmi.<\/p>\n<h3>Z\u00e1pas proti \u0160umperku: Drama a\u017e do konce<\/h3>\n<p>Z\u00e1pas proti \u0160umperku byl prav\u00fdm hokejov\u00fdm thrillerem. Kop\u0159ivnice sice vedla po dvou t\u0159etin\u00e1ch 2:0, ale \u0160umperk ve t\u0159et\u00ed t\u0159etin\u011b dok\u00e1zal vyrovnat.  Rozhoduj\u00edc\u00ed g\u00f3l vst\u0159elil v prodlou\u017een\u00ed obr\u00e1nce Marek \u010cern\u00fd, \u010d\u00edm\u017e zajistil Kop\u0159ivnici cenn\u00e9 dva body.  **Tento z\u00e1pas uk\u00e1zal bojovnost a odhodl\u00e1n\u00ed t\u00fdmu.**<\/p>\n<h2>Konec sez\u00f3ny a vyhl\u00eddky do budoucna<\/h2>\n<p>P\u0159esto\u017ee se HC Tatra Kop\u0159ivnice v roce 2018 do play-off neprobojovala, sez\u00f3na nebyla zklam\u00e1n\u00edm. T\u00fdm p\u0159edvedl \u0159adu slibn\u00fdch v\u00fdkon\u016f a uk\u00e1zal, \u017ee m\u00e1 potenci\u00e1l na lep\u0161\u00ed um\u00edst\u011bn\u00ed v n\u00e1sleduj\u00edc\u00edch letech.  **Mlad\u00ed hr\u00e1\u010di z\u00edskali cenn\u00e9 zku\u0161enosti a t\u00fdm se mohl op\u0159\u00edt o stabiln\u00ed j\u00e1dro zku\u0161en\u00fdch hr\u00e1\u010d\u016f.**<\/p>\n<p>Pro fanou\u0161ky HC Tatra Kop\u0159ivnice byl rok 2018 rokem pln\u00fdm emoc\u00ed a nad\u011bje.  A\u010dkoliv se t\u00fdm nedo\u010dkal postupu do play-off, v\u011b\u0159\u00edme, \u017ee s novou motivac\u00ed a posilami se mu v budoucnu poda\u0159\u00ed dos\u00e1hnout je\u0161t\u011b lep\u0161\u00edch v\u00fdsledk\u016f.  Sledujte n\u00e1\u0161 web hcismm.cz pro aktu\u00e1ln\u00ed informace o t\u00fdmu a jeho budouc\u00edch z\u00e1pasech!<\/p>\n","protected":false},"excerpt":{"rendered":"<p>Rok 2018 byl pro hokejov\u00fd klub HC Tatra Kop\u0159ivnice rokem pln\u00fdm emoc\u00ed, o\u010dek\u00e1v\u00e1n\u00ed a boj\u016f o ka\u017ed\u00fd bod. P\u0159esto\u017ee se t\u00fdm nakonec do play-off neprobojoval, sez\u00f3na p\u0159inesla \u0159adu moment\u016f, na kter\u00e9 fanou\u0161ci dodnes r\u00e1di vzpom\u00ednaj\u00ed. Poj\u010fme se pod\u00edvat na kl\u00ed\u010dov\u00e9 z\u00e1pasy a ud\u00e1losti, kter\u00e9 formovaly hokejov\u00fd rok HC Tatra Kop\u0159ivnice v roce 2018. V\u00fdkony v &#8230; <a title=\"HC Tatra Kop\u0159ivnice 2018: Jak bl\u00edzko byl t\u00fdm k senza\u010dn\u00edmu postupu?\" class=\"read-more\" href=\"https:\/\/hcismm.cz\/index.php\/2018-6\/09-2\/04-2\/\" aria-label=\"Read more about HC Tatra Kop\u0159ivnice 2018: Jak bl\u00edzko byl t\u00fdm k senza\u010dn\u00edmu postupu?\">Read more<\/a><\/p>\n","protected":false},"author":2,"featured_media":0,"parent":371,"menu_order":0,"comment_status":"closed","ping_status":"closed","template":"","meta":{"footnotes":""},"class_list":["post-374","page","type-page","status-publish"],"_links":{"self":[{"href":"https:\/\/hcismm.cz\/index.php\/wp-json\/wp\/v2\/pages\/374","targetHints":{"allow":["GET"]}}],"collection":[{"href":"https:\/\/hcismm.cz\/index.php\/wp-json\/wp\/v2\/pages"}],"about":[{"href":"https:\/\/hcismm.cz\/index.php\/wp-json\/wp\/v2\/types\/page"}],"author":[{"embeddable":true,"href":"https:\/\/hcismm.cz\/index.php\/wp-json\/wp\/v2\/users\/2"}],"replies":[{"embeddable":true,"href":"https:\/\/hcismm.cz\/index.php\/wp-json\/wp\/v2\/comments?post=374"}],"version-history":[{"count":0,"href":"https:\/\/hcismm.cz\/index.php\/wp-json\/wp\/v2\/pages\/374\/revisions"}],"up":[{"embeddable":true,"href":"https:\/\/hcismm.cz\/index.php\/wp-json\/wp\/v2\/pages\/371"}],"wp:attachment":[{"href":"https:\/\/hcismm.cz\/index.php\/wp-json\/wp\/v2\/media?parent=374"}],"curies":[{"name":"wp","href":"https:\/\/api.w.org\/{rel}","templated":true}]}}