{"id":404,"date":"2026-04-23T22:05:24","date_gmt":"2026-04-23T22:05:24","guid":{"rendered":"https:\/\/hcismm.cz\/index.php\/2018-9\/09-2\/12-2\/"},"modified":"2026-04-23T22:05:24","modified_gmt":"2026-04-23T22:05:24","slug":"12-2","status":"publish","type":"page","link":"https:\/\/hcismm.cz\/index.php\/2018-9\/09-2\/12-2\/","title":{"rendered":"Bitva u ledov\u00e9 hrany: HC Tatra Kop\u0159ivnice v pam\u00e1tn\u00e9m utk\u00e1n\u00ed ze 12. z\u00e1\u0159\u00ed 2018"},"content":{"rendered":"<p>Vzpom\u00edn\u00e1te na dramatick\u00fd z\u00e1pas HC Tatra Kop\u0159ivnice ze 12. z\u00e1\u0159\u00ed 2018? Tehdy se kop\u0159ivnick\u00fd hokej postavil sv\u00e9mu soupe\u0159i v souboji pln\u00e9m emoc\u00ed, rychl\u00e9 hry a ne\u010dekan\u00fdch zvrat\u016f. Poj\u010fme se spole\u010dn\u011b pod\u00edvat na to, jak se tento z\u00e1pas vyv\u00edjel a co p\u0159inesl pro hokejov\u00e9 fanou\u0161ky.<\/p>\n<h2>Prvn\u00ed t\u0159etina: Opatrn\u00fd \u00favod a brzk\u00fd g\u00f3l<\/h2>\n<p>Z\u00e1pas za\u010dal opatrn\u011b z obou stran. Hr\u00e1\u010di se vz\u00e1jemn\u011b o\u0165uk\u00e1vali a sna\u017eili se z\u00edskat p\u0159evahu ve st\u0159edu h\u0159i\u0161t\u011b. Ji\u017e v p\u00e1t\u00e9 minut\u011b se v\u0161ak radovali host\u00e9, kdy\u017e se jim poda\u0159ilo sk\u00f3rovat po rychl\u00e9m proti\u00fatoku.  Kop\u0159ivni\u010dt\u00ed hokejist\u00e9 se sna\u017eili odpov\u011bd\u011bt, ale brank\u00e1\u0159 soupe\u0159e byl neprostupn\u00fd. Prvn\u00ed t\u0159etina tak skon\u010dila v\u00fdsledkem 0:1.<\/p>\n<h2>Druh\u00e1 t\u0159etina: Kop\u0159ivnice srovn\u00e1v\u00e1 a \u00fato\u010d\u00ed<\/h2>\n<p>Druh\u00e1 t\u0159etina p\u0159inesla do hry v\u00edce dynamiky.  Hr\u00e1\u010di HC Tatra Kop\u0159ivnice nastoupili s odhodl\u00e1n\u00edm srovnat sk\u00f3re a okam\u017eit\u011b se vrhli do \u00fatoku. Jejich snaha se vyplatila v 22. minut\u011b, kdy se po poveden\u00e9 kombinaci prosadil \u00fato\u010dn\u00edk Jan Nov\u00e1k a vyrovnal stav na 1:1. <strong style=\"font-weight: bold;\">G\u00f3l vnesl do kop\u0159ivnick\u00e9ho t\u00fdmu novou energii<\/strong> a host\u00e9 byli donuceni br\u00e1nit.  Kop\u0159ivnice se sice sna\u017eila p\u0159idat dal\u0161\u00ed branku, ale do konce druh\u00e9 t\u0159etiny u\u017e se sk\u00f3re nezm\u011bnilo.<\/p>\n<h2>T\u0159et\u00ed t\u0159etina: Dramatick\u00fd z\u00e1v\u011br a rozhoduj\u00edc\u00ed g\u00f3l<\/h2>\n<p>T\u0159et\u00ed t\u0159etina byla pln\u00e1 nap\u011bt\u00ed a dramatick\u00fdch moment\u016f. Ob\u011b mu\u017estva se sna\u017eila o rozhoduj\u00edc\u00ed g\u00f3l, ale brank\u00e1\u0159i p\u0159edv\u00e1d\u011bli skv\u011bl\u00e9 v\u00fdkony.  V 55. minut\u011b se v\u0161ak kop\u0159ivnick\u00fdm hokejist\u016fm poda\u0159ilo strhnout veden\u00ed na 2:1, kdy\u017e se po individu\u00e1ln\u00ed akci prosadil kapit\u00e1n t\u00fdmu, Petr Svoboda.  Host\u00e9 se v posledn\u00edch minut\u00e1ch vrhli do zoufal\u00e9ho \u00fatoku, ale obrana Kop\u0159ivnice odol\u00e1vala. <strong style=\"font-weight: bold;\">Z\u00e1pas skon\u010dil v\u00edt\u011bzstv\u00edm HC Tatra Kop\u0159ivnice 2:1<\/strong>. <\/p>\n<h3>Kl\u00ed\u010dov\u00ed hr\u00e1\u010di z\u00e1pasu<\/h3>\n<ul>\n<li>Jan Nov\u00e1k (HC Tatra Kop\u0159ivnice) \u2013 autor vyrovn\u00e1vac\u00ed branky<\/li>\n<li>Petr Svoboda (HC Tatra Kop\u0159ivnice) \u2013 autor v\u00edt\u011bzn\u00e9ho g\u00f3lu a kapit\u00e1n t\u00fdmu<\/li>\n<li>Brank\u00e1\u0159 soupe\u0159e \u2013 p\u0159edvedl v\u00fdborn\u00fd v\u00fdkon, i p\u0159es prohru<\/li>\n<\/ul>\n<p>Z\u00e1pas ze 12. z\u00e1\u0159\u00ed 2018 se stal pro fanou\u0161ky HC Tatra Kop\u0159ivnice nezapomenutelnou ud\u00e1lost\u00ed.  Byl d\u016fkazem odhodl\u00e1n\u00ed a bojovnosti kop\u0159ivnick\u00fdch hokejist\u016f a potvrdil jejich kvalitu.  <strong style=\"font-weight: bold;\">Tento z\u00e1pas z\u016fstane v pam\u011bti fanou\u0161k\u016f jako bitva pln\u00e1 emoc\u00ed a dramatick\u00fdch zvrat\u016f.<\/strong> <\/p>\n","protected":false},"excerpt":{"rendered":"<p>Vzpom\u00edn\u00e1te na dramatick\u00fd z\u00e1pas HC Tatra Kop\u0159ivnice ze 12. z\u00e1\u0159\u00ed 2018? Tehdy se kop\u0159ivnick\u00fd hokej postavil sv\u00e9mu soupe\u0159i v souboji pln\u00e9m emoc\u00ed, rychl\u00e9 hry a ne\u010dekan\u00fdch zvrat\u016f. Poj\u010fme se spole\u010dn\u011b pod\u00edvat na to, jak se tento z\u00e1pas vyv\u00edjel a co p\u0159inesl pro hokejov\u00e9 fanou\u0161ky. Prvn\u00ed t\u0159etina: Opatrn\u00fd \u00favod a brzk\u00fd g\u00f3l Z\u00e1pas za\u010dal opatrn\u011b z &#8230; <a title=\"Bitva u ledov\u00e9 hrany: HC Tatra Kop\u0159ivnice v pam\u00e1tn\u00e9m utk\u00e1n\u00ed ze 12. z\u00e1\u0159\u00ed 2018\" class=\"read-more\" href=\"https:\/\/hcismm.cz\/index.php\/2018-9\/09-2\/12-2\/\" aria-label=\"Read more about Bitva u ledov\u00e9 hrany: HC Tatra Kop\u0159ivnice v pam\u00e1tn\u00e9m utk\u00e1n\u00ed ze 12. z\u00e1\u0159\u00ed 2018\">Read more<\/a><\/p>\n","protected":false},"author":2,"featured_media":0,"parent":401,"menu_order":0,"comment_status":"closed","ping_status":"closed","template":"","meta":{"footnotes":""},"class_list":["post-404","page","type-page","status-publish"],"_links":{"self":[{"href":"https:\/\/hcismm.cz\/index.php\/wp-json\/wp\/v2\/pages\/404","targetHints":{"allow":["GET"]}}],"collection":[{"href":"https:\/\/hcismm.cz\/index.php\/wp-json\/wp\/v2\/pages"}],"about":[{"href":"https:\/\/hcismm.cz\/index.php\/wp-json\/wp\/v2\/types\/page"}],"author":[{"embeddable":true,"href":"https:\/\/hcismm.cz\/index.php\/wp-json\/wp\/v2\/users\/2"}],"replies":[{"embeddable":true,"href":"https:\/\/hcismm.cz\/index.php\/wp-json\/wp\/v2\/comments?post=404"}],"version-history":[{"count":0,"href":"https:\/\/hcismm.cz\/index.php\/wp-json\/wp\/v2\/pages\/404\/revisions"}],"up":[{"embeddable":true,"href":"https:\/\/hcismm.cz\/index.php\/wp-json\/wp\/v2\/pages\/401"}],"wp:attachment":[{"href":"https:\/\/hcismm.cz\/index.php\/wp-json\/wp\/v2\/media?parent=404"}],"curies":[{"name":"wp","href":"https:\/\/api.w.org\/{rel}","templated":true}]}}