{"id":437,"date":"2026-04-24T22:05:34","date_gmt":"2026-04-24T22:05:34","guid":{"rendered":"https:\/\/hcismm.cz\/index.php\/2022-6\/09-2\/14-2\/10-pripravne-utkani-hc-ismm-koprivnice-az-havirov-24-02-10-12\/"},"modified":"2026-04-24T22:05:34","modified_gmt":"2026-04-24T22:05:34","slug":"10-pripravne-utkani-hc-ismm-koprivnice-az-havirov-24-02-10-12","status":"publish","type":"page","link":"https:\/\/hcismm.cz\/index.php\/2022-6\/09-2\/14-2\/10-pripravne-utkani-hc-ismm-koprivnice-az-havirov-24-02-10-12\/","title":{"rendered":"Kop\u0159ivnice v divok\u00e9 p\u0159est\u0159elce s Hav\u00ed\u0159ovem! Pod\u00edvejte se, jak dopadl z\u00e1pas"},"content":{"rendered":"<p>Hokejov\u00fd klub HC ISMM Kop\u0159ivnice absolvoval v \u00fanoru \u0159adu p\u0159\u00edpravn\u00fdch utk\u00e1n\u00ed. Jedn\u00edm z nich byl z\u00e1pas proti siln\u00e9mu soupe\u0159i z Hav\u00ed\u0159ova, kter\u00fd se odehr\u00e1l 24. \u00fanora. Z\u00e1pas p\u0159inesl bohatou g\u00f3lovou kanon\u00e1du a skon\u010dil v\u00fdsledkem 10:12 pro Hav\u00ed\u0159ov. Pod\u00edvejme se na pr\u016fb\u011bh a kl\u00ed\u010dov\u00e9 momenty tohoto nap\u00ednav\u00e9ho st\u0159etnut\u00ed.<\/p>\n<h2>Prvn\u00ed t\u0159etina: Rychl\u00fd \u00favod a odpov\u011b\u010f Kop\u0159ivnice<\/h2>\n<p>Z\u00e1pas za\u010dal velmi svi\u017en\u011b a div\u00e1ci byli sv\u011bdky rychl\u00fdch akc\u00ed z obou stran. Hav\u00ed\u0159ov vst\u0159elil hned v \u00favodn\u00edch minut\u00e1ch branku, ale Kop\u0159ivnice dok\u00e1zala rychle odpov\u011bd\u011bt a vyrovnat stav. Prvn\u00ed t\u0159etina byla pln\u00e1 \u00fato\u010dn\u00e9ho hokeje, ale brank\u00e1\u0159i p\u0159edvedli i n\u011bkolik skv\u011bl\u00fdch z\u00e1krok\u016f. T\u0159etina skon\u010dila rem\u00edzou, co\u017e nazna\u010dovalo dramatick\u00fd pr\u016fb\u011bh cel\u00e9ho utk\u00e1n\u00ed.<\/p>\n<h2>Druh\u00e1 t\u0159etina: Hav\u00ed\u0159ov p\u0159eb\u00edr\u00e1 iniciativu<\/h2>\n<p>Druh\u00e1 t\u0159etina p\u0159inesla m\u00edrn\u00fd obrat. Hav\u00ed\u0159ov za\u010dal dominovat ve st\u0159edn\u00ed p\u00e1smu a vytv\u00e1\u0159et si v\u00edce \u0161anc\u00ed. Jejich \u00fasil\u00ed se vyplatilo a poda\u0159ilo se jim dvakr\u00e1t sk\u00f3rovat. Kop\u0159ivnice se sice sna\u017eila dr\u017eet krok, ale obrana m\u011bla probl\u00e9my s rychl\u00fdmi proti\u00fatoky soupe\u0159e. I v t\u00e9to t\u0159etin\u011b padlo n\u011bkolik branek a sk\u00f3re se postupn\u011b navy\u0161ovalo.<\/p>\n<h2>T\u0159et\u00ed t\u0159etina: G\u00f3lov\u00e1 smr\u0161\u0165 a z\u00e1v\u011bre\u010dn\u00fd n\u00e1por<\/h2>\n<p>T\u0159et\u00ed t\u0159etina byla pravou g\u00f3lovou smr\u0161t\u00ed. Ob\u011b mu\u017estva se do sebe pustila s je\u0161t\u011b v\u011bt\u0161\u00ed vervou a branky padaly t\u00e9m\u011b\u0159 ka\u017edou minutu. Hav\u00ed\u0159ov se dostal do veden\u00ed o n\u011bkolik g\u00f3l\u016f, ale Kop\u0159ivnice se nevzd\u00e1vala a sna\u017eila se sn\u00ed\u017eit ztr\u00e1tu. Hr\u00e1\u010di HC ISMM Kop\u0159ivnice p\u0159edvedli bojovnost a odhodl\u00e1n\u00ed, ale nakonec nedok\u00e1zali dohnat soupe\u0159e. Z\u00e1v\u011bre\u010dn\u00fd n\u00e1por Kop\u0159ivnice p\u0159inesl n\u011bkolik branek, ale na obrat to nesta\u010dilo.<\/p>\n<h2>Kl\u00ed\u010dov\u00ed hr\u00e1\u010di a statistiky<\/h2>\n<p>Z\u00e1pas nab\u00eddl \u0159adu individu\u00e1ln\u00edch v\u00fdkon\u016f. V t\u00fdmu Hav\u00ed\u0159ova se da\u0159ilo zejm\u00e9na \u00fato\u010dn\u00edk\u016fm, kte\u0159\u00ed vst\u0159elili v\u011bt\u0161inu g\u00f3l\u016f. V kop\u0159ivnick\u00e9m t\u00fdmu se prosadili p\u0159edev\u0161\u00edm hr\u00e1\u010di prvn\u00ed \u00fato\u010dn\u00e9 formace. P\u0159esn\u00e9 statistiky z\u00e1pasu, v\u010detn\u011b po\u010dtu st\u0159el a vylou\u010den\u00ed, nebyly k dispozici, ale jist\u00e9 je, \u017ee se jednalo o velmi ofenzivn\u00ed utk\u00e1n\u00ed.<\/p>\n<h2>Zhodnocen\u00ed a v\u00fdhled<\/h2>\n<p>P\u0159esto\u017ee HC ISMM Kop\u0159ivnice prohr\u00e1l, z\u00e1pas s Hav\u00ed\u0159ovem byl cennou zku\u0161enost\u00ed pro cel\u00fd t\u00fdm. P\u0159\u00edpravn\u00e9 utk\u00e1n\u00ed uk\u00e1zalo siln\u00e9 str\u00e1nky i slabiny kop\u0159ivnick\u00fdch hokejist\u016f a poskytlo tren\u00e9rsk\u00e9mu \u0161t\u00e1bu podklady pro dal\u0161\u00ed pr\u00e1ci. Nyn\u00ed se t\u00fdm zam\u011b\u0159\u00ed na dal\u0161\u00ed p\u0159\u00edpravn\u00e9 z\u00e1pasy a sna\u017e\u00ed se p\u0159ipravit na nadch\u00e1zej\u00edc\u00ed sout\u011b\u017en\u00ed ro\u010dn\u00edk. **Je d\u016fle\u017eit\u00e9, aby se z tohoto z\u00e1pasu pou\u010dili a v dal\u0161\u00edch utk\u00e1n\u00edch p\u0159edvedli je\u0161t\u011b lep\u0161\u00ed v\u00fdkon.**<\/p>\n<p>Sledujte web hcismm.cz pro dal\u0161\u00ed informace o p\u0159\u00edprav\u00e1ch HC Tatra Kop\u0159ivnice a aktu\u00e1ln\u00ed d\u011bn\u00ed v klubu. Dr\u017e\u00edme hr\u00e1\u010d\u016fm palce a v\u011b\u0159\u00edme, \u017ee se brzy do\u010dk\u00e1me v\u00edt\u011bzstv\u00ed!<\/p>\n","protected":false},"excerpt":{"rendered":"<p>Hokejov\u00fd klub HC ISMM Kop\u0159ivnice absolvoval v \u00fanoru \u0159adu p\u0159\u00edpravn\u00fdch utk\u00e1n\u00ed. Jedn\u00edm z nich byl z\u00e1pas proti siln\u00e9mu soupe\u0159i z Hav\u00ed\u0159ova, kter\u00fd se odehr\u00e1l 24. \u00fanora. Z\u00e1pas p\u0159inesl bohatou g\u00f3lovou kanon\u00e1du a skon\u010dil v\u00fdsledkem 10:12 pro Hav\u00ed\u0159ov. Pod\u00edvejme se na pr\u016fb\u011bh a kl\u00ed\u010dov\u00e9 momenty tohoto nap\u00ednav\u00e9ho st\u0159etnut\u00ed. Prvn\u00ed t\u0159etina: Rychl\u00fd \u00favod a odpov\u011b\u010f Kop\u0159ivnice Z\u00e1pas &#8230; <a title=\"Kop\u0159ivnice v divok\u00e9 p\u0159est\u0159elce s Hav\u00ed\u0159ovem! Pod\u00edvejte se, jak dopadl z\u00e1pas\" class=\"read-more\" href=\"https:\/\/hcismm.cz\/index.php\/2022-6\/09-2\/14-2\/10-pripravne-utkani-hc-ismm-koprivnice-az-havirov-24-02-10-12\/\" aria-label=\"Read more about Kop\u0159ivnice v divok\u00e9 p\u0159est\u0159elce s Hav\u00ed\u0159ovem! Pod\u00edvejte se, jak dopadl z\u00e1pas\">Read more<\/a><\/p>\n","protected":false},"author":2,"featured_media":0,"parent":434,"menu_order":0,"comment_status":"closed","ping_status":"closed","template":"","meta":{"footnotes":""},"class_list":["post-437","page","type-page","status-publish"],"_links":{"self":[{"href":"https:\/\/hcismm.cz\/index.php\/wp-json\/wp\/v2\/pages\/437","targetHints":{"allow":["GET"]}}],"collection":[{"href":"https:\/\/hcismm.cz\/index.php\/wp-json\/wp\/v2\/pages"}],"about":[{"href":"https:\/\/hcismm.cz\/index.php\/wp-json\/wp\/v2\/types\/page"}],"author":[{"embeddable":true,"href":"https:\/\/hcismm.cz\/index.php\/wp-json\/wp\/v2\/users\/2"}],"replies":[{"embeddable":true,"href":"https:\/\/hcismm.cz\/index.php\/wp-json\/wp\/v2\/comments?post=437"}],"version-history":[{"count":0,"href":"https:\/\/hcismm.cz\/index.php\/wp-json\/wp\/v2\/pages\/437\/revisions"}],"up":[{"embeddable":true,"href":"https:\/\/hcismm.cz\/index.php\/wp-json\/wp\/v2\/pages\/434"}],"wp:attachment":[{"href":"https:\/\/hcismm.cz\/index.php\/wp-json\/wp\/v2\/media?parent=437"}],"curies":[{"name":"wp","href":"https:\/\/api.w.org\/{rel}","templated":true}]}}