{"id":467,"date":"2026-04-24T22:15:34","date_gmt":"2026-04-24T22:15:34","guid":{"rendered":"https:\/\/hcismm.cz\/index.php\/2018-12\/09-2\/16-2\/"},"modified":"2026-04-24T22:15:34","modified_gmt":"2026-04-24T22:15:34","slug":"16-2","status":"publish","type":"page","link":"https:\/\/hcismm.cz\/index.php\/2018-12\/09-2\/16-2\/","title":{"rendered":"\u0160okuj\u00edc\u00ed obrat v Kop\u0159ivnici! Jak HC Tatra oto\u010dil z\u00e1pas 16. z\u00e1\u0159\u00ed 2018"},"content":{"rendered":"<p>Z\u00e1pas odehran\u00fd \u0161estn\u00e1ct\u00e9ho z\u00e1\u0159\u00ed roku dva tis\u00edce osmn\u00e1ct z\u016fstane fanou\u0161k\u016fm HC Tatra Kop\u0159ivnice nav\u017edy v pam\u011bti. Utk\u00e1n\u00ed p\u0159ineslo dramatick\u00fd pr\u016fb\u011bh a ne\u010dekan\u00fd obrat, kter\u00fd rozhodl o zisku cenn\u00fdch bod\u016f.<\/p>\n<h2>Prvn\u00ed t\u0159etina: Pomalej\u0161\u00ed rozjezd<\/h2>\n<p>Prvn\u00ed t\u0159etina se nesla ve znamen\u00ed opatrn\u00e9 hry od obou t\u00fdm\u016f. Dom\u00e1c\u00ed HC Tatra Kop\u0159ivnice vstoupila do z\u00e1pasu pon\u011bkud nerv\u00f3zn\u011b a host\u00e9 to dok\u00e1zali vyu\u017e\u00edt. Ji\u017e ve \u010dtvrt\u00e9 minut\u011b se hostuj\u00edc\u00ed t\u00fdm dostal do veden\u00ed po rychl\u00e9m proti\u00fatoku. Hr\u00e1\u010di Kop\u0159ivnice se sice sna\u017eili odpov\u011bd\u011bt, ale jejich st\u0159ely m\u00ed\u0159ily jen do rukavic brank\u00e1\u0159e. Prvn\u00ed t\u0159etina tak skon\u010dila v\u00fdsledkem 0:1 pro hosty.<\/p>\n<h2>Druh\u00e1 t\u0159etina: Zm\u011bna strategie a \u00fatok<\/h2>\n<p>Druh\u00e1 t\u0159etina p\u0159inesla z\u00e1sadn\u00ed zm\u011bnu v taktik\u011b HC Tatra Kop\u0159ivnice. Tren\u00e9rsk\u00fd t\u00fdm upravil rozestaven\u00ed a pov\u011b\u0159il \u00fato\u010dn\u00edky, aby se zam\u011b\u0159ili na aktivn\u011bj\u0161\u00ed hru a pronik\u00e1n\u00ed do \u00fato\u010dn\u00e9 z\u00f3ny. Tato zm\u011bna p\u0159inesla okam\u017eit\u00fd efekt. Hr\u00e1\u010di za\u010dali vytv\u00e1\u0159et si g\u00f3lov\u00e9 \u0161ance a ve dvac\u00e1t\u00e9 minut\u011b se poda\u0159ilo srovnat sk\u00f3re. Autorem vyrovn\u00e1vaj\u00edc\u00ed branky byl \u00fato\u010dn\u00edk Petr Nov\u00e1k, kter\u00fd se elegantn\u011b prosm\u00fdkl obranou soupe\u0159e. I p\u0159es aktivn\u00ed hru se v\u0161ak do konce druh\u00e9 t\u0159etiny sk\u00f3re ji\u017e nezm\u011bnilo.<\/p>\n<h2>T\u0159et\u00ed t\u0159etina: Dramatick\u00fd obrat a v\u00edt\u011bzstv\u00ed<\/h2>\n<p>T\u0159et\u00ed t\u0159etina byla nap\u00ednav\u00e1 od prvn\u00edch sekund. Host\u00e9 se sna\u017eili znovu p\u0159evz\u00edt iniciativu, ale brank\u00e1\u0159 HC Tatra Kop\u0159ivnice p\u0159edv\u00e1d\u011bl skv\u011bl\u00e9 z\u00e1kroky. V pades\u00e1t\u00e9 minut\u011b se v\u0161ak host\u016fm poda\u0159ilo znovu vst\u0159elit branku a dostat se do veden\u00ed. Zd\u00e1lo se, \u017ee Kop\u0159ivnice u\u017e nem\u00e1 s\u00edlu na zvrat. Ale hr\u00e1\u010di HC Tatra Kop\u0159ivnice neztratili nad\u011bji. V pades\u00e1t\u00e9 osm\u00e9 minut\u011b se poda\u0159ilo vyrovnat po p\u0159esn\u00e9 st\u0159ele z \u00fahlu. Atmosf\u00e9ra v hale byla elektrizuj\u00edc\u00ed. A pak, v posledn\u00ed minut\u011b z\u00e1pasu, p\u0159i\u0161la chv\u00edle, na kterou v\u0161ichni fanou\u0161ci Kop\u0159ivnice nezapomenou. Po rychl\u00e9m proti\u00fatoku se dostal do \u0161ance kapit\u00e1n t\u00fdmu Jan Pokorn\u00fd a jeho st\u0159ela skon\u010dila v s\u00edti. <strong class=\"highlight\">HC Tatra Kop\u0159ivnice tak oto\u010dila z\u00e1pas v posledn\u00edch vte\u0159in\u00e1ch a vyhr\u00e1la 3:2!<\/strong><\/p>\n<h2>Kl\u00ed\u010dov\u00ed hr\u00e1\u010di a statistiky<\/h2>\n<p>Krom\u011b st\u0159elc\u016f branek se v z\u00e1pase bl\u00fdskli i dal\u0161\u00ed hr\u00e1\u010di HC Tatra Kop\u0159ivnice. Obr\u00e1nce Tom\u00e1\u0161 Svoboda p\u0159edvedl n\u011bkolik skv\u011bl\u00fdch z\u00e1krok\u016f a \u00fato\u010dn\u00edk Martin Dvo\u0159\u00e1k byl neust\u00e1lou hrozbou pro obranu soupe\u0159e. Kompletn\u00ed statistiky z\u00e1pasu si m\u016f\u017eete prohl\u00e9dnout na ofici\u00e1ln\u00edch str\u00e1nk\u00e1ch klubu.<\/p>\n<p>Tento z\u00e1pas uk\u00e1zal, \u017ee HC Tatra Kop\u0159ivnice m\u00e1 siln\u00fd t\u00fdm s velkou bojovnost\u00ed a schopnost\u00ed oto\u010dit nep\u0159\u00edzniv\u00fd v\u00fdsledek. Fanou\u0161ci se mohou t\u011b\u0161it na dal\u0161\u00ed vzru\u0161uj\u00edc\u00ed z\u00e1pasy a doufaj\u00ed, \u017ee jejich t\u00fdm bude i nad\u00e1le bojovat o nejvy\u0161\u0161\u00ed p\u0159\u00ed\u010dky v tabulce.<\/p>\n<p><strong>Nenechte si uj\u00edt dal\u0161\u00ed z\u00e1pasy HC Tatra Kop\u0159ivnice a podpo\u0159te n\u00e1\u0161 t\u00fdm!<\/strong><\/p>\n","protected":false},"excerpt":{"rendered":"<p>Z\u00e1pas odehran\u00fd \u0161estn\u00e1ct\u00e9ho z\u00e1\u0159\u00ed roku dva tis\u00edce osmn\u00e1ct z\u016fstane fanou\u0161k\u016fm HC Tatra Kop\u0159ivnice nav\u017edy v pam\u011bti. Utk\u00e1n\u00ed p\u0159ineslo dramatick\u00fd pr\u016fb\u011bh a ne\u010dekan\u00fd obrat, kter\u00fd rozhodl o zisku cenn\u00fdch bod\u016f. Prvn\u00ed t\u0159etina: Pomalej\u0161\u00ed rozjezd Prvn\u00ed t\u0159etina se nesla ve znamen\u00ed opatrn\u00e9 hry od obou t\u00fdm\u016f. Dom\u00e1c\u00ed HC Tatra Kop\u0159ivnice vstoupila do z\u00e1pasu pon\u011bkud nerv\u00f3zn\u011b a host\u00e9 &#8230; <a title=\"\u0160okuj\u00edc\u00ed obrat v Kop\u0159ivnici! Jak HC Tatra oto\u010dil z\u00e1pas 16. z\u00e1\u0159\u00ed 2018\" class=\"read-more\" href=\"https:\/\/hcismm.cz\/index.php\/2018-12\/09-2\/16-2\/\" aria-label=\"Read more about \u0160okuj\u00edc\u00ed obrat v Kop\u0159ivnici! Jak HC Tatra oto\u010dil z\u00e1pas 16. z\u00e1\u0159\u00ed 2018\">Read more<\/a><\/p>\n","protected":false},"author":2,"featured_media":0,"parent":464,"menu_order":0,"comment_status":"closed","ping_status":"closed","template":"","meta":{"footnotes":""},"class_list":["post-467","page","type-page","status-publish"],"_links":{"self":[{"href":"https:\/\/hcismm.cz\/index.php\/wp-json\/wp\/v2\/pages\/467","targetHints":{"allow":["GET"]}}],"collection":[{"href":"https:\/\/hcismm.cz\/index.php\/wp-json\/wp\/v2\/pages"}],"about":[{"href":"https:\/\/hcismm.cz\/index.php\/wp-json\/wp\/v2\/types\/page"}],"author":[{"embeddable":true,"href":"https:\/\/hcismm.cz\/index.php\/wp-json\/wp\/v2\/users\/2"}],"replies":[{"embeddable":true,"href":"https:\/\/hcismm.cz\/index.php\/wp-json\/wp\/v2\/comments?post=467"}],"version-history":[{"count":0,"href":"https:\/\/hcismm.cz\/index.php\/wp-json\/wp\/v2\/pages\/467\/revisions"}],"up":[{"embeddable":true,"href":"https:\/\/hcismm.cz\/index.php\/wp-json\/wp\/v2\/pages\/464"}],"wp:attachment":[{"href":"https:\/\/hcismm.cz\/index.php\/wp-json\/wp\/v2\/media?parent=467"}],"curies":[{"name":"wp","href":"https:\/\/api.w.org\/{rel}","templated":true}]}}