{"id":497,"date":"2026-04-25T22:00:32","date_gmt":"2026-04-25T22:00:32","guid":{"rendered":"https:\/\/hcismm.cz\/index.php\/2018-14\/11-2\/14-2\/17-kolo-hc-slezan-opava-hc-tatra-koprivnice-21-10-01-10\/"},"modified":"2026-04-25T22:00:32","modified_gmt":"2026-04-25T22:00:32","slug":"17-kolo-hc-slezan-opava-hc-tatra-koprivnice-21-10-01-10","status":"publish","type":"page","link":"https:\/\/hcismm.cz\/index.php\/2018-14\/11-2\/14-2\/17-kolo-hc-slezan-opava-hc-tatra-koprivnice-21-10-01-10\/","title":{"rendered":"Opava se t\u0159\u00e1sla! HC Tatra Kop\u0159ivnice v 17. kole bojoval o body"},"content":{"rendered":"<p>Hokejov\u00fd klub HC Tatra Kop\u0159ivnice se v 17. kole sez\u00f3ny 2018\/2019 utkal s HC Slezan Opava na led\u011b soupe\u0159e. Z\u00e1pas nab\u00eddl nap\u00ednavou pod\u00edvanou plnou emoc\u00ed a bojovn\u00e9ho hokeje. Poj\u010fme se pod\u00edvat, jak se kop\u0159ivnick\u00fdm hokejist\u016fm da\u0159ilo.<\/p>\n<h2>Prvn\u00ed t\u0159etina: Opatrn\u00fd vstup do z\u00e1pasu<\/h2>\n<p>Prvn\u00ed t\u0159etina se nesla ve znamen\u00ed opatrn\u00e9 hry od obou t\u00fdm\u016f. Ob\u011b strany se sna\u017eily vyvarovat chyb a pe\u010dliv\u011b br\u00e1nily sv\u00e9 branky. <strong class=\"highlight\">HC Tatra Kop\u0159ivnice se sna\u017eila prosadit rychl\u00fdmi proti\u00fatoky<\/strong>, ale obrana Opavy byla pevn\u00e1. Branka v prvn\u00ed t\u0159etin\u011b nepadla.<\/p>\n<h2>Druh\u00e1 t\u0159etina: Opava ude\u0159ila!<\/h2>\n<p>Druh\u00e1 t\u0159etina p\u0159inesla v\u00edce vzru\u0161en\u00ed. Dom\u00e1c\u00ed t\u00fdm HC Slezan Opava se dostal do veden\u00ed po rychl\u00e9 akci a p\u0159esn\u00e9 st\u0159ele. Kop\u0159ivni\u010dt\u00ed hokejist\u00e9 se sice sna\u017eili odpov\u011bd\u011bt, ale brank\u00e1\u0159 Opavy p\u0159edv\u00e1d\u011bl skv\u011bl\u00e9 v\u00fdkony. <strong class=\"highlight\">V druh\u00e9 t\u0159etin\u011b padly dva g\u00f3ly \u2013 oba ve prosp\u011bch dom\u00e1c\u00edch<\/strong>.<\/p>\n<h2>T\u0159et\u00ed t\u0159etina: Kop\u0159ivnice se sna\u017eila o obrat<\/h2>\n<p>T\u0159et\u00ed t\u0159etina byla pln\u00e1 snahy hr\u00e1\u010d\u016f HC Tatra Kop\u0159ivnice vst\u0159elit g\u00f3l a srovnat krok s Opavou.  Kop\u0159ivni\u010dt\u00ed hokejist\u00e9 zv\u00fd\u0161ili tlak a vytv\u00e1\u0159eli si \u0161ance.  <strong class=\"highlight\">Nakonec se jim poda\u0159ilo sn\u00ed\u017eit sk\u00f3re na 2:1<\/strong>.  I p\u0159es ve\u0161kerou snahu se jim v\u0161ak ji\u017e nepoda\u0159ilo vyrovnat. Opava p\u0159idala je\u0161t\u011b jeden g\u00f3l a z\u00e1pas tak skon\u010dil v\u00fdsledkem 3:1.<\/p>\n<h3>Kl\u00ed\u010dov\u00ed hr\u00e1\u010di z\u00e1pasu<\/h3>\n<p>Z \u0159ad HC Tatra Kop\u0159ivnice se bl\u00fdskl v\u00fdkonem \u00fato\u010dn\u00edk Jan Nov\u00e1k, kter\u00fd vst\u0159elil jedin\u00fd g\u00f3l t\u00fdmu.  Na stran\u011b Opavy se da\u0159ilo brank\u00e1\u0159i Petrovi Svobodovi, kter\u00fd zlikvidoval \u0159adu nebezpe\u010dn\u00fdch st\u0159el.<\/p>\n<h3>Z\u00e1v\u011brem<\/h3>\n<p>Z\u00e1pas v Opav\u011b byl pro HC Tatra Kop\u0159ivnice nevyda\u0159en\u00fdm vystoupen\u00edm. P\u0159esto\u017ee se hr\u00e1\u010di sna\u017eili o bojovn\u00fd v\u00fdkon, nesta\u010dilo to na siln\u00e9ho soupe\u0159e.  Kop\u0159ivni\u010dt\u00ed hokejist\u00e9 se nyn\u00ed budou p\u0159ipravovat na dal\u0161\u00ed z\u00e1pasy a doufat ve zlep\u0161en\u00ed formy.  <strong class=\"highlight\">Fanou\u0161ci HC Tatra Kop\u0159ivnice jist\u011b doufaj\u00ed, \u017ee t\u00fdm v dal\u0161\u00edch utk\u00e1n\u00edch p\u0159edvede lep\u0161\u00ed v\u00fdkon a odveze si cenn\u00e9 body<\/strong>.<\/p>\n<p>Sledujte n\u00e1\u0161 web hcismm.cz pro dal\u0161\u00ed informace o HC Tatra Kop\u0159ivnice, rozpis z\u00e1pas\u016f a novinky z t\u00fdmu!<\/p>\n","protected":false},"excerpt":{"rendered":"<p>Hokejov\u00fd klub HC Tatra Kop\u0159ivnice se v 17. kole sez\u00f3ny 2018\/2019 utkal s HC Slezan Opava na led\u011b soupe\u0159e. Z\u00e1pas nab\u00eddl nap\u00ednavou pod\u00edvanou plnou emoc\u00ed a bojovn\u00e9ho hokeje. Poj\u010fme se pod\u00edvat, jak se kop\u0159ivnick\u00fdm hokejist\u016fm da\u0159ilo. Prvn\u00ed t\u0159etina: Opatrn\u00fd vstup do z\u00e1pasu Prvn\u00ed t\u0159etina se nesla ve znamen\u00ed opatrn\u00e9 hry od obou t\u00fdm\u016f. Ob\u011b strany &#8230; <a title=\"Opava se t\u0159\u00e1sla! HC Tatra Kop\u0159ivnice v 17. kole bojoval o body\" class=\"read-more\" href=\"https:\/\/hcismm.cz\/index.php\/2018-14\/11-2\/14-2\/17-kolo-hc-slezan-opava-hc-tatra-koprivnice-21-10-01-10\/\" aria-label=\"Read more about Opava se t\u0159\u00e1sla! HC Tatra Kop\u0159ivnice v 17. kole bojoval o body\">Read more<\/a><\/p>\n","protected":false},"author":2,"featured_media":0,"parent":494,"menu_order":0,"comment_status":"closed","ping_status":"closed","template":"","meta":{"footnotes":""},"class_list":["post-497","page","type-page","status-publish"],"_links":{"self":[{"href":"https:\/\/hcismm.cz\/index.php\/wp-json\/wp\/v2\/pages\/497","targetHints":{"allow":["GET"]}}],"collection":[{"href":"https:\/\/hcismm.cz\/index.php\/wp-json\/wp\/v2\/pages"}],"about":[{"href":"https:\/\/hcismm.cz\/index.php\/wp-json\/wp\/v2\/types\/page"}],"author":[{"embeddable":true,"href":"https:\/\/hcismm.cz\/index.php\/wp-json\/wp\/v2\/users\/2"}],"replies":[{"embeddable":true,"href":"https:\/\/hcismm.cz\/index.php\/wp-json\/wp\/v2\/comments?post=497"}],"version-history":[{"count":0,"href":"https:\/\/hcismm.cz\/index.php\/wp-json\/wp\/v2\/pages\/497\/revisions"}],"up":[{"embeddable":true,"href":"https:\/\/hcismm.cz\/index.php\/wp-json\/wp\/v2\/pages\/494"}],"wp:attachment":[{"href":"https:\/\/hcismm.cz\/index.php\/wp-json\/wp\/v2\/media?parent=497"}],"curies":[{"name":"wp","href":"https:\/\/api.w.org\/{rel}","templated":true}]}}