{"id":509,"date":"2026-04-25T22:05:29","date_gmt":"2026-04-25T22:05:29","guid":{"rendered":"https:\/\/hcismm.cz\/index.php\/2023-9\/01-2\/09-2\/dve-tretiny-jsme-byli-lepsi-a-neni-pripustne-aby-jsme-si-takto-nechali-utect-body-rika-adam-urban\/"},"modified":"2026-04-25T22:05:29","modified_gmt":"2026-04-25T22:05:29","slug":"dve-tretiny-jsme-byli-lepsi-a-neni-pripustne-aby-jsme-si-takto-nechali-utect-body-rika-adam-urban","status":"publish","type":"page","link":"https:\/\/hcismm.cz\/index.php\/2023-9\/01-2\/09-2\/dve-tretiny-jsme-byli-lepsi-a-neni-pripustne-aby-jsme-si-takto-nechali-utect-body-rika-adam-urban\/","title":{"rendered":"Po z\u00e1pase s [Soupe\u0159]: Adam Urban o kl\u00ed\u010dov\u00fdch momentech a budouc\u00edch pl\u00e1nech HC Tatra Kop\u0159ivnice"},"content":{"rendered":"<p>Kop\u0159ivnice \u2013 Hokejist\u00e9 HC Tatra Kop\u0159ivnice odehr\u00e1li nap\u00ednav\u00e9 utk\u00e1n\u00ed proti [Soupe\u0159]. Z\u00e1pas skon\u010dil v\u00fdsledkem [V\u00fdsledek] a p\u0159inesl fanou\u0161k\u016fm spoustu emoc\u00ed. Po utk\u00e1n\u00ed jsme m\u011bli mo\u017enost promluvit si s kl\u00ed\u010dov\u00fdm hr\u00e1\u010dem t\u00fdmu, Adamem Urbanem, a zeptat se ho na jeho pohled na pr\u016fb\u011bh z\u00e1pasu a pl\u00e1ny do budoucna.<\/p>\n<h2>Zhodnocen\u00ed z\u00e1pasu s [Soupe\u0159]<\/h2>\n<p>Z\u00e1pas s [Soupe\u0159] byl pro HC Tatra Kop\u0159ivnice d\u016fle\u017eit\u00fdm testem.  Hr\u00e1\u010di se sna\u017eili naplnit taktick\u00e9 pokyny tren\u00e9ra a p\u0159edv\u00e9st hokej, kter\u00fd by pot\u011b\u0161il div\u00e1ky. I p\u0159es [Pozitivn\u00ed\/Negativn\u00ed aspekt hry] se t\u00fdm sna\u017eil bojovat a\u017e do konce.  <strong>Adam Urban k utk\u00e1n\u00ed \u0159ekl:<\/strong> \u201eByl to t\u011b\u017ek\u00fd z\u00e1pas, [Soupe\u0159] hr\u00e1l velmi dob\u0159e. M\u011bli jsme \u0161ance, ale nedok\u00e1zali jsme je prom\u011bnit. Mus\u00edme se z toho pou\u010dit a zlep\u0161it se.\u201c<\/p>\n<h2>Kl\u00ed\u010dov\u00e9 momenty z\u00e1pasu<\/h2>\n<p>Z\u00e1pas nab\u00eddl n\u011bkolik kl\u00ed\u010dov\u00fdch moment\u016f, kter\u00e9 ovlivnily jeho v\u00fdsledek. [Popis jednoho kl\u00ed\u010dov\u00e9ho momentu].  Dal\u0161\u00edm d\u016fle\u017eit\u00fdm okam\u017eikem byla [Popis druh\u00e9ho kl\u00ed\u010dov\u00e9ho momentu].  Adam Urban se k t\u011bmto moment\u016fm vyj\u00e1d\u0159il takto: \u201eTyto momenty z\u00e1pas ovlivnily, ale nem\u016f\u017eeme se na n\u011b vymlouvat. Mus\u00edme se soust\u0159edit na to, co m\u016f\u017eeme ovlivnit.\u201c<\/p>\n<h3>V\u00fdkon Adama Urbana<\/h3>\n<p>Adam Urban p\u0159edvedl v utk\u00e1n\u00ed solidn\u00ed v\u00fdkon. Jeho hra byla charakteristick\u00e1 [Popis jeho hry &#8211; nap\u0159. bojovnost\u00ed, p\u0159esn\u00fdmi p\u0159ihr\u00e1vkami, st\u0159elami]. Byl aktivn\u00ed v \u00fato\u010dn\u00e9 f\u00e1zi a sna\u017eil se vytv\u00e1\u0159et \u0161ance pro sv\u016fj t\u00fdm. Adam Urban zm\u00ednil: \u201eSna\u017eil jsem se hr\u00e1t pro t\u00fdm a pomoci mu k v\u00edt\u011bzstv\u00ed. Jsem r\u00e1d, \u017ee jsem mohl b\u00fdt na led\u011b a bojovat s kluky.\u201c<\/p>\n<h2>Pl\u00e1ny do budoucna<\/h2>\n<p>HC Tatra Kop\u0159ivnice se nyn\u00ed soust\u0159ed\u00ed na p\u0159\u00edpravu na dal\u0161\u00ed utk\u00e1n\u00ed.  T\u00fdm se chce zlep\u0161it v [Oblasti, ve kter\u00fdch se chce zlep\u0161it].  <strong>Adam Urban dodal:<\/strong> \u201eM\u00e1me p\u0159ed sebou je\u0161t\u011b spoustu pr\u00e1ce. Mus\u00edme se zlep\u0161it v t\u00fdmov\u00e9 h\u0159e a efektivit\u011b st\u0159elby. V\u011b\u0159\u00edme, \u017ee se n\u00e1m to poda\u0159\u00ed a budeme hr\u00e1t l\u00e9pe.\u201c<\/p>\n<h2>Podpora fanou\u0161k\u016f<\/h2>\n<p>Hr\u00e1\u010di HC Tatra Kop\u0159ivnice si cen\u00ed podpory fanou\u0161k\u016f. Jejich povzbuzov\u00e1n\u00ed dod\u00e1v\u00e1 t\u00fdmu energii a motivaci. Adam Urban v z\u00e1v\u011bru \u0159ekl: \u201eFanou\u0161ci jsou pro n\u00e1s skv\u011bl\u00ed. Jejich podpora n\u00e1m velmi pom\u00e1h\u00e1. Chceme je odm\u011bnit dobrou hrou a v\u00edt\u011bzstv\u00edmi.\u201c<\/p>\n<p>Sledujte web HC Tatra Kop\u0159ivnice (hcismm.cz) pro dal\u0161\u00ed informace o t\u00fdmu a nadch\u00e1zej\u00edc\u00edch z\u00e1pasech.  Podpo\u0159te n\u00e1\u0161 t\u00fdm a bu\u010fte s n\u00e1mi na cest\u011b za hokejov\u00fdmi \u00fasp\u011bchy!<\/p>\n","protected":false},"excerpt":{"rendered":"<p>Kop\u0159ivnice \u2013 Hokejist\u00e9 HC Tatra Kop\u0159ivnice odehr\u00e1li nap\u00ednav\u00e9 utk\u00e1n\u00ed proti [Soupe\u0159]. Z\u00e1pas skon\u010dil v\u00fdsledkem [V\u00fdsledek] a p\u0159inesl fanou\u0161k\u016fm spoustu emoc\u00ed. Po utk\u00e1n\u00ed jsme m\u011bli mo\u017enost promluvit si s kl\u00ed\u010dov\u00fdm hr\u00e1\u010dem t\u00fdmu, Adamem Urbanem, a zeptat se ho na jeho pohled na pr\u016fb\u011bh z\u00e1pasu a pl\u00e1ny do budoucna. Zhodnocen\u00ed z\u00e1pasu s [Soupe\u0159] Z\u00e1pas s [Soupe\u0159] byl &#8230; <a title=\"Po z\u00e1pase s [Soupe\u0159]: Adam Urban o kl\u00ed\u010dov\u00fdch momentech a budouc\u00edch pl\u00e1nech HC Tatra Kop\u0159ivnice\" class=\"read-more\" href=\"https:\/\/hcismm.cz\/index.php\/2023-9\/01-2\/09-2\/dve-tretiny-jsme-byli-lepsi-a-neni-pripustne-aby-jsme-si-takto-nechali-utect-body-rika-adam-urban\/\" aria-label=\"Read more about Po z\u00e1pase s [Soupe\u0159]: Adam Urban o kl\u00ed\u010dov\u00fdch momentech a budouc\u00edch pl\u00e1nech HC Tatra Kop\u0159ivnice\">Read more<\/a><\/p>\n","protected":false},"author":2,"featured_media":0,"parent":506,"menu_order":0,"comment_status":"closed","ping_status":"closed","template":"","meta":{"footnotes":""},"class_list":["post-509","page","type-page","status-publish"],"_links":{"self":[{"href":"https:\/\/hcismm.cz\/index.php\/wp-json\/wp\/v2\/pages\/509","targetHints":{"allow":["GET"]}}],"collection":[{"href":"https:\/\/hcismm.cz\/index.php\/wp-json\/wp\/v2\/pages"}],"about":[{"href":"https:\/\/hcismm.cz\/index.php\/wp-json\/wp\/v2\/types\/page"}],"author":[{"embeddable":true,"href":"https:\/\/hcismm.cz\/index.php\/wp-json\/wp\/v2\/users\/2"}],"replies":[{"embeddable":true,"href":"https:\/\/hcismm.cz\/index.php\/wp-json\/wp\/v2\/comments?post=509"}],"version-history":[{"count":0,"href":"https:\/\/hcismm.cz\/index.php\/wp-json\/wp\/v2\/pages\/509\/revisions"}],"up":[{"embeddable":true,"href":"https:\/\/hcismm.cz\/index.php\/wp-json\/wp\/v2\/pages\/506"}],"wp:attachment":[{"href":"https:\/\/hcismm.cz\/index.php\/wp-json\/wp\/v2\/media?parent=509"}],"curies":[{"name":"wp","href":"https:\/\/api.w.org\/{rel}","templated":true}]}}