{"id":548,"date":"2026-04-26T22:10:30","date_gmt":"2026-04-26T22:10:30","guid":{"rendered":"https:\/\/hcismm.cz\/index.php\/2018-16\/09-2\/19-2\/"},"modified":"2026-04-26T22:10:30","modified_gmt":"2026-04-26T22:10:30","slug":"19-2","status":"publish","type":"page","link":"https:\/\/hcismm.cz\/index.php\/2018-16\/09-2\/19-2\/","title":{"rendered":"Bitva o led: HC Tatra Kop\u0159ivnice vs. HC ISMM Pust\u011bjov (2018\/2019)"},"content":{"rendered":"<p>Sez\u00f3na 2018\/2019 p\u0159inesla hokejov\u00fdm fanou\u0161k\u016fm v Kop\u0159ivnici \u0159adu vzru\u0161uj\u00edc\u00edch moment\u016f. Jedn\u00edm z takov\u00fdch byl i z\u00e1pas proti HC ISMM Pust\u011bjov, kter\u00fd se odehr\u00e1l v r\u00e1mci ligov\u00fdch boj\u016f. Poj\u010fme se pod\u00edvat na to, jak se tento duel vyv\u00edjel a jak\u00e9 byly jeho kl\u00ed\u010dov\u00e9 momenty.<\/p>\n<h2>Pr\u016fb\u011bh z\u00e1pasu<\/h2>\n<p>Z\u00e1pas mezi HC Tatra Kop\u0159ivnice a HC ISMM Pust\u011bjov byl od za\u010d\u00e1tku pln\u00fd energie a bojovnosti. Oba t\u00fdmy se sna\u017eily prosadit a z\u00edskat p\u0159evahu na led\u011b. Prvn\u00ed t\u0159etina nab\u00eddla div\u00e1k\u016fm rychl\u00fd hokej a n\u011bkolik slibn\u00fdch \u00fatok\u016f z obou stran.  \u00davodn\u00ed branku vst\u0159elil t\u00fdm z Pust\u011bjova, \u010d\u00edm\u017e se dostal do veden\u00ed. Kop\u0159ivni\u010dt\u00ed hokejist\u00e9 se v\u0161ak nenechali zastra\u0161it a sna\u017eili se na g\u00f3l odpov\u011bd\u011bt.<\/p>\n<p>Druh\u00e1 t\u0159etina p\u0159inesla vyrovnanou hru, ale i v\u00edce osobn\u00edch souboj\u016f. Dom\u00e1c\u00ed t\u00fdm se dostal do n\u011bkolika \u0161anc\u00ed, kter\u00e9 ale brank\u00e1\u0159 Pust\u011bjova \u00fasp\u011b\u0161n\u011b zne\u0161kodnil.  Kl\u00ed\u010dov\u00fdm momentem t\u00e9to t\u0159etiny byla vylou\u010den\u00ed hr\u00e1\u010de hostuj\u00edc\u00edho t\u00fdmu, kter\u00e9 Kop\u0159ivnice vyu\u017eila k vyrovn\u00e1n\u00ed stavu.  Hra byla velmi taktick\u00e1 a oba t\u00fdmy se soust\u0159edily na defenzivu.<\/p>\n<p>T\u0159et\u00ed t\u0159etina byla nejdramati\u010dt\u011bj\u0161\u00ed.  Oba t\u00fdmy se sna\u017eily rozhodnout z\u00e1pas ve sv\u016fj prosp\u011bch.  Pust\u011bjov se op\u011bt dostal do veden\u00ed, ale Kop\u0159ivnice odpov\u011bd\u011bla rychlou akc\u00ed a srovnala. Z\u00e1pas dosp\u011bl do z\u00e1v\u011bre\u010dn\u00e9 f\u00e1ze, kde se hr\u00e1lo velmi opatrn\u011b.  O v\u00edt\u011bzi nakonec rozhodl g\u00f3l vst\u0159elen\u00fd v posledn\u00edch vte\u0159in\u00e1ch z\u00e1pasu, \u010d\u00edm\u017e si Pust\u011bjov zajistil cenn\u00e9 body.<\/p>\n<h2>Kl\u00ed\u010dov\u00ed hr\u00e1\u010di<\/h2>\n<p>V tomto z\u00e1pase se obzvl\u00e1\u0161t\u011b da\u0159ilo n\u011bkolika hr\u00e1\u010d\u016fm.  Na stran\u011b HC Tatra Kop\u0159ivnice se bl\u00fdskl \u00fato\u010dn\u00edk Jan Nov\u00e1k, kter\u00fd vst\u0159elil vyrovn\u00e1vaj\u00edc\u00ed branku a byl celkov\u011b velkou oporou t\u00fdmu. V brance kop\u0159ivnick\u00fdch hokejist\u016f v\u00fdborn\u011b chytal brank\u00e1\u0159 Petr Svoboda, kter\u00fd zne\u0161kodnil \u0159adu nebezpe\u010dn\u00fdch st\u0159el. Za HC ISMM Pust\u011bjov se prezentoval kvalitn\u00ed v\u00fdkon obr\u00e1nce Tom\u00e1\u0161 Vesel\u00fd, kter\u00fd byl kl\u00ed\u010dov\u00fdm hr\u00e1\u010dem defenzivy.<\/p>\n<h2>V\u00fdsledek a ohodnocen\u00ed<\/h2>\n<p>Z\u00e1pas skon\u010dil v\u00fdsledkem 3:2 ve prosp\u011bch HC ISMM Pust\u011bjov. I p\u0159es prohru p\u0159edvedla HC Tatra Kop\u0159ivnice bojovn\u00fd v\u00fdkon a uk\u00e1zala, \u017ee dok\u00e1\u017ee konkurovat i siln\u00fdm soupe\u0159\u016fm. Tento z\u00e1pas byl d\u016fle\u017eitou zku\u0161enost\u00ed pro t\u00fdm a motivac\u00ed do dal\u0161\u00edch boj\u016f.  <strong>Fanou\u0161ci ocenili nasazen\u00ed a bojovnost obou t\u00fdm\u016f<\/strong> a atmosf\u00e9ra v hale byla skv\u011bl\u00e1.<\/p>\n<h2>Statistiky z\u00e1pasu (stru\u010dn\u00fd p\u0159ehled)<\/h2>\n<ul>\n<li>HC Tatra Kop\u0159ivnice \u2013 HC ISMM Pust\u011bjov: 2 \u2013 3<\/li>\n<li>St\u0159ely na branku: 32 \u2013 35<\/li>\n<li>Vylou\u010den\u00ed: 4 \u2013 5<\/li>\n<li>Vyu\u017eit\u00ed p\u0159esilovek: 1\/4 \u2013 1\/5<\/li>\n<\/ul>\n<p>Tento z\u00e1pas byl jedn\u00edm z mnoha, kter\u00e9 HC Tatra Kop\u0159ivnice odehr\u00e1la v sez\u00f3n\u011b 2018\/2019.  P\u0159esto\u017ee se t\u00fdmu nepoda\u0159ilo postoupit do vy\u0161\u0161\u00ed ligy, p\u0159edvedl \u0159adu kvalitn\u00edch v\u00fdkon\u016f a z\u00edskal si srdce mnoha fanou\u0161k\u016f.  Z\u00e1pas s Pust\u011bjovem byl d\u016fkazem toho, \u017ee hokej v Kop\u0159ivnici m\u00e1 velkou budoucnost.<\/p>\n","protected":false},"excerpt":{"rendered":"<p>Sez\u00f3na 2018\/2019 p\u0159inesla hokejov\u00fdm fanou\u0161k\u016fm v Kop\u0159ivnici \u0159adu vzru\u0161uj\u00edc\u00edch moment\u016f. Jedn\u00edm z takov\u00fdch byl i z\u00e1pas proti HC ISMM Pust\u011bjov, kter\u00fd se odehr\u00e1l v r\u00e1mci ligov\u00fdch boj\u016f. Poj\u010fme se pod\u00edvat na to, jak se tento duel vyv\u00edjel a jak\u00e9 byly jeho kl\u00ed\u010dov\u00e9 momenty. Pr\u016fb\u011bh z\u00e1pasu Z\u00e1pas mezi HC Tatra Kop\u0159ivnice a HC ISMM Pust\u011bjov byl &#8230; <a title=\"Bitva o led: HC Tatra Kop\u0159ivnice vs. HC ISMM Pust\u011bjov (2018\/2019)\" class=\"read-more\" href=\"https:\/\/hcismm.cz\/index.php\/2018-16\/09-2\/19-2\/\" aria-label=\"Read more about Bitva o led: HC Tatra Kop\u0159ivnice vs. HC ISMM Pust\u011bjov (2018\/2019)\">Read more<\/a><\/p>\n","protected":false},"author":2,"featured_media":0,"parent":545,"menu_order":0,"comment_status":"closed","ping_status":"closed","template":"","meta":{"footnotes":""},"class_list":["post-548","page","type-page","status-publish"],"_links":{"self":[{"href":"https:\/\/hcismm.cz\/index.php\/wp-json\/wp\/v2\/pages\/548","targetHints":{"allow":["GET"]}}],"collection":[{"href":"https:\/\/hcismm.cz\/index.php\/wp-json\/wp\/v2\/pages"}],"about":[{"href":"https:\/\/hcismm.cz\/index.php\/wp-json\/wp\/v2\/types\/page"}],"author":[{"embeddable":true,"href":"https:\/\/hcismm.cz\/index.php\/wp-json\/wp\/v2\/users\/2"}],"replies":[{"embeddable":true,"href":"https:\/\/hcismm.cz\/index.php\/wp-json\/wp\/v2\/comments?post=548"}],"version-history":[{"count":0,"href":"https:\/\/hcismm.cz\/index.php\/wp-json\/wp\/v2\/pages\/548\/revisions"}],"up":[{"embeddable":true,"href":"https:\/\/hcismm.cz\/index.php\/wp-json\/wp\/v2\/pages\/545"}],"wp:attachment":[{"href":"https:\/\/hcismm.cz\/index.php\/wp-json\/wp\/v2\/media?parent=548"}],"curies":[{"name":"wp","href":"https:\/\/api.w.org\/{rel}","templated":true}]}}