{"id":572,"date":"2026-04-26T22:25:34","date_gmt":"2026-04-26T22:25:34","guid":{"rendered":"https:\/\/hcismm.cz\/index.php\/2024-4\/01-2\/10-2\/"},"modified":"2026-04-26T22:25:34","modified_gmt":"2026-04-26T22:25:34","slug":"10-2","status":"publish","type":"page","link":"https:\/\/hcismm.cz\/index.php\/2024-4\/01-2\/10-2\/","title":{"rendered":"Drama v Kop\u0159ivnici! HC Tatra bojoval do posledn\u00ed sekundy \u2013 jak dopadl lednov\u00fd duel?"},"content":{"rendered":"<p>Des\u00e1t\u00fd leden 2024 se v Kop\u0159ivnici nesl v duchu hokejov\u00e9ho sv\u00e1tku. Dom\u00e1c\u00ed HC Tatra se utkal s [jm\u00e9no soupe\u0159e] v nap\u00ednav\u00e9m utk\u00e1n\u00ed, kter\u00e9 div\u00e1k\u016fm nab\u00eddlou spoustu emoc\u00ed a dramatick\u00fdch moment\u016f. Poj\u010fme se pod\u00edvat na to, jak se z\u00e1pas vyv\u00edjel a co p\u0159inesl.<\/p>\n<h2>Prvn\u00ed t\u0159etina: Opatrn\u00fd za\u010d\u00e1tek s rychl\u00fdm obratem<\/h2>\n<p>Zpo\u010d\u00e1tku se oba t\u00fdmy dr\u017eely opatrn\u011b a hra se odehr\u00e1vala p\u0159ev\u00e1\u017en\u011b ve st\u0159edn\u00ed p\u00e1smu.  Soupe\u0159 se ujmul veden\u00ed ve [\u010das] minut\u011b po [popis g\u00f3lu], \u010d\u00edm\u017e se zd\u00e1lo, \u017ee nastol\u00ed tempo.  Ov\u0161em hr\u00e1\u010di HC Tatra Kop\u0159ivnice odpov\u011bd\u011bli rychl\u00fdm proti\u00fatokem.  Ve [\u010das] minut\u011b se prosadil [jm\u00e9no hr\u00e1\u010de] a srovnal stav. Prvn\u00ed t\u0159etina tak skon\u010dila rem\u00edzou 1:1. <\/p>\n<h2>Druh\u00e1 t\u0159etina: Hra se zrychluje, g\u00f3lmani v akci<\/h2>\n<p>Druh\u00e1 t\u0159etina p\u0159inesla dynami\u010dt\u011bj\u0161\u00ed hokej.  Oba t\u00fdmy se st\u0159\u00eddaly v \u00fato\u010dn\u00fdch akc\u00edch a brank\u00e1\u0159i museli p\u0159edv\u00e9st n\u011bkolik skv\u011bl\u00fdch z\u00e1krok\u016f.  [Jm\u00e9no brank\u00e1\u0159e HC Tatra] p\u0159edvedl fantastick\u00fd z\u00e1krok proti [popis akce soupe\u0159e].  Hr\u00e1\u010di HC Tatra Kop\u0159ivnice nakonec vyu\u017eili p\u0159esilovou hru ve [\u010das] minut\u011b a [jm\u00e9no hr\u00e1\u010de] poslal dom\u00e1c\u00ed t\u00fdm do veden\u00ed.  T\u0159et\u00ed g\u00f3l p\u0159idal [jm\u00e9no hr\u00e1\u010de] po kr\u00e1sn\u00e9 individu\u00e1ln\u00ed akci.  Na konci druh\u00e9 t\u0159etiny tak platilo 3:1 pro HC Tatra Kop\u0159ivnice.<\/p>\n<h2>T\u0159et\u00ed t\u0159etina: Drama a z\u00e1v\u011bre\u010dn\u00fd n\u00e1por soupe\u0159e<\/h2>\n<p>T\u0159et\u00ed t\u0159etina byla pln\u00e1 nap\u011bt\u00ed. Soupe\u0159 se sna\u017eil sn\u00ed\u017eit n\u00e1skok a hr\u00e1l velmi agresivn\u011b.  Ve [\u010das] minut\u011b se jim to poda\u0159ilo, kdy\u017e [jm\u00e9no hr\u00e1\u010de soupe\u0159e] sn\u00ed\u017eil na 3:2.  N\u00e1sledovalo n\u011bkolik dramatick\u00fdch moment\u016f, kdy se hra odehr\u00e1vala p\u0159ed brankou HC Tatra Kop\u0159ivnice.  [Jm\u00e9no brank\u00e1\u0159e HC Tatra] ale dr\u017eel sv\u016fj t\u00fdm v boji.  Soupe\u0159 nakonec ve [\u010das] minut\u011b srovnal na 3:3. Z\u00e1pas se zd\u00e1l b\u00fdt sm\u011b\u0159uj\u00edc\u00ed do prodlou\u017een\u00ed, ale v posledn\u00ed minut\u011b se prosadil [jm\u00e9no hr\u00e1\u010de HC Tatra] a rozhodl o v\u00edt\u011bzstv\u00ed dom\u00e1c\u00edho t\u00fdmu! <\/p>\n<h3>Kl\u00ed\u010dov\u00ed hr\u00e1\u010di z\u00e1pasu<\/h3>\n<ul>\n<li><strong>[Jm\u00e9no hr\u00e1\u010de HC Tatra]:<\/strong> Dv\u011b branky a vynikaj\u00edc\u00ed v\u00fdkon.<\/li>\n<li><strong>[Jm\u00e9no hr\u00e1\u010de HC Tatra]:<\/strong>  V\u00fdborn\u00fd v obran\u011b a s asistenc\u00ed u kl\u00ed\u010dov\u00e9 branky.<\/li>\n<li><strong>[Jm\u00e9no brank\u00e1\u0159e HC Tatra]:<\/strong>  Udr\u017eel t\u00fdm v boji sv\u00fdmi skv\u011bl\u00fdmi z\u00e1kroky.<\/li>\n<\/ul>\n<p>HC Tatra Kop\u0159ivnice tak zv\u00edt\u011bzil nad [jm\u00e9no soupe\u0159e] v nap\u00ednav\u00e9m utk\u00e1n\u00ed pom\u011brem 4:3.  Z\u00e1pas nab\u00eddl div\u00e1k\u016fm prvot\u0159\u00eddn\u00ed hokejovou pod\u00edvanou a potvrdil, \u017ee HC Tatra je t\u00fdmem, se kter\u00fdm je t\u0159eba po\u010d\u00edtat.  Nenechte si uj\u00edt dal\u0161\u00ed dom\u00e1c\u00ed z\u00e1pasy!<\/p>\n","protected":false},"excerpt":{"rendered":"<p>Des\u00e1t\u00fd leden 2024 se v Kop\u0159ivnici nesl v duchu hokejov\u00e9ho sv\u00e1tku. Dom\u00e1c\u00ed HC Tatra se utkal s [jm\u00e9no soupe\u0159e] v nap\u00ednav\u00e9m utk\u00e1n\u00ed, kter\u00e9 div\u00e1k\u016fm nab\u00eddlou spoustu emoc\u00ed a dramatick\u00fdch moment\u016f. Poj\u010fme se pod\u00edvat na to, jak se z\u00e1pas vyv\u00edjel a co p\u0159inesl. Prvn\u00ed t\u0159etina: Opatrn\u00fd za\u010d\u00e1tek s rychl\u00fdm obratem Zpo\u010d\u00e1tku se oba t\u00fdmy dr\u017eely opatrn\u011b &#8230; <a title=\"Drama v Kop\u0159ivnici! HC Tatra bojoval do posledn\u00ed sekundy \u2013 jak dopadl lednov\u00fd duel?\" class=\"read-more\" href=\"https:\/\/hcismm.cz\/index.php\/2024-4\/01-2\/10-2\/\" aria-label=\"Read more about Drama v Kop\u0159ivnici! HC Tatra bojoval do posledn\u00ed sekundy \u2013 jak dopadl lednov\u00fd duel?\">Read more<\/a><\/p>\n","protected":false},"author":2,"featured_media":0,"parent":569,"menu_order":0,"comment_status":"closed","ping_status":"closed","template":"","meta":{"footnotes":""},"class_list":["post-572","page","type-page","status-publish"],"_links":{"self":[{"href":"https:\/\/hcismm.cz\/index.php\/wp-json\/wp\/v2\/pages\/572","targetHints":{"allow":["GET"]}}],"collection":[{"href":"https:\/\/hcismm.cz\/index.php\/wp-json\/wp\/v2\/pages"}],"about":[{"href":"https:\/\/hcismm.cz\/index.php\/wp-json\/wp\/v2\/types\/page"}],"author":[{"embeddable":true,"href":"https:\/\/hcismm.cz\/index.php\/wp-json\/wp\/v2\/users\/2"}],"replies":[{"embeddable":true,"href":"https:\/\/hcismm.cz\/index.php\/wp-json\/wp\/v2\/comments?post=572"}],"version-history":[{"count":0,"href":"https:\/\/hcismm.cz\/index.php\/wp-json\/wp\/v2\/pages\/572\/revisions"}],"up":[{"embeddable":true,"href":"https:\/\/hcismm.cz\/index.php\/wp-json\/wp\/v2\/pages\/569"}],"wp:attachment":[{"href":"https:\/\/hcismm.cz\/index.php\/wp-json\/wp\/v2\/media?parent=572"}],"curies":[{"name":"wp","href":"https:\/\/api.w.org\/{rel}","templated":true}]}}