{"id":60,"date":"2026-04-12T08:35:56","date_gmt":"2026-04-12T08:35:56","guid":{"rendered":"https:\/\/hcismm.cz\/index.php\/2023-3\/12-2\/04-2\/"},"modified":"2026-04-12T08:35:56","modified_gmt":"2026-04-12T08:35:56","slug":"04-2","status":"publish","type":"page","link":"https:\/\/hcismm.cz\/index.php\/2023-3\/12-2\/04-2\/","title":{"rendered":"HC Tatra Kop\u0159ivnice v duelu s [N\u00e1zev Soupe\u0159e]: Dramatick\u00fd z\u00e1pas a boj do posledn\u00ed vte\u0159iny!"},"content":{"rendered":"<p>Hokejist\u00e9 HC Tatra Kop\u0159ivnice vstoupili do prosincov\u00e9ho programu 4. prosince 2023 d\u016fle\u017eit\u00fdm dom\u00e1c\u00edm z\u00e1pasem proti [N\u00e1zev Soupe\u0159e]. Utk\u00e1n\u00ed p\u0159ineslo nap\u00ednavou pod\u00edvanou plnou zvrat\u016f a emoc\u00ed, kter\u00e9 fanou\u0161ky dr\u017eely v nap\u011bt\u00ed a\u017e do z\u00e1v\u011bre\u010dn\u00e9 sir\u00e9ny. Poj\u010fme se pod\u00edvat na to, jak se z\u00e1pas vyv\u00edjel a co p\u0159inesl.<\/p>\n<h2>Prvn\u00ed t\u0159etina: Opatrn\u00fd za\u010d\u00e1tek s rychl\u00fdm pr\u016fnikem<\/h2>\n<p>Prvn\u00ed t\u0159etina prob\u00edhala opatrn\u011b z obou stran. Hr\u00e1\u010di se navz\u00e1jem o\u0165uk\u00e1vali a sna\u017eili se vyvarovat zbyte\u010dn\u00fdch chyb.  **Hned v p\u00e1t\u00e9 minut\u011b se v\u0161ak prosadil [Jm\u00e9no hr\u00e1\u010de HC Tatra Kop\u0159ivnice]**, kter\u00fd po rychl\u00e9m pr\u016fniku p\u0159ekonal brank\u00e1\u0159e soupe\u0159e a poslal dom\u00e1c\u00ed t\u00fdm do veden\u00ed. Soupe\u0159 se sna\u017eil odpov\u011bd\u011bt, ale g\u00f3lman HC Tatra Kop\u0159ivnice p\u0159edvedl n\u011bkolik skv\u011bl\u00fdch z\u00e1krok\u016f a udr\u017eel sv\u00e9 \u010dist\u00e9 konto.<\/p>\n<h2>Druh\u00e1 t\u0159etina: Soupe\u0159 srovn\u00e1v\u00e1, Kop\u0159ivnice \u00fato\u010d\u00ed<\/h2>\n<p>Druh\u00e1 t\u0159etina p\u0159inesla vyrovn\u00e1n\u00ed. [Jm\u00e9no hr\u00e1\u010de Soupe\u0159e] se prosadil v 12. minut\u011b po p\u0159esn\u00e9 p\u0159ihr\u00e1vce a stav byl srovn\u00e1n na 1:1.  Po vyrovn\u00e1vac\u00edm g\u00f3lu se hra zrychlila a ob\u011b mu\u017estva se st\u0159\u00eddala v \u00fato\u010den\u00ed.  Kop\u0159ivni\u010dt\u00ed hokejist\u00e9 se sna\u017eili znovu p\u0159evz\u00edt veden\u00ed, ale brank\u00e1\u0159 soupe\u0159e byl neprostupn\u00fd. **V 18. minut\u011b se op\u011bt prosadil [Jm\u00e9no hr\u00e1\u010de HC Tatra Kop\u0159ivnice]** a Kop\u0159ivnice \u0161la do veden\u00ed 2:1.  <\/p>\n<h2>T\u0159et\u00ed t\u0159etina: Dramatick\u00fd z\u00e1v\u011br a boj o body<\/h2>\n<p>T\u0159et\u00ed t\u0159etina byla pln\u00e1 emoc\u00ed a nap\u011bt\u00ed. Soupe\u0159 se sna\u017eil za ka\u017edou cenu srovnat a vyvinul obrovsk\u00fd tlak.  V 45. minut\u011b se jim to povedlo, kdy\u017e [Jm\u00e9no hr\u00e1\u010de Soupe\u0159e] st\u0159elil vyrovn\u00e1vac\u00ed g\u00f3l.  Zbytek t\u0159etiny se odehr\u00e1val v divok\u00e9 p\u0159est\u0159elce.  **V 58. minut\u011b se skv\u011ble prosadil [Jm\u00e9no hr\u00e1\u010de HC Tatra Kop\u0159ivnice] a zajistil veden\u00ed 3:2.** Soupe\u0159 se je\u0161t\u011b pokusil o z\u00e1v\u011bre\u010dn\u00fd \u00fatok, ale obrana HC Tatra Kop\u0159ivnice odolala a udr\u017eela veden\u00ed a\u017e do konce z\u00e1pasu.<\/p>\n<h3>Kl\u00ed\u010dov\u00ed hr\u00e1\u010di z\u00e1pasu<\/h3>\n<ul>\n<li>[Jm\u00e9no hr\u00e1\u010de HC Tatra Kop\u0159ivnice]: Autor dvou g\u00f3l\u016f a kl\u00ed\u010dov\u00fd hr\u00e1\u010d \u00fato\u010dn\u00e9 linie.<\/li>\n<li>[Jm\u00e9no hr\u00e1\u010de HC Tatra Kop\u0159ivnice]: Skv\u011ble chytal a udr\u017eel t\u00fdm ve h\u0159e.<\/li>\n<li>[Jm\u00e9no hr\u00e1\u010de Soupe\u0159e]: Nejlep\u0161\u00ed hr\u00e1\u010d soupe\u0159e, autor vyrovn\u00e1vac\u00edho g\u00f3lu.<\/li>\n<\/ul>\n<p>HC Tatra Kop\u0159ivnice si tak p\u0159ipsala cenn\u00e9 body a potvrdila svou dobrou formu. Fanou\u0161ci v Kop\u0159ivnici mohli oslavovat v\u00edt\u011bzstv\u00ed v nap\u00ednav\u00e9m a dramatick\u00e9m z\u00e1pase. P\u0159\u00ed\u0161t\u00ed z\u00e1pas \u010dek\u00e1 na hokejisty HC Tatra Kop\u0159ivnice [Datum a soupe\u0159 p\u0159\u00ed\u0161t\u00edho z\u00e1pasu].<\/p>\n","protected":false},"excerpt":{"rendered":"<p>Hokejist\u00e9 HC Tatra Kop\u0159ivnice vstoupili do prosincov\u00e9ho programu 4. prosince 2023 d\u016fle\u017eit\u00fdm dom\u00e1c\u00edm z\u00e1pasem proti [N\u00e1zev Soupe\u0159e]. Utk\u00e1n\u00ed p\u0159ineslo nap\u00ednavou pod\u00edvanou plnou zvrat\u016f a emoc\u00ed, kter\u00e9 fanou\u0161ky dr\u017eely v nap\u011bt\u00ed a\u017e do z\u00e1v\u011bre\u010dn\u00e9 sir\u00e9ny. Poj\u010fme se pod\u00edvat na to, jak se z\u00e1pas vyv\u00edjel a co p\u0159inesl. Prvn\u00ed t\u0159etina: Opatrn\u00fd za\u010d\u00e1tek s rychl\u00fdm pr\u016fnikem Prvn\u00ed t\u0159etina &#8230; <a title=\"HC Tatra Kop\u0159ivnice v duelu s [N\u00e1zev Soupe\u0159e]: Dramatick\u00fd z\u00e1pas a boj do posledn\u00ed vte\u0159iny!\" class=\"read-more\" href=\"https:\/\/hcismm.cz\/index.php\/2023-3\/12-2\/04-2\/\" aria-label=\"Read more about HC Tatra Kop\u0159ivnice v duelu s [N\u00e1zev Soupe\u0159e]: Dramatick\u00fd z\u00e1pas a boj do posledn\u00ed vte\u0159iny!\">Read more<\/a><\/p>\n","protected":false},"author":2,"featured_media":0,"parent":57,"menu_order":0,"comment_status":"closed","ping_status":"closed","template":"","meta":{"footnotes":""},"class_list":["post-60","page","type-page","status-publish"],"_links":{"self":[{"href":"https:\/\/hcismm.cz\/index.php\/wp-json\/wp\/v2\/pages\/60","targetHints":{"allow":["GET"]}}],"collection":[{"href":"https:\/\/hcismm.cz\/index.php\/wp-json\/wp\/v2\/pages"}],"about":[{"href":"https:\/\/hcismm.cz\/index.php\/wp-json\/wp\/v2\/types\/page"}],"author":[{"embeddable":true,"href":"https:\/\/hcismm.cz\/index.php\/wp-json\/wp\/v2\/users\/2"}],"replies":[{"embeddable":true,"href":"https:\/\/hcismm.cz\/index.php\/wp-json\/wp\/v2\/comments?post=60"}],"version-history":[{"count":0,"href":"https:\/\/hcismm.cz\/index.php\/wp-json\/wp\/v2\/pages\/60\/revisions"}],"up":[{"embeddable":true,"href":"https:\/\/hcismm.cz\/index.php\/wp-json\/wp\/v2\/pages\/57"}],"wp:attachment":[{"href":"https:\/\/hcismm.cz\/index.php\/wp-json\/wp\/v2\/media?parent=60"}],"curies":[{"name":"wp","href":"https:\/\/api.w.org\/{rel}","templated":true}]}}