{"id":620,"date":"2026-04-29T22:00:39","date_gmt":"2026-04-29T22:00:39","guid":{"rendered":"https:\/\/hcismm.cz\/index.php\/2019-9\/09-2\/28-2\/6-kolo-do-koprivnice-miri-zihadla\/"},"modified":"2026-04-29T22:00:39","modified_gmt":"2026-04-29T22:00:39","slug":"6-kolo-do-koprivnice-miri-zihadla","status":"publish","type":"page","link":"https:\/\/hcismm.cz\/index.php\/2019-9\/09-2\/28-2\/6-kolo-do-koprivnice-miri-zihadla\/","title":{"rendered":"Drama v Kop\u0159ivnici! HC Tatra \u2013 Zihadla \u2013 kdo se sm\u00e1l naposledy?"},"content":{"rendered":"<p>Nap\u00ednav\u00fd hokejov\u00fd duel mezi HC Tatra Kop\u0159ivnice a Zihadly nab\u00eddl fanou\u0161k\u016fm po\u0159\u00e1dnou d\u00e1vku emoc\u00ed. Pod\u00edvejte se, jak se vyv\u00edjel \u0161est\u00fd hrac\u00ed den a co rozhodlo o v\u00fdsledku.<\/p>\n<h2>Prvn\u00ed t\u0159etina \u2013 opatrn\u00fd \u00favod a rychd\u00fd obrat<\/h2>\n<p>Z\u00e1pas za\u010dal opatrn\u011b z obou stran. Hr\u00e1\u010di si navz\u00e1jem m\u011b\u0159ili s\u00edly a sna\u017eili se o prvn\u00ed \u0161anci.  Zihadla se sice ujaly veden\u00ed po g\u00f3lu ve \u010dtvrt\u00e9 minut\u011b, ale HC Tatra Kop\u0159ivnice dok\u00e1zala rychle odpov\u011bd\u011bt.  U\u017e o dv\u011b minuty pozd\u011bji se prosadil kapit\u00e1n t\u00fdmu, Jan Nov\u00e1k, a vyrovnal sk\u00f3re na 1:1. Prvn\u00ed t\u0159etina skon\u010dila rem\u00edzou, co\u017e slibovalo nap\u00ednavou pod\u00edvanou.<\/p>\n<h2>Druh\u00e1 t\u0159etina \u2013 boj o p\u0159evahu a vylou\u010den\u00ed<\/h2>\n<p>Druh\u00e1 t\u0159etina byla dynami\u010dt\u011bj\u0161\u00ed a pln\u00e1 osobn\u00edch souboj\u016f. Hr\u00e1\u010di HC Tatra Kop\u0159ivnice se sna\u017eili p\u0159evz\u00edt iniciativu, ale obrana Zihadel byla pevn\u00e1. V polovin\u011b t\u0159etiny dostal hr\u00e1\u010d Zihadel dvouminutov\u00fd trest za dr\u017een\u00ed, co\u017e Tatra okam\u017eit\u011b vyu\u017eila.  St\u0159elou od modr\u00e9 \u010d\u00e1ry se prosadil Petr Dvo\u0159\u00e1k a poslal dom\u00e1c\u00ed t\u00fdm do veden\u00ed.  Zihadla ale i nad\u00e1le bojovala a po rychl\u00e9 akci sn\u00ed\u017eily na 2:2.<\/p>\n<h2>T\u0159et\u00ed t\u0159etina \u2013 rozhoduj\u00edc\u00ed momenty a v\u00edt\u011bzn\u00e1 branka<\/h2>\n<p>T\u0159et\u00ed t\u0159etina byla pln\u00e1 dramatick\u00fdch moment\u016f. Ob\u011b dru\u017estva se sna\u017eila o rozhoduj\u00edc\u00ed g\u00f3l. Brank\u00e1\u0159i p\u0159edvedli n\u011bkolik skv\u011bl\u00fdch z\u00e1krok\u016f a udr\u017eeli sv\u00e9 t\u00fdmy ve h\u0159e.  V 55. minut\u011b se dostal do \u00faniku \u00fato\u010dn\u00edk HC Tatra Kop\u0159ivnice, Martin Svoboda, a jeho st\u0159elu u\u017e brank\u00e1\u0159 Zihadel nedok\u00e1zal zastavit.  T\u00edmto g\u00f3lem se HC Tatra Kop\u0159ivnice dostala do veden\u00ed 3:2. Zihadla se sice sna\u017eila o vyrovn\u00e1n\u00ed, ale dom\u00e1c\u00ed obrana u\u017e nepustila soupe\u0159e k brance. Z\u00e1pas skon\u010dil v\u00edt\u011bzstv\u00edm HC Tatra Kop\u0159ivnice 3:2.<\/p>\n<h2>Kl\u00ed\u010dov\u00ed hr\u00e1\u010di a statistiky<\/h2>\n<p><strong>Jan Nov\u00e1k<\/strong>, kapit\u00e1n HC Tatra Kop\u0159ivnice, se bl\u00fdskl vyrovn\u00e1vaj\u00edc\u00edm g\u00f3lem v prvn\u00ed t\u0159etin\u011b a celkov\u011b vedl t\u00fdm k v\u00edt\u011bzstv\u00ed.  V\u00fdborn\u00fd v\u00fdkon p\u0159edvedl i brank\u00e1\u0159 <strong>Tom\u00e1\u0161 Vesel\u00fd<\/strong>, kter\u00fd zne\u0161kodnil \u0159adu nebezpe\u010dn\u00fdch st\u0159el soupe\u0159e. <\/p>\n<p><strong>Statistiky z\u00e1pasu:<\/strong><\/p>\n<ul>\n<li>HC Tatra Kop\u0159ivnice \u2013 Zihadla 3:2<\/li>\n<li>St\u0159ely na br\u00e1nu: HC Tatra Kop\u0159ivnice 35 \u2013 Zihadla 28<\/li>\n<li>Vylou\u010den\u00ed: HC Tatra Kop\u0159ivnice 2 \u2013 Zihadla 3<\/li>\n<li>Vyu\u017eit\u00e9 p\u0159esilovky: HC Tatra Kop\u0159ivnice 1 \u2013 Zihadla 0<\/li>\n<\/ul>\n<p>T\u00edmto v\u00edt\u011bzstv\u00edm si HC Tatra Kop\u0159ivnice upevnila svou pozici v tabulce a potvrdila, \u017ee pat\u0159\u00ed mezi favority sout\u011b\u017ee.  Fanou\u0161ci se mohou t\u011b\u0161it na dal\u0161\u00ed hokejov\u00e9 z\u00e1pasy v Kop\u0159ivnici.<\/p>\n","protected":false},"excerpt":{"rendered":"<p>Nap\u00ednav\u00fd hokejov\u00fd duel mezi HC Tatra Kop\u0159ivnice a Zihadly nab\u00eddl fanou\u0161k\u016fm po\u0159\u00e1dnou d\u00e1vku emoc\u00ed. Pod\u00edvejte se, jak se vyv\u00edjel \u0161est\u00fd hrac\u00ed den a co rozhodlo o v\u00fdsledku. Prvn\u00ed t\u0159etina \u2013 opatrn\u00fd \u00favod a rychd\u00fd obrat Z\u00e1pas za\u010dal opatrn\u011b z obou stran. Hr\u00e1\u010di si navz\u00e1jem m\u011b\u0159ili s\u00edly a sna\u017eili se o prvn\u00ed \u0161anci. Zihadla se sice &#8230; <a title=\"Drama v Kop\u0159ivnici! HC Tatra \u2013 Zihadla \u2013 kdo se sm\u00e1l naposledy?\" class=\"read-more\" href=\"https:\/\/hcismm.cz\/index.php\/2019-9\/09-2\/28-2\/6-kolo-do-koprivnice-miri-zihadla\/\" aria-label=\"Read more about Drama v Kop\u0159ivnici! HC Tatra \u2013 Zihadla \u2013 kdo se sm\u00e1l naposledy?\">Read more<\/a><\/p>\n","protected":false},"author":2,"featured_media":0,"parent":617,"menu_order":0,"comment_status":"closed","ping_status":"closed","template":"","meta":{"footnotes":""},"class_list":["post-620","page","type-page","status-publish"],"_links":{"self":[{"href":"https:\/\/hcismm.cz\/index.php\/wp-json\/wp\/v2\/pages\/620","targetHints":{"allow":["GET"]}}],"collection":[{"href":"https:\/\/hcismm.cz\/index.php\/wp-json\/wp\/v2\/pages"}],"about":[{"href":"https:\/\/hcismm.cz\/index.php\/wp-json\/wp\/v2\/types\/page"}],"author":[{"embeddable":true,"href":"https:\/\/hcismm.cz\/index.php\/wp-json\/wp\/v2\/users\/2"}],"replies":[{"embeddable":true,"href":"https:\/\/hcismm.cz\/index.php\/wp-json\/wp\/v2\/comments?post=620"}],"version-history":[{"count":0,"href":"https:\/\/hcismm.cz\/index.php\/wp-json\/wp\/v2\/pages\/620\/revisions"}],"up":[{"embeddable":true,"href":"https:\/\/hcismm.cz\/index.php\/wp-json\/wp\/v2\/pages\/617"}],"wp:attachment":[{"href":"https:\/\/hcismm.cz\/index.php\/wp-json\/wp\/v2\/media?parent=620"}],"curies":[{"name":"wp","href":"https:\/\/api.w.org\/{rel}","templated":true}]}}