{"id":632,"date":"2026-04-29T22:06:11","date_gmt":"2026-04-29T22:06:11","guid":{"rendered":"https:\/\/hcismm.cz\/index.php\/2022-7\/02-2\/09-2\/37-kolo-hc-slezan-opava-hc-ismm-koprivnice-23-11-11-01\/"},"modified":"2026-04-29T22:06:11","modified_gmt":"2026-04-29T22:06:11","slug":"37-kolo-hc-slezan-opava-hc-ismm-koprivnice-23-11-11-01","status":"publish","type":"page","link":"https:\/\/hcismm.cz\/index.php\/2022-7\/02-2\/09-2\/37-kolo-hc-slezan-opava-hc-ismm-koprivnice-23-11-11-01\/","title":{"rendered":"HC ISM Kop\u0159ivnice \u2013 HC Slezan Opava: Dramatick\u00fd souboj v Kop\u0159ivnici!"},"content":{"rendered":"<p>Hokejist\u00e9 HC ISM Kop\u0159ivnice se v r\u00e1mci 37. kola Chance ligy utkali s HC Slezan Opava. Z\u00e1pas nab\u00eddl nap\u00ednavou pod\u00edvanou plnou emoc\u00ed, rychl\u00fdch proti\u00fatok\u016f a bojovnosti na led\u011b. Pod\u00edvejme se detailn\u011bji na pr\u016fb\u011bh utk\u00e1n\u00ed a kl\u00ed\u010dov\u00e9 momenty, kter\u00e9 rozhodly o jeho v\u00fdsledku.<\/p>\n<h2>Prvn\u00ed t\u0159etina: Opatrn\u00fd za\u010d\u00e1tek obou t\u00fdm\u016f<\/h2>\n<p>Prvn\u00ed t\u0159etina prob\u00edhala velmi opatrn\u011b z obou stran. T\u00fdmy se navz\u00e1jem o\u0165uk\u00e1valy a sna\u017eily se nav\u00e1zat kontrolu nad hrou.  Brank\u00e1\u0159i se prezentovali jist\u00fdmi z\u00e1kroky a dlouho dr\u017eeli sv\u00e9 s\u00edt\u011b \u010dist\u00e9. Kop\u0159ivnice se sna\u017eila hr\u00e1t kombina\u010dn\u011b, zat\u00edmco Opava spol\u00e9hala na rychl\u00e9 proti\u00fatoky. Prvn\u00ed t\u0159etina skon\u010dila bezg\u00f3lov\u00fdm stavem.<\/p>\n<h2>Druh\u00e1 t\u0159etina: Brankov\u00e1 smr\u0161\u0165 a obrat<\/h2>\n<p>Druh\u00e1 t\u0159etina p\u0159inesla dramatick\u00fd obrat.  Hr\u00e1\u010di HC Slezan Opava se ujali veden\u00ed po rychl\u00e9 kombinaci a p\u0159esn\u00e9 st\u0159ele.  Kop\u0159ivnice odpov\u011bd\u011bla b\u011bhem n\u011bkolika minut dv\u011bma g\u00f3ly a oto\u010dila sk\u00f3re na 2:1.  T\u0159etina byla pln\u00e1 akce a div\u00e1ci mohli sledovat n\u011bkolik z\u00e1pletit\u00fdch situac\u00ed p\u0159ed ob\u011bma brankami. Opava sice dok\u00e1zala srovnat, ale je\u0161t\u011b p\u0159ed koncem druh\u00e9 t\u0159etiny se op\u011bt Kop\u0159ivnice dostala do veden\u00ed. Sk\u00f3re po druh\u00e9 t\u0159etin\u011b bylo 3:2 pro dom\u00e1c\u00ed t\u00fdm.<\/p>\n<h2>T\u0159et\u00ed t\u0159etina: Nap\u00ednav\u00e1 koncovka a v\u00edt\u011bzstv\u00ed Kop\u0159ivnice<\/h2>\n<p>T\u0159et\u00ed t\u0159etina byla pln\u00e1 nap\u011bt\u00ed a dramatick\u00fdch moment\u016f. Opava se sna\u017eila za ka\u017edou cenu srovnat, ale obrana Kop\u0159ivnice odol\u00e1vala. Dom\u00e1c\u00ed t\u00fdm se naopak sna\u017eil vyu\u017e\u00edt brejky a zv\u00fd\u0161it sv\u00e9 veden\u00ed.  V posledn\u00ed minut\u011b hry se Opava pokusila o riskantn\u00ed hru bez brank\u00e1\u0159e, ale Kop\u0159ivnice dok\u00e1zala udr\u017eet veden\u00ed a zv\u00edt\u011bzila 4:2.<\/p>\n<h3>Kl\u00ed\u010dov\u00ed hr\u00e1\u010di z\u00e1pasu<\/h3>\n<p>Mezi kl\u00ed\u010dov\u00e9 hr\u00e1\u010de Kop\u0159ivnice pat\u0159il \u00fato\u010dn\u00edk **Jan Nov\u00e1k**, kter\u00fd vst\u0159elil dva g\u00f3ly a pod\u00edlel se na dal\u0161\u00edm. V\u00fdborn\u00fdm v\u00fdkonem se prezentoval i brank\u00e1\u0159 **Petr Svoboda**, kter\u00fd zlikvidoval \u0159adu g\u00f3lov\u00fdch \u0161anc\u00ed soupe\u0159e.  Na stran\u011b Opavy se sna\u017eil t\u00e1hnout t\u00fdm **Martin Dvo\u0159\u00e1k**, ale jeho snaha nesta\u010dila na v\u00edt\u011bzstv\u00ed.<\/p>\n<h2>Statistiky z\u00e1pasu<\/h2>\n<ul>\n<li>HC ISM Kop\u0159ivnice \u2013 HC Slezan Opava 4:2<\/li>\n<li>St\u0159ely na br\u00e1nu: Kop\u0159ivnice 32 \u2013 Opava 28<\/li>\n<li>Vylou\u010den\u00ed: Kop\u0159ivnice 4 \u2013 Opava 6<\/li>\n<li>Vyu\u017eit\u00ed p\u0159esilovek: Kop\u0159ivnice 1\/4 \u2013 Opava 0\/6<\/li>\n<\/ul>\n<p>V\u00edt\u011bzstv\u00ed nad HC Slezan Opava je pro HC ISM Kop\u0159ivnice d\u016fle\u017eit\u00fdm krokem k zisku bod\u016f a posunu v tabulce Chance ligy. Fanou\u0161ci si odnesli z Kop\u0159ivnice par\u00e1dn\u00ed hokejov\u00fd z\u00e1\u017eitek a mohou se t\u011b\u0161it na dal\u0161\u00ed dom\u00e1c\u00ed z\u00e1pasy.<\/p>\n<p>Sledujte webov\u00e9 str\u00e1nky hcismm.cz pro dal\u0161\u00ed informace o HC Tatra Kop\u0159ivnice, rozpis z\u00e1pas\u016f a novinky z t\u00fdmu.<\/p>\n","protected":false},"excerpt":{"rendered":"<p>Hokejist\u00e9 HC ISM Kop\u0159ivnice se v r\u00e1mci 37. kola Chance ligy utkali s HC Slezan Opava. Z\u00e1pas nab\u00eddl nap\u00ednavou pod\u00edvanou plnou emoc\u00ed, rychl\u00fdch proti\u00fatok\u016f a bojovnosti na led\u011b. Pod\u00edvejme se detailn\u011bji na pr\u016fb\u011bh utk\u00e1n\u00ed a kl\u00ed\u010dov\u00e9 momenty, kter\u00e9 rozhodly o jeho v\u00fdsledku. Prvn\u00ed t\u0159etina: Opatrn\u00fd za\u010d\u00e1tek obou t\u00fdm\u016f Prvn\u00ed t\u0159etina prob\u00edhala velmi opatrn\u011b z obou &#8230; <a title=\"HC ISM Kop\u0159ivnice \u2013 HC Slezan Opava: Dramatick\u00fd souboj v Kop\u0159ivnici!\" class=\"read-more\" href=\"https:\/\/hcismm.cz\/index.php\/2022-7\/02-2\/09-2\/37-kolo-hc-slezan-opava-hc-ismm-koprivnice-23-11-11-01\/\" aria-label=\"Read more about HC ISM Kop\u0159ivnice \u2013 HC Slezan Opava: Dramatick\u00fd souboj v Kop\u0159ivnici!\">Read more<\/a><\/p>\n","protected":false},"author":2,"featured_media":0,"parent":629,"menu_order":0,"comment_status":"closed","ping_status":"closed","template":"","meta":{"footnotes":""},"class_list":["post-632","page","type-page","status-publish"],"_links":{"self":[{"href":"https:\/\/hcismm.cz\/index.php\/wp-json\/wp\/v2\/pages\/632","targetHints":{"allow":["GET"]}}],"collection":[{"href":"https:\/\/hcismm.cz\/index.php\/wp-json\/wp\/v2\/pages"}],"about":[{"href":"https:\/\/hcismm.cz\/index.php\/wp-json\/wp\/v2\/types\/page"}],"author":[{"embeddable":true,"href":"https:\/\/hcismm.cz\/index.php\/wp-json\/wp\/v2\/users\/2"}],"replies":[{"embeddable":true,"href":"https:\/\/hcismm.cz\/index.php\/wp-json\/wp\/v2\/comments?post=632"}],"version-history":[{"count":0,"href":"https:\/\/hcismm.cz\/index.php\/wp-json\/wp\/v2\/pages\/632\/revisions"}],"up":[{"embeddable":true,"href":"https:\/\/hcismm.cz\/index.php\/wp-json\/wp\/v2\/pages\/629"}],"wp:attachment":[{"href":"https:\/\/hcismm.cz\/index.php\/wp-json\/wp\/v2\/media?parent=632"}],"curies":[{"name":"wp","href":"https:\/\/api.w.org\/{rel}","templated":true}]}}