{"id":644,"date":"2026-04-30T22:00:48","date_gmt":"2026-04-30T22:00:48","guid":{"rendered":"https:\/\/hcismm.cz\/index.php\/2021-7\/09-2\/29-2\/4-kolo-hc-ismm-koprivnice-hc-bobri-valasske-mezirici-41-11-00-30\/"},"modified":"2026-04-30T22:00:48","modified_gmt":"2026-04-30T22:00:48","slug":"4-kolo-hc-ismm-koprivnice-hc-bobri-valasske-mezirici-41-11-00-30","status":"publish","type":"page","link":"https:\/\/hcismm.cz\/index.php\/2021-7\/09-2\/29-2\/4-kolo-hc-ismm-koprivnice-hc-bobri-valasske-mezirici-41-11-00-30\/","title":{"rendered":"Bitva o body! HC ISMM Kop\u0159ivnice doma vyzvala Bobry z Vala\u0161sk\u00e9ho Mezi\u0159\u00ed\u010d\u00ed"},"content":{"rendered":"<p>Hokejov\u00ed fanou\u0161ci v Kop\u0159ivnici za\u017eili ve \u010dtvrt\u00e9m kole sout\u011b\u017ee nap\u00ednav\u00fd duel. Dom\u00e1c\u00ed HC ISMM Kop\u0159ivnice se utkali s ambici\u00f3zn\u00edmi Bobry z Vala\u0161sk\u00e9ho Mezi\u0159\u00ed\u010d\u00ed. Z\u00e1pas nab\u00eddl spoustu emoc\u00ed, g\u00f3lov\u00fdch \u0161anc\u00ed i dramatick\u00fdch moment\u016f. Poj\u010fme se pod\u00edvat, jak se utk\u00e1n\u00ed vyv\u00edjelo a co p\u0159ineslo.<\/p>\n<h2>Prvn\u00ed t\u0159etina \u2013 Opatrn\u00fd \u00favod a brzk\u00e1 branka<\/h2>\n<p>Zpo\u010d\u00e1tku byl hokej opatrn\u00fd z obou stran. Ob\u011b mu\u017estva se sna\u017eila o jistotu v obran\u011b a \u010dekala na chybu soupe\u0159e. Prvn\u00ed branka z\u00e1pasu padla v p\u00e1t\u00e9 minut\u011b, kdy\u017e se prosadil \u00fato\u010dn\u00edk Bobr\u016f po rychl\u00e9 kombinaci. Dom\u00e1c\u00ed t\u00fdm se sna\u017eil odpov\u011bd\u011bt, ale brank\u00e1\u0159 Vala\u0161sk\u00e9ho Mezi\u0159\u00ed\u010d\u00ed byl pozorn\u00fd.  Hr\u00e1\u010di HC ISMM se sna\u017eili vyvinout tlak, ale host\u00e9 dob\u0159e br\u00e1nili a nedovolili jim dostat se do nebezpe\u010dn\u00fdch pozic.<\/p>\n<h2>Druh\u00e1 t\u0159etina \u2013 Kop\u0159ivnice srovn\u00e1v\u00e1 a bojuje<\/h2>\n<p>Druh\u00e1 t\u0159etina p\u0159inesla dynami\u010dt\u011bj\u0161\u00ed hru. HC ISMM Kop\u0159ivnice se poda\u0159ilo ve dvac\u00e1t\u00e9 minut\u011b srovnat sk\u00f3re. St\u0159ela od modr\u00e9 \u010d\u00e1ry p\u0159ekvapila brank\u00e1\u0159e Bobr\u016f a poslala puk do s\u00edt\u011b.  T\u00edm se zvedla mor\u00e1lka dom\u00e1c\u00edch hr\u00e1\u010d\u016f a za\u010dali hr\u00e1t s v\u011bt\u0161\u00ed vervou. Vzniklo n\u011bkolik slibn\u00fdch proti\u00fatok\u016f, ale host\u00e9 se dok\u00e1zali ubr\u00e1nit. V z\u00e1v\u011bru druh\u00e9 t\u0159etiny se dokonce Bob\u0159i dostali do veden\u00ed po individu\u00e1ln\u00ed akci jejich nejlep\u0161\u00edho \u00fato\u010dn\u00edka.  T\u0159etina skon\u010dila v\u00fdsledkem 2:1 pro hosty.<\/p>\n<h2>T\u0159et\u00ed t\u0159etina \u2013 Drama a\u017e do konce a t\u011bsn\u00e1 por\u00e1\u017eka<\/h2>\n<p>Posledn\u00ed t\u0159etina byla pln\u00e1 emoc\u00ed a dramatick\u00fdch moment\u016f.  HC ISMM Kop\u0159ivnice se sna\u017eila za ka\u017edou cenu srovnat. Hr\u00e1\u010di bojovali srdnat\u011b a vytv\u00e1\u0159eli si g\u00f3lov\u00e9 \u0161ance, ale brank\u00e1\u0159 Bobr\u016f p\u0159edv\u00e1d\u011bl vynikaj\u00edc\u00ed v\u00fdkony. V pades\u00e1t\u00e9 minut\u011b se host\u016fm poda\u0159ilo nav\u00fd\u0161it veden\u00ed na 3:1. Dom\u00e1c\u00ed t\u00fdm ale nezav\u00e1hal a ve 55. minut\u011b sn\u00ed\u017eil na 2:3.  Z\u00e1v\u011bre\u010dn\u00e9 minuty byly pln\u00e9 tlaku ze strany Kop\u0159ivnice, ale Bob\u0159i se dok\u00e1zali ubr\u00e1nit a zv\u00edt\u011bzili t\u011bsn\u00fdm v\u00fdsledkem 3:2. <\/p>\n<h3>Kl\u00ed\u010dov\u00e9 momenty z\u00e1pasu<\/h3>\n<ul>\n<li>Brzk\u00e1 branka Bobr\u016f, kter\u00e1 naru\u0161ila pl\u00e1ny HC ISMM<\/li>\n<li>Srovn\u00e1n\u00ed stavu Kop\u0159ivnice ve druh\u00e9 t\u0159etin\u011b po poveden\u00e9 akci<\/li>\n<li>V\u00fdborn\u00fd v\u00fdkon brank\u00e1\u0159e Vala\u0161sk\u00e9ho Mezi\u0159\u00ed\u010d\u00ed<\/li>\n<li>T\u011bsn\u00fd v\u00fdsledek a bojovn\u00fd v\u00fdkon dom\u00e1c\u00edho t\u00fdmu<\/li>\n<\/ul>\n<p>I p\u0159es por\u00e1\u017eku se HC ISMM Kop\u0159ivnice p\u0159edvedlo v dobr\u00e9m sv\u011btle a uk\u00e1zalo, \u017ee se dok\u00e1\u017ee rovnat i siln\u011bj\u0161\u00edm soupe\u0159\u016fm.  Fanou\u0161ci ocenili bojovnost a nasazen\u00ed hr\u00e1\u010d\u016f. Nyn\u00ed se t\u00fdm zam\u011b\u0159\u00ed na regeneraci a p\u0159\u00edpravu na dal\u0161\u00ed z\u00e1pas, kde se bude sna\u017eit z\u00edskat cenn\u00e9 body.<\/p>\n","protected":false},"excerpt":{"rendered":"<p>Hokejov\u00ed fanou\u0161ci v Kop\u0159ivnici za\u017eili ve \u010dtvrt\u00e9m kole sout\u011b\u017ee nap\u00ednav\u00fd duel. Dom\u00e1c\u00ed HC ISMM Kop\u0159ivnice se utkali s ambici\u00f3zn\u00edmi Bobry z Vala\u0161sk\u00e9ho Mezi\u0159\u00ed\u010d\u00ed. Z\u00e1pas nab\u00eddl spoustu emoc\u00ed, g\u00f3lov\u00fdch \u0161anc\u00ed i dramatick\u00fdch moment\u016f. Poj\u010fme se pod\u00edvat, jak se utk\u00e1n\u00ed vyv\u00edjelo a co p\u0159ineslo. Prvn\u00ed t\u0159etina \u2013 Opatrn\u00fd \u00favod a brzk\u00e1 branka Zpo\u010d\u00e1tku byl hokej opatrn\u00fd z &#8230; <a title=\"Bitva o body! HC ISMM Kop\u0159ivnice doma vyzvala Bobry z Vala\u0161sk\u00e9ho Mezi\u0159\u00ed\u010d\u00ed\" class=\"read-more\" href=\"https:\/\/hcismm.cz\/index.php\/2021-7\/09-2\/29-2\/4-kolo-hc-ismm-koprivnice-hc-bobri-valasske-mezirici-41-11-00-30\/\" aria-label=\"Read more about Bitva o body! HC ISMM Kop\u0159ivnice doma vyzvala Bobry z Vala\u0161sk\u00e9ho Mezi\u0159\u00ed\u010d\u00ed\">Read more<\/a><\/p>\n","protected":false},"author":2,"featured_media":0,"parent":641,"menu_order":0,"comment_status":"closed","ping_status":"closed","template":"","meta":{"footnotes":""},"class_list":["post-644","page","type-page","status-publish"],"_links":{"self":[{"href":"https:\/\/hcismm.cz\/index.php\/wp-json\/wp\/v2\/pages\/644","targetHints":{"allow":["GET"]}}],"collection":[{"href":"https:\/\/hcismm.cz\/index.php\/wp-json\/wp\/v2\/pages"}],"about":[{"href":"https:\/\/hcismm.cz\/index.php\/wp-json\/wp\/v2\/types\/page"}],"author":[{"embeddable":true,"href":"https:\/\/hcismm.cz\/index.php\/wp-json\/wp\/v2\/users\/2"}],"replies":[{"embeddable":true,"href":"https:\/\/hcismm.cz\/index.php\/wp-json\/wp\/v2\/comments?post=644"}],"version-history":[{"count":0,"href":"https:\/\/hcismm.cz\/index.php\/wp-json\/wp\/v2\/pages\/644\/revisions"}],"up":[{"embeddable":true,"href":"https:\/\/hcismm.cz\/index.php\/wp-json\/wp\/v2\/pages\/641"}],"wp:attachment":[{"href":"https:\/\/hcismm.cz\/index.php\/wp-json\/wp\/v2\/media?parent=644"}],"curies":[{"name":"wp","href":"https:\/\/api.w.org\/{rel}","templated":true}]}}