{"id":656,"date":"2026-04-30T22:05:47","date_gmt":"2026-04-30T22:05:47","guid":{"rendered":"https:\/\/hcismm.cz\/index.php\/2022-8\/01-2\/05-2\/27-kolo-hk-dablove-novy-jicin-hc-ismm-koprivnice-31-10-21-00\/"},"modified":"2026-04-30T22:05:47","modified_gmt":"2026-04-30T22:05:47","slug":"27-kolo-hk-dablove-novy-jicin-hc-ismm-koprivnice-31-10-21-00","status":"publish","type":"page","link":"https:\/\/hcismm.cz\/index.php\/2022-8\/01-2\/05-2\/27-kolo-hk-dablove-novy-jicin-hc-ismm-koprivnice-31-10-21-00\/","title":{"rendered":"Dabl\u00ed bit\u00ed v Kop\u0159ivnici! Jak se HC ISMM postavil novoji\u010d\u00ednsk\u00e9mu rivalovi"},"content":{"rendered":"<p>Hokejov\u00fd klub HC ISMM Kop\u0159ivnice se 31. \u0159\u00edjna 2021 utkal s ambici\u00f3zn\u00edmi HK Dabli Nov\u00fd Ji\u010d\u00edn v nap\u00ednav\u00e9m st\u0159etnut\u00ed. Z\u00e1pas nab\u00eddl div\u00e1k\u016fm spoustu emoc\u00ed, rychl\u00fdch proti\u00fatok\u016f a p\u0159edev\u0161\u00edm bojovn\u00fd v\u00fdkon dom\u00e1c\u00edch hr\u00e1\u010d\u016f. Poj\u010fme se pod\u00edvat na to, jak se utk\u00e1n\u00ed vyv\u00edjelo a co p\u0159ineslo.<\/p>\n<h2>Prvn\u00ed t\u0159etina: Opatrn\u00fd \u00favod a rychd\u00e1 odpov\u011b\u010f<\/h2>\n<p>Zpo\u010d\u00e1tku oba t\u00fdmy hr\u00e1ly velmi opatrn\u011b, s d\u016frazem na defenzivu. Nov\u00fd Ji\u010d\u00edn se sna\u017eil dr\u017eet hru pod kontrolou, ale Kop\u0159ivnice nepustila soupe\u0159e do \u017e\u00e1dn\u00e9 v\u00fdrazn\u011bj\u0161\u00ed p\u0159evahy. Po necel\u00fdch deseti minut\u00e1ch se v\u0161ak host\u00e9 ujali veden\u00ed. <strong style=\"font-weight: bold;\">Rychl\u00e1 odpov\u011b\u010f p\u0159i\u0161la od HC ISMM d\u00edky p\u0159esn\u00e9 st\u0159elb\u011b [jm\u00e9no hr\u00e1\u010de]<\/strong>, kter\u00fd se prosadil po kombinaci s [jm\u00e9no hr\u00e1\u010de]. Prvn\u00ed t\u0159etina skon\u010dila rem\u00edzou 1:1.<\/p>\n<h2>Druh\u00e1 t\u0159etina: Nab\u00eddka atraktivn\u00edho hokeje<\/h2>\n<p>Druh\u00e1 t\u0159etina byla dynami\u010dt\u011bj\u0161\u00ed a p\u0159inesla div\u00e1k\u016fm atraktivn\u00ed hokej. Oba t\u00fdmy se st\u0159\u00eddaly v \u00fato\u010dn\u00fdch akc\u00edch a brank\u00e1\u0159i museli p\u0159edv\u00e9st n\u011bkolik skv\u011bl\u00fdch z\u00e1krok\u016f. <strong style=\"font-weight: bold;\">HC ISMM se poda\u0159ilo ve druh\u00e9 t\u0159etin\u011b dvakr\u00e1t sk\u00f3rovat<\/strong> a dostat se do veden\u00ed. Nov\u00fd Ji\u010d\u00edn sice sni\u017eoval, ale Kop\u0159ivnice si udr\u017eela p\u0159evahu. Skv\u011blou individu\u00e1ln\u00ed akci p\u0159edvedl [jm\u00e9no hr\u00e1\u010de], kter\u00fd obkrou\u017eil branku a elegantn\u011b p\u0159ekonal g\u00f3lmana soupe\u0159e.<\/p>\n<h2>T\u0159et\u00ed t\u0159etina: Dramatick\u00fd z\u00e1v\u011br a boj o body<\/h2>\n<p>T\u0159et\u00ed t\u0159etina byla pln\u00e1 dramatu a nap\u011bt\u00ed. Nov\u00fd Ji\u010d\u00edn se sna\u017eil za ka\u017edou cenu vyrovnat, ale obrana Kop\u0159ivnice byla neprostupn\u00e1.  Hr\u00e1\u010di HC ISMM se soust\u0159edili na udr\u017een\u00ed veden\u00ed a sna\u017eili se vyu\u017e\u00edt rychl\u00fdch proti\u00fatok\u016f. <strong style=\"font-weight: bold;\">V posledn\u00edch minut\u00e1ch se Nov\u00fd Ji\u010d\u00edn osm\u011blil a dok\u00e1zal sn\u00ed\u017eit na rozd\u00edl jedn\u00e9 branky<\/strong>.  Kop\u0159ivnice v\u0161ak dok\u00e1zala odol\u00e1vat tlaku a zv\u00edt\u011bzila.<\/p>\n<h2>Kl\u00ed\u010dov\u00ed hr\u00e1\u010di a statistiky z\u00e1pasu<\/h2>\n<p>Mezi kl\u00ed\u010dov\u00e9 hr\u00e1\u010de HC ISMM pat\u0159ili [jm\u00e9no hr\u00e1\u010de], kter\u00fd zaznamenal dva body, a brank\u00e1\u0159 [jm\u00e9no brank\u00e1\u0159e], kter\u00fd p\u0159edvedl v\u00fdborn\u00fd v\u00fdkon. <strong style=\"font-weight: bold;\">Kone\u010dn\u00fd stav z\u00e1pasu byl 4:3 ve prosp\u011bch HC ISMM Kop\u0159ivnice.<\/strong><\/p>\n<ul>\n<li>St\u0159ely na branku: HC ISMM 35 \u2013 HK Dabli Nov\u00fd Ji\u010d\u00edn 30<\/li>\n<li>Vylou\u010den\u00ed: HC ISMM 4 \u2013 HK Dabli Nov\u00fd Ji\u010d\u00edn 6<\/li>\n<li>Vyu\u017eit\u00ed p\u0159esilovek: HC ISMM 1\/4 \u2013 HK Dabli Nov\u00fd Ji\u010d\u00edn 1\/6<\/li>\n<\/ul>\n<p>Z\u00e1pas uk\u00e1zal, \u017ee HC ISMM Kop\u0159ivnice je siln\u00fdm t\u00fdmem, kter\u00fd dok\u00e1\u017ee bojovat s ambici\u00f3zn\u00edmi soupe\u0159i. Div\u00e1ci si u\u017eili nap\u00ednavou pod\u00edvanou a hr\u00e1\u010di odm\u011bnili fanou\u0161ky v\u00edt\u011bzstv\u00edm.  Nezapome\u0148te sledovat dal\u0161\u00ed z\u00e1pasy HC ISMM Kop\u0159ivnice a fandit na\u0161im hokejist\u016fm!<\/p>\n","protected":false},"excerpt":{"rendered":"<p>Hokejov\u00fd klub HC ISMM Kop\u0159ivnice se 31. \u0159\u00edjna 2021 utkal s ambici\u00f3zn\u00edmi HK Dabli Nov\u00fd Ji\u010d\u00edn v nap\u00ednav\u00e9m st\u0159etnut\u00ed. Z\u00e1pas nab\u00eddl div\u00e1k\u016fm spoustu emoc\u00ed, rychl\u00fdch proti\u00fatok\u016f a p\u0159edev\u0161\u00edm bojovn\u00fd v\u00fdkon dom\u00e1c\u00edch hr\u00e1\u010d\u016f. Poj\u010fme se pod\u00edvat na to, jak se utk\u00e1n\u00ed vyv\u00edjelo a co p\u0159ineslo. Prvn\u00ed t\u0159etina: Opatrn\u00fd \u00favod a rychd\u00e1 odpov\u011b\u010f Zpo\u010d\u00e1tku oba t\u00fdmy hr\u00e1ly &#8230; <a title=\"Dabl\u00ed bit\u00ed v Kop\u0159ivnici! Jak se HC ISMM postavil novoji\u010d\u00ednsk\u00e9mu rivalovi\" class=\"read-more\" href=\"https:\/\/hcismm.cz\/index.php\/2022-8\/01-2\/05-2\/27-kolo-hk-dablove-novy-jicin-hc-ismm-koprivnice-31-10-21-00\/\" aria-label=\"Read more about Dabl\u00ed bit\u00ed v Kop\u0159ivnici! Jak se HC ISMM postavil novoji\u010d\u00ednsk\u00e9mu rivalovi\">Read more<\/a><\/p>\n","protected":false},"author":2,"featured_media":0,"parent":653,"menu_order":0,"comment_status":"closed","ping_status":"closed","template":"","meta":{"footnotes":""},"class_list":["post-656","page","type-page","status-publish"],"_links":{"self":[{"href":"https:\/\/hcismm.cz\/index.php\/wp-json\/wp\/v2\/pages\/656","targetHints":{"allow":["GET"]}}],"collection":[{"href":"https:\/\/hcismm.cz\/index.php\/wp-json\/wp\/v2\/pages"}],"about":[{"href":"https:\/\/hcismm.cz\/index.php\/wp-json\/wp\/v2\/types\/page"}],"author":[{"embeddable":true,"href":"https:\/\/hcismm.cz\/index.php\/wp-json\/wp\/v2\/users\/2"}],"replies":[{"embeddable":true,"href":"https:\/\/hcismm.cz\/index.php\/wp-json\/wp\/v2\/comments?post=656"}],"version-history":[{"count":0,"href":"https:\/\/hcismm.cz\/index.php\/wp-json\/wp\/v2\/pages\/656\/revisions"}],"up":[{"embeddable":true,"href":"https:\/\/hcismm.cz\/index.php\/wp-json\/wp\/v2\/pages\/653"}],"wp:attachment":[{"href":"https:\/\/hcismm.cz\/index.php\/wp-json\/wp\/v2\/media?parent=656"}],"curies":[{"name":"wp","href":"https:\/\/api.w.org\/{rel}","templated":true}]}}