{"id":677,"date":"2026-04-30T22:15:49","date_gmt":"2026-04-30T22:15:49","guid":{"rendered":"https:\/\/hcismm.cz\/index.php\/2018-18\/09-2\/26-2\/"},"modified":"2026-04-30T22:15:49","modified_gmt":"2026-04-30T22:15:49","slug":"26-2","status":"publish","type":"page","link":"https:\/\/hcismm.cz\/index.php\/2018-18\/09-2\/26-2\/","title":{"rendered":"Bitva o body! Jak HC Tatra Kop\u0159ivnice podlehla P\u00edsku v dramatick\u00e9m utk\u00e1n\u00ed"},"content":{"rendered":"<p>Hokejov\u00ed fanou\u0161ci HC Tatra Kop\u0159ivnice si 26. z\u00e1\u0159\u00ed 2018 u\u017eili nap\u00ednav\u00fd z\u00e1pas proti HC ISMM P\u00edsek. I p\u0159es bojovn\u00fd v\u00fdkon Kop\u0159ivni\u010dan\u016f nakonec padli s v\u00fdsledkem 3:5. Poj\u010fme se pod\u00edvat na pr\u016fb\u011bh utk\u00e1n\u00ed a kl\u00ed\u010dov\u00e9 momenty, kter\u00e9 rozhodly o jeho v\u00fdsledku.<\/p>\n<h2>Prvn\u00ed t\u0159etina: Rychl\u00fd \u00favod P\u00edsku<\/h2>\n<p>Z\u00e1pas za\u010dal z pohledu dom\u00e1c\u00edch nep\u0159\u00edzniv\u011b. Hr\u00e1\u010di P\u00edsku vst\u0159elili hned v prvn\u00edch minut\u00e1ch a ujali se veden\u00ed. Kop\u0159ivni\u010dan\u016fm se neda\u0159ilo odpov\u011bd\u011bt a museli se br\u00e1nit. Obrana HC Tatra Kop\u0159ivnice state\u010dn\u011b odol\u00e1vala dal\u0161\u00edmu tlaku soupe\u0159e, ale v polovin\u011b prvn\u00ed t\u0159etiny P\u00edsek sk\u00f3roval podruh\u00e9. T\u0159etina skon\u010dila pom\u011brem 0:2 pro hostuj\u00edc\u00ed t\u00fdm.<\/p>\n<h2>Druh\u00e1 t\u0159etina: Kop\u0159ivnice se probouz\u00ed<\/h2>\n<p>Druh\u00e1 t\u0159etina p\u0159inesla obrat. Hr\u00e1\u010di HC Tatra Kop\u0159ivnice nastoupili s v\u011bt\u0161\u00ed energi\u00ed a odhodl\u00e1n\u00edm.  V \u00favodu t\u0159etiny se jim poda\u0159ilo sn\u00ed\u017eit sk\u00f3re na 1:2.  <strong class=\"strong\">G\u00f3l nastartoval dom\u00e1c\u00ed a brzy pot\u00e9 se jim poda\u0159ilo vyrovnat na 2:2.<\/strong>  Radost v\u0161ak netrvala dlouho, proto\u017ee P\u00edsek op\u011bt zas\u00e1hl a vr\u00e1til si veden\u00ed. P\u0159ed koncem druh\u00e9 t\u0159etiny se sk\u00f3re nav\u00fd\u0161ilo na 2:3.<\/p>\n<h2>T\u0159et\u00ed t\u0159etina: Dramatick\u00fd z\u00e1v\u011br a kone\u010dn\u00e1<\/h2>\n<p>T\u0159et\u00ed t\u0159etina byla pln\u00e1 emoc\u00ed. Kop\u0159ivni\u010dan\u016fm se poda\u0159ilo v \u00favodu t\u0159etiny sn\u00ed\u017eit na 3:3 a vr\u00e1tit se do hry. Atmosf\u00e9ra v hale houstla.  <strong class=\"strong\">Hr\u00e1\u010di obou t\u00fdm\u016f bojovali o ka\u017ed\u00fd centimetr ledu.<\/strong>  Bohu\u017eel, v posledn\u00edch minut\u00e1ch se P\u00edsek prosadil dvakr\u00e1t a rozhodl o sv\u00e9m v\u00edt\u011bzstv\u00ed. Kone\u010dn\u00fd stav 3:5 znamenal pro HC Tatra Kop\u0159ivnice prohru, ale hr\u00e1\u010di se nezalekli a p\u0159edvedli bojovn\u00fd v\u00fdkon.<\/p>\n<h3>Kl\u00ed\u010dov\u00ed hr\u00e1\u010di<\/h3>\n<p>A\u010dkoliv t\u00fdm HC ISMM P\u00edsek nakonec zv\u00edt\u011bzil, i v kop\u0159ivnick\u00e9m t\u00fdmu se objevili hr\u00e1\u010di, kte\u0159\u00ed podali solidn\u00ed v\u00fdkon.  D\u016fle\u017eit\u00fdm hr\u00e1\u010dem byl nap\u0159\u00edklad [jm\u00e9no hr\u00e1\u010de], kter\u00fd se pod\u00edlel na v\u011bt\u0161in\u011b \u00fato\u010dn\u00fdch akc\u00ed.  V brance se v\u00fdborn\u011b prezentoval [jm\u00e9no brank\u00e1\u0159e], kter\u00fd chytil \u0159adu t\u011b\u017ek\u00fdch st\u0159el. <\/p>\n<h2>Z\u00e1v\u011br<\/h2>\n<p>Z\u00e1pas mezi HC Tatra Kop\u0159ivnice a HC ISMM P\u00edsek byl div\u00e1cky atraktivn\u00ed a pln\u00fd zvrat\u016f.  I p\u0159es prohru se kop\u0159ivni\u010dt\u00ed hokejist\u00e9 sna\u017eili a bojovali do posledn\u00edch sil.  Fanou\u0161ci se do\u010dkali nap\u00ednav\u00e9 pod\u00edvan\u00e9 a v\u011b\u0159\u00ed, \u017ee v n\u00e1sleduj\u00edc\u00edch z\u00e1pasech se HC Tatra Kop\u0159ivnice vr\u00e1t\u00ed na v\u00edt\u011bznou vlnu.  <strong class=\"strong\">Podpora fanou\u0161k\u016f je pro t\u00fdm nesm\u00edrn\u011b d\u016fle\u017eit\u00e1 a hr\u00e1\u010d\u016fm dod\u00e1v\u00e1 motivaci do dal\u0161\u00edch boj\u016f.<\/strong><\/p>\n","protected":false},"excerpt":{"rendered":"<p>Hokejov\u00ed fanou\u0161ci HC Tatra Kop\u0159ivnice si 26. z\u00e1\u0159\u00ed 2018 u\u017eili nap\u00ednav\u00fd z\u00e1pas proti HC ISMM P\u00edsek. I p\u0159es bojovn\u00fd v\u00fdkon Kop\u0159ivni\u010dan\u016f nakonec padli s v\u00fdsledkem 3:5. Poj\u010fme se pod\u00edvat na pr\u016fb\u011bh utk\u00e1n\u00ed a kl\u00ed\u010dov\u00e9 momenty, kter\u00e9 rozhodly o jeho v\u00fdsledku. Prvn\u00ed t\u0159etina: Rychl\u00fd \u00favod P\u00edsku Z\u00e1pas za\u010dal z pohledu dom\u00e1c\u00edch nep\u0159\u00edzniv\u011b. Hr\u00e1\u010di P\u00edsku vst\u0159elili hned &#8230; <a title=\"Bitva o body! Jak HC Tatra Kop\u0159ivnice podlehla P\u00edsku v dramatick\u00e9m utk\u00e1n\u00ed\" class=\"read-more\" href=\"https:\/\/hcismm.cz\/index.php\/2018-18\/09-2\/26-2\/\" aria-label=\"Read more about Bitva o body! Jak HC Tatra Kop\u0159ivnice podlehla P\u00edsku v dramatick\u00e9m utk\u00e1n\u00ed\">Read more<\/a><\/p>\n","protected":false},"author":2,"featured_media":0,"parent":674,"menu_order":0,"comment_status":"closed","ping_status":"closed","template":"","meta":{"footnotes":""},"class_list":["post-677","page","type-page","status-publish"],"_links":{"self":[{"href":"https:\/\/hcismm.cz\/index.php\/wp-json\/wp\/v2\/pages\/677","targetHints":{"allow":["GET"]}}],"collection":[{"href":"https:\/\/hcismm.cz\/index.php\/wp-json\/wp\/v2\/pages"}],"about":[{"href":"https:\/\/hcismm.cz\/index.php\/wp-json\/wp\/v2\/types\/page"}],"author":[{"embeddable":true,"href":"https:\/\/hcismm.cz\/index.php\/wp-json\/wp\/v2\/users\/2"}],"replies":[{"embeddable":true,"href":"https:\/\/hcismm.cz\/index.php\/wp-json\/wp\/v2\/comments?post=677"}],"version-history":[{"count":0,"href":"https:\/\/hcismm.cz\/index.php\/wp-json\/wp\/v2\/pages\/677\/revisions"}],"up":[{"embeddable":true,"href":"https:\/\/hcismm.cz\/index.php\/wp-json\/wp\/v2\/pages\/674"}],"wp:attachment":[{"href":"https:\/\/hcismm.cz\/index.php\/wp-json\/wp\/v2\/media?parent=677"}],"curies":[{"name":"wp","href":"https:\/\/api.w.org\/{rel}","templated":true}]}}