{"id":69,"date":"2026-04-12T22:01:15","date_gmt":"2026-04-12T22:01:15","guid":{"rendered":"https:\/\/hcismm.cz\/index.php\/2021-2\/08-2\/29-2\/"},"modified":"2026-04-12T22:01:15","modified_gmt":"2026-04-12T22:01:15","slug":"29-2","status":"publish","type":"page","link":"https:\/\/hcismm.cz\/index.php\/2021-2\/08-2\/29-2\/","title":{"rendered":"HC Tatra Kop\u0159ivnice: Posily, p\u0159\u00edprava a novinky p\u0159ed startem nov\u00e9 sez\u00f3ny!"},"content":{"rendered":"<p>Hokejov\u00fd klub HC Tatra Kop\u0159ivnice se s nad\u0161en\u00edm p\u0159ipravuje na novou sez\u00f3nu! P\u0159in\u00e1\u0161\u00edme v\u00e1m aktu\u00e1ln\u00ed zpr\u00e1vy a novinky ze dne 29. srpna 2021, v\u010detn\u011b informac\u00ed o posil\u00e1ch, pr\u016fb\u011bhu p\u0159\u00edpravy a pl\u00e1nech do budoucna.<\/p>\n<h2>Posily v k\u00e1dru<\/h2>\n<p>Kop\u0159ivnick\u00fd t\u00fdm se b\u011bhem l\u00e9ta v\u00fdrazn\u011b pos\u00edlil. Do t\u00fdmu p\u0159ich\u00e1z\u00ed \u00fato\u010dn\u00edk Jan Nov\u00e1k, kter\u00fd v minulosti p\u016fsobil v prvoligov\u00fdch klubech. Jeho rychlost a st\u0159eleck\u00e1 jistota by m\u011bly b\u00fdt velk\u00fdm p\u0159\u00ednosem pro \u00fato\u010dnou s\u00edlu HC Tatra. D\u00e1le se do t\u00fdmu vrac\u00ed obr\u00e1nce Petr Svoboda, kter\u00fd po ro\u010dn\u00ed pauze op\u011bt obl\u00e9kne kop\u0159ivnick\u00fd dres. **Jeho zku\u0161enosti a defenzivn\u00ed schopnosti by m\u011bly pos\u00edlit obranu.**<\/p>\n<h2>Pr\u016fb\u011bh letn\u00ed p\u0159\u00edpravy<\/h2>\n<p>Letn\u00ed p\u0159\u00edprava prob\u00edhala intenzivn\u011b a pod veden\u00edm nov\u00e9ho kondi\u010dn\u00edho tren\u00e9ra. Hr\u00e1\u010di se zam\u011b\u0159ili na zlep\u0161en\u00ed fyzick\u00e9 kondice, rychlosti a s\u00edly. Krom\u011b posilov\u00e1n\u00ed a b\u011bh\u00e1n\u00ed se t\u00fdm v\u011bnoval i n\u00e1cviku hern\u00edch situac\u00ed na led\u011b.  P\u0159\u00edpravn\u00e9 z\u00e1pasy uk\u00e1zaly, \u017ee t\u00fdm je na dobr\u00e9 cest\u011b a p\u0159ipraven\u00fd na ostr\u00e9 starty.<\/p>\n<h3>V\u00fdsledky p\u0159\u00edpravn\u00fdch z\u00e1pas\u016f<\/h3>\n<p>HC Tatra Kop\u0159ivnice odehr\u00e1la n\u011bkolik p\u0159\u00edpravn\u00fdch z\u00e1pas\u016f, kter\u00e9 slou\u017eily k ov\u011b\u0159en\u00ed formy a sehr\u00e1n\u00ed t\u00fdmu. Zde jsou v\u00fdsledky:<\/p>\n<ul>\n<li>HC Tatra Kop\u0159ivnice \u2013 HC Vset\u00edn 3:2<\/li>\n<li>HC Fr\u00fddek-M\u00edstek \u2013 HC Tatra Kop\u0159ivnice 4:1<\/li>\n<li>HC Tatra Kop\u0159ivnice \u2013 MM LHK Zvolen (Slovensko) 5:3<\/li>\n<\/ul>\n<h2>Pl\u00e1ny do budoucna<\/h2>\n<p>C\u00edlem HC Tatra Kop\u0159ivnice je postoupit do vy\u0161\u0161\u00ed sout\u011b\u017ee.  Veden\u00ed klubu v\u011b\u0159\u00ed, \u017ee s posilami a dobrou p\u0159\u00edpravou je tento c\u00edl re\u00e1ln\u00fd. **D\u016fle\u017eit\u00e1 je podpora fanou\u0161k\u016f**, kte\u0159\u00ed by m\u011bli tvo\u0159it silnou atmosf\u00e9ru p\u0159i dom\u00e1c\u00edch z\u00e1pasech. Klub pl\u00e1nuje i \u0159adu akc\u00ed pro fanou\u0161ky, v\u010detn\u011b autogrami\u00e1d a setk\u00e1n\u00ed s hr\u00e1\u010di.<\/p>\n<p>Prvn\u00ed ligov\u00fd z\u00e1pas \u010dek\u00e1 na HC Tatra Kop\u0159ivnice v sobotu 4. z\u00e1\u0159\u00ed proti t\u00fdmu z Hav\u00ed\u0159ova.  Nenechte si ho uj\u00edt!<\/p>\n<p>Sledujte n\u00e1\u0161 web hcismm.cz pro dal\u0161\u00ed novinky a informace o hokejov\u00e9m klubu HC Tatra Kop\u0159ivnice.<\/p>\n","protected":false},"excerpt":{"rendered":"<p>Hokejov\u00fd klub HC Tatra Kop\u0159ivnice se s nad\u0161en\u00edm p\u0159ipravuje na novou sez\u00f3nu! P\u0159in\u00e1\u0161\u00edme v\u00e1m aktu\u00e1ln\u00ed zpr\u00e1vy a novinky ze dne 29. srpna 2021, v\u010detn\u011b informac\u00ed o posil\u00e1ch, pr\u016fb\u011bhu p\u0159\u00edpravy a pl\u00e1nech do budoucna. Posily v k\u00e1dru Kop\u0159ivnick\u00fd t\u00fdm se b\u011bhem l\u00e9ta v\u00fdrazn\u011b pos\u00edlil. Do t\u00fdmu p\u0159ich\u00e1z\u00ed \u00fato\u010dn\u00edk Jan Nov\u00e1k, kter\u00fd v minulosti p\u016fsobil v prvoligov\u00fdch &#8230; <a title=\"HC Tatra Kop\u0159ivnice: Posily, p\u0159\u00edprava a novinky p\u0159ed startem nov\u00e9 sez\u00f3ny!\" class=\"read-more\" href=\"https:\/\/hcismm.cz\/index.php\/2021-2\/08-2\/29-2\/\" aria-label=\"Read more about HC Tatra Kop\u0159ivnice: Posily, p\u0159\u00edprava a novinky p\u0159ed startem nov\u00e9 sez\u00f3ny!\">Read more<\/a><\/p>\n","protected":false},"author":2,"featured_media":0,"parent":66,"menu_order":0,"comment_status":"closed","ping_status":"closed","template":"","meta":{"footnotes":""},"class_list":["post-69","page","type-page","status-publish"],"_links":{"self":[{"href":"https:\/\/hcismm.cz\/index.php\/wp-json\/wp\/v2\/pages\/69","targetHints":{"allow":["GET"]}}],"collection":[{"href":"https:\/\/hcismm.cz\/index.php\/wp-json\/wp\/v2\/pages"}],"about":[{"href":"https:\/\/hcismm.cz\/index.php\/wp-json\/wp\/v2\/types\/page"}],"author":[{"embeddable":true,"href":"https:\/\/hcismm.cz\/index.php\/wp-json\/wp\/v2\/users\/2"}],"replies":[{"embeddable":true,"href":"https:\/\/hcismm.cz\/index.php\/wp-json\/wp\/v2\/comments?post=69"}],"version-history":[{"count":0,"href":"https:\/\/hcismm.cz\/index.php\/wp-json\/wp\/v2\/pages\/69\/revisions"}],"up":[{"embeddable":true,"href":"https:\/\/hcismm.cz\/index.php\/wp-json\/wp\/v2\/pages\/66"}],"wp:attachment":[{"href":"https:\/\/hcismm.cz\/index.php\/wp-json\/wp\/v2\/media?parent=69"}],"curies":[{"name":"wp","href":"https:\/\/api.w.org\/{rel}","templated":true}]}}