{"id":701,"date":"2026-05-01T22:00:47","date_gmt":"2026-05-01T22:00:47","guid":{"rendered":"https:\/\/hcismm.cz\/index.php\/2018-19\/09-2\/28-2\/"},"modified":"2026-05-01T22:00:47","modified_gmt":"2026-05-01T22:00:47","slug":"28-2","status":"publish","type":"page","link":"https:\/\/hcismm.cz\/index.php\/2018-19\/09-2\/28-2\/","title":{"rendered":"Drama v Kop\u0159ivnici! HC Tatra porazila [Soupe\u0159] po dramatick\u00e9 p\u0159est\u0159elce!"},"content":{"rendered":"<p>Sobotn\u00ed utk\u00e1n\u00ed 28. z\u00e1\u0159\u00ed 2018 v Kop\u0159ivnici p\u0159ineslo hokejov\u00fdm fanou\u0161k\u016fm strhuj\u00edc\u00ed pod\u00edvanou. HC Tatra Kop\u0159ivnice se utkala s t\u00fdmem [Soupe\u0159] a po nap\u00ednav\u00e9m pr\u016fb\u011bhu zv\u00edt\u011bzila. Z\u00e1pas byl pln\u00fd zvrat\u016f a emoc\u00ed, a fanou\u0161ci si p\u0159i\u0161li na sv\u00e9.<\/p>\n<h2>Prvn\u00ed t\u0159etina \u2013 Opatrn\u00fd za\u010d\u00e1tek<\/h2>\n<p>Prvn\u00ed t\u0159etina byla z obou stran opatrn\u00e1. Oba t\u00fdmy se prim\u00e1rn\u011b soust\u0159edily na defenzivu a sna\u017eily se minimalizovat riziko inkasov\u00e1n\u00ed branky. Hra se odehr\u00e1vala p\u0159ev\u00e1\u017en\u011b ve st\u0159edn\u00edm p\u00e1smu a \u0161ance byly k vid\u011bn\u00ed jen sporadicky.  Prvn\u00ed branky se nedo\u010dkali ani dom\u00e1c\u00ed, ani host\u00e9.<\/p>\n<h2>Druh\u00e1 t\u0159etina \u2013 N\u00e1r\u016fst tempa a prvn\u00ed g\u00f3ly<\/h2>\n<p>Druh\u00e1 t\u0159etina p\u0159inesla zrychlen\u00ed hry a s t\u00edm i prvn\u00ed g\u00f3ly.  Hr\u00e1\u010di HC Tatra Kop\u0159ivnice se pomalu osm\u011blovali a za\u010dali vytv\u00e1\u0159et tlak na branku soupe\u0159e.  V [\u010cas g\u00f3lu] se poprv\u00e9 radovali fanou\u0161ci dom\u00e1c\u00edch \u2013 [Jm\u00e9no st\u0159elce] poslal hokejky do s\u00edt\u011b. Radost ale netrvala dlouho, proto\u017ee [Soupe\u0159] odpov\u011bd\u011bl o [\u010cas od g\u00f3lu HC Tatra] g\u00f3lem od [Jm\u00e9no st\u0159elce soupe\u0159e].  T\u0159etina skon\u010dila rem\u00edzou 1:1.<\/p>\n<h2>T\u0159et\u00ed t\u0159etina \u2013 Drama a rozhoduj\u00edc\u00ed g\u00f3l<\/h2>\n<p>T\u0159et\u00ed t\u0159etina byla absolutn\u011b nabit\u00e1 emocemi. Oba t\u00fdmy se do sebe pustily a cht\u011bly za ka\u017edou cenu rozhodnout o v\u00edt\u011bzi.  [Soupe\u0159] se ve [\u010cas g\u00f3lu] dostal poprv\u00e9 do veden\u00ed. Dom\u00e1c\u00ed t\u00fdm ale nezav\u00e1hal a b\u011bhem [\u010cas od g\u00f3lu soupe\u0159e] vyrovnal stav z\u00e1sluhou [Jm\u00e9no st\u0159elce].  Z\u00e1pas se dostal do dramatick\u00e9ho fini\u0161e a o v\u00edt\u011bzi se rozhodovalo a\u017e v posledn\u00edch minut\u00e1ch.<\/p>\n<h3>Rozhoduj\u00edc\u00ed moment \u2013 Penaltov\u00fd rozst\u0159el<\/h3>\n<p>Proto\u017ee ani t\u0159et\u00ed t\u0159etina nep\u0159inesla rozhoduj\u00edc\u00ed g\u00f3l, utk\u00e1n\u00ed dosp\u011blo do penaltov\u00e9ho rozst\u0159elu.  Brank\u00e1\u0159i obou t\u00fdm\u016f p\u0159edvedli skv\u011bl\u00e9 v\u00fdkony a dlouho dr\u017eeli sv\u00e9 t\u00fdmy ve h\u0159e.  Nakonec se z v\u00edt\u011bzstv\u00ed radoval HC Tatra Kop\u0159ivnice, jeho\u017e brank\u00e1\u0159 [Jm\u00e9no brank\u00e1\u0159e] vychytal [Po\u010det vychytan\u00fdch penalt] penalt. Rozhoduj\u00edc\u00ed penaltu prom\u011bnil [Jm\u00e9no st\u0159elce rozhoduj\u00edc\u00ed penalty].<\/p>\n<p>Z\u00e1pas tak skon\u010dil v\u00edt\u011bzstv\u00edm HC Tatra Kop\u0159ivnice, co\u017e p\u0159ineslo obrovskou radost fanou\u0161k\u016fm.  Hr\u00e1\u010di p\u0159edvedli bojovn\u00fd v\u00fdkon a zaslou\u017een\u011b si odnesli t\u0159i body.  <strong>Tento z\u00e1pas se jist\u011b zapsal do pam\u011bti v\u0161ech p\u0159\u00edtomn\u00fdch.<\/strong><\/p>\n<p>Podrobn\u011bj\u0161\u00ed statistiky z\u00e1pasu a fotografie naleznete na ofici\u00e1ln\u00edch str\u00e1nk\u00e1ch klubu: hcismm.cz<\/p>\n","protected":false},"excerpt":{"rendered":"<p>Sobotn\u00ed utk\u00e1n\u00ed 28. z\u00e1\u0159\u00ed 2018 v Kop\u0159ivnici p\u0159ineslo hokejov\u00fdm fanou\u0161k\u016fm strhuj\u00edc\u00ed pod\u00edvanou. HC Tatra Kop\u0159ivnice se utkala s t\u00fdmem [Soupe\u0159] a po nap\u00ednav\u00e9m pr\u016fb\u011bhu zv\u00edt\u011bzila. Z\u00e1pas byl pln\u00fd zvrat\u016f a emoc\u00ed, a fanou\u0161ci si p\u0159i\u0161li na sv\u00e9. Prvn\u00ed t\u0159etina \u2013 Opatrn\u00fd za\u010d\u00e1tek Prvn\u00ed t\u0159etina byla z obou stran opatrn\u00e1. Oba t\u00fdmy se prim\u00e1rn\u011b soust\u0159edily na &#8230; <a title=\"Drama v Kop\u0159ivnici! HC Tatra porazila [Soupe\u0159] po dramatick\u00e9 p\u0159est\u0159elce!\" class=\"read-more\" href=\"https:\/\/hcismm.cz\/index.php\/2018-19\/09-2\/28-2\/\" aria-label=\"Read more about Drama v Kop\u0159ivnici! HC Tatra porazila [Soupe\u0159] po dramatick\u00e9 p\u0159est\u0159elce!\">Read more<\/a><\/p>\n","protected":false},"author":2,"featured_media":0,"parent":698,"menu_order":0,"comment_status":"closed","ping_status":"closed","template":"","meta":{"footnotes":""},"class_list":["post-701","page","type-page","status-publish"],"_links":{"self":[{"href":"https:\/\/hcismm.cz\/index.php\/wp-json\/wp\/v2\/pages\/701","targetHints":{"allow":["GET"]}}],"collection":[{"href":"https:\/\/hcismm.cz\/index.php\/wp-json\/wp\/v2\/pages"}],"about":[{"href":"https:\/\/hcismm.cz\/index.php\/wp-json\/wp\/v2\/types\/page"}],"author":[{"embeddable":true,"href":"https:\/\/hcismm.cz\/index.php\/wp-json\/wp\/v2\/users\/2"}],"replies":[{"embeddable":true,"href":"https:\/\/hcismm.cz\/index.php\/wp-json\/wp\/v2\/comments?post=701"}],"version-history":[{"count":0,"href":"https:\/\/hcismm.cz\/index.php\/wp-json\/wp\/v2\/pages\/701\/revisions"}],"up":[{"embeddable":true,"href":"https:\/\/hcismm.cz\/index.php\/wp-json\/wp\/v2\/pages\/698"}],"wp:attachment":[{"href":"https:\/\/hcismm.cz\/index.php\/wp-json\/wp\/v2\/media?parent=701"}],"curies":[{"name":"wp","href":"https:\/\/api.w.org\/{rel}","templated":true}]}}