{"id":713,"date":"2026-05-02T22:00:47","date_gmt":"2026-05-02T22:00:47","guid":{"rendered":"https:\/\/hcismm.cz\/index.php\/2020-3\/09-2\/16-2\/3641-2\/"},"modified":"2026-05-02T22:00:47","modified_gmt":"2026-05-02T22:00:47","slug":"3641-2","status":"publish","type":"page","link":"https:\/\/hcismm.cz\/index.php\/2020-3\/09-2\/16-2\/3641-2\/","title":{"rendered":"Drama v Kop\u0159ivnici! Jak HC Tatra bojoval o prvn\u00ed body v sez\u00f3n\u011b 2020\/2021"},"content":{"rendered":"<p>Z\u00e1pas z konce z\u00e1\u0159\u00ed 2020 p\u0159inesl hokejist\u016fm HC Tatra Kop\u0159ivnice n\u00e1ro\u010dn\u00fd test. Dom\u00e1c\u00ed celek se utkal s ambici\u00f3zn\u00edm soupe\u0159em a div\u00e1ci byli sv\u011bdky strhuj\u00edc\u00edho duelu pln\u00e9ho zvrat\u016f. P\u0159e\u010dt\u011bte si, jak se utk\u00e1n\u00ed vyv\u00edjelo a co rozhodlo o jeho v\u00fdsledku.<\/p>\n<h2>Prvn\u00ed t\u0159etina: Opatrn\u00e1 hra s prvn\u00edm g\u00f3lem<\/h2>\n<p>Hned od \u00favodn\u00edho buly bylo zn\u00e1t, \u017ee oba t\u00fdmy p\u0159istupuj\u00ed k utk\u00e1n\u00ed velmi zodpov\u011bdn\u011b. Hra byla opatrn\u00e1 a pln\u00e1 taktick\u00fdch pokyn\u016f. Kop\u0159ivni\u010dt\u00ed hokejist\u00e9 se sna\u017eili dr\u017eet discipl\u00ednu a minimalizovat chyby. Prvn\u00ed g\u00f3l utk\u00e1n\u00ed vst\u0159elil soupe\u0159 po rychl\u00e9m proti\u00fatoku, \u010d\u00edm\u017e se dostal do veden\u00ed. <strong class=\"emphasis\">Tato branka probudila dom\u00e1c\u00ed t\u00fdm k v\u011bt\u0161\u00ed aktivit\u011b<\/strong>.<\/p>\n<h2>Druh\u00e1 t\u0159etina: Obrat a boj o veden\u00ed<\/h2>\n<p>Druh\u00e1 t\u0159etina p\u0159inesla dramatick\u00fd zvrat. HC Tatra Kop\u0159ivnice se pou\u010dila z \u00favodn\u00ed branky a za\u010dala \u00fato\u010dit s v\u011bt\u0161\u00ed razanc\u00ed. D\u016fslednou hrou v \u00fato\u010dn\u00e9m p\u00e1smu se jim poda\u0159ilo vyrovnat stav utk\u00e1n\u00ed. <strong class=\"emphasis\">Vz\u00e1p\u011bt\u00ed se jim poda\u0159ilo i oto\u010dit sk\u00f3re a ujmout se veden\u00ed<\/strong>! Tato pas\u00e1\u017e hry byla kl\u00ed\u010dov\u00e1 a uk\u00e1zala s\u00edlu t\u00fdmu v Kop\u0159ivnici.<\/p>\n<h3>Kl\u00ed\u010dov\u00fd hr\u00e1\u010d utk\u00e1n\u00ed<\/h3>\n<p>Jedn\u00edm z nejlep\u0161\u00edch hr\u00e1\u010d\u016f na led\u011b byl bezesporu \u00fato\u010dn\u00edk Jan Nov\u00e1k. Jeho rychlost, technika a bojovnost d\u011blaly soupe\u0159i velk\u00e9 probl\u00e9my. <strong class=\"emphasis\">Nov\u00e1k se pod\u00edlel na obou brank\u00e1ch, kter\u00e9 p\u0159inesly obrat<\/strong> a byl kl\u00ed\u010dov\u00fdm hr\u00e1\u010dem ofenzivy.<\/p>\n<h2>T\u0159et\u00ed t\u0159etina: Nap\u00ednav\u00e1 koncovka a rem\u00edza<\/h2>\n<p>T\u0159et\u00ed t\u0159etina byla pln\u00e1 nap\u011bt\u00ed a emoc\u00ed. Soupe\u0159 se sna\u017eil za ka\u017edou cenu vyrovnat, ale kop\u0159ivni\u010dt\u00ed hokejist\u00e9 se br\u00e1nili s velk\u00fdm nasazen\u00edm. Brank\u00e1\u0159 HC Tatra p\u0159edv\u00e1d\u011bl skv\u011bl\u00e9 z\u00e1kroky a udr\u017eel sv\u016fj t\u00fdm ve veden\u00ed. <strong class=\"emphasis\">V samotn\u00e9 koncovce utk\u00e1n\u00ed se v\u0161ak soupe\u0159i poda\u0159ilo vst\u0159elit vyrovn\u00e1vaj\u00edc\u00ed g\u00f3l<\/strong> a zajistit si rem\u00edzu.<\/p>\n<p>Z\u00e1pas tak skon\u010dil rem\u00edzou, co\u017e je pro HC Tatra Kop\u0159ivnice cenn\u00fd bod. I kdy\u017e se t\u00fdm nedok\u00e1zal prosadit a z\u00edskat v\u0161echny t\u0159i body, p\u0159edvedl bojovn\u00fd v\u00fdkon a uk\u00e1zal, \u017ee na kvalit\u011b m\u00e1 dostatek. Fanou\u0161ci byli pot\u011b\u0161eni odv\u00e1\u017enou hrou a v\u011b\u0159\u00ed, \u017ee t\u00fdm bude v dal\u0161\u00edch duelech je\u0161t\u011b siln\u011bj\u0161\u00ed.<\/p>\n<p>Dal\u0161\u00ed z\u00e1pas HC Tatra Kop\u0159ivnice se odehraje [datum a soupe\u0159]. Podpo\u0159te sv\u016fj t\u00fdm a p\u0159ij\u010fte fandit p\u0159\u00edmo na zimn\u00ed stadion!<\/p>\n","protected":false},"excerpt":{"rendered":"<p>Z\u00e1pas z konce z\u00e1\u0159\u00ed 2020 p\u0159inesl hokejist\u016fm HC Tatra Kop\u0159ivnice n\u00e1ro\u010dn\u00fd test. Dom\u00e1c\u00ed celek se utkal s ambici\u00f3zn\u00edm soupe\u0159em a div\u00e1ci byli sv\u011bdky strhuj\u00edc\u00edho duelu pln\u00e9ho zvrat\u016f. P\u0159e\u010dt\u011bte si, jak se utk\u00e1n\u00ed vyv\u00edjelo a co rozhodlo o jeho v\u00fdsledku. Prvn\u00ed t\u0159etina: Opatrn\u00e1 hra s prvn\u00edm g\u00f3lem Hned od \u00favodn\u00edho buly bylo zn\u00e1t, \u017ee oba t\u00fdmy &#8230; <a title=\"Drama v Kop\u0159ivnici! Jak HC Tatra bojoval o prvn\u00ed body v sez\u00f3n\u011b 2020\/2021\" class=\"read-more\" href=\"https:\/\/hcismm.cz\/index.php\/2020-3\/09-2\/16-2\/3641-2\/\" aria-label=\"Read more about Drama v Kop\u0159ivnici! Jak HC Tatra bojoval o prvn\u00ed body v sez\u00f3n\u011b 2020\/2021\">Read more<\/a><\/p>\n","protected":false},"author":2,"featured_media":0,"parent":710,"menu_order":0,"comment_status":"closed","ping_status":"closed","template":"","meta":{"footnotes":""},"class_list":["post-713","page","type-page","status-publish"],"_links":{"self":[{"href":"https:\/\/hcismm.cz\/index.php\/wp-json\/wp\/v2\/pages\/713","targetHints":{"allow":["GET"]}}],"collection":[{"href":"https:\/\/hcismm.cz\/index.php\/wp-json\/wp\/v2\/pages"}],"about":[{"href":"https:\/\/hcismm.cz\/index.php\/wp-json\/wp\/v2\/types\/page"}],"author":[{"embeddable":true,"href":"https:\/\/hcismm.cz\/index.php\/wp-json\/wp\/v2\/users\/2"}],"replies":[{"embeddable":true,"href":"https:\/\/hcismm.cz\/index.php\/wp-json\/wp\/v2\/comments?post=713"}],"version-history":[{"count":0,"href":"https:\/\/hcismm.cz\/index.php\/wp-json\/wp\/v2\/pages\/713\/revisions"}],"up":[{"embeddable":true,"href":"https:\/\/hcismm.cz\/index.php\/wp-json\/wp\/v2\/pages\/710"}],"wp:attachment":[{"href":"https:\/\/hcismm.cz\/index.php\/wp-json\/wp\/v2\/media?parent=713"}],"curies":[{"name":"wp","href":"https:\/\/api.w.org\/{rel}","templated":true}]}}