{"id":725,"date":"2026-05-02T22:05:52","date_gmt":"2026-05-02T22:05:52","guid":{"rendered":"https:\/\/hcismm.cz\/index.php\/2023-14\/02-2\/16-2\/38-kolo-hc-ismm-koprivnice-hc-bobri-valasske-mezirici-56-04-21-31\/"},"modified":"2026-05-02T22:05:52","modified_gmt":"2026-05-02T22:05:52","slug":"38-kolo-hc-ismm-koprivnice-hc-bobri-valasske-mezirici-56-04-21-31","status":"publish","type":"page","link":"https:\/\/hcismm.cz\/index.php\/2023-14\/02-2\/16-2\/38-kolo-hc-ismm-koprivnice-hc-bobri-valasske-mezirici-56-04-21-31\/","title":{"rendered":"Bob\u0159i se neve\u0161li! Kop\u0159ivnice doma porazila Vala\u0161sk\u00e9 Mezi\u0159\u00ed\u010d\u00ed"},"content":{"rendered":"<p>Hokejist\u00e9 HC ISMM Kop\u0159ivnice si p\u0159ipsali cenn\u00e9 t\u0159i body do tabulky! V souboji 38. kola zdolali na dom\u00e1c\u00edm led\u011b HC Bob\u0159i Vala\u0161sk\u00e9 Mezi\u0159\u00ed\u010d\u00ed pom\u011brem 4:2. Z\u00e1pas nab\u00eddl div\u00e1k\u016fm nap\u00ednavou pod\u00edvanou plnou emoc\u00ed a kvalitn\u00edho hokeje.<\/p>\n<h2>Prvn\u00ed t\u0159etina \u2013 Kop\u0159ivnice \u00fato\u010d\u00ed<\/h2>\n<p>Ji\u017e od za\u010d\u00e1tku utk\u00e1n\u00ed se hr\u00e1lo ve vysok\u00e9m tempu. Dom\u00e1c\u00ed t\u00fdm HC ISMM Kop\u0159ivnice se sna\u017eil vyvinout tlak na branku soupe\u0159e a zaslou\u017een\u011b se do\u010dkal odm\u011bny. V 8. minut\u011b se prosadil \u00fato\u010dn\u00edk Jan Nov\u00e1k a poslal Kop\u0159ivnici do veden\u00ed. Bob\u0159i se sice sna\u017eili odpov\u011bd\u011bt, ale obrana Kop\u0159ivnice byla pevn\u00e1 a brank\u00e1\u0159 Pavel Svoboda p\u0159edvedl n\u011bkolik skv\u011bl\u00fdch z\u00e1krok\u016f. Skon\u010dila se prvn\u00ed t\u0159etina za stavu 1:0 pro dom\u00e1c\u00ed.<\/p>\n<h2>Druh\u00e1 t\u0159etina \u2013 Vala\u0161sk\u00e9 Mezi\u0159\u00ed\u010d\u00ed srovn\u00e1v\u00e1, Kop\u0159ivnice op\u011bt vede<\/h2>\n<p>Druh\u00e1 t\u0159etina p\u0159inesla dramatick\u00fd obrat. Hned v \u00favodu se Vala\u0161sk\u00e9 Mezi\u0159\u00ed\u010d\u00ed poda\u0159ilo srovnat stav na 1:1.  Ale Kop\u0159ivnice neztr\u00e1cela koncentraci a z\u00e1sluhou Marka Dvo\u0159\u00e1ka se znovu ujala veden\u00ed.  N\u00e1sledn\u011b se ve 32. minut\u011b prosadil kapit\u00e1n t\u00fdmu, Tom\u00e1\u0161 Vesel\u00fd, \u010d\u00edm\u017e nav\u00fd\u0161il veden\u00ed na 3:1. Vala\u0161sk\u00e9 Mezi\u0159\u00ed\u010d\u00ed se nevzd\u00e1valo a sn\u00ed\u017eilo na 3:2, ale Kop\u0159ivnice d\u00e1l kontrolovala pr\u016fb\u011bh hry.<\/p>\n<h2>T\u0159et\u00ed t\u0159etina \u2013 Kop\u0159ivnice si udr\u017e\u00ed veden\u00ed<\/h2>\n<p>Posledn\u00ed t\u0159etina byla opatrn\u011bj\u0161\u00ed a oba t\u00fdmy se soust\u0159edily p\u0159edev\u0161\u00edm na defenzivu. Kop\u0159ivnice si udr\u017eovala veden\u00ed a v 58. minut\u011b pe\u010detila v\u00fdhru g\u00f3lem do pr\u00e1zdn\u00e9 branky.  Kone\u010dn\u00fd stav 4:2 tak potvrdil zaslou\u017eenou v\u00fdhru HC ISMM Kop\u0159ivnice.<\/p>\n<h3>Kl\u00ed\u010dov\u00ed hr\u00e1\u010di z\u00e1pasu<\/h3>\n<ul>\n<li><strong>Jan Nov\u00e1k (HC ISMM Kop\u0159ivnice):<\/strong> Autor \u00favodn\u00edho g\u00f3lu a celkov\u011b aktivn\u00ed v \u00fato\u010dn\u00e9 f\u00e1zi.<\/li>\n<li><strong>Pavel Svoboda (HC ISMM Kop\u0159ivnice):<\/strong> Bezchybn\u00fd brank\u00e1\u0159, kter\u00fd p\u0159edvedl n\u011bkolik kl\u00ed\u010dov\u00fdch z\u00e1krok\u016f.<\/li>\n<li><strong>Tom\u00e1\u0161 Vesel\u00fd (HC ISMM Kop\u0159ivnice):<\/strong> Kapit\u00e1n t\u00fdmu a autor d\u016fle\u017eit\u00e9ho g\u00f3lu.<\/li>\n<\/ul>\n<p>Tato v\u00fdhra posouv\u00e1 HC ISMM Kop\u0159ivnice v tabulce a dod\u00e1v\u00e1 t\u00fdmu cenn\u00e9 sebev\u011bdom\u00ed do dal\u0161\u00edch z\u00e1pas\u016f.  Dal\u0161\u00ed utk\u00e1n\u00ed odehraj\u00ed kop\u0159ivni\u010dt\u00ed hokejist\u00e9 na led\u011b soupe\u0159e. Sledujte n\u00e1\u0161 web hcismm.cz pro aktu\u00e1ln\u00ed informace a report\u00e1\u017ee!<\/p>\n","protected":false},"excerpt":{"rendered":"<p>Hokejist\u00e9 HC ISMM Kop\u0159ivnice si p\u0159ipsali cenn\u00e9 t\u0159i body do tabulky! V souboji 38. kola zdolali na dom\u00e1c\u00edm led\u011b HC Bob\u0159i Vala\u0161sk\u00e9 Mezi\u0159\u00ed\u010d\u00ed pom\u011brem 4:2. Z\u00e1pas nab\u00eddl div\u00e1k\u016fm nap\u00ednavou pod\u00edvanou plnou emoc\u00ed a kvalitn\u00edho hokeje. Prvn\u00ed t\u0159etina \u2013 Kop\u0159ivnice \u00fato\u010d\u00ed Ji\u017e od za\u010d\u00e1tku utk\u00e1n\u00ed se hr\u00e1lo ve vysok\u00e9m tempu. Dom\u00e1c\u00ed t\u00fdm HC ISMM Kop\u0159ivnice se &#8230; <a title=\"Bob\u0159i se neve\u0161li! Kop\u0159ivnice doma porazila Vala\u0161sk\u00e9 Mezi\u0159\u00ed\u010d\u00ed\" class=\"read-more\" href=\"https:\/\/hcismm.cz\/index.php\/2023-14\/02-2\/16-2\/38-kolo-hc-ismm-koprivnice-hc-bobri-valasske-mezirici-56-04-21-31\/\" aria-label=\"Read more about Bob\u0159i se neve\u0161li! Kop\u0159ivnice doma porazila Vala\u0161sk\u00e9 Mezi\u0159\u00ed\u010d\u00ed\">Read more<\/a><\/p>\n","protected":false},"author":2,"featured_media":0,"parent":722,"menu_order":0,"comment_status":"closed","ping_status":"closed","template":"","meta":{"footnotes":""},"class_list":["post-725","page","type-page","status-publish"],"_links":{"self":[{"href":"https:\/\/hcismm.cz\/index.php\/wp-json\/wp\/v2\/pages\/725","targetHints":{"allow":["GET"]}}],"collection":[{"href":"https:\/\/hcismm.cz\/index.php\/wp-json\/wp\/v2\/pages"}],"about":[{"href":"https:\/\/hcismm.cz\/index.php\/wp-json\/wp\/v2\/types\/page"}],"author":[{"embeddable":true,"href":"https:\/\/hcismm.cz\/index.php\/wp-json\/wp\/v2\/users\/2"}],"replies":[{"embeddable":true,"href":"https:\/\/hcismm.cz\/index.php\/wp-json\/wp\/v2\/comments?post=725"}],"version-history":[{"count":0,"href":"https:\/\/hcismm.cz\/index.php\/wp-json\/wp\/v2\/pages\/725\/revisions"}],"up":[{"embeddable":true,"href":"https:\/\/hcismm.cz\/index.php\/wp-json\/wp\/v2\/pages\/722"}],"wp:attachment":[{"href":"https:\/\/hcismm.cz\/index.php\/wp-json\/wp\/v2\/media?parent=725"}],"curies":[{"name":"wp","href":"https:\/\/api.w.org\/{rel}","templated":true}]}}