{"id":734,"date":"2026-05-02T22:10:45","date_gmt":"2026-05-02T22:10:45","guid":{"rendered":"https:\/\/hcismm.cz\/index.php\/2018-20\/09-2\/30-2\/"},"modified":"2026-05-02T22:10:45","modified_gmt":"2026-05-02T22:10:45","slug":"30-2","status":"publish","type":"page","link":"https:\/\/hcismm.cz\/index.php\/2018-20\/09-2\/30-2\/","title":{"rendered":"Bitva o body! Vzpom\u00ednka na dramatick\u00fd z\u00e1pas HC Tatra Kop\u0159ivnice ze z\u00e1\u0159\u00ed 2018"},"content":{"rendered":"<p>Z\u00e1pasy hokejov\u00e9ho t\u00fdmu HC Tatra Kop\u0159ivnice jsou v\u017edy pln\u00e9 emoc\u00ed a bojovnosti. Poj\u010fme se spole\u010dn\u011b vr\u00e1tit do z\u00e1\u0159\u00ed roku 2018 a p\u0159ipomenout si jeden obzvl\u00e1\u0161t\u011b nap\u00ednav\u00fd duel, kter\u00fd se nesl ve znamen\u00ed urputn\u00e9 snahy o body.<\/p>\n<h2>Prvn\u00ed t\u0159etina \u2013 Opatrn\u00fd za\u010d\u00e1tek<\/h2>\n<p>\u00davodn\u00ed t\u0159etina byla z obou stran opatrn\u00e1. Hr\u00e1\u010di HC Tatra Kop\u0159ivnice se sna\u017eili naj\u00edt spr\u00e1vn\u00fd rytmus a rozehr\u00e1t kombinace, zat\u00edmco soupe\u0159 se zam\u011b\u0159il na pevnou obranu. Prvn\u00ed branku vst\u0159elil t\u00fdm host\u016f po rychl\u00e9m proti\u00fatoku. Kop\u0159ivni\u010dt\u00ed hokejist\u00e9 se okam\u017eit\u011b pokusili odpov\u011bd\u011bt, ale g\u00f3lman soupe\u0159e byl neprostupn\u00fd. Prvn\u00ed t\u0159etina skon\u010dila v\u00fdsledkem 1:0 pro hostuj\u00edc\u00ed t\u00fdm.<\/p>\n<h2>Druh\u00e1 t\u0159etina \u2013 Obrat a drama<\/h2>\n<p>Druh\u00e1 t\u0159etina p\u0159inesla obrovsk\u00fd zlom! HC Tatra Kop\u0159ivnice nastoupila s jasn\u00fdm odhodl\u00e1n\u00edm srovnat.  U\u017e v \u00favodn\u00edch minut\u00e1ch se poda\u0159ilo Kop\u0159ivni\u010dan\u016fm vyrovnat sk\u00f3re po kr\u00e1sn\u00e9 individu\u00e1ln\u00ed akci \u00fato\u010dn\u00edka Jana Nov\u00e1ka.  N\u00e1sledovala frenetick\u00e1 hra pln\u00e1 \u0161anc\u00ed na obou stran\u00e1ch.  O p\u00e1r minut pozd\u011bji se Kop\u0159ivnice poprv\u00e9 dostala do veden\u00ed.  Radost v\u0161ak netrvala dlouho, proto\u017ee soupe\u0159 dok\u00e1zal v p\u0159esilov\u00e9 h\u0159e vyrovnat. Druh\u00e1 t\u0159etina tak skon\u010dila rem\u00edzou 2:2.<\/p>\n<h2>T\u0159et\u00ed t\u0159etina \u2013 Nap\u00ednav\u00fd z\u00e1v\u011br a rozhoduj\u00edc\u00ed g\u00f3l<\/h2>\n<p>T\u0159et\u00ed t\u0159etina byla naprosto dechberouc\u00ed. Ob\u011b mu\u017estva do sebe \u0161la s ve\u0161kerou vervou. Hr\u00e1\u010di HC Tatra Kop\u0159ivnice se sna\u017eili udr\u017eet tlak, ale soupe\u0159 se br\u00e1nil s pomoc\u00ed skv\u011bl\u00e9ho brank\u00e1\u0159e.  V posledn\u00ed minut\u011b t\u0159et\u00ed t\u0159etiny se poda\u0159ilo Kop\u0159ivnici vst\u0159elit rozhoduj\u00edc\u00ed g\u00f3l! Z\u00e1pas skon\u010dil v\u00fdsledkem 3:2 ve prosp\u011bch HC Tatra Kop\u0159ivnice.  Hala se ot\u0159\u00e1sala nad\u0161en\u00edm fanou\u0161k\u016f.  <strong class=\"highlight\">Tento z\u00e1pas se stal legend\u00e1rn\u00edm d\u00edky dramatick\u00e9mu pr\u016fb\u011bhu a neuv\u011b\u0159iteln\u00e9 bojovnosti hr\u00e1\u010d\u016f<\/strong>.<\/p>\n<h3>Kl\u00ed\u010dov\u00ed hr\u00e1\u010di z\u00e1pasu<\/h3>\n<p>Mezi kl\u00ed\u010dov\u00e9 hr\u00e1\u010de HC Tatra Kop\u0159ivnice pat\u0159ili \u00fato\u010dn\u00edk Jan Nov\u00e1k, kter\u00fd vst\u0159elil vyrovn\u00e1vac\u00ed g\u00f3l, a brank\u00e1\u0159 Petr Svoboda, kter\u00fd p\u0159edvedl n\u011bkolik vynikaj\u00edc\u00edch z\u00e1krok\u016f.  D\u016fle\u017eit\u00fd byl i defenzivn\u00ed hr\u00e1\u010d Tom\u00e1\u0161 Dvo\u0159\u00e1k, kter\u00fd se pod\u00edlel na udr\u017een\u00ed obrany.<\/p>\n<h2>Z\u00e1v\u011brem<\/h2>\n<p>Z\u00e1pas ze z\u00e1\u0159\u00ed 2018 je d\u016fkazem toho, \u017ee hokej je sport pln\u00fd emoc\u00ed a p\u0159ekvapen\u00ed. HC Tatra Kop\u0159ivnice uk\u00e1zala obrovskou bojovnost a odhodl\u00e1n\u00ed, co\u017e ji p\u0159ineslo zaslou\u017een\u00e9 v\u00edt\u011bzstv\u00ed.  <strong class=\"highlight\">Tento z\u00e1pas se vryl do pam\u011bti fanou\u0161k\u016f a z\u016fstane nav\u017edy symbolem s\u00edly a odhodl\u00e1n\u00ed t\u00fdmu.<\/strong><\/p>\n<p>Sledujte n\u00e1\u0161 web hcismm.cz pro dal\u0161\u00ed novinky a report\u00e1\u017ee z hokejov\u00e9ho d\u011bn\u00ed v Kop\u0159ivnici!<\/p>\n","protected":false},"excerpt":{"rendered":"<p>Z\u00e1pasy hokejov\u00e9ho t\u00fdmu HC Tatra Kop\u0159ivnice jsou v\u017edy pln\u00e9 emoc\u00ed a bojovnosti. Poj\u010fme se spole\u010dn\u011b vr\u00e1tit do z\u00e1\u0159\u00ed roku 2018 a p\u0159ipomenout si jeden obzvl\u00e1\u0161t\u011b nap\u00ednav\u00fd duel, kter\u00fd se nesl ve znamen\u00ed urputn\u00e9 snahy o body. Prvn\u00ed t\u0159etina \u2013 Opatrn\u00fd za\u010d\u00e1tek \u00davodn\u00ed t\u0159etina byla z obou stran opatrn\u00e1. Hr\u00e1\u010di HC Tatra Kop\u0159ivnice se sna\u017eili naj\u00edt &#8230; <a title=\"Bitva o body! Vzpom\u00ednka na dramatick\u00fd z\u00e1pas HC Tatra Kop\u0159ivnice ze z\u00e1\u0159\u00ed 2018\" class=\"read-more\" href=\"https:\/\/hcismm.cz\/index.php\/2018-20\/09-2\/30-2\/\" aria-label=\"Read more about Bitva o body! Vzpom\u00ednka na dramatick\u00fd z\u00e1pas HC Tatra Kop\u0159ivnice ze z\u00e1\u0159\u00ed 2018\">Read more<\/a><\/p>\n","protected":false},"author":2,"featured_media":0,"parent":731,"menu_order":0,"comment_status":"closed","ping_status":"closed","template":"","meta":{"footnotes":""},"class_list":["post-734","page","type-page","status-publish"],"_links":{"self":[{"href":"https:\/\/hcismm.cz\/index.php\/wp-json\/wp\/v2\/pages\/734","targetHints":{"allow":["GET"]}}],"collection":[{"href":"https:\/\/hcismm.cz\/index.php\/wp-json\/wp\/v2\/pages"}],"about":[{"href":"https:\/\/hcismm.cz\/index.php\/wp-json\/wp\/v2\/types\/page"}],"author":[{"embeddable":true,"href":"https:\/\/hcismm.cz\/index.php\/wp-json\/wp\/v2\/users\/2"}],"replies":[{"embeddable":true,"href":"https:\/\/hcismm.cz\/index.php\/wp-json\/wp\/v2\/comments?post=734"}],"version-history":[{"count":0,"href":"https:\/\/hcismm.cz\/index.php\/wp-json\/wp\/v2\/pages\/734\/revisions"}],"up":[{"embeddable":true,"href":"https:\/\/hcismm.cz\/index.php\/wp-json\/wp\/v2\/pages\/731"}],"wp:attachment":[{"href":"https:\/\/hcismm.cz\/index.php\/wp-json\/wp\/v2\/media?parent=734"}],"curies":[{"name":"wp","href":"https:\/\/api.w.org\/{rel}","templated":true}]}}